{"id":3139,"date":"2024-04-02T11:37:52","date_gmt":"2024-04-02T11:37:52","guid":{"rendered":"https:\/\/bacsiszerek.ro\/?post_type=product&#038;p=3139"},"modified":"2025-07-09T20:08:30","modified_gmt":"2025-07-09T17:08:30","slug":"pachet-odorizanti-bacsi-szerek-elni-csak-szepen-erdemes","status":"publish","type":"product","link":"https:\/\/bacsiszerek.ro\/hu\/pachet-odorizanti-bacsi-szerek-elni-csak-szepen-erdemes\/","title":{"rendered":"B\u00e1csi Szerek \u201e\u00c9lni csak sz\u00e9pen \u00e9rdemes!\u201d l\u00e9gfriss\u00edt\u0151 csomagja"},"content":{"rendered":"<p>Fedezzen fel n\u00e9gy k\u00fcl\u00f6nleges esszenci\u00e1t, melyek az \u00e9rz\u00e9keket elragadj\u00e1k \u00e9s a hangulatot emelik. Teremtsen egyedi atmoszf\u00e9r\u00e1t, ahol minden otthon t\u00f6lt\u00f6tt pillanat \u00f6r\u00f6m.<\/p>\n<h3>A csomag tartalma:<\/h3>\n<ul>\n<li><strong>1 darab <\/strong>B\u00e1csi Szerek l\u00e9gfriss\u00edt\u0151 \u2018<strong>\u00c9lni<\/strong>&#8216; &#8211; a tr\u0103i, 400ml<\/li>\n<li><strong>1 darab <\/strong>B\u00e1csi Szerek l\u00e9gfriss\u00edt\u0151 \u2018<strong>Csak<\/strong>&#8216; &#8211; doar, 400ml<\/li>\n<li><strong>1 darab<\/strong> B\u00e1csi Szerek l\u00e9gfriss\u00edt\u0151 \u2018<strong>Sz\u00e9pen<\/strong>&#8216; &#8211; frumos, 400ml<\/li>\n<li><strong>1 darab<\/strong> B\u00e1csi Szerek l\u00e9gfriss\u00edt\u0151 \u2018<strong>\u00c9rdemes<\/strong>&#8216; &#8211; merit\u0103, 400ml<\/li>\n<\/ul>\n<div class=\"su-service\"><div class=\"su-service-title\" style=\"padding-left:46px;min-height:32px;line-height:32px\"><i class=\"sui sui-heart\" style=\"font-size:32px;color:#e31e24\"><\/i> K\u00c9SZ\u00dcLT SOK SZERETETTEL!<\/div><div class=\"su-service-content su-u-clearfix su-u-trim\" style=\"padding-left:46px\">EGY SZEBB, ILLATOSABB \u00c9S TISZT\u00c1BB VIL\u00c1G\u00c9RT!<\/div><\/div>","protected":false},"excerpt":{"rendered":"<p>Alak\u00edtsa \u00e1t otthon\u00e1t a frissess\u00e9g hely\u00e9v\u00e9. Ez a teljes B\u00e1csi Szerek l\u00e9gfriss\u00edt\u0151 csomag az\u00e9rt k\u00e9sz\u00fclt, hogy harm\u00f3ni\u00e1val teli l\u00e9gk\u00f6rt \u00e9s j\u00f3 k\u00f6z\u00e9rzetet teremtsen minden szob\u00e1ban.<\/p>","protected":false},"featured_media":3154,"comment_status":"open","ping_status":"closed","template":"","meta":{"neve_meta_sidebar":"","neve_meta_container":"","neve_meta_enable_content_width":"off","neve_meta_content_width":70,"neve_meta_title_alignment":"","neve_meta_author_avatar":"","neve_post_elements_order":"","neve_meta_disable_header":"","neve_meta_disable_footer":"","neve_meta_disable_title":""},"product_brand":[],"product_cat":[135,60],"product_tag":[],"class_list":{"0":"post-3139","1":"product","2":"type-product","3":"status-publish","4":"has-post-thumbnail","6":"product_cat-odorizanti","7":"product_cat-pachete-surpriza-bacsi-szerek","9":"first","10":"instock","11":"shipping-taxable","12":"purchasable","13":"product-type-simple"},"yoast_head":"<!-- This site is optimized with the Yoast SEO plugin v27.1.1 - https:\/\/yoast.com\/product\/yoast-seo-wordpress\/ -->\n<title>Pachet Odorizan\u021bi B\u00e1csi Szerek \u201e\u00c9lni csak sz\u00e9pen \u00e9rdemes!\u201d - bacsiszerek.ro<\/title>\n<meta name=\"robots\" content=\"index, follow, max-snippet:-1, max-image-preview:large, max-video-preview:-1\" \/>\n<link rel=\"canonical\" href=\"https:\/\/bacsiszerek.ro\/hu\/pachet-odorizanti-bacsi-szerek-elni-csak-szepen-erdemes\/\" \/>\n<meta property=\"og:locale\" content=\"hu_HU\" \/>\n<meta property=\"og:type\" content=\"article\" \/>\n<meta property=\"og:title\" content=\"Pachet Odorizan\u021bi B\u00e1csi Szerek \u201e\u00c9lni csak sz\u00e9pen \u00e9rdemes!\u201d - bacsiszerek.ro\" \/>\n<meta property=\"og:description\" content=\"Transform\u0103-\u021bi casa \u00eentr-un sanctuar al prospe\u021bimii cu acest set complet de odorizante B\u00e1csi Szerek, create pentru o atmosfer\u0103 plin\u0103 de armonie.\" \/>\n<meta property=\"og:url\" content=\"https:\/\/bacsiszerek.ro\/hu\/pachet-odorizanti-bacsi-szerek-elni-csak-szepen-erdemes\/\" \/>\n<meta property=\"og:site_name\" content=\"bacsiszerek.ro\" \/>\n<meta property=\"article:modified_time\" content=\"2025-07-09T17:08:30+00:00\" \/>\n<meta property=\"og:image\" content=\"https:\/\/bacsiszerek.ro\/wp-content\/uploads\/2024\/04\/Csomag-Reklamok_3A-1024x1024.png\" \/>\n\t<meta property=\"og:image:width\" content=\"1024\" \/>\n\t<meta property=\"og:image:height\" content=\"1024\" \/>\n\t<meta property=\"og:image:type\" content=\"image\/png\" \/>\n<meta name=\"twitter:card\" content=\"summary_large_image\" \/>\n<meta name=\"twitter:label1\" content=\"Becs\u00fclt olvas\u00e1si id\u0151\" \/>\n\t<meta name=\"twitter:data1\" content=\"1 perc\" \/>\n<script type=\"application\/ld+json\" class=\"yoast-schema-graph\">{\"@context\":\"https:\/\/schema.org\",\"@graph\":[{\"@type\":\"WebPage\",\"@id\":\"https:\/\/bacsiszerek.ro\/pachet-odorizanti-bacsi-szerek-elni-csak-szepen-erdemes\/\",\"url\":\"https:\/\/bacsiszerek.ro\/pachet-odorizanti-bacsi-szerek-elni-csak-szepen-erdemes\/\",\"name\":\"Pachet Odorizan\u021bi B\u00e1csi Szerek \u201e\u00c9lni csak sz\u00e9pen \u00e9rdemes!\u201d - bacsiszerek.ro\",\"isPartOf\":{\"@id\":\"https:\/\/bacsiszerek.ro\/#website\"},\"primaryImageOfPage\":{\"@id\":\"https:\/\/bacsiszerek.ro\/pachet-odorizanti-bacsi-szerek-elni-csak-szepen-erdemes\/#primaryimage\"},\"image\":{\"@id\":\"https:\/\/bacsiszerek.ro\/pachet-odorizanti-bacsi-szerek-elni-csak-szepen-erdemes\/#primaryimage\"},\"thumbnailUrl\":\"https:\/\/bacsiszerek.ro\/wp-content\/uploads\/2024\/04\/Csomag-Reklamok_3A.png\",\"datePublished\":\"2024-04-02T11:37:52+00:00\",\"dateModified\":\"2025-07-09T17:08:30+00:00\",\"breadcrumb\":{\"@id\":\"https:\/\/bacsiszerek.ro\/pachet-odorizanti-bacsi-szerek-elni-csak-szepen-erdemes\/#breadcrumb\"},\"inLanguage\":\"hu\",\"potentialAction\":[{\"@type\":\"ReadAction\",\"target\":[\"https:\/\/bacsiszerek.ro\/pachet-odorizanti-bacsi-szerek-elni-csak-szepen-erdemes\/\"]}]},{\"@type\":\"ImageObject\",\"inLanguage\":\"hu\",\"@id\":\"https:\/\/bacsiszerek.ro\/pachet-odorizanti-bacsi-szerek-elni-csak-szepen-erdemes\/#primaryimage\",\"url\":\"https:\/\/bacsiszerek.ro\/wp-content\/uploads\/2024\/04\/Csomag-Reklamok_3A.png\",\"contentUrl\":\"https:\/\/bacsiszerek.ro\/wp-content\/uploads\/2024\/04\/Csomag-Reklamok_3A.png\",\"width\":4500,\"height\":4501},{\"@type\":\"BreadcrumbList\",\"@id\":\"https:\/\/bacsiszerek.ro\/pachet-odorizanti-bacsi-szerek-elni-csak-szepen-erdemes\/#breadcrumb\",\"itemListElement\":[{\"@type\":\"ListItem\",\"position\":1,\"name\":\"Prima pagin\u0103\",\"item\":\"https:\/\/bacsiszerek.ro\/\"},{\"@type\":\"ListItem\",\"position\":2,\"name\":\"Magazin\",\"item\":\"https:\/\/bacsiszerek.ro\/magazin\/\"},{\"@type\":\"ListItem\",\"position\":3,\"name\":\"Pachet Odorizan\u021bi B\u00e1csi Szerek \u201e\u00c9lni csak sz\u00e9pen \u00e9rdemes!\u201d\"}]},{\"@type\":\"WebSite\",\"@id\":\"https:\/\/bacsiszerek.ro\/#website\",\"url\":\"https:\/\/bacsiszerek.ro\/\",\"name\":\"bacsiszerek.ro\",\"description\":\"Egy szebb, illatosabb \u00e9s tiszt\u00e1bb vil\u00e1g\u00e9rt!\",\"publisher\":{\"@id\":\"https:\/\/bacsiszerek.ro\/#organization\"},\"potentialAction\":[{\"@type\":\"SearchAction\",\"target\":{\"@type\":\"EntryPoint\",\"urlTemplate\":\"https:\/\/bacsiszerek.ro\/?s={search_term_string}\"},\"query-input\":{\"@type\":\"PropertyValueSpecification\",\"valueRequired\":true,\"valueName\":\"search_term_string\"}}],\"inLanguage\":\"hu\"},{\"@type\":\"Organization\",\"@id\":\"https:\/\/bacsiszerek.ro\/#organization\",\"name\":\"bacsiszerek.ro\",\"url\":\"https:\/\/bacsiszerek.ro\/\",\"logo\":{\"@type\":\"ImageObject\",\"inLanguage\":\"hu\",\"@id\":\"https:\/\/bacsiszerek.ro\/#\/schema\/logo\/image\/\",\"url\":\"https:\/\/bacsiszerek.ro\/wp-content\/uploads\/2023\/08\/cropped-Bacsi-Szerek_red-min-1-1.png\",\"contentUrl\":\"https:\/\/bacsiszerek.ro\/wp-content\/uploads\/2023\/08\/cropped-Bacsi-Szerek_red-min-1-1.png\",\"width\":350,\"height\":64,\"caption\":\"bacsiszerek.ro\"},\"image\":{\"@id\":\"https:\/\/bacsiszerek.ro\/#\/schema\/logo\/image\/\"}}]}<\/script>\n<!-- \/ Yoast SEO plugin. -->","yoast_head_json":{"title":"Pachet Odorizan\u021bi B\u00e1csi Szerek \u201e\u00c9lni csak sz\u00e9pen \u00e9rdemes!\u201d - bacsiszerek.ro","robots":{"index":"index","follow":"follow","max-snippet":"max-snippet:-1","max-image-preview":"max-image-preview:large","max-video-preview":"max-video-preview:-1"},"canonical":"https:\/\/bacsiszerek.ro\/hu\/pachet-odorizanti-bacsi-szerek-elni-csak-szepen-erdemes\/","og_locale":"hu_HU","og_type":"article","og_title":"Pachet Odorizan\u021bi B\u00e1csi Szerek \u201e\u00c9lni csak sz\u00e9pen \u00e9rdemes!\u201d - bacsiszerek.ro","og_description":"Transform\u0103-\u021bi casa \u00eentr-un sanctuar al prospe\u021bimii cu acest set complet de odorizante B\u00e1csi Szerek, create pentru o atmosfer\u0103 plin\u0103 de armonie.","og_url":"https:\/\/bacsiszerek.ro\/hu\/pachet-odorizanti-bacsi-szerek-elni-csak-szepen-erdemes\/","og_site_name":"bacsiszerek.ro","article_modified_time":"2025-07-09T17:08:30+00:00","og_image":[{"width":1024,"height":1024,"url":"https:\/\/bacsiszerek.ro\/wp-content\/uploads\/2024\/04\/Csomag-Reklamok_3A-1024x1024.png","type":"image\/png"}],"twitter_card":"summary_large_image","twitter_misc":{"Becs\u00fclt olvas\u00e1si id\u0151":"1 perc"},"schema":{"@context":"https:\/\/schema.org","@graph":[{"@type":"WebPage","@id":"https:\/\/bacsiszerek.ro\/pachet-odorizanti-bacsi-szerek-elni-csak-szepen-erdemes\/","url":"https:\/\/bacsiszerek.ro\/pachet-odorizanti-bacsi-szerek-elni-csak-szepen-erdemes\/","name":"Pachet Odorizan\u021bi B\u00e1csi Szerek \u201e\u00c9lni csak sz\u00e9pen \u00e9rdemes!\u201d - bacsiszerek.ro","isPartOf":{"@id":"https:\/\/bacsiszerek.ro\/#website"},"primaryImageOfPage":{"@id":"https:\/\/bacsiszerek.ro\/pachet-odorizanti-bacsi-szerek-elni-csak-szepen-erdemes\/#primaryimage"},"image":{"@id":"https:\/\/bacsiszerek.ro\/pachet-odorizanti-bacsi-szerek-elni-csak-szepen-erdemes\/#primaryimage"},"thumbnailUrl":"https:\/\/bacsiszerek.ro\/wp-content\/uploads\/2024\/04\/Csomag-Reklamok_3A.png","datePublished":"2024-04-02T11:37:52+00:00","dateModified":"2025-07-09T17:08:30+00:00","breadcrumb":{"@id":"https:\/\/bacsiszerek.ro\/pachet-odorizanti-bacsi-szerek-elni-csak-szepen-erdemes\/#breadcrumb"},"inLanguage":"hu","potentialAction":[{"@type":"ReadAction","target":["https:\/\/bacsiszerek.ro\/pachet-odorizanti-bacsi-szerek-elni-csak-szepen-erdemes\/"]}]},{"@type":"ImageObject","inLanguage":"hu","@id":"https:\/\/bacsiszerek.ro\/pachet-odorizanti-bacsi-szerek-elni-csak-szepen-erdemes\/#primaryimage","url":"https:\/\/bacsiszerek.ro\/wp-content\/uploads\/2024\/04\/Csomag-Reklamok_3A.png","contentUrl":"https:\/\/bacsiszerek.ro\/wp-content\/uploads\/2024\/04\/Csomag-Reklamok_3A.png","width":4500,"height":4501},{"@type":"BreadcrumbList","@id":"https:\/\/bacsiszerek.ro\/pachet-odorizanti-bacsi-szerek-elni-csak-szepen-erdemes\/#breadcrumb","itemListElement":[{"@type":"ListItem","position":1,"name":"Prima pagin\u0103","item":"https:\/\/bacsiszerek.ro\/"},{"@type":"ListItem","position":2,"name":"Magazin","item":"https:\/\/bacsiszerek.ro\/magazin\/"},{"@type":"ListItem","position":3,"name":"Pachet Odorizan\u021bi B\u00e1csi Szerek \u201e\u00c9lni csak sz\u00e9pen \u00e9rdemes!\u201d"}]},{"@type":"WebSite","@id":"https:\/\/bacsiszerek.ro\/#website","url":"https:\/\/bacsiszerek.ro\/","name":"bacsiszerek.ro","description":"Egy szebb, illatosabb \u00e9s tiszt\u00e1bb vil\u00e1g\u00e9rt!","publisher":{"@id":"https:\/\/bacsiszerek.ro\/#organization"},"potentialAction":[{"@type":"SearchAction","target":{"@type":"EntryPoint","urlTemplate":"https:\/\/bacsiszerek.ro\/?s={search_term_string}"},"query-input":{"@type":"PropertyValueSpecification","valueRequired":true,"valueName":"search_term_string"}}],"inLanguage":"hu"},{"@type":"Organization","@id":"https:\/\/bacsiszerek.ro\/#organization","name":"bacsiszerek.ro","url":"https:\/\/bacsiszerek.ro\/","logo":{"@type":"ImageObject","inLanguage":"hu","@id":"https:\/\/bacsiszerek.ro\/#\/schema\/logo\/image\/","url":"https:\/\/bacsiszerek.ro\/wp-content\/uploads\/2023\/08\/cropped-Bacsi-Szerek_red-min-1-1.png","contentUrl":"https:\/\/bacsiszerek.ro\/wp-content\/uploads\/2023\/08\/cropped-Bacsi-Szerek_red-min-1-1.png","width":350,"height":64,"caption":"bacsiszerek.ro"},"image":{"@id":"https:\/\/bacsiszerek.ro\/#\/schema\/logo\/image\/"}}]}},"jetpack_sharing_enabled":true,"_links":{"self":[{"href":"https:\/\/bacsiszerek.ro\/hu\/wp-json\/wp\/v2\/product\/3139","targetHints":{"allow":["GET"]}}],"collection":[{"href":"https:\/\/bacsiszerek.ro\/hu\/wp-json\/wp\/v2\/product"}],"about":[{"href":"https:\/\/bacsiszerek.ro\/hu\/wp-json\/wp\/v2\/types\/product"}],"replies":[{"embeddable":true,"href":"https:\/\/bacsiszerek.ro\/hu\/wp-json\/wp\/v2\/comments?post=3139"}],"wp:featuredmedia":[{"embeddable":true,"href":"https:\/\/bacsiszerek.ro\/hu\/wp-json\/wp\/v2\/media\/3154"}],"wp:attachment":[{"href":"https:\/\/bacsiszerek.ro\/hu\/wp-json\/wp\/v2\/media?parent=3139"}],"wp:term":[{"taxonomy":"product_brand","embeddable":true,"href":"https:\/\/bacsiszerek.ro\/hu\/wp-json\/wp\/v2\/product_brand?post=3139"},{"taxonomy":"product_cat","embeddable":true,"href":"https:\/\/bacsiszerek.ro\/hu\/wp-json\/wp\/v2\/product_cat?post=3139"},{"taxonomy":"product_tag","embeddable":true,"href":"https:\/\/bacsiszerek.ro\/hu\/wp-json\/wp\/v2\/product_tag?post=3139"}],"curies":[{"name":"wp","href":"https:\/\/api.w.org\/{rel}","templated":true}]}}