{"id":3137,"date":"2024-04-02T11:01:54","date_gmt":"2024-04-02T11:01:54","guid":{"rendered":"https:\/\/bacsiszerek.ro\/?post_type=product&#038;p=3137"},"modified":"2026-05-08T15:45:30","modified_gmt":"2026-05-08T13:45:30","slug":"pachetul-traditional-bacsi-szerek","status":"publish","type":"product","link":"https:\/\/bacsiszerek.ro\/hu\/pachetul-traditional-bacsi-szerek\/","title":{"rendered":"B\u00e1csi Szerek \u201eHagyom\u00e1nyos\u201d csomagja"},"content":{"rendered":"<p>A csomag teljes tisztas\u00e1got \u00e9s frissess\u00e9get var\u00e1zsol az otthonba. Egy komplett, azonnal haszn\u00e1lhat\u00f3 megold\u00e1s a hib\u00e1tlanul tiszta \u00e9s illatos otthon\u00e9rt.<\/p>\n<h3>A csomag tartalma:<\/h3>\n<ul>\n<li><strong>2 darab<\/strong> B\u00e1csi Szerek univerz\u00e1lis mos\u00f3g\u00e9l 3L<\/li>\n<li><strong>1 darab<\/strong> B\u00e1csi Szerek ruha\u00f6bl\u00edt\u0151 3L (rendel\u00e9skor a megjegyz\u00e9sbe jel\u00f6lj\u00e9k meg melyik t\u00edpust szeretn\u00e9k: \u2018<strong>Puha<\/strong>&#8216; &#8211; Moale, &#8216;<strong>Cuki<\/strong>&#8216; &#8211; Dr\u0103gu\u021b, &#8216;<strong>Brut\u00e1l<\/strong>&#8216; &#8211; Brutal)<\/li>\n<li><strong>1 darab<\/strong> B\u00e1csi Szerek mos\u00f3gat\u00f3szer 3L (rendel\u00e9skor a megjegyz\u00e9sbe jel\u00f6lj\u00e9k meg melyik t\u00edpust szeretn\u00e9k: \u2018<strong>Lemon<\/strong>\u2018 \u2013 Citrom, \u2018<strong>Apple<\/strong>\u2018 \u2013 Alma, \u2018<strong>Grapefruit<\/strong>\u2018 \u2013 Gr\u00e9pfr\u00fat)<\/li>\n<li><strong>1 darab<\/strong> B\u00e1csi Szerek l\u00e9gfris\u00edt\u0151 400ml (rendel\u00e9skor a megjegyz\u00e9sbe jel\u00f6lj\u00e9k meg melyik t\u00edpust szeretn\u00e9k: \u2018<strong>\u00c9lni<\/strong>&#8216; &#8211; A tr\u0103i, &#8216;<strong>Csak<\/strong>&#8216; &#8211; doar, &#8216;<strong>Sz\u00e9pen<\/strong>&#8216; &#8211; frumos, &#8216;<strong>\u00c9rdemes<\/strong>&#8216; &#8211; merit\u0103)<\/li>\n<\/ul>\n<p><em>(Amennyiben a k\u00edv\u00e1nt term\u00e9kt\u00edpusok nincsenek megadva, azokat v\u00e9letlenszer\u0171en v\u00e1lasztjuk ki a megrendel\u00e9s elk\u00e9sz\u00edt\u00e9sekor.)<\/em><\/p>\n<div class=\"su-service\"><div class=\"su-service-title\" style=\"padding-left:46px;min-height:32px;line-height:32px\"><i class=\"sui sui-home\" style=\"font-size:32px;color:#529a22\"><\/i> Hagyom\u00e1ny sz\u00edvvel-l\u00e9lekkel \u2013 az otthonod\u00e9rt<\/div><div class=\"su-service-content su-u-clearfix su-u-trim\" style=\"padding-left:46px\">Fedezd fel a hagyom\u00e1nyos tisztas\u00e1got, amit minden B\u00e1csi Szerek term\u00e9k \u0151riz. Egyszer\u0171, bev\u00e1lt receptekb\u0151l \u2013 \u0151szinte min\u0151s\u00e9g.<\/div><\/div>\n<div class=\"su-service\"><div class=\"su-service-title\" style=\"padding-left:46px;min-height:32px;line-height:32px\"><i class=\"sui sui-leaf\" style=\"font-size:32px;color:#529a22\"><\/i> Alapos tiszt\u00edt\u00e1s k\u00edm\u00e9letes formul\u00e1kkal<\/div><div class=\"su-service-content su-u-clearfix su-u-trim\" style=\"padding-left:46px\">A B\u00e1csi Szerek tiszt\u00edt\u00f3szerei koncentr\u00e1ltak, gazdas\u00e1gosak \u00e9s k\u00edm\u00e9letesek \u2013 hosszan tart\u00f3 frissess\u00e9get \u00e9s kellemes illatot hagynak maguk ut\u00e1n.<\/div><\/div>\n<div class=\"su-service\"><div class=\"su-service-title\" style=\"padding-left:46px;min-height:32px;line-height:32px\"><i class=\"sui sui-heart\" style=\"font-size:32px;color:#e31e24\"><\/i> K\u00c9SZ\u00dcLT SOK SZERETETTEL!<\/div><div class=\"su-service-content su-u-clearfix su-u-trim\" style=\"padding-left:46px\">EGY SZEBB, ILLATOSABB \u00c9S TISZT\u00c1BB VIL\u00c1G\u00c9RT!<\/div><\/div>","protected":false},"excerpt":{"rendered":"<p><span class=\"su-label su-label-type-success\"><strong>INGYENES SZ\u00c1LL\u00cdT\u00c1S<\/strong><\/span><\/p>\n<p>Egy hagyom\u00e1nyos, j\u00f3l \u00f6ssze\u00e1ll\u00edtott csomag foly\u00e9kony mos\u00f3szerrel, \u00f6bl\u00edt\u0151vel, mosogat\u00f3szerrel \u00e9s l\u00e9gfriss\u00edt\u0151vel \u2013 minden, amire a hat\u00e9kony tisztas\u00e1ghoz \u00e9s kellemes illathoz sz\u00fcks\u00e9ge van otthon\u00e1ban, B\u00e1csi Szerek min\u0151s\u00e9gben.<\/p>","protected":false},"featured_media":4778,"comment_status":"open","ping_status":"closed","template":"","meta":{"neve_meta_sidebar":"","neve_meta_container":"","neve_meta_enable_content_width":"off","neve_meta_content_width":70,"neve_meta_title_alignment":"","neve_meta_author_avatar":"","neve_post_elements_order":"","neve_meta_disable_header":"","neve_meta_disable_footer":"","neve_meta_disable_title":""},"product_brand":[],"product_cat":[131,60],"product_tag":[],"class_list":{"0":"post-3137","1":"product","2":"type-product","3":"status-publish","4":"has-post-thumbnail","6":"product_cat-detergent-rufe","7":"product_cat-pachete-surpriza-bacsi-szerek","9":"first","10":"instock","11":"shipping-taxable","12":"purchasable","13":"product-type-simple"},"yoast_head":"<!-- This site is optimized with the Yoast SEO plugin v27.1.1 - https:\/\/yoast.com\/product\/yoast-seo-wordpress\/ -->\n<title>B\u00e1csi Hagyom\u00e1nyos Mos\u00f3szer Csomagja - bacsiszerek.ro<\/title>\n<meta name=\"description\" content=\"199 LEI - Ingyenes kisz\u00e1ll\u00edt\u00e1s!\" \/>\n<meta name=\"robots\" content=\"index, follow, max-snippet:-1, max-image-preview:large, max-video-preview:-1\" \/>\n<link rel=\"canonical\" href=\"https:\/\/bacsiszerek.ro\/hu\/pachetul-traditional-bacsi-szerek\/\" \/>\n<meta property=\"og:locale\" content=\"hu_HU\" \/>\n<meta property=\"og:type\" content=\"article\" \/>\n<meta property=\"og:title\" content=\"B\u00e1csi Hagyom\u00e1nyos Mos\u00f3szer Csomagja - bacsiszerek.ro\" \/>\n<meta property=\"og:description\" content=\"199 LEI - Ingyenes kisz\u00e1ll\u00edt\u00e1s!\" \/>\n<meta property=\"og:url\" content=\"https:\/\/bacsiszerek.ro\/hu\/pachetul-traditional-bacsi-szerek\/\" \/>\n<meta property=\"og:site_name\" content=\"bacsiszerek.ro\" \/>\n<meta property=\"article:modified_time\" content=\"2026-05-08T13:45:30+00:00\" \/>\n<meta property=\"og:image\" content=\"https:\/\/bacsiszerek.ro\/wp-content\/uploads\/2024\/04\/Artboard-3.png\" \/>\n\t<meta property=\"og:image:width\" content=\"1501\" \/>\n\t<meta property=\"og:image:height\" content=\"1500\" \/>\n\t<meta property=\"og:image:type\" content=\"image\/png\" \/>\n<meta name=\"twitter:card\" content=\"summary_large_image\" \/>\n<meta name=\"twitter:label1\" content=\"Becs\u00fclt olvas\u00e1si id\u0151\" \/>\n\t<meta name=\"twitter:data1\" content=\"2 perc\" \/>\n<script type=\"application\/ld+json\" class=\"yoast-schema-graph\">{\"@context\":\"https:\/\/schema.org\",\"@graph\":[{\"@type\":\"WebPage\",\"@id\":\"https:\/\/bacsiszerek.ro\/pachetul-traditional-bacsi-szerek\/\",\"url\":\"https:\/\/bacsiszerek.ro\/pachetul-traditional-bacsi-szerek\/\",\"name\":\"B\u00e1csi Hagyom\u00e1nyos Mos\u00f3szer Csomagja - bacsiszerek.ro\",\"isPartOf\":{\"@id\":\"https:\/\/bacsiszerek.ro\/#website\"},\"primaryImageOfPage\":{\"@id\":\"https:\/\/bacsiszerek.ro\/pachetul-traditional-bacsi-szerek\/#primaryimage\"},\"image\":{\"@id\":\"https:\/\/bacsiszerek.ro\/pachetul-traditional-bacsi-szerek\/#primaryimage\"},\"thumbnailUrl\":\"https:\/\/bacsiszerek.ro\/wp-content\/uploads\/2024\/04\/Artboard-3.png\",\"datePublished\":\"2024-04-02T11:01:54+00:00\",\"dateModified\":\"2026-05-08T13:45:30+00:00\",\"description\":\"199 LEI - Ingyenes kisz\u00e1ll\u00edt\u00e1s!\",\"breadcrumb\":{\"@id\":\"https:\/\/bacsiszerek.ro\/pachetul-traditional-bacsi-szerek\/#breadcrumb\"},\"inLanguage\":\"hu\",\"potentialAction\":[{\"@type\":\"ReadAction\",\"target\":[\"https:\/\/bacsiszerek.ro\/pachetul-traditional-bacsi-szerek\/\"]}]},{\"@type\":\"ImageObject\",\"inLanguage\":\"hu\",\"@id\":\"https:\/\/bacsiszerek.ro\/pachetul-traditional-bacsi-szerek\/#primaryimage\",\"url\":\"https:\/\/bacsiszerek.ro\/wp-content\/uploads\/2024\/04\/Artboard-3.png\",\"contentUrl\":\"https:\/\/bacsiszerek.ro\/wp-content\/uploads\/2024\/04\/Artboard-3.png\",\"width\":1501,\"height\":1500},{\"@type\":\"BreadcrumbList\",\"@id\":\"https:\/\/bacsiszerek.ro\/pachetul-traditional-bacsi-szerek\/#breadcrumb\",\"itemListElement\":[{\"@type\":\"ListItem\",\"position\":1,\"name\":\"Prima pagin\u0103\",\"item\":\"https:\/\/bacsiszerek.ro\/\"},{\"@type\":\"ListItem\",\"position\":2,\"name\":\"Magazin\",\"item\":\"https:\/\/bacsiszerek.ro\/magazin\/\"},{\"@type\":\"ListItem\",\"position\":3,\"name\":\"Pachetul \u201eTradi\u021bional\u201d B\u00e1csi Szerek\"}]},{\"@type\":\"WebSite\",\"@id\":\"https:\/\/bacsiszerek.ro\/#website\",\"url\":\"https:\/\/bacsiszerek.ro\/\",\"name\":\"bacsiszerek.ro\",\"description\":\"Egy szebb, illatosabb \u00e9s tiszt\u00e1bb vil\u00e1g\u00e9rt!\",\"publisher\":{\"@id\":\"https:\/\/bacsiszerek.ro\/#organization\"},\"potentialAction\":[{\"@type\":\"SearchAction\",\"target\":{\"@type\":\"EntryPoint\",\"urlTemplate\":\"https:\/\/bacsiszerek.ro\/?s={search_term_string}\"},\"query-input\":{\"@type\":\"PropertyValueSpecification\",\"valueRequired\":true,\"valueName\":\"search_term_string\"}}],\"inLanguage\":\"hu\"},{\"@type\":\"Organization\",\"@id\":\"https:\/\/bacsiszerek.ro\/#organization\",\"name\":\"bacsiszerek.ro\",\"url\":\"https:\/\/bacsiszerek.ro\/\",\"logo\":{\"@type\":\"ImageObject\",\"inLanguage\":\"hu\",\"@id\":\"https:\/\/bacsiszerek.ro\/#\/schema\/logo\/image\/\",\"url\":\"https:\/\/bacsiszerek.ro\/wp-content\/uploads\/2023\/08\/cropped-Bacsi-Szerek_red-min-1-1.png\",\"contentUrl\":\"https:\/\/bacsiszerek.ro\/wp-content\/uploads\/2023\/08\/cropped-Bacsi-Szerek_red-min-1-1.png\",\"width\":350,\"height\":64,\"caption\":\"bacsiszerek.ro\"},\"image\":{\"@id\":\"https:\/\/bacsiszerek.ro\/#\/schema\/logo\/image\/\"}}]}<\/script>\n<!-- \/ Yoast SEO plugin. -->","yoast_head_json":{"title":"B\u00e1csi Hagyom\u00e1nyos Mos\u00f3szer Csomagja - bacsiszerek.ro","description":"199 LEI - Ingyenes kisz\u00e1ll\u00edt\u00e1s!","robots":{"index":"index","follow":"follow","max-snippet":"max-snippet:-1","max-image-preview":"max-image-preview:large","max-video-preview":"max-video-preview:-1"},"canonical":"https:\/\/bacsiszerek.ro\/hu\/pachetul-traditional-bacsi-szerek\/","og_locale":"hu_HU","og_type":"article","og_title":"B\u00e1csi Hagyom\u00e1nyos Mos\u00f3szer Csomagja - bacsiszerek.ro","og_description":"199 LEI - Ingyenes kisz\u00e1ll\u00edt\u00e1s!","og_url":"https:\/\/bacsiszerek.ro\/hu\/pachetul-traditional-bacsi-szerek\/","og_site_name":"bacsiszerek.ro","article_modified_time":"2026-05-08T13:45:30+00:00","og_image":[{"width":1501,"height":1500,"url":"https:\/\/bacsiszerek.ro\/wp-content\/uploads\/2024\/04\/Artboard-3.png","type":"image\/png"}],"twitter_card":"summary_large_image","twitter_misc":{"Becs\u00fclt olvas\u00e1si id\u0151":"2 perc"},"schema":{"@context":"https:\/\/schema.org","@graph":[{"@type":"WebPage","@id":"https:\/\/bacsiszerek.ro\/pachetul-traditional-bacsi-szerek\/","url":"https:\/\/bacsiszerek.ro\/pachetul-traditional-bacsi-szerek\/","name":"B\u00e1csi Hagyom\u00e1nyos Mos\u00f3szer Csomagja - bacsiszerek.ro","isPartOf":{"@id":"https:\/\/bacsiszerek.ro\/#website"},"primaryImageOfPage":{"@id":"https:\/\/bacsiszerek.ro\/pachetul-traditional-bacsi-szerek\/#primaryimage"},"image":{"@id":"https:\/\/bacsiszerek.ro\/pachetul-traditional-bacsi-szerek\/#primaryimage"},"thumbnailUrl":"https:\/\/bacsiszerek.ro\/wp-content\/uploads\/2024\/04\/Artboard-3.png","datePublished":"2024-04-02T11:01:54+00:00","dateModified":"2026-05-08T13:45:30+00:00","description":"199 LEI - Ingyenes kisz\u00e1ll\u00edt\u00e1s!","breadcrumb":{"@id":"https:\/\/bacsiszerek.ro\/pachetul-traditional-bacsi-szerek\/#breadcrumb"},"inLanguage":"hu","potentialAction":[{"@type":"ReadAction","target":["https:\/\/bacsiszerek.ro\/pachetul-traditional-bacsi-szerek\/"]}]},{"@type":"ImageObject","inLanguage":"hu","@id":"https:\/\/bacsiszerek.ro\/pachetul-traditional-bacsi-szerek\/#primaryimage","url":"https:\/\/bacsiszerek.ro\/wp-content\/uploads\/2024\/04\/Artboard-3.png","contentUrl":"https:\/\/bacsiszerek.ro\/wp-content\/uploads\/2024\/04\/Artboard-3.png","width":1501,"height":1500},{"@type":"BreadcrumbList","@id":"https:\/\/bacsiszerek.ro\/pachetul-traditional-bacsi-szerek\/#breadcrumb","itemListElement":[{"@type":"ListItem","position":1,"name":"Prima pagin\u0103","item":"https:\/\/bacsiszerek.ro\/"},{"@type":"ListItem","position":2,"name":"Magazin","item":"https:\/\/bacsiszerek.ro\/magazin\/"},{"@type":"ListItem","position":3,"name":"Pachetul \u201eTradi\u021bional\u201d B\u00e1csi Szerek"}]},{"@type":"WebSite","@id":"https:\/\/bacsiszerek.ro\/#website","url":"https:\/\/bacsiszerek.ro\/","name":"bacsiszerek.ro","description":"Egy szebb, illatosabb \u00e9s tiszt\u00e1bb vil\u00e1g\u00e9rt!","publisher":{"@id":"https:\/\/bacsiszerek.ro\/#organization"},"potentialAction":[{"@type":"SearchAction","target":{"@type":"EntryPoint","urlTemplate":"https:\/\/bacsiszerek.ro\/?s={search_term_string}"},"query-input":{"@type":"PropertyValueSpecification","valueRequired":true,"valueName":"search_term_string"}}],"inLanguage":"hu"},{"@type":"Organization","@id":"https:\/\/bacsiszerek.ro\/#organization","name":"bacsiszerek.ro","url":"https:\/\/bacsiszerek.ro\/","logo":{"@type":"ImageObject","inLanguage":"hu","@id":"https:\/\/bacsiszerek.ro\/#\/schema\/logo\/image\/","url":"https:\/\/bacsiszerek.ro\/wp-content\/uploads\/2023\/08\/cropped-Bacsi-Szerek_red-min-1-1.png","contentUrl":"https:\/\/bacsiszerek.ro\/wp-content\/uploads\/2023\/08\/cropped-Bacsi-Szerek_red-min-1-1.png","width":350,"height":64,"caption":"bacsiszerek.ro"},"image":{"@id":"https:\/\/bacsiszerek.ro\/#\/schema\/logo\/image\/"}}]}},"jetpack_sharing_enabled":true,"_links":{"self":[{"href":"https:\/\/bacsiszerek.ro\/hu\/wp-json\/wp\/v2\/product\/3137","targetHints":{"allow":["GET"]}}],"collection":[{"href":"https:\/\/bacsiszerek.ro\/hu\/wp-json\/wp\/v2\/product"}],"about":[{"href":"https:\/\/bacsiszerek.ro\/hu\/wp-json\/wp\/v2\/types\/product"}],"replies":[{"embeddable":true,"href":"https:\/\/bacsiszerek.ro\/hu\/wp-json\/wp\/v2\/comments?post=3137"}],"wp:featuredmedia":[{"embeddable":true,"href":"https:\/\/bacsiszerek.ro\/hu\/wp-json\/wp\/v2\/media\/4778"}],"wp:attachment":[{"href":"https:\/\/bacsiszerek.ro\/hu\/wp-json\/wp\/v2\/media?parent=3137"}],"wp:term":[{"taxonomy":"product_brand","embeddable":true,"href":"https:\/\/bacsiszerek.ro\/hu\/wp-json\/wp\/v2\/product_brand?post=3137"},{"taxonomy":"product_cat","embeddable":true,"href":"https:\/\/bacsiszerek.ro\/hu\/wp-json\/wp\/v2\/product_cat?post=3137"},{"taxonomy":"product_tag","embeddable":true,"href":"https:\/\/bacsiszerek.ro\/hu\/wp-json\/wp\/v2\/product_tag?post=3137"}],"curies":[{"name":"wp","href":"https:\/\/api.w.org\/{rel}","templated":true}]}}