{"id":3127,"date":"2024-03-29T09:45:11","date_gmt":"2024-03-29T09:45:11","guid":{"rendered":"https:\/\/bacsiszerek.ro\/?post_type=product&#038;p=3127"},"modified":"2025-11-13T16:14:42","modified_gmt":"2025-11-13T13:14:42","slug":"sapun-lichid-ecologic-ecosviz-5l","status":"publish","type":"product","link":"https:\/\/bacsiszerek.ro\/hu\/sapun-lichid-ecologic-ecosviz-5l\/","title":{"rendered":"\u00d6ko foly\u00e9kony szappan EcoSviz 5L"},"content":{"rendered":"<p>V\u00e1ltsa \u00e1t higi\u00e9niai rutinj\u00e1t kiv\u00e1l\u00f3 tiszt\u00edt\u00e1si \u00e9lm\u00e9nny\u00e9. Az EcoSviz \u00f6ko foly\u00e9kony szappan az ide\u00e1lis megold\u00e1s a kifog\u00e1stalan tiszt\u00edt\u00e1shoz, amely tiszteletben tartja a b\u0151r\u00e9t \u00e9s a term\u00e9szetet is.<\/p>\n<h3><b>Mi\u00e9rt v\u00e1lassza az EcoSviz \u00f6ko foly\u00e9kony szappant?<\/b><\/h3>\n<ul>\n<li><b>Kiemelked\u0151 tiszt\u00edt\u00f3er\u0151:<\/b> A viszk\u00f3zus \u00e9s koncentr\u00e1lt formula mind\u00f6ssze n\u00e9h\u00e1ny cseppel teljes tiszt\u00edt\u00e1st biztos\u00edt.<\/li>\n<li><b>K\u00edm\u00e9letes a b\u0151rh\u00f6z:<\/b> A glicerinnek \u00e9s a semleges pH-nak k\u00f6sz\u00f6nhet\u0151en megakad\u00e1lyozza a b\u0151r kisz\u00e1rad\u00e1s\u00e1t \u00e9s fenntartja az optim\u00e1lis hidrat\u00e1lts\u00e1got.<\/li>\n<li><strong>Tiszta \u00f6sszet\u00e9tel:<\/strong> Allerg\u00e9nekt\u0151l, sz\u00ednez\u00e9kekt\u0151l \u00e9s irrit\u00e1l\u00f3 anyagokt\u00f3l mentes, b\u00e1rsonyosan puh\u00e1v\u00e1 var\u00e1zsolja a b\u0151rt, \u00e9s m\u00e9g a leg\u00e9rz\u00e9kenyebb emberek sz\u00e1m\u00e1ra is ide\u00e1lis.<\/li>\n<li><b>K\u00f6rnyezetbar\u00e1t:<\/b> 100%-ban biol\u00f3giailag leboml\u00f3 \u00f6sszetev\u0151kb\u0151l k\u00e9sz\u00fcl \u00e9s csomagol\u00e1sa is \u00fajrahasznos\u00edthat\u00f3. Cs\u00f6kkenti az \u00f6kol\u00f3giai l\u00e1bnyomot, akt\u00edvan hozz\u00e1j\u00e1rulva a term\u00e9szet v\u00e9delm\u00e9hez.<\/li>\n<li><strong>Gazdas\u00e1gos:<\/strong> Az 5 literes kiszerel\u00e9s t\u00f6k\u00e9letes a gyakori haszn\u00e1lathoz, cs\u00f6kkentve a k\u00f6lts\u00e9geket.<\/li>\n<\/ul>\n<p>V\u00e1lassza az EcoSviz \u00f6ko foly\u00e9kony szappant a kiv\u00e1l\u00f3 higi\u00e9nia, a garant\u00e1lt min\u0151s\u00e9g \u00e9s a k\u00f6rnyezet eg\u00e9szs\u00e9g\u00e9hez val\u00f3 pozit\u00edv hozz\u00e1j\u00e1rul\u00e1s \u00e9rdek\u00e9ben!<\/p>\n<div class=\"su-service\"><div class=\"su-service-title\" style=\"padding-left:46px;min-height:32px;line-height:32px\"><i class=\"sui sui-pagelines\" style=\"font-size:32px;color:#006aa9\"><\/i> EUR\u00d3PAI \u00d6KOL\u00d3GIAI TAN\u00daS\u00cdTV\u00c1NNYAL RENDELKEZ\u0150 TERM\u00c9K <\/div><div class=\"su-service-content su-u-clearfix su-u-trim\" style=\"padding-left:46px\">V\u00e1lassza a min\u0151s\u00e9get \u00e9s a fenntarthat\u00f3s\u00e1got! Az eur\u00f3pai \u00f6kol\u00f3giai tan\u00fas\u00edtv\u00e1ny garant\u00e1lja a kiv\u00e1l\u00f3 min\u0151s\u00e9get, tiszteletben tartva a k\u00f6rnyezetet \u00e9s az \u00d6n eg\u00e9szs\u00e9g\u00e9t. Felel\u0151ss\u00e9gteljes term\u00e9k.<\/div><\/div>\n<div class=\"su-service\"><div class=\"su-service-title\" style=\"padding-left:46px;min-height:32px;line-height:32px\"><i class=\"sui sui-heart\" style=\"font-size:32px;color:#e31e24\"><\/i> K\u00c9SZ\u00dcLT SOK SZERETETTEL!<\/div><div class=\"su-service-content su-u-clearfix su-u-trim\" style=\"padding-left:46px\">EGY TISZT\u00c1BB \u00c9S SZEBB J\u00d6V\u0150\u00c9RT!<\/div><\/div>","protected":false},"excerpt":{"rendered":"<p><span class=\"su-label su-label-type-info\"><strong>\u00d6KO TERM\u00c9K<\/strong><\/span><\/p>\n<p>Hat\u00e9kony \u00e9s gyeng\u00e9d tiszt\u00edt\u00e1st biztos\u00edt a k\u00e9znek. K\u00edm\u00e9letesen v\u00e9di a b\u0151rt \u00e9s a k\u00f6rnyezetet, biztons\u00e1gos \u00e9s felel\u0151ss\u00e9gteljes higi\u00e9ni\u00e1t garant\u00e1lva.<\/p>","protected":false},"featured_media":4286,"comment_status":"open","ping_status":"closed","template":"","meta":{"neve_meta_sidebar":"","neve_meta_container":"","neve_meta_enable_content_width":"off","neve_meta_content_width":70,"neve_meta_title_alignment":"","neve_meta_author_avatar":"","neve_post_elements_order":"","neve_meta_disable_header":"","neve_meta_disable_footer":"","neve_meta_disable_title":""},"product_brand":[],"product_cat":[61],"product_tag":[],"class_list":{"0":"post-3127","1":"product","2":"type-product","3":"status-publish","4":"has-post-thumbnail","6":"product_cat-gama-ecosviz","8":"first","9":"instock","10":"shipping-taxable","11":"purchasable","12":"product-type-simple"},"yoast_head":"<!-- This site is optimized with the Yoast SEO plugin v27.1.1 - https:\/\/yoast.com\/product\/yoast-seo-wordpress\/ -->\n<title>S\u0103pun lichid ecologic EcoSviz 5L - bacsiszerek.ro<\/title>\n<meta name=\"robots\" content=\"index, follow, max-snippet:-1, max-image-preview:large, max-video-preview:-1\" \/>\n<link rel=\"canonical\" href=\"https:\/\/bacsiszerek.ro\/hu\/sapun-lichid-ecologic-ecosviz-5l\/\" \/>\n<meta property=\"og:locale\" content=\"hu_HU\" \/>\n<meta property=\"og:type\" content=\"article\" \/>\n<meta property=\"og:title\" content=\"S\u0103pun lichid ecologic EcoSviz 5L - bacsiszerek.ro\" \/>\n<meta property=\"og:description\" content=\"Ofer\u0103 o cur\u0103\u021bare eficient\u0103 \u0219i bl\u00e2nd\u0103 pentru m\u00e2ini. Protejeaz\u0103 delicat pielea \u0219i mediul, asigur\u00e2nd o igien\u0103 sigur\u0103 \u0219i responsabil\u0103.\" \/>\n<meta property=\"og:url\" content=\"https:\/\/bacsiszerek.ro\/hu\/sapun-lichid-ecologic-ecosviz-5l\/\" \/>\n<meta property=\"og:site_name\" content=\"bacsiszerek.ro\" \/>\n<meta property=\"article:modified_time\" content=\"2025-11-13T13:14:42+00:00\" \/>\n<meta property=\"og:image\" content=\"https:\/\/bacsiszerek.ro\/wp-content\/uploads\/2024\/03\/ecosviz_sapun_front_v2_PNG.png\" \/>\n\t<meta property=\"og:image:width\" content=\"1536\" \/>\n\t<meta property=\"og:image:height\" content=\"1536\" \/>\n\t<meta property=\"og:image:type\" content=\"image\/png\" \/>\n<meta name=\"twitter:card\" content=\"summary_large_image\" \/>\n<meta name=\"twitter:label1\" content=\"Becs\u00fclt olvas\u00e1si id\u0151\" \/>\n\t<meta name=\"twitter:data1\" content=\"2 perc\" \/>\n<script type=\"application\/ld+json\" class=\"yoast-schema-graph\">{\"@context\":\"https:\/\/schema.org\",\"@graph\":[{\"@type\":\"WebPage\",\"@id\":\"https:\/\/bacsiszerek.ro\/sapun-lichid-ecologic-ecosviz-5l\/\",\"url\":\"https:\/\/bacsiszerek.ro\/sapun-lichid-ecologic-ecosviz-5l\/\",\"name\":\"S\u0103pun lichid ecologic EcoSviz 5L - bacsiszerek.ro\",\"isPartOf\":{\"@id\":\"https:\/\/bacsiszerek.ro\/#website\"},\"primaryImageOfPage\":{\"@id\":\"https:\/\/bacsiszerek.ro\/sapun-lichid-ecologic-ecosviz-5l\/#primaryimage\"},\"image\":{\"@id\":\"https:\/\/bacsiszerek.ro\/sapun-lichid-ecologic-ecosviz-5l\/#primaryimage\"},\"thumbnailUrl\":\"https:\/\/bacsiszerek.ro\/wp-content\/uploads\/2024\/03\/ecosviz_sapun_front_v2_PNG.png\",\"datePublished\":\"2024-03-29T09:45:11+00:00\",\"dateModified\":\"2025-11-13T13:14:42+00:00\",\"breadcrumb\":{\"@id\":\"https:\/\/bacsiszerek.ro\/sapun-lichid-ecologic-ecosviz-5l\/#breadcrumb\"},\"inLanguage\":\"hu\",\"potentialAction\":[{\"@type\":\"ReadAction\",\"target\":[\"https:\/\/bacsiszerek.ro\/sapun-lichid-ecologic-ecosviz-5l\/\"]}]},{\"@type\":\"ImageObject\",\"inLanguage\":\"hu\",\"@id\":\"https:\/\/bacsiszerek.ro\/sapun-lichid-ecologic-ecosviz-5l\/#primaryimage\",\"url\":\"https:\/\/bacsiszerek.ro\/wp-content\/uploads\/2024\/03\/ecosviz_sapun_front_v2_PNG.png\",\"contentUrl\":\"https:\/\/bacsiszerek.ro\/wp-content\/uploads\/2024\/03\/ecosviz_sapun_front_v2_PNG.png\",\"width\":1536,\"height\":1536},{\"@type\":\"BreadcrumbList\",\"@id\":\"https:\/\/bacsiszerek.ro\/sapun-lichid-ecologic-ecosviz-5l\/#breadcrumb\",\"itemListElement\":[{\"@type\":\"ListItem\",\"position\":1,\"name\":\"Prima pagin\u0103\",\"item\":\"https:\/\/bacsiszerek.ro\/\"},{\"@type\":\"ListItem\",\"position\":2,\"name\":\"Magazin\",\"item\":\"https:\/\/bacsiszerek.ro\/magazin\/\"},{\"@type\":\"ListItem\",\"position\":3,\"name\":\"S\u0103pun lichid ecologic EcoSviz 5L\"}]},{\"@type\":\"WebSite\",\"@id\":\"https:\/\/bacsiszerek.ro\/#website\",\"url\":\"https:\/\/bacsiszerek.ro\/\",\"name\":\"bacsiszerek.ro\",\"description\":\"Egy szebb, illatosabb \u00e9s tiszt\u00e1bb vil\u00e1g\u00e9rt!\",\"publisher\":{\"@id\":\"https:\/\/bacsiszerek.ro\/#organization\"},\"potentialAction\":[{\"@type\":\"SearchAction\",\"target\":{\"@type\":\"EntryPoint\",\"urlTemplate\":\"https:\/\/bacsiszerek.ro\/?s={search_term_string}\"},\"query-input\":{\"@type\":\"PropertyValueSpecification\",\"valueRequired\":true,\"valueName\":\"search_term_string\"}}],\"inLanguage\":\"hu\"},{\"@type\":\"Organization\",\"@id\":\"https:\/\/bacsiszerek.ro\/#organization\",\"name\":\"bacsiszerek.ro\",\"url\":\"https:\/\/bacsiszerek.ro\/\",\"logo\":{\"@type\":\"ImageObject\",\"inLanguage\":\"hu\",\"@id\":\"https:\/\/bacsiszerek.ro\/#\/schema\/logo\/image\/\",\"url\":\"https:\/\/bacsiszerek.ro\/wp-content\/uploads\/2023\/08\/cropped-Bacsi-Szerek_red-min-1-1.png\",\"contentUrl\":\"https:\/\/bacsiszerek.ro\/wp-content\/uploads\/2023\/08\/cropped-Bacsi-Szerek_red-min-1-1.png\",\"width\":350,\"height\":64,\"caption\":\"bacsiszerek.ro\"},\"image\":{\"@id\":\"https:\/\/bacsiszerek.ro\/#\/schema\/logo\/image\/\"}}]}<\/script>\n<!-- \/ Yoast SEO plugin. -->","yoast_head_json":{"title":"S\u0103pun lichid ecologic EcoSviz 5L - bacsiszerek.ro","robots":{"index":"index","follow":"follow","max-snippet":"max-snippet:-1","max-image-preview":"max-image-preview:large","max-video-preview":"max-video-preview:-1"},"canonical":"https:\/\/bacsiszerek.ro\/hu\/sapun-lichid-ecologic-ecosviz-5l\/","og_locale":"hu_HU","og_type":"article","og_title":"S\u0103pun lichid ecologic EcoSviz 5L - bacsiszerek.ro","og_description":"Ofer\u0103 o cur\u0103\u021bare eficient\u0103 \u0219i bl\u00e2nd\u0103 pentru m\u00e2ini. Protejeaz\u0103 delicat pielea \u0219i mediul, asigur\u00e2nd o igien\u0103 sigur\u0103 \u0219i responsabil\u0103.","og_url":"https:\/\/bacsiszerek.ro\/hu\/sapun-lichid-ecologic-ecosviz-5l\/","og_site_name":"bacsiszerek.ro","article_modified_time":"2025-11-13T13:14:42+00:00","og_image":[{"width":1536,"height":1536,"url":"https:\/\/bacsiszerek.ro\/wp-content\/uploads\/2024\/03\/ecosviz_sapun_front_v2_PNG.png","type":"image\/png"}],"twitter_card":"summary_large_image","twitter_misc":{"Becs\u00fclt olvas\u00e1si id\u0151":"2 perc"},"schema":{"@context":"https:\/\/schema.org","@graph":[{"@type":"WebPage","@id":"https:\/\/bacsiszerek.ro\/sapun-lichid-ecologic-ecosviz-5l\/","url":"https:\/\/bacsiszerek.ro\/sapun-lichid-ecologic-ecosviz-5l\/","name":"S\u0103pun lichid ecologic EcoSviz 5L - bacsiszerek.ro","isPartOf":{"@id":"https:\/\/bacsiszerek.ro\/#website"},"primaryImageOfPage":{"@id":"https:\/\/bacsiszerek.ro\/sapun-lichid-ecologic-ecosviz-5l\/#primaryimage"},"image":{"@id":"https:\/\/bacsiszerek.ro\/sapun-lichid-ecologic-ecosviz-5l\/#primaryimage"},"thumbnailUrl":"https:\/\/bacsiszerek.ro\/wp-content\/uploads\/2024\/03\/ecosviz_sapun_front_v2_PNG.png","datePublished":"2024-03-29T09:45:11+00:00","dateModified":"2025-11-13T13:14:42+00:00","breadcrumb":{"@id":"https:\/\/bacsiszerek.ro\/sapun-lichid-ecologic-ecosviz-5l\/#breadcrumb"},"inLanguage":"hu","potentialAction":[{"@type":"ReadAction","target":["https:\/\/bacsiszerek.ro\/sapun-lichid-ecologic-ecosviz-5l\/"]}]},{"@type":"ImageObject","inLanguage":"hu","@id":"https:\/\/bacsiszerek.ro\/sapun-lichid-ecologic-ecosviz-5l\/#primaryimage","url":"https:\/\/bacsiszerek.ro\/wp-content\/uploads\/2024\/03\/ecosviz_sapun_front_v2_PNG.png","contentUrl":"https:\/\/bacsiszerek.ro\/wp-content\/uploads\/2024\/03\/ecosviz_sapun_front_v2_PNG.png","width":1536,"height":1536},{"@type":"BreadcrumbList","@id":"https:\/\/bacsiszerek.ro\/sapun-lichid-ecologic-ecosviz-5l\/#breadcrumb","itemListElement":[{"@type":"ListItem","position":1,"name":"Prima pagin\u0103","item":"https:\/\/bacsiszerek.ro\/"},{"@type":"ListItem","position":2,"name":"Magazin","item":"https:\/\/bacsiszerek.ro\/magazin\/"},{"@type":"ListItem","position":3,"name":"S\u0103pun lichid ecologic EcoSviz 5L"}]},{"@type":"WebSite","@id":"https:\/\/bacsiszerek.ro\/#website","url":"https:\/\/bacsiszerek.ro\/","name":"bacsiszerek.ro","description":"Egy szebb, illatosabb \u00e9s tiszt\u00e1bb vil\u00e1g\u00e9rt!","publisher":{"@id":"https:\/\/bacsiszerek.ro\/#organization"},"potentialAction":[{"@type":"SearchAction","target":{"@type":"EntryPoint","urlTemplate":"https:\/\/bacsiszerek.ro\/?s={search_term_string}"},"query-input":{"@type":"PropertyValueSpecification","valueRequired":true,"valueName":"search_term_string"}}],"inLanguage":"hu"},{"@type":"Organization","@id":"https:\/\/bacsiszerek.ro\/#organization","name":"bacsiszerek.ro","url":"https:\/\/bacsiszerek.ro\/","logo":{"@type":"ImageObject","inLanguage":"hu","@id":"https:\/\/bacsiszerek.ro\/#\/schema\/logo\/image\/","url":"https:\/\/bacsiszerek.ro\/wp-content\/uploads\/2023\/08\/cropped-Bacsi-Szerek_red-min-1-1.png","contentUrl":"https:\/\/bacsiszerek.ro\/wp-content\/uploads\/2023\/08\/cropped-Bacsi-Szerek_red-min-1-1.png","width":350,"height":64,"caption":"bacsiszerek.ro"},"image":{"@id":"https:\/\/bacsiszerek.ro\/#\/schema\/logo\/image\/"}}]}},"jetpack_sharing_enabled":true,"_links":{"self":[{"href":"https:\/\/bacsiszerek.ro\/hu\/wp-json\/wp\/v2\/product\/3127","targetHints":{"allow":["GET"]}}],"collection":[{"href":"https:\/\/bacsiszerek.ro\/hu\/wp-json\/wp\/v2\/product"}],"about":[{"href":"https:\/\/bacsiszerek.ro\/hu\/wp-json\/wp\/v2\/types\/product"}],"replies":[{"embeddable":true,"href":"https:\/\/bacsiszerek.ro\/hu\/wp-json\/wp\/v2\/comments?post=3127"}],"wp:featuredmedia":[{"embeddable":true,"href":"https:\/\/bacsiszerek.ro\/hu\/wp-json\/wp\/v2\/media\/4286"}],"wp:attachment":[{"href":"https:\/\/bacsiszerek.ro\/hu\/wp-json\/wp\/v2\/media?parent=3127"}],"wp:term":[{"taxonomy":"product_brand","embeddable":true,"href":"https:\/\/bacsiszerek.ro\/hu\/wp-json\/wp\/v2\/product_brand?post=3127"},{"taxonomy":"product_cat","embeddable":true,"href":"https:\/\/bacsiszerek.ro\/hu\/wp-json\/wp\/v2\/product_cat?post=3127"},{"taxonomy":"product_tag","embeddable":true,"href":"https:\/\/bacsiszerek.ro\/hu\/wp-json\/wp\/v2\/product_tag?post=3127"}],"curies":[{"name":"wp","href":"https:\/\/api.w.org\/{rel}","templated":true}]}}