{"id":3126,"date":"2024-03-29T09:42:03","date_gmt":"2024-03-29T09:42:03","guid":{"rendered":"https:\/\/bacsiszerek.ro\/?post_type=product&#038;p=3126"},"modified":"2025-07-09T22:56:10","modified_gmt":"2025-07-09T19:56:10","slug":"detergent-universal-ecologic-ecosviz-5l","status":"publish","type":"product","link":"https:\/\/bacsiszerek.ro\/hu\/detergent-universal-ecologic-ecosviz-5l\/","title":{"rendered":"\u00d6ko univerz\u00e1lis tiszt\u00edt\u00f3szer EcoSviz 5L"},"content":{"rendered":"<p>Alak\u00edtsa \u00e1t takar\u00edt\u00e1si rutinj\u00e1t egy koncentr\u00e1lt \u00e9s k\u00f6rnyezetbar\u00e1t oldattal, amelyet a maxim\u00e1lis teljes\u00edtm\u00e9ny \u00e9rdek\u00e9ben terveztek. Az EcoSviz \u00f6ko univerz\u00e1lis tiszt\u00edt\u00f3szer ide\u00e1lis partner a makul\u00e1tlan otthon \u00e9s a v\u00e9dett k\u00f6rnyezet \u00e9rdek\u00e9ben.<\/p>\n<h3><b>Mi\u00e9rt v\u00e1lassza az EcoSviz \u00f6ko univerz\u00e1lis tiszt\u00edt\u00f3szert?<\/b><\/h3>\n<ul>\n<li><b>Kifog\u00e1stalan \u00e9s sokoldal\u00fa tiszt\u00edt\u00e1s:<\/b> Magasan koncentr\u00e1lt formula, hat\u00e9kony minden v\u00edz\u00e1ll\u00f3 fel\u00fcleten \u2013 a padl\u00f3t\u00f3l a b\u00fatorokon \u00e1t az ablakokig. Kis mennyis\u00e9g is hosszan tart\u00f3 tisztas\u00e1got biztos\u00edt.<\/li>\n<li><b>Gazdas\u00e1goss\u00e1g \u00e9s hat\u00e9konys\u00e1g:<\/b> Koncentr\u00e1ci\u00f3j\u00e1nak k\u00f6sz\u00f6nhet\u0151en rugalmas adagol\u00e1st tesz lehet\u0151v\u00e9, alkalmazkodva b\u00e1rmilyen szennyez\u0151d\u00e9si szinthez. Optimaliz\u00e1lja a k\u00f6lts\u00e9geket \u00e9s cs\u00f6kkenti a fogyaszt\u00e1st.<\/li>\n<li><b>K\u00f6rnyezetbar\u00e1t:<\/b> Formul\u00e1j\u00e1nak \u00e9s 100%-ban \u00fajrahasznos\u00edthat\u00f3 csomagol\u00e1s\u00e1nak k\u00f6sz\u00f6nhet\u0151en akt\u00edvan hozz\u00e1j\u00e1rul a fenntarthat\u00f3 \u00e9letm\u00f3dhoz.<\/li>\n<li><b>Biztons\u00e1g \u00e9s megb\u00edzhat\u00f3s\u00e1g:<\/b> Maxim\u00e1lis teljes\u00edtm\u00e9nyt ny\u00fajt minim\u00e1lis k\u00f6rnyezeti \u00e9s eg\u00e9szs\u00e9g\u00fcgyi hat\u00e1ssal.<\/li>\n<\/ul>\n<h3><strong>Hogyan haszn\u00e1ljuk:<\/strong><\/h3>\n<ul>\n<li>15 - 30 mL tiszt\u00edt\u00f3szer 1 L v\u00edzhez<\/li>\n<li>javasolt, hogy a term\u00e9ket el\u0151zetesen egy kis ter\u00fcleten tesztelje, hogy megbizonyosodjon a fel\u00fclettel val\u00f3 kompatibilit\u00e1sr\u00f3l<\/li>\n<\/ul>\n<div class=\"su-service\"><div class=\"su-service-title\" style=\"padding-left:46px;min-height:32px;line-height:32px\"><i class=\"sui sui-pagelines\" style=\"font-size:32px;color:#006aa9\"><\/i> EUR\u00d3PAI \u00d6KOL\u00d3GIAI TAN\u00daS\u00cdTV\u00c1NNYAL RENDELKEZ\u0150 TERM\u00c9K <\/div><div class=\"su-service-content su-u-clearfix su-u-trim\" style=\"padding-left:46px\">V\u00e1lassza a min\u0151s\u00e9get \u00e9s a fenntarthat\u00f3s\u00e1got! Az eur\u00f3pai \u00f6kol\u00f3giai tan\u00fas\u00edtv\u00e1ny garant\u00e1lja a kiv\u00e1l\u00f3 min\u0151s\u00e9get, tiszteletben tartva a k\u00f6rnyezetet \u00e9s az \u00d6n eg\u00e9szs\u00e9g\u00e9t. Felel\u0151ss\u00e9gteljes term\u00e9k.<\/div><\/div>\n<div class=\"su-service\"><div class=\"su-service-title\" style=\"padding-left:46px;min-height:32px;line-height:32px\"><i class=\"sui sui-heart\" style=\"font-size:32px;color:#e31e24\"><\/i> K\u00c9SZ\u00dcLT SOK SZERETETTEL!<\/div><div class=\"su-service-content su-u-clearfix su-u-trim\" style=\"padding-left:46px\">EGY TISZT\u00c1BB \u00c9S SZEBB J\u00d6V\u0150\u00c9RT!<\/div><\/div>","protected":false},"excerpt":{"rendered":"<p><span class=\"su-label su-label-type-info\"><strong>\u00d6KO TERM\u00c9K<\/strong><\/span><\/p>\n<p>Hib\u00e1tlanul tiszt\u00edt sz\u00e1mos fel\u00fcletet otthon\u00e1ban. K\u00edm\u00e9letes a k\u00f6rnyezettel \u00e9s rendk\u00edv\u00fcl hat\u00e9kony, felel\u0151ss\u00e9gteljes tisztas\u00e1got ny\u00fajt minden helyzetben.<\/p>","protected":false},"featured_media":4288,"comment_status":"open","ping_status":"closed","template":"","meta":{"neve_meta_sidebar":"","neve_meta_container":"","neve_meta_enable_content_width":"off","neve_meta_content_width":70,"neve_meta_title_alignment":"","neve_meta_author_avatar":"","neve_post_elements_order":"","neve_meta_disable_header":"","neve_meta_disable_footer":"","neve_meta_disable_title":""},"product_brand":[],"product_cat":[61],"product_tag":[],"class_list":{"0":"post-3126","1":"product","2":"type-product","3":"status-publish","4":"has-post-thumbnail","6":"product_cat-gama-ecosviz","8":"first","9":"instock","10":"shipping-taxable","11":"purchasable","12":"product-type-simple"},"yoast_head":"<!-- This site is optimized with the Yoast SEO plugin v27.1.1 - https:\/\/yoast.com\/product\/yoast-seo-wordpress\/ -->\n<title>Detergent universal ecologic EcoSviz 5L - bacsiszerek.ro<\/title>\n<meta name=\"robots\" content=\"index, follow, max-snippet:-1, max-image-preview:large, max-video-preview:-1\" \/>\n<link rel=\"canonical\" href=\"https:\/\/bacsiszerek.ro\/hu\/detergent-universal-ecologic-ecosviz-5l\/\" \/>\n<meta property=\"og:locale\" content=\"hu_HU\" \/>\n<meta property=\"og:type\" content=\"article\" \/>\n<meta property=\"og:title\" content=\"Detergent universal ecologic EcoSviz 5L - bacsiszerek.ro\" \/>\n<meta property=\"og:description\" content=\"Cur\u0103\u021b\u0103 impecabil diverse suprafe\u021be din cas\u0103. Bl\u00e2nd cu mediul \u0219i eficient, ofer\u0103 o cur\u0103\u021benie responsabil\u0103 \u00een orice situa\u021bie.\" \/>\n<meta property=\"og:url\" content=\"https:\/\/bacsiszerek.ro\/hu\/detergent-universal-ecologic-ecosviz-5l\/\" \/>\n<meta property=\"og:site_name\" content=\"bacsiszerek.ro\" \/>\n<meta property=\"article:modified_time\" content=\"2025-07-09T19:56:10+00:00\" \/>\n<meta property=\"og:image\" content=\"https:\/\/bacsiszerek.ro\/wp-content\/uploads\/2024\/03\/ecosviz_universal_front_v2_PNG.png\" \/>\n\t<meta property=\"og:image:width\" content=\"1536\" \/>\n\t<meta property=\"og:image:height\" content=\"1536\" \/>\n\t<meta property=\"og:image:type\" content=\"image\/png\" \/>\n<meta name=\"twitter:card\" content=\"summary_large_image\" \/>\n<meta name=\"twitter:label1\" content=\"Becs\u00fclt olvas\u00e1si id\u0151\" \/>\n\t<meta name=\"twitter:data1\" content=\"2 perc\" \/>\n<script type=\"application\/ld+json\" class=\"yoast-schema-graph\">{\"@context\":\"https:\/\/schema.org\",\"@graph\":[{\"@type\":\"WebPage\",\"@id\":\"https:\/\/bacsiszerek.ro\/detergent-universal-ecologic-ecosviz-5l\/\",\"url\":\"https:\/\/bacsiszerek.ro\/detergent-universal-ecologic-ecosviz-5l\/\",\"name\":\"Detergent universal ecologic EcoSviz 5L - bacsiszerek.ro\",\"isPartOf\":{\"@id\":\"https:\/\/bacsiszerek.ro\/#website\"},\"primaryImageOfPage\":{\"@id\":\"https:\/\/bacsiszerek.ro\/detergent-universal-ecologic-ecosviz-5l\/#primaryimage\"},\"image\":{\"@id\":\"https:\/\/bacsiszerek.ro\/detergent-universal-ecologic-ecosviz-5l\/#primaryimage\"},\"thumbnailUrl\":\"https:\/\/bacsiszerek.ro\/wp-content\/uploads\/2024\/03\/ecosviz_universal_front_v2_PNG.png\",\"datePublished\":\"2024-03-29T09:42:03+00:00\",\"dateModified\":\"2025-07-09T19:56:10+00:00\",\"breadcrumb\":{\"@id\":\"https:\/\/bacsiszerek.ro\/detergent-universal-ecologic-ecosviz-5l\/#breadcrumb\"},\"inLanguage\":\"hu\",\"potentialAction\":[{\"@type\":\"ReadAction\",\"target\":[\"https:\/\/bacsiszerek.ro\/detergent-universal-ecologic-ecosviz-5l\/\"]}]},{\"@type\":\"ImageObject\",\"inLanguage\":\"hu\",\"@id\":\"https:\/\/bacsiszerek.ro\/detergent-universal-ecologic-ecosviz-5l\/#primaryimage\",\"url\":\"https:\/\/bacsiszerek.ro\/wp-content\/uploads\/2024\/03\/ecosviz_universal_front_v2_PNG.png\",\"contentUrl\":\"https:\/\/bacsiszerek.ro\/wp-content\/uploads\/2024\/03\/ecosviz_universal_front_v2_PNG.png\",\"width\":1536,\"height\":1536},{\"@type\":\"BreadcrumbList\",\"@id\":\"https:\/\/bacsiszerek.ro\/detergent-universal-ecologic-ecosviz-5l\/#breadcrumb\",\"itemListElement\":[{\"@type\":\"ListItem\",\"position\":1,\"name\":\"Prima pagin\u0103\",\"item\":\"https:\/\/bacsiszerek.ro\/\"},{\"@type\":\"ListItem\",\"position\":2,\"name\":\"Magazin\",\"item\":\"https:\/\/bacsiszerek.ro\/magazin\/\"},{\"@type\":\"ListItem\",\"position\":3,\"name\":\"Detergent universal ecologic EcoSviz 5L\"}]},{\"@type\":\"WebSite\",\"@id\":\"https:\/\/bacsiszerek.ro\/#website\",\"url\":\"https:\/\/bacsiszerek.ro\/\",\"name\":\"bacsiszerek.ro\",\"description\":\"Egy szebb, illatosabb \u00e9s tiszt\u00e1bb vil\u00e1g\u00e9rt!\",\"publisher\":{\"@id\":\"https:\/\/bacsiszerek.ro\/#organization\"},\"potentialAction\":[{\"@type\":\"SearchAction\",\"target\":{\"@type\":\"EntryPoint\",\"urlTemplate\":\"https:\/\/bacsiszerek.ro\/?s={search_term_string}\"},\"query-input\":{\"@type\":\"PropertyValueSpecification\",\"valueRequired\":true,\"valueName\":\"search_term_string\"}}],\"inLanguage\":\"hu\"},{\"@type\":\"Organization\",\"@id\":\"https:\/\/bacsiszerek.ro\/#organization\",\"name\":\"bacsiszerek.ro\",\"url\":\"https:\/\/bacsiszerek.ro\/\",\"logo\":{\"@type\":\"ImageObject\",\"inLanguage\":\"hu\",\"@id\":\"https:\/\/bacsiszerek.ro\/#\/schema\/logo\/image\/\",\"url\":\"https:\/\/bacsiszerek.ro\/wp-content\/uploads\/2023\/08\/cropped-Bacsi-Szerek_red-min-1-1.png\",\"contentUrl\":\"https:\/\/bacsiszerek.ro\/wp-content\/uploads\/2023\/08\/cropped-Bacsi-Szerek_red-min-1-1.png\",\"width\":350,\"height\":64,\"caption\":\"bacsiszerek.ro\"},\"image\":{\"@id\":\"https:\/\/bacsiszerek.ro\/#\/schema\/logo\/image\/\"}}]}<\/script>\n<!-- \/ Yoast SEO plugin. -->","yoast_head_json":{"title":"Detergent universal ecologic EcoSviz 5L - bacsiszerek.ro","robots":{"index":"index","follow":"follow","max-snippet":"max-snippet:-1","max-image-preview":"max-image-preview:large","max-video-preview":"max-video-preview:-1"},"canonical":"https:\/\/bacsiszerek.ro\/hu\/detergent-universal-ecologic-ecosviz-5l\/","og_locale":"hu_HU","og_type":"article","og_title":"Detergent universal ecologic EcoSviz 5L - bacsiszerek.ro","og_description":"Cur\u0103\u021b\u0103 impecabil diverse suprafe\u021be din cas\u0103. Bl\u00e2nd cu mediul \u0219i eficient, ofer\u0103 o cur\u0103\u021benie responsabil\u0103 \u00een orice situa\u021bie.","og_url":"https:\/\/bacsiszerek.ro\/hu\/detergent-universal-ecologic-ecosviz-5l\/","og_site_name":"bacsiszerek.ro","article_modified_time":"2025-07-09T19:56:10+00:00","og_image":[{"width":1536,"height":1536,"url":"https:\/\/bacsiszerek.ro\/wp-content\/uploads\/2024\/03\/ecosviz_universal_front_v2_PNG.png","type":"image\/png"}],"twitter_card":"summary_large_image","twitter_misc":{"Becs\u00fclt olvas\u00e1si id\u0151":"2 perc"},"schema":{"@context":"https:\/\/schema.org","@graph":[{"@type":"WebPage","@id":"https:\/\/bacsiszerek.ro\/detergent-universal-ecologic-ecosviz-5l\/","url":"https:\/\/bacsiszerek.ro\/detergent-universal-ecologic-ecosviz-5l\/","name":"Detergent universal ecologic EcoSviz 5L - bacsiszerek.ro","isPartOf":{"@id":"https:\/\/bacsiszerek.ro\/#website"},"primaryImageOfPage":{"@id":"https:\/\/bacsiszerek.ro\/detergent-universal-ecologic-ecosviz-5l\/#primaryimage"},"image":{"@id":"https:\/\/bacsiszerek.ro\/detergent-universal-ecologic-ecosviz-5l\/#primaryimage"},"thumbnailUrl":"https:\/\/bacsiszerek.ro\/wp-content\/uploads\/2024\/03\/ecosviz_universal_front_v2_PNG.png","datePublished":"2024-03-29T09:42:03+00:00","dateModified":"2025-07-09T19:56:10+00:00","breadcrumb":{"@id":"https:\/\/bacsiszerek.ro\/detergent-universal-ecologic-ecosviz-5l\/#breadcrumb"},"inLanguage":"hu","potentialAction":[{"@type":"ReadAction","target":["https:\/\/bacsiszerek.ro\/detergent-universal-ecologic-ecosviz-5l\/"]}]},{"@type":"ImageObject","inLanguage":"hu","@id":"https:\/\/bacsiszerek.ro\/detergent-universal-ecologic-ecosviz-5l\/#primaryimage","url":"https:\/\/bacsiszerek.ro\/wp-content\/uploads\/2024\/03\/ecosviz_universal_front_v2_PNG.png","contentUrl":"https:\/\/bacsiszerek.ro\/wp-content\/uploads\/2024\/03\/ecosviz_universal_front_v2_PNG.png","width":1536,"height":1536},{"@type":"BreadcrumbList","@id":"https:\/\/bacsiszerek.ro\/detergent-universal-ecologic-ecosviz-5l\/#breadcrumb","itemListElement":[{"@type":"ListItem","position":1,"name":"Prima pagin\u0103","item":"https:\/\/bacsiszerek.ro\/"},{"@type":"ListItem","position":2,"name":"Magazin","item":"https:\/\/bacsiszerek.ro\/magazin\/"},{"@type":"ListItem","position":3,"name":"Detergent universal ecologic EcoSviz 5L"}]},{"@type":"WebSite","@id":"https:\/\/bacsiszerek.ro\/#website","url":"https:\/\/bacsiszerek.ro\/","name":"bacsiszerek.ro","description":"Egy szebb, illatosabb \u00e9s tiszt\u00e1bb vil\u00e1g\u00e9rt!","publisher":{"@id":"https:\/\/bacsiszerek.ro\/#organization"},"potentialAction":[{"@type":"SearchAction","target":{"@type":"EntryPoint","urlTemplate":"https:\/\/bacsiszerek.ro\/?s={search_term_string}"},"query-input":{"@type":"PropertyValueSpecification","valueRequired":true,"valueName":"search_term_string"}}],"inLanguage":"hu"},{"@type":"Organization","@id":"https:\/\/bacsiszerek.ro\/#organization","name":"bacsiszerek.ro","url":"https:\/\/bacsiszerek.ro\/","logo":{"@type":"ImageObject","inLanguage":"hu","@id":"https:\/\/bacsiszerek.ro\/#\/schema\/logo\/image\/","url":"https:\/\/bacsiszerek.ro\/wp-content\/uploads\/2023\/08\/cropped-Bacsi-Szerek_red-min-1-1.png","contentUrl":"https:\/\/bacsiszerek.ro\/wp-content\/uploads\/2023\/08\/cropped-Bacsi-Szerek_red-min-1-1.png","width":350,"height":64,"caption":"bacsiszerek.ro"},"image":{"@id":"https:\/\/bacsiszerek.ro\/#\/schema\/logo\/image\/"}}]}},"jetpack_sharing_enabled":true,"_links":{"self":[{"href":"https:\/\/bacsiszerek.ro\/hu\/wp-json\/wp\/v2\/product\/3126","targetHints":{"allow":["GET"]}}],"collection":[{"href":"https:\/\/bacsiszerek.ro\/hu\/wp-json\/wp\/v2\/product"}],"about":[{"href":"https:\/\/bacsiszerek.ro\/hu\/wp-json\/wp\/v2\/types\/product"}],"replies":[{"embeddable":true,"href":"https:\/\/bacsiszerek.ro\/hu\/wp-json\/wp\/v2\/comments?post=3126"}],"wp:featuredmedia":[{"embeddable":true,"href":"https:\/\/bacsiszerek.ro\/hu\/wp-json\/wp\/v2\/media\/4288"}],"wp:attachment":[{"href":"https:\/\/bacsiszerek.ro\/hu\/wp-json\/wp\/v2\/media?parent=3126"}],"wp:term":[{"taxonomy":"product_brand","embeddable":true,"href":"https:\/\/bacsiszerek.ro\/hu\/wp-json\/wp\/v2\/product_brand?post=3126"},{"taxonomy":"product_cat","embeddable":true,"href":"https:\/\/bacsiszerek.ro\/hu\/wp-json\/wp\/v2\/product_cat?post=3126"},{"taxonomy":"product_tag","embeddable":true,"href":"https:\/\/bacsiszerek.ro\/hu\/wp-json\/wp\/v2\/product_tag?post=3126"}],"curies":[{"name":"wp","href":"https:\/\/api.w.org\/{rel}","templated":true}]}}