{"id":3124,"date":"2024-03-29T09:32:49","date_gmt":"2024-03-29T09:32:49","guid":{"rendered":"https:\/\/bacsiszerek.ro\/?post_type=product&#038;p=3124"},"modified":"2025-07-09T22:56:28","modified_gmt":"2025-07-09T19:56:28","slug":"detergent-sanitarizant-ecologic-ecosviz-5l","status":"publish","type":"product","link":"https:\/\/bacsiszerek.ro\/hu\/detergent-sanitarizant-ecologic-ecosviz-5l\/","title":{"rendered":"\u00d6ko f\u00fcrd\u0151szobai tiszt\u00edt\u00f3szer EcoSviz 5L"},"content":{"rendered":"<p>V\u00e1ltoztassa \u00e1t f\u00fcrd\u0151szob\u00e1j\u00e1t kifog\u00e1stalan higi\u00e9ni\u00e1t \u00e9s hosszan tart\u00f3 frissess\u00e9get biztos\u00edt\u00f3 t\u00e9rr\u00e9, k\u00f6nnyed\u00e9n \u00e9s \u00f6kol\u00f3giai kompromisszumok n\u00e9lk\u00fcl. Az EcoSviz f\u00fcrd\u0151szobai tiszt\u00edt\u00f3szer egy koncentr\u00e1lt oldat, amelyet kifejezetten az alapos tiszt\u00edt\u00e1sra terveztek, tiszteletben tartva mind a fel\u00fcleteket, mind az \u00d6n eg\u00e9szs\u00e9g\u00e9t.<\/p>\n<h3><b>Mi\u00e9rt v\u00e1lassza az EcoSviz \u00f6ko f\u00fcrd\u0151szobai tiszt\u00edt\u00f3szert?<\/b><\/h3>\n<ul>\n<li><b>Higi\u00e9nia \u00e9s alapos tiszt\u00edt\u00e1s:<\/b> Gyorsan elt\u00e1vol\u00edtja a v\u00edzk\u00f6vet, a szappanlerak\u00f3d\u00e1sokat \u00e9s a szennyez\u0151d\u00e9seket. Fert\u0151tlen\u00edti \u00e9s f\u00e9nyesen tartja a fel\u00fcleteket, megakad\u00e1lyozva a lerak\u00f3d\u00e1sok \u00fajb\u00f3li megjelen\u00e9s\u00e9t.<\/li>\n<li><b>Er\u0151s hat\u00e1s:<\/b> Hat\u00e9kony a sav\u00e1ll\u00f3 anyagok sz\u00e9les sk\u00e1l\u00e1j\u00e1n (zom\u00e1nc, ker\u00e1mia, \u00fcveg, rozsdamentes ac\u00e9l, m\u0171anyag stb.), m\u00e9lyen tiszt\u00edt an\u00e9lk\u00fcl, hogy k\u00e1ros\u00edtan\u00e1 azokat.<\/li>\n<li><b>Gazdas\u00e1gos \u00e9s felel\u0151ss\u00e9gteljes:<\/b> A koncentr\u00e1lt formula lehet\u0151v\u00e9 teszi kis mennyis\u00e9g\u0171 term\u00e9k haszn\u00e1lat\u00e1t, optimaliz\u00e1lva a k\u00f6lts\u00e9geket \u00e9s minimaliz\u00e1lva a k\u00f6rnyezeti terhel\u00e9st. A csomagol\u00e1s 100%-ban \u00fajrahasznos\u00edthat\u00f3.<\/li>\n<li><b>Biztons\u00e1g az otthon sz\u00e1m\u00e1ra:<\/b> K\u00f6rnyezetbar\u00e1t, agressz\u00edv vegyszerek n\u00e9lk\u00fcli formul\u00e1j\u00e1nak k\u00f6sz\u00f6nhet\u0151en, ez a mos\u00f3szer biztons\u00e1got ny\u00fajt a szaniterek tiszt\u00edt\u00e1s\u00e1ban.<\/li>\n<\/ul>\n<h3><strong>Hogyan haszn\u00e1ljuk:<\/strong><\/h3>\n<ul>\n<li>h\u00edg\u00edtatlanul vigye fel egy nedves kend\u0151re vagy nem d\u00f6rzs\u00f6l\u0151 szivacsra, majd t\u00f6r\u00f6lje le a fel\u00fcletet \u00e9s \u00f6bl\u00edtse le b\u0151 v\u00edzzel<\/li>\n<li>a term\u00e9k k\u00f6zvetlen\u00fcl a tiszt\u00edtand\u00f3 fel\u00fcletre is felvihet\u0151, majd szivaccsal \u00e1tt\u00f6r\u00f6lhet\u0151, v\u00e9g\u00fcl b\u0151 v\u00edzzel le\u00f6bl\u00edthet\u0151<\/li>\n<li>a WC-cs\u00e9sz\u00e9k tiszt\u00edt\u00e1s\u00e1hoz h\u00edg\u00edtatlanul permetezzen a perem al\u00e1, s\u00farolja \u00e1t WC-kef\u00e9vel, majd r\u00f6vid behat\u00e1si id\u0151 ut\u00e1n \u00f6bl\u00edtse le<\/li>\n<li><em>Figyelmeztet\u00e9s: nem aj\u00e1nlott meszes fel\u00fcletekre, p\u00e9ld\u00e1ul m\u00e1rv\u00e1nyra vagy term\u00e9szetes k\u0151re!<\/em><\/li>\n<\/ul>\n<div class=\"su-service\"><div class=\"su-service-title\" style=\"padding-left:46px;min-height:32px;line-height:32px\"><i class=\"sui sui-pagelines\" style=\"font-size:32px;color:#006aa9\"><\/i> EUR\u00d3PAI \u00d6KOL\u00d3GIAI TAN\u00daS\u00cdTV\u00c1NNYAL RENDELKEZ\u0150 TERM\u00c9K <\/div><div class=\"su-service-content su-u-clearfix su-u-trim\" style=\"padding-left:46px\">V\u00e1lassza a min\u0151s\u00e9get \u00e9s a fenntarthat\u00f3s\u00e1got! Az eur\u00f3pai \u00f6kol\u00f3giai tan\u00fas\u00edtv\u00e1ny garant\u00e1lja a kiv\u00e1l\u00f3 min\u0151s\u00e9get, tiszteletben tartva a k\u00f6rnyezetet \u00e9s az \u00d6n eg\u00e9szs\u00e9g\u00e9t. Felel\u0151ss\u00e9gteljes term\u00e9k.<\/div><\/div>\n<div class=\"su-service\"><div class=\"su-service-title\" style=\"padding-left:46px;min-height:32px;line-height:32px\"><i class=\"sui sui-heart\" style=\"font-size:32px;color:#e31e24\"><\/i> K\u00c9SZ\u00dcLT SOK SZERETETTEL!<\/div><div class=\"su-service-content su-u-clearfix su-u-trim\" style=\"padding-left:46px\">EGY TISZT\u00c1BB \u00c9S SZEBB J\u00d6V\u0150\u00c9RT!<\/div><\/div>","protected":false},"excerpt":{"rendered":"<p><span class=\"su-label su-label-type-info\"><strong>\u00d6KO TERM\u00c9K<\/strong><\/span><\/p>\n<p>M\u00e9lyen tiszt\u00edt, t\u00f6k\u00e9letes higi\u00e9ni\u00e1t biztos\u00edtva a f\u00fcrd\u0151szob\u00e1ban. Elt\u00e1vol\u00edtja a szennyez\u0151d\u00e9seket, \u00f3vva a felhaszn\u00e1l\u00f3 eg\u00e9szs\u00e9g\u00e9t \u00e9s a k\u00f6rnyezetet.<\/p>","protected":false},"featured_media":4284,"comment_status":"open","ping_status":"closed","template":"","meta":{"neve_meta_sidebar":"","neve_meta_container":"","neve_meta_enable_content_width":"off","neve_meta_content_width":70,"neve_meta_title_alignment":"","neve_meta_author_avatar":"","neve_post_elements_order":"","neve_meta_disable_header":"","neve_meta_disable_footer":"","neve_meta_disable_title":""},"product_brand":[],"product_cat":[61],"product_tag":[],"class_list":{"0":"post-3124","1":"product","2":"type-product","3":"status-publish","4":"has-post-thumbnail","6":"product_cat-gama-ecosviz","8":"first","9":"instock","10":"shipping-taxable","11":"purchasable","12":"product-type-simple"},"yoast_head":"<!-- This site is optimized with the Yoast SEO plugin v27.1.1 - https:\/\/yoast.com\/product\/yoast-seo-wordpress\/ -->\n<title>Detergent sanitarizant ecologic EcoSviz 5L - bacsiszerek.ro<\/title>\n<meta name=\"robots\" content=\"index, follow, max-snippet:-1, max-image-preview:large, max-video-preview:-1\" \/>\n<link rel=\"canonical\" href=\"https:\/\/bacsiszerek.ro\/hu\/detergent-sanitarizant-ecologic-ecosviz-5l\/\" \/>\n<meta property=\"og:locale\" content=\"hu_HU\" \/>\n<meta property=\"og:type\" content=\"article\" \/>\n<meta property=\"og:title\" content=\"Detergent sanitarizant ecologic EcoSviz 5L - bacsiszerek.ro\" \/>\n<meta property=\"og:description\" content=\"Cur\u0103\u021b\u0103 profund, asigur\u00e2nd igiena perfect\u0103 \u00een baie. Elimin\u0103 impurit\u0103\u021bile, respect\u00e2nd mediul \u0219i s\u0103n\u0103tatea ta, pentru un spa\u021biu curat.\" \/>\n<meta property=\"og:url\" content=\"https:\/\/bacsiszerek.ro\/hu\/detergent-sanitarizant-ecologic-ecosviz-5l\/\" \/>\n<meta property=\"og:site_name\" content=\"bacsiszerek.ro\" \/>\n<meta property=\"article:modified_time\" content=\"2025-07-09T19:56:28+00:00\" \/>\n<meta property=\"og:image\" content=\"https:\/\/bacsiszerek.ro\/wp-content\/uploads\/2024\/03\/ecosviz_sanitarizant_front_v2_PNG.png\" \/>\n\t<meta property=\"og:image:width\" content=\"1536\" \/>\n\t<meta property=\"og:image:height\" content=\"1536\" \/>\n\t<meta property=\"og:image:type\" content=\"image\/png\" \/>\n<meta name=\"twitter:card\" content=\"summary_large_image\" \/>\n<meta name=\"twitter:label1\" content=\"Becs\u00fclt olvas\u00e1si id\u0151\" \/>\n\t<meta name=\"twitter:data1\" content=\"2 perc\" \/>\n<script type=\"application\/ld+json\" class=\"yoast-schema-graph\">{\"@context\":\"https:\/\/schema.org\",\"@graph\":[{\"@type\":\"WebPage\",\"@id\":\"https:\/\/bacsiszerek.ro\/detergent-sanitarizant-ecologic-ecosviz-5l\/\",\"url\":\"https:\/\/bacsiszerek.ro\/detergent-sanitarizant-ecologic-ecosviz-5l\/\",\"name\":\"Detergent sanitarizant ecologic EcoSviz 5L - bacsiszerek.ro\",\"isPartOf\":{\"@id\":\"https:\/\/bacsiszerek.ro\/#website\"},\"primaryImageOfPage\":{\"@id\":\"https:\/\/bacsiszerek.ro\/detergent-sanitarizant-ecologic-ecosviz-5l\/#primaryimage\"},\"image\":{\"@id\":\"https:\/\/bacsiszerek.ro\/detergent-sanitarizant-ecologic-ecosviz-5l\/#primaryimage\"},\"thumbnailUrl\":\"https:\/\/bacsiszerek.ro\/wp-content\/uploads\/2024\/03\/ecosviz_sanitarizant_front_v2_PNG.png\",\"datePublished\":\"2024-03-29T09:32:49+00:00\",\"dateModified\":\"2025-07-09T19:56:28+00:00\",\"breadcrumb\":{\"@id\":\"https:\/\/bacsiszerek.ro\/detergent-sanitarizant-ecologic-ecosviz-5l\/#breadcrumb\"},\"inLanguage\":\"hu\",\"potentialAction\":[{\"@type\":\"ReadAction\",\"target\":[\"https:\/\/bacsiszerek.ro\/detergent-sanitarizant-ecologic-ecosviz-5l\/\"]}]},{\"@type\":\"ImageObject\",\"inLanguage\":\"hu\",\"@id\":\"https:\/\/bacsiszerek.ro\/detergent-sanitarizant-ecologic-ecosviz-5l\/#primaryimage\",\"url\":\"https:\/\/bacsiszerek.ro\/wp-content\/uploads\/2024\/03\/ecosviz_sanitarizant_front_v2_PNG.png\",\"contentUrl\":\"https:\/\/bacsiszerek.ro\/wp-content\/uploads\/2024\/03\/ecosviz_sanitarizant_front_v2_PNG.png\",\"width\":1536,\"height\":1536},{\"@type\":\"BreadcrumbList\",\"@id\":\"https:\/\/bacsiszerek.ro\/detergent-sanitarizant-ecologic-ecosviz-5l\/#breadcrumb\",\"itemListElement\":[{\"@type\":\"ListItem\",\"position\":1,\"name\":\"Prima pagin\u0103\",\"item\":\"https:\/\/bacsiszerek.ro\/\"},{\"@type\":\"ListItem\",\"position\":2,\"name\":\"Magazin\",\"item\":\"https:\/\/bacsiszerek.ro\/magazin\/\"},{\"@type\":\"ListItem\",\"position\":3,\"name\":\"Detergent sanitarizant ecologic EcoSviz 5L\"}]},{\"@type\":\"WebSite\",\"@id\":\"https:\/\/bacsiszerek.ro\/#website\",\"url\":\"https:\/\/bacsiszerek.ro\/\",\"name\":\"bacsiszerek.ro\",\"description\":\"Egy szebb, illatosabb \u00e9s tiszt\u00e1bb vil\u00e1g\u00e9rt!\",\"publisher\":{\"@id\":\"https:\/\/bacsiszerek.ro\/#organization\"},\"potentialAction\":[{\"@type\":\"SearchAction\",\"target\":{\"@type\":\"EntryPoint\",\"urlTemplate\":\"https:\/\/bacsiszerek.ro\/?s={search_term_string}\"},\"query-input\":{\"@type\":\"PropertyValueSpecification\",\"valueRequired\":true,\"valueName\":\"search_term_string\"}}],\"inLanguage\":\"hu\"},{\"@type\":\"Organization\",\"@id\":\"https:\/\/bacsiszerek.ro\/#organization\",\"name\":\"bacsiszerek.ro\",\"url\":\"https:\/\/bacsiszerek.ro\/\",\"logo\":{\"@type\":\"ImageObject\",\"inLanguage\":\"hu\",\"@id\":\"https:\/\/bacsiszerek.ro\/#\/schema\/logo\/image\/\",\"url\":\"https:\/\/bacsiszerek.ro\/wp-content\/uploads\/2023\/08\/cropped-Bacsi-Szerek_red-min-1-1.png\",\"contentUrl\":\"https:\/\/bacsiszerek.ro\/wp-content\/uploads\/2023\/08\/cropped-Bacsi-Szerek_red-min-1-1.png\",\"width\":350,\"height\":64,\"caption\":\"bacsiszerek.ro\"},\"image\":{\"@id\":\"https:\/\/bacsiszerek.ro\/#\/schema\/logo\/image\/\"}}]}<\/script>\n<!-- \/ Yoast SEO plugin. -->","yoast_head_json":{"title":"Detergent sanitarizant ecologic EcoSviz 5L - bacsiszerek.ro","robots":{"index":"index","follow":"follow","max-snippet":"max-snippet:-1","max-image-preview":"max-image-preview:large","max-video-preview":"max-video-preview:-1"},"canonical":"https:\/\/bacsiszerek.ro\/hu\/detergent-sanitarizant-ecologic-ecosviz-5l\/","og_locale":"hu_HU","og_type":"article","og_title":"Detergent sanitarizant ecologic EcoSviz 5L - bacsiszerek.ro","og_description":"Cur\u0103\u021b\u0103 profund, asigur\u00e2nd igiena perfect\u0103 \u00een baie. Elimin\u0103 impurit\u0103\u021bile, respect\u00e2nd mediul \u0219i s\u0103n\u0103tatea ta, pentru un spa\u021biu curat.","og_url":"https:\/\/bacsiszerek.ro\/hu\/detergent-sanitarizant-ecologic-ecosviz-5l\/","og_site_name":"bacsiszerek.ro","article_modified_time":"2025-07-09T19:56:28+00:00","og_image":[{"width":1536,"height":1536,"url":"https:\/\/bacsiszerek.ro\/wp-content\/uploads\/2024\/03\/ecosviz_sanitarizant_front_v2_PNG.png","type":"image\/png"}],"twitter_card":"summary_large_image","twitter_misc":{"Becs\u00fclt olvas\u00e1si id\u0151":"2 perc"},"schema":{"@context":"https:\/\/schema.org","@graph":[{"@type":"WebPage","@id":"https:\/\/bacsiszerek.ro\/detergent-sanitarizant-ecologic-ecosviz-5l\/","url":"https:\/\/bacsiszerek.ro\/detergent-sanitarizant-ecologic-ecosviz-5l\/","name":"Detergent sanitarizant ecologic EcoSviz 5L - bacsiszerek.ro","isPartOf":{"@id":"https:\/\/bacsiszerek.ro\/#website"},"primaryImageOfPage":{"@id":"https:\/\/bacsiszerek.ro\/detergent-sanitarizant-ecologic-ecosviz-5l\/#primaryimage"},"image":{"@id":"https:\/\/bacsiszerek.ro\/detergent-sanitarizant-ecologic-ecosviz-5l\/#primaryimage"},"thumbnailUrl":"https:\/\/bacsiszerek.ro\/wp-content\/uploads\/2024\/03\/ecosviz_sanitarizant_front_v2_PNG.png","datePublished":"2024-03-29T09:32:49+00:00","dateModified":"2025-07-09T19:56:28+00:00","breadcrumb":{"@id":"https:\/\/bacsiszerek.ro\/detergent-sanitarizant-ecologic-ecosviz-5l\/#breadcrumb"},"inLanguage":"hu","potentialAction":[{"@type":"ReadAction","target":["https:\/\/bacsiszerek.ro\/detergent-sanitarizant-ecologic-ecosviz-5l\/"]}]},{"@type":"ImageObject","inLanguage":"hu","@id":"https:\/\/bacsiszerek.ro\/detergent-sanitarizant-ecologic-ecosviz-5l\/#primaryimage","url":"https:\/\/bacsiszerek.ro\/wp-content\/uploads\/2024\/03\/ecosviz_sanitarizant_front_v2_PNG.png","contentUrl":"https:\/\/bacsiszerek.ro\/wp-content\/uploads\/2024\/03\/ecosviz_sanitarizant_front_v2_PNG.png","width":1536,"height":1536},{"@type":"BreadcrumbList","@id":"https:\/\/bacsiszerek.ro\/detergent-sanitarizant-ecologic-ecosviz-5l\/#breadcrumb","itemListElement":[{"@type":"ListItem","position":1,"name":"Prima pagin\u0103","item":"https:\/\/bacsiszerek.ro\/"},{"@type":"ListItem","position":2,"name":"Magazin","item":"https:\/\/bacsiszerek.ro\/magazin\/"},{"@type":"ListItem","position":3,"name":"Detergent sanitarizant ecologic EcoSviz 5L"}]},{"@type":"WebSite","@id":"https:\/\/bacsiszerek.ro\/#website","url":"https:\/\/bacsiszerek.ro\/","name":"bacsiszerek.ro","description":"Egy szebb, illatosabb \u00e9s tiszt\u00e1bb vil\u00e1g\u00e9rt!","publisher":{"@id":"https:\/\/bacsiszerek.ro\/#organization"},"potentialAction":[{"@type":"SearchAction","target":{"@type":"EntryPoint","urlTemplate":"https:\/\/bacsiszerek.ro\/?s={search_term_string}"},"query-input":{"@type":"PropertyValueSpecification","valueRequired":true,"valueName":"search_term_string"}}],"inLanguage":"hu"},{"@type":"Organization","@id":"https:\/\/bacsiszerek.ro\/#organization","name":"bacsiszerek.ro","url":"https:\/\/bacsiszerek.ro\/","logo":{"@type":"ImageObject","inLanguage":"hu","@id":"https:\/\/bacsiszerek.ro\/#\/schema\/logo\/image\/","url":"https:\/\/bacsiszerek.ro\/wp-content\/uploads\/2023\/08\/cropped-Bacsi-Szerek_red-min-1-1.png","contentUrl":"https:\/\/bacsiszerek.ro\/wp-content\/uploads\/2023\/08\/cropped-Bacsi-Szerek_red-min-1-1.png","width":350,"height":64,"caption":"bacsiszerek.ro"},"image":{"@id":"https:\/\/bacsiszerek.ro\/#\/schema\/logo\/image\/"}}]}},"jetpack_sharing_enabled":true,"_links":{"self":[{"href":"https:\/\/bacsiszerek.ro\/hu\/wp-json\/wp\/v2\/product\/3124","targetHints":{"allow":["GET"]}}],"collection":[{"href":"https:\/\/bacsiszerek.ro\/hu\/wp-json\/wp\/v2\/product"}],"about":[{"href":"https:\/\/bacsiszerek.ro\/hu\/wp-json\/wp\/v2\/types\/product"}],"replies":[{"embeddable":true,"href":"https:\/\/bacsiszerek.ro\/hu\/wp-json\/wp\/v2\/comments?post=3124"}],"wp:featuredmedia":[{"embeddable":true,"href":"https:\/\/bacsiszerek.ro\/hu\/wp-json\/wp\/v2\/media\/4284"}],"wp:attachment":[{"href":"https:\/\/bacsiszerek.ro\/hu\/wp-json\/wp\/v2\/media?parent=3124"}],"wp:term":[{"taxonomy":"product_brand","embeddable":true,"href":"https:\/\/bacsiszerek.ro\/hu\/wp-json\/wp\/v2\/product_brand?post=3124"},{"taxonomy":"product_cat","embeddable":true,"href":"https:\/\/bacsiszerek.ro\/hu\/wp-json\/wp\/v2\/product_cat?post=3124"},{"taxonomy":"product_tag","embeddable":true,"href":"https:\/\/bacsiszerek.ro\/hu\/wp-json\/wp\/v2\/product_tag?post=3124"}],"curies":[{"name":"wp","href":"https:\/\/api.w.org\/{rel}","templated":true}]}}