{"id":3123,"date":"2024-03-29T09:28:46","date_gmt":"2024-03-29T09:28:46","guid":{"rendered":"https:\/\/bacsiszerek.ro\/?post_type=product&#038;p=3123"},"modified":"2025-07-09T22:56:50","modified_gmt":"2025-07-09T19:56:50","slug":"detergent-vase-ecologic-ecosviz-5l","status":"publish","type":"product","link":"https:\/\/bacsiszerek.ro\/hu\/detergent-vase-ecologic-ecosviz-5l\/","title":{"rendered":"\u00d6ko mosogat\u00f3szer EcoSviz 5L"},"content":{"rendered":"<p>V\u00e1ltsa a mosogat\u00e1st hat\u00e9kony, biztons\u00e1gos \u00e9s k\u00f6rnyezetbar\u00e1t \u00e9lm\u00e9nny\u00e9. Az EcoSviz \u00f6ko mosogat\u00f3szer nagy teljes\u00edtm\u00e9ny\u0171 tiszt\u00edt\u00e1st k\u00edn\u00e1l, mik\u00f6zben k\u00edm\u00e9letes a b\u0151r\u00e9hez \u00e9s a k\u00f6rnyezethez. Fedezze fel az ide\u00e1lis megold\u00e1st a kifog\u00e1stalan konyh\u00e1hoz \u00e9s a felel\u0151ss\u00e9gteljes \u00e9letm\u00f3dhoz!<\/p>\n<h3><b>Mi\u00e9rt v\u00e1lassza az EcoSviz \u00f6ko mosogat\u00f3szert?<\/b><\/h3>\n<ul>\n<li><b>Maxim\u00e1lis zs\u00edrold\u00f3 teljes\u00edtm\u00e9ny:<\/b> Szuperkoncentr\u00e1lt formul\u00e1j\u00e1nak \u00e9s semleges pH-\u00e9rt\u00e9k\u00e9nek k\u00f6sz\u00f6nhet\u0151en hat\u00e9konyan elt\u00e1vol\u00edtja a makacs szennyez\u0151d\u00e9seket \u00e9s oldja a zs\u00edrt.<\/li>\n<li><b>Kiv\u00e9teles gazdas\u00e1goss\u00e1g \u00e9s hat\u00e9konys\u00e1g:<\/b> N\u00e9h\u00e1ny csepp elegend\u0151 nagy mennyis\u00e9g\u0171 ed\u00e9ny elmosogat\u00e1s\u00e1hoz. Rendk\u00edv\u00fcl hat\u00e9kony \u00e9s gazdas\u00e1gos fogyaszt\u00e1st biztos\u00edt.<\/li>\n<li><b>Gyeng\u00e9d a k\u00e9zhez \u00e9s biztons\u00e1gos:<\/b> Mindennapi haszn\u00e1latra tervezett, gyeng\u00e9d a b\u0151rh\u00f6z. Sz\u00ednez\u00e9kekt\u0151l, allerg\u00e9nekt\u0151l \u00e9s irrit\u00e1l\u00f3 anyagokt\u00f3l mentes, biztons\u00e1gosan haszn\u00e1lhat\u00f3 m\u00e9g \u00e9rz\u00e9keny b\u0151r\u00f6n \u00e9s \u00e9lelmiszerekkel \u00e9rintkez\u00e9sbe ker\u00fcl\u0151 fel\u00fcleteken is.<\/li>\n<li><b>K\u00f6rnyezetbar\u00e1t:<\/b> \u00d6sszetev\u0151ivel \u00e9s \u00fajrahasznos\u00edthat\u00f3 csomagol\u00e1s\u00e1val ez a mos\u00f3szer a felel\u0151ss\u00e9gteljes \u00e9letm\u00f3dot t\u00e1mogatja. Cs\u00f6kkenti az \u00f6kol\u00f3giai l\u00e1bnyomot, \u00edgy v\u00e9di a term\u00e9szetet.<\/li>\n<\/ul>\n<h3><strong>Hogyan haszn\u00e1ljuk:<\/strong><\/h3>\n<ul>\n<li>2,5 - 5 mL mos\u00f3szer 4 L meleg v\u00edzhez, vagy n\u00e9h\u00e1ny csepp a szivacsra<\/li>\n<li>mos\u00e1s ut\u00e1n az ed\u00e9nyeket hideg vagy meleg v\u00edzzel \u00f6bl\u00edtj\u00fck<\/li>\n<\/ul>\n<div class=\"su-service\"><div class=\"su-service-title\" style=\"padding-left:46px;min-height:32px;line-height:32px\"><i class=\"sui sui-pagelines\" style=\"font-size:32px;color:#006aa9\"><\/i> EUR\u00d3PAI \u00d6KOL\u00d3GIAI TAN\u00daS\u00cdTV\u00c1NNYAL RENDELKEZ\u0150 TERM\u00c9K <\/div><div class=\"su-service-content su-u-clearfix su-u-trim\" style=\"padding-left:46px\">V\u00e1lassza a min\u0151s\u00e9get \u00e9s a fenntarthat\u00f3s\u00e1got! Az eur\u00f3pai \u00f6kol\u00f3giai tan\u00fas\u00edtv\u00e1ny garant\u00e1lja a kiv\u00e1l\u00f3 min\u0151s\u00e9get, tiszteletben tartva a k\u00f6rnyezetet \u00e9s az \u00d6n eg\u00e9szs\u00e9g\u00e9t. Felel\u0151ss\u00e9gteljes term\u00e9k.<\/div><\/div>\n<div class=\"su-service\"><div class=\"su-service-title\" style=\"padding-left:46px;min-height:32px;line-height:32px\"><i class=\"sui sui-heart\" style=\"font-size:32px;color:#e31e24\"><\/i> K\u00c9SZ\u00dcLT SOK SZERETETTEL!<\/div><div class=\"su-service-content su-u-clearfix su-u-trim\" style=\"padding-left:46px\">EGY TISZT\u00c1BB \u00c9S SZEBB J\u00d6V\u0150\u00c9RT!<\/div><\/div>","protected":false},"excerpt":{"rendered":"<p><span class=\"su-label su-label-type-info\"><strong>\u00d6KO TERM\u00c9K<\/strong><\/span><\/p>\n<p>Hat\u00e9konyan tiszt\u00edtja az ed\u00e9nyeket, er\u0151teljesen zs\u00edrold\u00f3. K\u00edm\u00e9letes a kezekhez \u00e9s a k\u00f6rnyezethez, biztons\u00e1gos \u00e9s kifog\u00e1stalan konyh\u00e1t garant\u00e1lva.<\/p>","protected":false},"featured_media":4290,"comment_status":"open","ping_status":"closed","template":"","meta":{"neve_meta_sidebar":"","neve_meta_container":"","neve_meta_enable_content_width":"off","neve_meta_content_width":70,"neve_meta_title_alignment":"","neve_meta_author_avatar":"","neve_post_elements_order":"","neve_meta_disable_header":"","neve_meta_disable_footer":"","neve_meta_disable_title":""},"product_brand":[],"product_cat":[61],"product_tag":[],"class_list":{"0":"post-3123","1":"product","2":"type-product","3":"status-publish","4":"has-post-thumbnail","6":"product_cat-gama-ecosviz","8":"first","9":"instock","10":"shipping-taxable","11":"purchasable","12":"product-type-simple"},"yoast_head":"<!-- This site is optimized with the Yoast SEO plugin v27.1.1 - https:\/\/yoast.com\/product\/yoast-seo-wordpress\/ -->\n<title>Detergent vase ecologic EcoSviz 5L - bacsiszerek.ro<\/title>\n<meta name=\"robots\" content=\"index, follow, max-snippet:-1, max-image-preview:large, max-video-preview:-1\" \/>\n<link rel=\"canonical\" href=\"https:\/\/bacsiszerek.ro\/hu\/detergent-vase-ecologic-ecosviz-5l\/\" \/>\n<meta property=\"og:locale\" content=\"hu_HU\" \/>\n<meta property=\"og:type\" content=\"article\" \/>\n<meta property=\"og:title\" content=\"Detergent vase ecologic EcoSviz 5L - bacsiszerek.ro\" \/>\n<meta property=\"og:description\" content=\"Cur\u0103\u021b\u0103 eficient vasele, degres\u00e2nd puternic. Este bl\u00e2nd cu m\u00e2inile \u0219i respect\u0103 mediul, asigur\u00e2nd o buc\u0103t\u0103rie sigur\u0103 \u0219i impecabil\u0103.\" \/>\n<meta property=\"og:url\" content=\"https:\/\/bacsiszerek.ro\/hu\/detergent-vase-ecologic-ecosviz-5l\/\" \/>\n<meta property=\"og:site_name\" content=\"bacsiszerek.ro\" \/>\n<meta property=\"article:modified_time\" content=\"2025-07-09T19:56:50+00:00\" \/>\n<meta property=\"og:image\" content=\"https:\/\/bacsiszerek.ro\/wp-content\/uploads\/2024\/03\/ecosviz_vase_front_v2_PNG.png\" \/>\n\t<meta property=\"og:image:width\" content=\"1536\" \/>\n\t<meta property=\"og:image:height\" content=\"1536\" \/>\n\t<meta property=\"og:image:type\" content=\"image\/png\" \/>\n<meta name=\"twitter:card\" content=\"summary_large_image\" \/>\n<meta name=\"twitter:label1\" content=\"Becs\u00fclt olvas\u00e1si id\u0151\" \/>\n\t<meta name=\"twitter:data1\" content=\"2 perc\" \/>\n<script type=\"application\/ld+json\" class=\"yoast-schema-graph\">{\"@context\":\"https:\/\/schema.org\",\"@graph\":[{\"@type\":\"WebPage\",\"@id\":\"https:\/\/bacsiszerek.ro\/detergent-vase-ecologic-ecosviz-5l\/\",\"url\":\"https:\/\/bacsiszerek.ro\/detergent-vase-ecologic-ecosviz-5l\/\",\"name\":\"Detergent vase ecologic EcoSviz 5L - bacsiszerek.ro\",\"isPartOf\":{\"@id\":\"https:\/\/bacsiszerek.ro\/#website\"},\"primaryImageOfPage\":{\"@id\":\"https:\/\/bacsiszerek.ro\/detergent-vase-ecologic-ecosviz-5l\/#primaryimage\"},\"image\":{\"@id\":\"https:\/\/bacsiszerek.ro\/detergent-vase-ecologic-ecosviz-5l\/#primaryimage\"},\"thumbnailUrl\":\"https:\/\/bacsiszerek.ro\/wp-content\/uploads\/2024\/03\/ecosviz_vase_front_v2_PNG.png\",\"datePublished\":\"2024-03-29T09:28:46+00:00\",\"dateModified\":\"2025-07-09T19:56:50+00:00\",\"breadcrumb\":{\"@id\":\"https:\/\/bacsiszerek.ro\/detergent-vase-ecologic-ecosviz-5l\/#breadcrumb\"},\"inLanguage\":\"hu\",\"potentialAction\":[{\"@type\":\"ReadAction\",\"target\":[\"https:\/\/bacsiszerek.ro\/detergent-vase-ecologic-ecosviz-5l\/\"]}]},{\"@type\":\"ImageObject\",\"inLanguage\":\"hu\",\"@id\":\"https:\/\/bacsiszerek.ro\/detergent-vase-ecologic-ecosviz-5l\/#primaryimage\",\"url\":\"https:\/\/bacsiszerek.ro\/wp-content\/uploads\/2024\/03\/ecosviz_vase_front_v2_PNG.png\",\"contentUrl\":\"https:\/\/bacsiszerek.ro\/wp-content\/uploads\/2024\/03\/ecosviz_vase_front_v2_PNG.png\",\"width\":1536,\"height\":1536},{\"@type\":\"BreadcrumbList\",\"@id\":\"https:\/\/bacsiszerek.ro\/detergent-vase-ecologic-ecosviz-5l\/#breadcrumb\",\"itemListElement\":[{\"@type\":\"ListItem\",\"position\":1,\"name\":\"Prima pagin\u0103\",\"item\":\"https:\/\/bacsiszerek.ro\/\"},{\"@type\":\"ListItem\",\"position\":2,\"name\":\"Magazin\",\"item\":\"https:\/\/bacsiszerek.ro\/magazin\/\"},{\"@type\":\"ListItem\",\"position\":3,\"name\":\"Detergent vase ecologic EcoSviz 5L\"}]},{\"@type\":\"WebSite\",\"@id\":\"https:\/\/bacsiszerek.ro\/#website\",\"url\":\"https:\/\/bacsiszerek.ro\/\",\"name\":\"bacsiszerek.ro\",\"description\":\"Egy szebb, illatosabb \u00e9s tiszt\u00e1bb vil\u00e1g\u00e9rt!\",\"publisher\":{\"@id\":\"https:\/\/bacsiszerek.ro\/#organization\"},\"potentialAction\":[{\"@type\":\"SearchAction\",\"target\":{\"@type\":\"EntryPoint\",\"urlTemplate\":\"https:\/\/bacsiszerek.ro\/?s={search_term_string}\"},\"query-input\":{\"@type\":\"PropertyValueSpecification\",\"valueRequired\":true,\"valueName\":\"search_term_string\"}}],\"inLanguage\":\"hu\"},{\"@type\":\"Organization\",\"@id\":\"https:\/\/bacsiszerek.ro\/#organization\",\"name\":\"bacsiszerek.ro\",\"url\":\"https:\/\/bacsiszerek.ro\/\",\"logo\":{\"@type\":\"ImageObject\",\"inLanguage\":\"hu\",\"@id\":\"https:\/\/bacsiszerek.ro\/#\/schema\/logo\/image\/\",\"url\":\"https:\/\/bacsiszerek.ro\/wp-content\/uploads\/2023\/08\/cropped-Bacsi-Szerek_red-min-1-1.png\",\"contentUrl\":\"https:\/\/bacsiszerek.ro\/wp-content\/uploads\/2023\/08\/cropped-Bacsi-Szerek_red-min-1-1.png\",\"width\":350,\"height\":64,\"caption\":\"bacsiszerek.ro\"},\"image\":{\"@id\":\"https:\/\/bacsiszerek.ro\/#\/schema\/logo\/image\/\"}}]}<\/script>\n<!-- \/ Yoast SEO plugin. -->","yoast_head_json":{"title":"Detergent vase ecologic EcoSviz 5L - bacsiszerek.ro","robots":{"index":"index","follow":"follow","max-snippet":"max-snippet:-1","max-image-preview":"max-image-preview:large","max-video-preview":"max-video-preview:-1"},"canonical":"https:\/\/bacsiszerek.ro\/hu\/detergent-vase-ecologic-ecosviz-5l\/","og_locale":"hu_HU","og_type":"article","og_title":"Detergent vase ecologic EcoSviz 5L - bacsiszerek.ro","og_description":"Cur\u0103\u021b\u0103 eficient vasele, degres\u00e2nd puternic. Este bl\u00e2nd cu m\u00e2inile \u0219i respect\u0103 mediul, asigur\u00e2nd o buc\u0103t\u0103rie sigur\u0103 \u0219i impecabil\u0103.","og_url":"https:\/\/bacsiszerek.ro\/hu\/detergent-vase-ecologic-ecosviz-5l\/","og_site_name":"bacsiszerek.ro","article_modified_time":"2025-07-09T19:56:50+00:00","og_image":[{"width":1536,"height":1536,"url":"https:\/\/bacsiszerek.ro\/wp-content\/uploads\/2024\/03\/ecosviz_vase_front_v2_PNG.png","type":"image\/png"}],"twitter_card":"summary_large_image","twitter_misc":{"Becs\u00fclt olvas\u00e1si id\u0151":"2 perc"},"schema":{"@context":"https:\/\/schema.org","@graph":[{"@type":"WebPage","@id":"https:\/\/bacsiszerek.ro\/detergent-vase-ecologic-ecosviz-5l\/","url":"https:\/\/bacsiszerek.ro\/detergent-vase-ecologic-ecosviz-5l\/","name":"Detergent vase ecologic EcoSviz 5L - bacsiszerek.ro","isPartOf":{"@id":"https:\/\/bacsiszerek.ro\/#website"},"primaryImageOfPage":{"@id":"https:\/\/bacsiszerek.ro\/detergent-vase-ecologic-ecosviz-5l\/#primaryimage"},"image":{"@id":"https:\/\/bacsiszerek.ro\/detergent-vase-ecologic-ecosviz-5l\/#primaryimage"},"thumbnailUrl":"https:\/\/bacsiszerek.ro\/wp-content\/uploads\/2024\/03\/ecosviz_vase_front_v2_PNG.png","datePublished":"2024-03-29T09:28:46+00:00","dateModified":"2025-07-09T19:56:50+00:00","breadcrumb":{"@id":"https:\/\/bacsiszerek.ro\/detergent-vase-ecologic-ecosviz-5l\/#breadcrumb"},"inLanguage":"hu","potentialAction":[{"@type":"ReadAction","target":["https:\/\/bacsiszerek.ro\/detergent-vase-ecologic-ecosviz-5l\/"]}]},{"@type":"ImageObject","inLanguage":"hu","@id":"https:\/\/bacsiszerek.ro\/detergent-vase-ecologic-ecosviz-5l\/#primaryimage","url":"https:\/\/bacsiszerek.ro\/wp-content\/uploads\/2024\/03\/ecosviz_vase_front_v2_PNG.png","contentUrl":"https:\/\/bacsiszerek.ro\/wp-content\/uploads\/2024\/03\/ecosviz_vase_front_v2_PNG.png","width":1536,"height":1536},{"@type":"BreadcrumbList","@id":"https:\/\/bacsiszerek.ro\/detergent-vase-ecologic-ecosviz-5l\/#breadcrumb","itemListElement":[{"@type":"ListItem","position":1,"name":"Prima pagin\u0103","item":"https:\/\/bacsiszerek.ro\/"},{"@type":"ListItem","position":2,"name":"Magazin","item":"https:\/\/bacsiszerek.ro\/magazin\/"},{"@type":"ListItem","position":3,"name":"Detergent vase ecologic EcoSviz 5L"}]},{"@type":"WebSite","@id":"https:\/\/bacsiszerek.ro\/#website","url":"https:\/\/bacsiszerek.ro\/","name":"bacsiszerek.ro","description":"Egy szebb, illatosabb \u00e9s tiszt\u00e1bb vil\u00e1g\u00e9rt!","publisher":{"@id":"https:\/\/bacsiszerek.ro\/#organization"},"potentialAction":[{"@type":"SearchAction","target":{"@type":"EntryPoint","urlTemplate":"https:\/\/bacsiszerek.ro\/?s={search_term_string}"},"query-input":{"@type":"PropertyValueSpecification","valueRequired":true,"valueName":"search_term_string"}}],"inLanguage":"hu"},{"@type":"Organization","@id":"https:\/\/bacsiszerek.ro\/#organization","name":"bacsiszerek.ro","url":"https:\/\/bacsiszerek.ro\/","logo":{"@type":"ImageObject","inLanguage":"hu","@id":"https:\/\/bacsiszerek.ro\/#\/schema\/logo\/image\/","url":"https:\/\/bacsiszerek.ro\/wp-content\/uploads\/2023\/08\/cropped-Bacsi-Szerek_red-min-1-1.png","contentUrl":"https:\/\/bacsiszerek.ro\/wp-content\/uploads\/2023\/08\/cropped-Bacsi-Szerek_red-min-1-1.png","width":350,"height":64,"caption":"bacsiszerek.ro"},"image":{"@id":"https:\/\/bacsiszerek.ro\/#\/schema\/logo\/image\/"}}]}},"jetpack_sharing_enabled":true,"_links":{"self":[{"href":"https:\/\/bacsiszerek.ro\/hu\/wp-json\/wp\/v2\/product\/3123","targetHints":{"allow":["GET"]}}],"collection":[{"href":"https:\/\/bacsiszerek.ro\/hu\/wp-json\/wp\/v2\/product"}],"about":[{"href":"https:\/\/bacsiszerek.ro\/hu\/wp-json\/wp\/v2\/types\/product"}],"replies":[{"embeddable":true,"href":"https:\/\/bacsiszerek.ro\/hu\/wp-json\/wp\/v2\/comments?post=3123"}],"wp:featuredmedia":[{"embeddable":true,"href":"https:\/\/bacsiszerek.ro\/hu\/wp-json\/wp\/v2\/media\/4290"}],"wp:attachment":[{"href":"https:\/\/bacsiszerek.ro\/hu\/wp-json\/wp\/v2\/media?parent=3123"}],"wp:term":[{"taxonomy":"product_brand","embeddable":true,"href":"https:\/\/bacsiszerek.ro\/hu\/wp-json\/wp\/v2\/product_brand?post=3123"},{"taxonomy":"product_cat","embeddable":true,"href":"https:\/\/bacsiszerek.ro\/hu\/wp-json\/wp\/v2\/product_cat?post=3123"},{"taxonomy":"product_tag","embeddable":true,"href":"https:\/\/bacsiszerek.ro\/hu\/wp-json\/wp\/v2\/product_tag?post=3123"}],"curies":[{"name":"wp","href":"https:\/\/api.w.org\/{rel}","templated":true}]}}