{"id":3077,"date":"2024-03-27T08:49:34","date_gmt":"2024-03-27T08:49:34","guid":{"rendered":"https:\/\/bacsiszerek.ro\/bacsi-szerek-legfrisito-csak-400ml\/"},"modified":"2026-05-11T13:09:21","modified_gmt":"2026-05-11T11:09:21","slug":"bacsi-szerek-legfrisito-csak-400ml","status":"publish","type":"product","link":"https:\/\/bacsiszerek.ro\/hu\/bacsi-szerek-legfrisito-csak-400ml\/","title":{"rendered":"B\u00e1csi Szerek \"Csak\" L\u00e9gfris\u00edt\u0151  400ml"},"content":{"rendered":"<p>A B\u00e1csi Szerek  l\u00e9gfriss\u00edt\u0151ket a szak\u00e9rt\u0151nk sok szeretettel k\u00e9sz\u00edtette. A helys\u00e9gekbe az illata hoszantart\u00f3. Haszn\u00e1lhat\u00f3 szob\u00e1ban, f\u00fcrd\u0151ben, idod\u00e1ban vagy \u00e9ppen az autonkban is.<br \/>\nHogyan haszn\u00e1ljuk: permetezz\u00fck a hely\u00eds\u00e9gbe.<br \/>\nK\u00c9SZ\u00dcLT SOK SZERETETTEL. \u2764\ufe0f<br \/>\nEGY SZEBB, ILLATOSABB \u00c9S TISZT\u00c1BB VIL\u00c1G\u00c9RT!<\/p>","protected":false},"excerpt":{"rendered":"<p>Gama de odorizan\u021bi B\u00e1csi Szerek sunt produse cu mult\u0103 iubire de c\u0103tre specialistul nostru \u00een parfumuri. Ofer\u0103 un parfum fin de lung\u0103 durat\u0103 camerelor, b\u0103ilor, birourilor \u0219i ma\u0219inilor noastre. Folosire: se pulverizeaz\u0103 \u00een \u00eenc\u0103peri. PRODUS CU DRAG. \u2764\ufe0f PENTRU O LUME MAI FRUMOAS\u0102, PARFUMAT\u0102 \u0218I CURAT\u0102!<\/p>","protected":false},"featured_media":3159,"comment_status":"open","ping_status":"closed","template":"","meta":{"neve_meta_sidebar":"","neve_meta_container":"","neve_meta_enable_content_width":"off","neve_meta_content_width":70,"neve_meta_title_alignment":"","neve_meta_author_avatar":"","neve_post_elements_order":"","neve_meta_disable_header":"","neve_meta_disable_footer":"","neve_meta_disable_title":""},"product_brand":[],"product_cat":[135],"product_tag":[],"class_list":{"0":"post-3077","1":"product","2":"type-product","3":"status-publish","4":"has-post-thumbnail","6":"product_cat-odorizanti","8":"first","9":"instock","10":"shipping-taxable","11":"purchasable","12":"product-type-simple"},"yoast_head":"<!-- This site is optimized with the Yoast SEO plugin v27.1.1 - https:\/\/yoast.com\/product\/yoast-seo-wordpress\/ -->\n<title>Odorizant B\u00e1csi Szerek pentru \u00eenc\u0103peri Csak 400ml - bacsiszerek.ro<\/title>\n<meta name=\"robots\" content=\"index, follow, max-snippet:-1, max-image-preview:large, max-video-preview:-1\" \/>\n<link rel=\"canonical\" href=\"https:\/\/bacsiszerek.ro\/hu\/bacsi-szerek-legfrisito-csak-400ml\/\" \/>\n<meta property=\"og:locale\" content=\"hu_HU\" \/>\n<meta property=\"og:type\" content=\"article\" \/>\n<meta property=\"og:title\" content=\"Odorizant B\u00e1csi Szerek pentru \u00eenc\u0103peri Csak 400ml - bacsiszerek.ro\" \/>\n<meta property=\"og:description\" content=\"Gama de odorizan\u021bi B\u00e1csi Szerek sunt produse cu mult\u0103 iubire de c\u0103tre specialistul nostru \u00een parfumuri. Ofer\u0103 un parfum fin de lung\u0103 durat\u0103 camerelor, b\u0103ilor, birourilor \u0219i ma\u0219inilor noastre. Folosire: se pulverizeaz\u0103 \u00een \u00eenc\u0103peri. PRODUS CU DRAG. \u2764\ufe0f PENTRU O LUME MAI FRUMOAS\u0102, PARFUMAT\u0102 \u0218I CURAT\u0102!\" \/>\n<meta property=\"og:url\" content=\"https:\/\/bacsiszerek.ro\/hu\/bacsi-szerek-legfrisito-csak-400ml\/\" \/>\n<meta property=\"og:site_name\" content=\"bacsiszerek.ro\" \/>\n<meta property=\"article:modified_time\" content=\"2026-05-11T11:09:21+00:00\" \/>\n<meta property=\"og:image\" content=\"https:\/\/bacsiszerek.ro\/wp-content\/uploads\/2024\/03\/Odorizant-Csak-e1778497623656.png\" \/>\n\t<meta property=\"og:image:width\" content=\"1500\" \/>\n\t<meta property=\"og:image:height\" content=\"1500\" \/>\n\t<meta property=\"og:image:type\" content=\"image\/png\" \/>\n<meta name=\"twitter:card\" content=\"summary_large_image\" \/>\n<meta name=\"twitter:label1\" content=\"Becs\u00fclt olvas\u00e1si id\u0151\" \/>\n\t<meta name=\"twitter:data1\" content=\"1 perc\" \/>\n<script type=\"application\/ld+json\" class=\"yoast-schema-graph\">{\"@context\":\"https:\/\/schema.org\",\"@graph\":[{\"@type\":\"WebPage\",\"@id\":\"https:\/\/bacsiszerek.ro\/bacsi-szerek-legfrisito-csak-400ml\/\",\"url\":\"https:\/\/bacsiszerek.ro\/bacsi-szerek-legfrisito-csak-400ml\/\",\"name\":\"Odorizant B\u00e1csi Szerek pentru \u00eenc\u0103peri Csak 400ml - bacsiszerek.ro\",\"isPartOf\":{\"@id\":\"https:\/\/bacsiszerek.ro\/#website\"},\"primaryImageOfPage\":{\"@id\":\"https:\/\/bacsiszerek.ro\/bacsi-szerek-legfrisito-csak-400ml\/#primaryimage\"},\"image\":{\"@id\":\"https:\/\/bacsiszerek.ro\/bacsi-szerek-legfrisito-csak-400ml\/#primaryimage\"},\"thumbnailUrl\":\"https:\/\/bacsiszerek.ro\/wp-content\/uploads\/2024\/03\/Odorizant-Csak-e1778497623656.png\",\"datePublished\":\"2024-03-27T08:49:34+00:00\",\"dateModified\":\"2026-05-11T11:09:21+00:00\",\"breadcrumb\":{\"@id\":\"https:\/\/bacsiszerek.ro\/bacsi-szerek-legfrisito-csak-400ml\/#breadcrumb\"},\"inLanguage\":\"hu\",\"potentialAction\":[{\"@type\":\"ReadAction\",\"target\":[\"https:\/\/bacsiszerek.ro\/bacsi-szerek-legfrisito-csak-400ml\/\"]}]},{\"@type\":\"ImageObject\",\"inLanguage\":\"hu\",\"@id\":\"https:\/\/bacsiszerek.ro\/bacsi-szerek-legfrisito-csak-400ml\/#primaryimage\",\"url\":\"https:\/\/bacsiszerek.ro\/wp-content\/uploads\/2024\/03\/Odorizant-Csak-e1778497623656.png\",\"contentUrl\":\"https:\/\/bacsiszerek.ro\/wp-content\/uploads\/2024\/03\/Odorizant-Csak-e1778497623656.png\",\"width\":1500,\"height\":1500},{\"@type\":\"BreadcrumbList\",\"@id\":\"https:\/\/bacsiszerek.ro\/bacsi-szerek-legfrisito-csak-400ml\/#breadcrumb\",\"itemListElement\":[{\"@type\":\"ListItem\",\"position\":1,\"name\":\"Prima pagin\u0103\",\"item\":\"https:\/\/bacsiszerek.ro\/\"},{\"@type\":\"ListItem\",\"position\":2,\"name\":\"Magazin\",\"item\":\"https:\/\/bacsiszerek.ro\/magazin\/\"},{\"@type\":\"ListItem\",\"position\":3,\"name\":\"Odorizant B\u00e1csi Szerek pentru \u00eenc\u0103peri Csak 400ml\"}]},{\"@type\":\"WebSite\",\"@id\":\"https:\/\/bacsiszerek.ro\/#website\",\"url\":\"https:\/\/bacsiszerek.ro\/\",\"name\":\"bacsiszerek.ro\",\"description\":\"Egy szebb, illatosabb \u00e9s tiszt\u00e1bb vil\u00e1g\u00e9rt!\",\"publisher\":{\"@id\":\"https:\/\/bacsiszerek.ro\/#organization\"},\"potentialAction\":[{\"@type\":\"SearchAction\",\"target\":{\"@type\":\"EntryPoint\",\"urlTemplate\":\"https:\/\/bacsiszerek.ro\/?s={search_term_string}\"},\"query-input\":{\"@type\":\"PropertyValueSpecification\",\"valueRequired\":true,\"valueName\":\"search_term_string\"}}],\"inLanguage\":\"hu\"},{\"@type\":\"Organization\",\"@id\":\"https:\/\/bacsiszerek.ro\/#organization\",\"name\":\"bacsiszerek.ro\",\"url\":\"https:\/\/bacsiszerek.ro\/\",\"logo\":{\"@type\":\"ImageObject\",\"inLanguage\":\"hu\",\"@id\":\"https:\/\/bacsiszerek.ro\/#\/schema\/logo\/image\/\",\"url\":\"https:\/\/bacsiszerek.ro\/wp-content\/uploads\/2023\/08\/cropped-Bacsi-Szerek_red-min-1-1.png\",\"contentUrl\":\"https:\/\/bacsiszerek.ro\/wp-content\/uploads\/2023\/08\/cropped-Bacsi-Szerek_red-min-1-1.png\",\"width\":350,\"height\":64,\"caption\":\"bacsiszerek.ro\"},\"image\":{\"@id\":\"https:\/\/bacsiszerek.ro\/#\/schema\/logo\/image\/\"}}]}<\/script>\n<!-- \/ Yoast SEO plugin. -->","yoast_head_json":{"title":"Odorizant B\u00e1csi Szerek pentru \u00eenc\u0103peri Csak 400ml - bacsiszerek.ro","robots":{"index":"index","follow":"follow","max-snippet":"max-snippet:-1","max-image-preview":"max-image-preview:large","max-video-preview":"max-video-preview:-1"},"canonical":"https:\/\/bacsiszerek.ro\/hu\/bacsi-szerek-legfrisito-csak-400ml\/","og_locale":"hu_HU","og_type":"article","og_title":"Odorizant B\u00e1csi Szerek pentru \u00eenc\u0103peri Csak 400ml - bacsiszerek.ro","og_description":"Gama de odorizan\u021bi B\u00e1csi Szerek sunt produse cu mult\u0103 iubire de c\u0103tre specialistul nostru \u00een parfumuri. Ofer\u0103 un parfum fin de lung\u0103 durat\u0103 camerelor, b\u0103ilor, birourilor \u0219i ma\u0219inilor noastre. Folosire: se pulverizeaz\u0103 \u00een \u00eenc\u0103peri. PRODUS CU DRAG. \u2764\ufe0f PENTRU O LUME MAI FRUMOAS\u0102, PARFUMAT\u0102 \u0218I CURAT\u0102!","og_url":"https:\/\/bacsiszerek.ro\/hu\/bacsi-szerek-legfrisito-csak-400ml\/","og_site_name":"bacsiszerek.ro","article_modified_time":"2026-05-11T11:09:21+00:00","og_image":[{"width":1500,"height":1500,"url":"https:\/\/bacsiszerek.ro\/wp-content\/uploads\/2024\/03\/Odorizant-Csak-e1778497623656.png","type":"image\/png"}],"twitter_card":"summary_large_image","twitter_misc":{"Becs\u00fclt olvas\u00e1si id\u0151":"1 perc"},"schema":{"@context":"https:\/\/schema.org","@graph":[{"@type":"WebPage","@id":"https:\/\/bacsiszerek.ro\/bacsi-szerek-legfrisito-csak-400ml\/","url":"https:\/\/bacsiszerek.ro\/bacsi-szerek-legfrisito-csak-400ml\/","name":"Odorizant B\u00e1csi Szerek pentru \u00eenc\u0103peri Csak 400ml - bacsiszerek.ro","isPartOf":{"@id":"https:\/\/bacsiszerek.ro\/#website"},"primaryImageOfPage":{"@id":"https:\/\/bacsiszerek.ro\/bacsi-szerek-legfrisito-csak-400ml\/#primaryimage"},"image":{"@id":"https:\/\/bacsiszerek.ro\/bacsi-szerek-legfrisito-csak-400ml\/#primaryimage"},"thumbnailUrl":"https:\/\/bacsiszerek.ro\/wp-content\/uploads\/2024\/03\/Odorizant-Csak-e1778497623656.png","datePublished":"2024-03-27T08:49:34+00:00","dateModified":"2026-05-11T11:09:21+00:00","breadcrumb":{"@id":"https:\/\/bacsiszerek.ro\/bacsi-szerek-legfrisito-csak-400ml\/#breadcrumb"},"inLanguage":"hu","potentialAction":[{"@type":"ReadAction","target":["https:\/\/bacsiszerek.ro\/bacsi-szerek-legfrisito-csak-400ml\/"]}]},{"@type":"ImageObject","inLanguage":"hu","@id":"https:\/\/bacsiszerek.ro\/bacsi-szerek-legfrisito-csak-400ml\/#primaryimage","url":"https:\/\/bacsiszerek.ro\/wp-content\/uploads\/2024\/03\/Odorizant-Csak-e1778497623656.png","contentUrl":"https:\/\/bacsiszerek.ro\/wp-content\/uploads\/2024\/03\/Odorizant-Csak-e1778497623656.png","width":1500,"height":1500},{"@type":"BreadcrumbList","@id":"https:\/\/bacsiszerek.ro\/bacsi-szerek-legfrisito-csak-400ml\/#breadcrumb","itemListElement":[{"@type":"ListItem","position":1,"name":"Prima pagin\u0103","item":"https:\/\/bacsiszerek.ro\/"},{"@type":"ListItem","position":2,"name":"Magazin","item":"https:\/\/bacsiszerek.ro\/magazin\/"},{"@type":"ListItem","position":3,"name":"Odorizant B\u00e1csi Szerek pentru \u00eenc\u0103peri Csak 400ml"}]},{"@type":"WebSite","@id":"https:\/\/bacsiszerek.ro\/#website","url":"https:\/\/bacsiszerek.ro\/","name":"bacsiszerek.ro","description":"Egy szebb, illatosabb \u00e9s tiszt\u00e1bb vil\u00e1g\u00e9rt!","publisher":{"@id":"https:\/\/bacsiszerek.ro\/#organization"},"potentialAction":[{"@type":"SearchAction","target":{"@type":"EntryPoint","urlTemplate":"https:\/\/bacsiszerek.ro\/?s={search_term_string}"},"query-input":{"@type":"PropertyValueSpecification","valueRequired":true,"valueName":"search_term_string"}}],"inLanguage":"hu"},{"@type":"Organization","@id":"https:\/\/bacsiszerek.ro\/#organization","name":"bacsiszerek.ro","url":"https:\/\/bacsiszerek.ro\/","logo":{"@type":"ImageObject","inLanguage":"hu","@id":"https:\/\/bacsiszerek.ro\/#\/schema\/logo\/image\/","url":"https:\/\/bacsiszerek.ro\/wp-content\/uploads\/2023\/08\/cropped-Bacsi-Szerek_red-min-1-1.png","contentUrl":"https:\/\/bacsiszerek.ro\/wp-content\/uploads\/2023\/08\/cropped-Bacsi-Szerek_red-min-1-1.png","width":350,"height":64,"caption":"bacsiszerek.ro"},"image":{"@id":"https:\/\/bacsiszerek.ro\/#\/schema\/logo\/image\/"}}]}},"jetpack_sharing_enabled":true,"_links":{"self":[{"href":"https:\/\/bacsiszerek.ro\/hu\/wp-json\/wp\/v2\/product\/3077","targetHints":{"allow":["GET"]}}],"collection":[{"href":"https:\/\/bacsiszerek.ro\/hu\/wp-json\/wp\/v2\/product"}],"about":[{"href":"https:\/\/bacsiszerek.ro\/hu\/wp-json\/wp\/v2\/types\/product"}],"replies":[{"embeddable":true,"href":"https:\/\/bacsiszerek.ro\/hu\/wp-json\/wp\/v2\/comments?post=3077"}],"wp:featuredmedia":[{"embeddable":true,"href":"https:\/\/bacsiszerek.ro\/hu\/wp-json\/wp\/v2\/media\/3159"}],"wp:attachment":[{"href":"https:\/\/bacsiszerek.ro\/hu\/wp-json\/wp\/v2\/media?parent=3077"}],"wp:term":[{"taxonomy":"product_brand","embeddable":true,"href":"https:\/\/bacsiszerek.ro\/hu\/wp-json\/wp\/v2\/product_brand?post=3077"},{"taxonomy":"product_cat","embeddable":true,"href":"https:\/\/bacsiszerek.ro\/hu\/wp-json\/wp\/v2\/product_cat?post=3077"},{"taxonomy":"product_tag","embeddable":true,"href":"https:\/\/bacsiszerek.ro\/hu\/wp-json\/wp\/v2\/product_tag?post=3077"}],"curies":[{"name":"wp","href":"https:\/\/api.w.org\/{rel}","templated":true}]}}