{"id":3074,"date":"2024-03-27T08:49:32","date_gmt":"2024-03-27T08:49:32","guid":{"rendered":"https:\/\/bacsiszerek.ro\/bacsi-folyekony-surolo-2-in-1-600gr\/"},"modified":"2026-03-11T18:29:36","modified_gmt":"2026-03-11T16:29:36","slug":"bacsi-folyekony-surolo-2-in-1-600gr","status":"publish","type":"product","link":"https:\/\/bacsiszerek.ro\/hu\/bacsi-folyekony-surolo-2-in-1-600gr\/","title":{"rendered":"B\u00e1csi univerz\u00e1lis s\u00farol\u00f3kr\u00e9m 2 az 1-ben 600gr"},"content":{"rendered":"<p>A B\u00e1csi foly\u00e9kony sur\u00f3l\u00f3 2 in 1 id\u00e1lis a f\u00fcrd\u00f3szob\u00e1k \u00e9s konyh\u00e1k fel\u00fcleteinek tiszt\u00edt\u00e1s\u00e1ra. A tiszt\u00edt\u00e1st k\u00f6vet\u0151en a fel\u00fcleteknek csillog\u00e1st k\u00f6lcs\u00f6n\u00f6z.<br \/>\nHogyan haszn\u00e1ljuk: egy d\u00f6rzsi seg\u00edts\u00e9g\u00e9vel vigy\u00fck fel a fel\u00fcletre \u00e9s tiszt\u00edtsuk meg majd \u00f6bl\u00edts\u00fck le.<br \/>\nK\u00c9SZ\u00dcLT SOK SZERETETTEL. \u2764\ufe0f<br \/>\nEGY SZEBB, ILLATOSABB \u00c9S TISZT\u00c1BB VIL\u00c1G\u00c9RT!<\/p>","protected":false},"excerpt":{"rendered":"<p>Crema abraziv\u0103 universal\u0103 B\u00e1csi 2 \u00een 1 este un detergent cu particule abrazive conceput pentru frecarea \u0219i cur\u0103\u021barea suprafe\u021belor murdare din b\u0103i sau buc\u0103t\u0103rii. Cur\u0103\u021b\u0103 \u0219i ofer\u0103 luciu suprafe\u021belor sp\u0103late. Folosire: cu ajutorul unei lavete abrazive se aplic\u0103 pe suprafe\u021bele murdare,se freac\u0103 dup\u0103 care se cl\u0103te\u0219te. PRODUS CU DRAG. \u2764\ufe0f PENTRU O LUME MAI FRUMOAS\u0102,&hellip;&nbsp;<a href=\"https:\/\/bacsiszerek.ro\/hu\/bacsi-folyekony-surolo-2-in-1-600gr\/\" rel=\"bookmark\">Read More &raquo;<span class=\"screen-reader-text\">B\u00e1csi univerz\u00e1lis s\u00farol\u00f3kr\u00e9m 2 az 1-ben 600gr<\/span><\/a><\/p>","protected":false},"featured_media":3073,"comment_status":"open","ping_status":"closed","template":"","meta":{"neve_meta_sidebar":"","neve_meta_container":"","neve_meta_enable_content_width":"off","neve_meta_content_width":70,"neve_meta_title_alignment":"","neve_meta_author_avatar":"","neve_post_elements_order":"","neve_meta_disable_header":"","neve_meta_disable_footer":"","neve_meta_disable_title":""},"product_brand":[],"product_cat":[133,149],"product_tag":[],"class_list":{"0":"post-3074","1":"product","2":"type-product","3":"status-publish","4":"has-post-thumbnail","6":"product_cat-detergenti-suprafete","7":"product_cat-promotii","9":"first","10":"instock","11":"shipping-taxable","12":"purchasable","13":"product-type-simple"},"yoast_head":"<!-- This site is optimized with the Yoast SEO plugin v27.1.1 - https:\/\/yoast.com\/product\/yoast-seo-wordpress\/ -->\n<title>Crem\u0103 abraziv\u0103 universal\u0103 B\u00e1csi 2 \u00een 1 600gr - bacsiszerek.ro<\/title>\n<meta name=\"robots\" content=\"index, follow, max-snippet:-1, max-image-preview:large, max-video-preview:-1\" \/>\n<link rel=\"canonical\" href=\"https:\/\/bacsiszerek.ro\/hu\/bacsi-folyekony-surolo-2-in-1-600gr\/\" \/>\n<meta property=\"og:locale\" content=\"hu_HU\" \/>\n<meta property=\"og:type\" content=\"article\" \/>\n<meta property=\"og:title\" content=\"Crem\u0103 abraziv\u0103 universal\u0103 B\u00e1csi 2 \u00een 1 600gr - bacsiszerek.ro\" \/>\n<meta property=\"og:description\" content=\"Crema abraziv\u0103 universal\u0103 B\u00e1csi 2 \u00een 1 este un detergent cu particule abrazive conceput pentru frecarea \u0219i cur\u0103\u021barea suprafe\u021belor murdare din b\u0103i sau buc\u0103t\u0103rii. Cur\u0103\u021b\u0103 \u0219i ofer\u0103 luciu suprafe\u021belor sp\u0103late. Folosire: cu ajutorul unei lavete abrazive se aplic\u0103 pe suprafe\u021bele murdare,se freac\u0103 dup\u0103 care se cl\u0103te\u0219te. PRODUS CU DRAG. \u2764\ufe0f PENTRU O LUME MAI FRUMOAS\u0102,&hellip;&nbsp;Read More &raquo;Crem\u0103 abraziv\u0103 universal\u0103 B\u00e1csi 2 \u00een 1 600gr\" \/>\n<meta property=\"og:url\" content=\"https:\/\/bacsiszerek.ro\/hu\/bacsi-folyekony-surolo-2-in-1-600gr\/\" \/>\n<meta property=\"og:site_name\" content=\"bacsiszerek.ro\" \/>\n<meta property=\"article:modified_time\" content=\"2026-03-11T16:29:36+00:00\" \/>\n<meta property=\"og:image\" content=\"https:\/\/bacsiszerek.ro\/wp-content\/uploads\/2024\/03\/BLNM1438.jpg\" \/>\n\t<meta property=\"og:image:width\" content=\"800\" \/>\n\t<meta property=\"og:image:height\" content=\"800\" \/>\n\t<meta property=\"og:image:type\" content=\"image\/jpeg\" \/>\n<meta name=\"twitter:card\" content=\"summary_large_image\" \/>\n<meta name=\"twitter:label1\" content=\"Becs\u00fclt olvas\u00e1si id\u0151\" \/>\n\t<meta name=\"twitter:data1\" content=\"1 perc\" \/>\n<script type=\"application\/ld+json\" class=\"yoast-schema-graph\">{\"@context\":\"https:\/\/schema.org\",\"@graph\":[{\"@type\":\"WebPage\",\"@id\":\"https:\/\/bacsiszerek.ro\/bacsi-folyekony-surolo-2-in-1-600gr\/\",\"url\":\"https:\/\/bacsiszerek.ro\/bacsi-folyekony-surolo-2-in-1-600gr\/\",\"name\":\"Crem\u0103 abraziv\u0103 universal\u0103 B\u00e1csi 2 \u00een 1 600gr - bacsiszerek.ro\",\"isPartOf\":{\"@id\":\"https:\/\/bacsiszerek.ro\/#website\"},\"primaryImageOfPage\":{\"@id\":\"https:\/\/bacsiszerek.ro\/bacsi-folyekony-surolo-2-in-1-600gr\/#primaryimage\"},\"image\":{\"@id\":\"https:\/\/bacsiszerek.ro\/bacsi-folyekony-surolo-2-in-1-600gr\/#primaryimage\"},\"thumbnailUrl\":\"https:\/\/bacsiszerek.ro\/wp-content\/uploads\/2024\/03\/BLNM1438.jpg\",\"datePublished\":\"2024-03-27T08:49:32+00:00\",\"dateModified\":\"2026-03-11T16:29:36+00:00\",\"breadcrumb\":{\"@id\":\"https:\/\/bacsiszerek.ro\/bacsi-folyekony-surolo-2-in-1-600gr\/#breadcrumb\"},\"inLanguage\":\"hu\",\"potentialAction\":[{\"@type\":\"ReadAction\",\"target\":[\"https:\/\/bacsiszerek.ro\/bacsi-folyekony-surolo-2-in-1-600gr\/\"]}]},{\"@type\":\"ImageObject\",\"inLanguage\":\"hu\",\"@id\":\"https:\/\/bacsiszerek.ro\/bacsi-folyekony-surolo-2-in-1-600gr\/#primaryimage\",\"url\":\"https:\/\/bacsiszerek.ro\/wp-content\/uploads\/2024\/03\/BLNM1438.jpg\",\"contentUrl\":\"https:\/\/bacsiszerek.ro\/wp-content\/uploads\/2024\/03\/BLNM1438.jpg\",\"width\":800,\"height\":800},{\"@type\":\"BreadcrumbList\",\"@id\":\"https:\/\/bacsiszerek.ro\/bacsi-folyekony-surolo-2-in-1-600gr\/#breadcrumb\",\"itemListElement\":[{\"@type\":\"ListItem\",\"position\":1,\"name\":\"Prima pagin\u0103\",\"item\":\"https:\/\/bacsiszerek.ro\/\"},{\"@type\":\"ListItem\",\"position\":2,\"name\":\"Magazin\",\"item\":\"https:\/\/bacsiszerek.ro\/magazin\/\"},{\"@type\":\"ListItem\",\"position\":3,\"name\":\"Crem\u0103 abraziv\u0103 universal\u0103 B\u00e1csi 2 \u00een 1 600gr\"}]},{\"@type\":\"WebSite\",\"@id\":\"https:\/\/bacsiszerek.ro\/#website\",\"url\":\"https:\/\/bacsiszerek.ro\/\",\"name\":\"bacsiszerek.ro\",\"description\":\"Egy szebb, illatosabb \u00e9s tiszt\u00e1bb vil\u00e1g\u00e9rt!\",\"publisher\":{\"@id\":\"https:\/\/bacsiszerek.ro\/#organization\"},\"potentialAction\":[{\"@type\":\"SearchAction\",\"target\":{\"@type\":\"EntryPoint\",\"urlTemplate\":\"https:\/\/bacsiszerek.ro\/?s={search_term_string}\"},\"query-input\":{\"@type\":\"PropertyValueSpecification\",\"valueRequired\":true,\"valueName\":\"search_term_string\"}}],\"inLanguage\":\"hu\"},{\"@type\":\"Organization\",\"@id\":\"https:\/\/bacsiszerek.ro\/#organization\",\"name\":\"bacsiszerek.ro\",\"url\":\"https:\/\/bacsiszerek.ro\/\",\"logo\":{\"@type\":\"ImageObject\",\"inLanguage\":\"hu\",\"@id\":\"https:\/\/bacsiszerek.ro\/#\/schema\/logo\/image\/\",\"url\":\"https:\/\/bacsiszerek.ro\/wp-content\/uploads\/2023\/08\/cropped-Bacsi-Szerek_red-min-1-1.png\",\"contentUrl\":\"https:\/\/bacsiszerek.ro\/wp-content\/uploads\/2023\/08\/cropped-Bacsi-Szerek_red-min-1-1.png\",\"width\":350,\"height\":64,\"caption\":\"bacsiszerek.ro\"},\"image\":{\"@id\":\"https:\/\/bacsiszerek.ro\/#\/schema\/logo\/image\/\"}}]}<\/script>\n<!-- \/ Yoast SEO plugin. -->","yoast_head_json":{"title":"Crem\u0103 abraziv\u0103 universal\u0103 B\u00e1csi 2 \u00een 1 600gr - bacsiszerek.ro","robots":{"index":"index","follow":"follow","max-snippet":"max-snippet:-1","max-image-preview":"max-image-preview:large","max-video-preview":"max-video-preview:-1"},"canonical":"https:\/\/bacsiszerek.ro\/hu\/bacsi-folyekony-surolo-2-in-1-600gr\/","og_locale":"hu_HU","og_type":"article","og_title":"Crem\u0103 abraziv\u0103 universal\u0103 B\u00e1csi 2 \u00een 1 600gr - bacsiszerek.ro","og_description":"Crema abraziv\u0103 universal\u0103 B\u00e1csi 2 \u00een 1 este un detergent cu particule abrazive conceput pentru frecarea \u0219i cur\u0103\u021barea suprafe\u021belor murdare din b\u0103i sau buc\u0103t\u0103rii. Cur\u0103\u021b\u0103 \u0219i ofer\u0103 luciu suprafe\u021belor sp\u0103late. Folosire: cu ajutorul unei lavete abrazive se aplic\u0103 pe suprafe\u021bele murdare,se freac\u0103 dup\u0103 care se cl\u0103te\u0219te. PRODUS CU DRAG. \u2764\ufe0f PENTRU O LUME MAI FRUMOAS\u0102,&hellip;&nbsp;Read More &raquo;Crem\u0103 abraziv\u0103 universal\u0103 B\u00e1csi 2 \u00een 1 600gr","og_url":"https:\/\/bacsiszerek.ro\/hu\/bacsi-folyekony-surolo-2-in-1-600gr\/","og_site_name":"bacsiszerek.ro","article_modified_time":"2026-03-11T16:29:36+00:00","og_image":[{"width":800,"height":800,"url":"https:\/\/bacsiszerek.ro\/wp-content\/uploads\/2024\/03\/BLNM1438.jpg","type":"image\/jpeg"}],"twitter_card":"summary_large_image","twitter_misc":{"Becs\u00fclt olvas\u00e1si id\u0151":"1 perc"},"schema":{"@context":"https:\/\/schema.org","@graph":[{"@type":"WebPage","@id":"https:\/\/bacsiszerek.ro\/bacsi-folyekony-surolo-2-in-1-600gr\/","url":"https:\/\/bacsiszerek.ro\/bacsi-folyekony-surolo-2-in-1-600gr\/","name":"Crem\u0103 abraziv\u0103 universal\u0103 B\u00e1csi 2 \u00een 1 600gr - bacsiszerek.ro","isPartOf":{"@id":"https:\/\/bacsiszerek.ro\/#website"},"primaryImageOfPage":{"@id":"https:\/\/bacsiszerek.ro\/bacsi-folyekony-surolo-2-in-1-600gr\/#primaryimage"},"image":{"@id":"https:\/\/bacsiszerek.ro\/bacsi-folyekony-surolo-2-in-1-600gr\/#primaryimage"},"thumbnailUrl":"https:\/\/bacsiszerek.ro\/wp-content\/uploads\/2024\/03\/BLNM1438.jpg","datePublished":"2024-03-27T08:49:32+00:00","dateModified":"2026-03-11T16:29:36+00:00","breadcrumb":{"@id":"https:\/\/bacsiszerek.ro\/bacsi-folyekony-surolo-2-in-1-600gr\/#breadcrumb"},"inLanguage":"hu","potentialAction":[{"@type":"ReadAction","target":["https:\/\/bacsiszerek.ro\/bacsi-folyekony-surolo-2-in-1-600gr\/"]}]},{"@type":"ImageObject","inLanguage":"hu","@id":"https:\/\/bacsiszerek.ro\/bacsi-folyekony-surolo-2-in-1-600gr\/#primaryimage","url":"https:\/\/bacsiszerek.ro\/wp-content\/uploads\/2024\/03\/BLNM1438.jpg","contentUrl":"https:\/\/bacsiszerek.ro\/wp-content\/uploads\/2024\/03\/BLNM1438.jpg","width":800,"height":800},{"@type":"BreadcrumbList","@id":"https:\/\/bacsiszerek.ro\/bacsi-folyekony-surolo-2-in-1-600gr\/#breadcrumb","itemListElement":[{"@type":"ListItem","position":1,"name":"Prima pagin\u0103","item":"https:\/\/bacsiszerek.ro\/"},{"@type":"ListItem","position":2,"name":"Magazin","item":"https:\/\/bacsiszerek.ro\/magazin\/"},{"@type":"ListItem","position":3,"name":"Crem\u0103 abraziv\u0103 universal\u0103 B\u00e1csi 2 \u00een 1 600gr"}]},{"@type":"WebSite","@id":"https:\/\/bacsiszerek.ro\/#website","url":"https:\/\/bacsiszerek.ro\/","name":"bacsiszerek.ro","description":"Egy szebb, illatosabb \u00e9s tiszt\u00e1bb vil\u00e1g\u00e9rt!","publisher":{"@id":"https:\/\/bacsiszerek.ro\/#organization"},"potentialAction":[{"@type":"SearchAction","target":{"@type":"EntryPoint","urlTemplate":"https:\/\/bacsiszerek.ro\/?s={search_term_string}"},"query-input":{"@type":"PropertyValueSpecification","valueRequired":true,"valueName":"search_term_string"}}],"inLanguage":"hu"},{"@type":"Organization","@id":"https:\/\/bacsiszerek.ro\/#organization","name":"bacsiszerek.ro","url":"https:\/\/bacsiszerek.ro\/","logo":{"@type":"ImageObject","inLanguage":"hu","@id":"https:\/\/bacsiszerek.ro\/#\/schema\/logo\/image\/","url":"https:\/\/bacsiszerek.ro\/wp-content\/uploads\/2023\/08\/cropped-Bacsi-Szerek_red-min-1-1.png","contentUrl":"https:\/\/bacsiszerek.ro\/wp-content\/uploads\/2023\/08\/cropped-Bacsi-Szerek_red-min-1-1.png","width":350,"height":64,"caption":"bacsiszerek.ro"},"image":{"@id":"https:\/\/bacsiszerek.ro\/#\/schema\/logo\/image\/"}}]}},"jetpack_sharing_enabled":true,"_links":{"self":[{"href":"https:\/\/bacsiszerek.ro\/hu\/wp-json\/wp\/v2\/product\/3074","targetHints":{"allow":["GET"]}}],"collection":[{"href":"https:\/\/bacsiszerek.ro\/hu\/wp-json\/wp\/v2\/product"}],"about":[{"href":"https:\/\/bacsiszerek.ro\/hu\/wp-json\/wp\/v2\/types\/product"}],"replies":[{"embeddable":true,"href":"https:\/\/bacsiszerek.ro\/hu\/wp-json\/wp\/v2\/comments?post=3074"}],"wp:featuredmedia":[{"embeddable":true,"href":"https:\/\/bacsiszerek.ro\/hu\/wp-json\/wp\/v2\/media\/3073"}],"wp:attachment":[{"href":"https:\/\/bacsiszerek.ro\/hu\/wp-json\/wp\/v2\/media?parent=3074"}],"wp:term":[{"taxonomy":"product_brand","embeddable":true,"href":"https:\/\/bacsiszerek.ro\/hu\/wp-json\/wp\/v2\/product_brand?post=3074"},{"taxonomy":"product_cat","embeddable":true,"href":"https:\/\/bacsiszerek.ro\/hu\/wp-json\/wp\/v2\/product_cat?post=3074"},{"taxonomy":"product_tag","embeddable":true,"href":"https:\/\/bacsiszerek.ro\/hu\/wp-json\/wp\/v2\/product_tag?post=3074"}],"curies":[{"name":"wp","href":"https:\/\/api.w.org\/{rel}","templated":true}]}}