{"id":3072,"date":"2024-03-27T08:49:31","date_gmt":"2024-03-27T08:49:31","guid":{"rendered":"https:\/\/bacsiszerek.ro\/bacsi-szerek-zsiroldo-500ml\/"},"modified":"2026-05-11T12:58:19","modified_gmt":"2026-05-11T10:58:19","slug":"bacsi-szerek-zsiroldo-500ml","status":"publish","type":"product","link":"https:\/\/bacsiszerek.ro\/hu\/bacsi-szerek-zsiroldo-500ml\/","title":{"rendered":"B\u00e1csi Szerek Zs\u00edrold\u00f3 500ml"},"content":{"rendered":"<p>A B\u00e1csi Szerek zs\u00edrold\u00f3 t\u00f6k\u00e9letes megold\u00e1s a zs\u00edr lerakod\u00e1sok tiszt\u00edt\u00e1s\u00e1hoz mint p\u00e9ld\u00e1ul: ed\u00e9nyek, ev\u0151eszk\u00f6z\u00f6k, t\u0171zhelyek, p\u00e1raelsziv\u00f3k stb fel\u00fcletek tiszt\u00edt\u00e1s\u00e1ra. Gyorsan \u00e9s k\u00f6nyed\u00e9n tiszt\u00edtja a leg makacsab lerakod\u00e1sokat.<br \/>\nHogyan haszn\u00e1ljuk: permetezz\u0171k a fel\u0171letre, hagyjuk hatni n\u00e9h\u00e1ny percet, majd egy t\u00f6rl\u0151kend\u0151 szeg\u00edts\u00e9g\u00e9vel t\u0151r\u00f6lj\u00fck le.<br \/>\nK\u00c9SZ\u00dcLT SOK SZERETETTEL. \u2764\ufe0f<br \/>\nEGY SZEBB, ILLATOSABB \u00c9S TISZT\u00c1BB VIL\u00c1G\u00c9RT!<\/p>","protected":false},"excerpt":{"rendered":"<p>Degresantul la rece B\u00e1csi Szerek 500ml este un produs special conceput pentru cur\u0103\u021barea suprafe\u021belor cu gr\u0103simi arse, ca: vase, tac\u00e2muri, aragaze, hote, plite, etc. Cur\u0103\u021b\u0103 rapid \u0219i cu u\u0219urin\u021b\u0103 chiar \u0219i cele mai \u00eenc\u0103p\u0103\u021binate resturi de m\u00e2ncare sau ulei. Folosire: se pulverizeaz\u0103 pe suprafa\u021ba murdar\u0103, se las\u0103 la \u00eenmuiat c\u00e2teva minute dup\u0103 care se \u0219terge&hellip;&nbsp;<a href=\"https:\/\/bacsiszerek.ro\/hu\/bacsi-szerek-zsiroldo-500ml\/\" rel=\"bookmark\">Read More &raquo;<span class=\"screen-reader-text\">B\u00e1csi Szerek Zs\u00edrold\u00f3 500ml<\/span><\/a><\/p>","protected":false},"featured_media":3161,"comment_status":"open","ping_status":"closed","template":"","meta":{"neve_meta_sidebar":"","neve_meta_container":"","neve_meta_enable_content_width":"off","neve_meta_content_width":70,"neve_meta_title_alignment":"","neve_meta_author_avatar":"","neve_post_elements_order":"","neve_meta_disable_header":"","neve_meta_disable_footer":"","neve_meta_disable_title":""},"product_brand":[],"product_cat":[133],"product_tag":[],"class_list":{"0":"post-3072","1":"product","2":"type-product","3":"status-publish","4":"has-post-thumbnail","6":"product_cat-detergenti-suprafete","8":"first","9":"instock","10":"shipping-taxable","11":"purchasable","12":"product-type-simple"},"yoast_head":"<!-- This site is optimized with the Yoast SEO plugin v27.1.1 - https:\/\/yoast.com\/product\/yoast-seo-wordpress\/ -->\n<title>Degresant la rece B\u00e1csi Szerek 500ml - bacsiszerek.ro<\/title>\n<meta name=\"robots\" content=\"index, follow, max-snippet:-1, max-image-preview:large, max-video-preview:-1\" \/>\n<link rel=\"canonical\" href=\"https:\/\/bacsiszerek.ro\/hu\/bacsi-szerek-zsiroldo-500ml\/\" \/>\n<meta property=\"og:locale\" content=\"hu_HU\" \/>\n<meta property=\"og:type\" content=\"article\" \/>\n<meta property=\"og:title\" content=\"Degresant la rece B\u00e1csi Szerek 500ml - bacsiszerek.ro\" \/>\n<meta property=\"og:description\" content=\"Degresantul la rece B\u00e1csi Szerek 500ml este un produs special conceput pentru cur\u0103\u021barea suprafe\u021belor cu gr\u0103simi arse, ca: vase, tac\u00e2muri, aragaze, hote, plite, etc. Cur\u0103\u021b\u0103 rapid \u0219i cu u\u0219urin\u021b\u0103 chiar \u0219i cele mai \u00eenc\u0103p\u0103\u021binate resturi de m\u00e2ncare sau ulei. Folosire: se pulverizeaz\u0103 pe suprafa\u021ba murdar\u0103, se las\u0103 la \u00eenmuiat c\u00e2teva minute dup\u0103 care se \u0219terge&hellip;&nbsp;Read More &raquo;Degresant la rece B\u00e1csi Szerek 500ml\" \/>\n<meta property=\"og:url\" content=\"https:\/\/bacsiszerek.ro\/hu\/bacsi-szerek-zsiroldo-500ml\/\" \/>\n<meta property=\"og:site_name\" content=\"bacsiszerek.ro\" \/>\n<meta property=\"article:modified_time\" content=\"2026-05-11T10:58:19+00:00\" \/>\n<meta property=\"og:image\" content=\"https:\/\/bacsiszerek.ro\/wp-content\/uploads\/2024\/03\/Zsiroldo-1024x1024.png\" \/>\n\t<meta property=\"og:image:width\" content=\"1024\" \/>\n\t<meta property=\"og:image:height\" content=\"1024\" \/>\n\t<meta property=\"og:image:type\" content=\"image\/png\" \/>\n<meta name=\"twitter:card\" content=\"summary_large_image\" \/>\n<meta name=\"twitter:label1\" content=\"Becs\u00fclt olvas\u00e1si id\u0151\" \/>\n\t<meta name=\"twitter:data1\" content=\"1 perc\" \/>\n<script type=\"application\/ld+json\" class=\"yoast-schema-graph\">{\"@context\":\"https:\/\/schema.org\",\"@graph\":[{\"@type\":\"WebPage\",\"@id\":\"https:\/\/bacsiszerek.ro\/bacsi-szerek-zsiroldo-500ml\/\",\"url\":\"https:\/\/bacsiszerek.ro\/bacsi-szerek-zsiroldo-500ml\/\",\"name\":\"Degresant la rece B\u00e1csi Szerek 500ml - bacsiszerek.ro\",\"isPartOf\":{\"@id\":\"https:\/\/bacsiszerek.ro\/#website\"},\"primaryImageOfPage\":{\"@id\":\"https:\/\/bacsiszerek.ro\/bacsi-szerek-zsiroldo-500ml\/#primaryimage\"},\"image\":{\"@id\":\"https:\/\/bacsiszerek.ro\/bacsi-szerek-zsiroldo-500ml\/#primaryimage\"},\"thumbnailUrl\":\"https:\/\/bacsiszerek.ro\/wp-content\/uploads\/2024\/03\/Zsiroldo-e1778497043582.png\",\"datePublished\":\"2024-03-27T08:49:31+00:00\",\"dateModified\":\"2026-05-11T10:58:19+00:00\",\"breadcrumb\":{\"@id\":\"https:\/\/bacsiszerek.ro\/bacsi-szerek-zsiroldo-500ml\/#breadcrumb\"},\"inLanguage\":\"hu\",\"potentialAction\":[{\"@type\":\"ReadAction\",\"target\":[\"https:\/\/bacsiszerek.ro\/bacsi-szerek-zsiroldo-500ml\/\"]}]},{\"@type\":\"ImageObject\",\"inLanguage\":\"hu\",\"@id\":\"https:\/\/bacsiszerek.ro\/bacsi-szerek-zsiroldo-500ml\/#primaryimage\",\"url\":\"https:\/\/bacsiszerek.ro\/wp-content\/uploads\/2024\/03\/Zsiroldo-e1778497043582.png\",\"contentUrl\":\"https:\/\/bacsiszerek.ro\/wp-content\/uploads\/2024\/03\/Zsiroldo-e1778497043582.png\",\"width\":1500,\"height\":1500},{\"@type\":\"BreadcrumbList\",\"@id\":\"https:\/\/bacsiszerek.ro\/bacsi-szerek-zsiroldo-500ml\/#breadcrumb\",\"itemListElement\":[{\"@type\":\"ListItem\",\"position\":1,\"name\":\"Prima pagin\u0103\",\"item\":\"https:\/\/bacsiszerek.ro\/\"},{\"@type\":\"ListItem\",\"position\":2,\"name\":\"Magazin\",\"item\":\"https:\/\/bacsiszerek.ro\/magazin\/\"},{\"@type\":\"ListItem\",\"position\":3,\"name\":\"Degresant la rece B\u00e1csi Szerek 500ml\"}]},{\"@type\":\"WebSite\",\"@id\":\"https:\/\/bacsiszerek.ro\/#website\",\"url\":\"https:\/\/bacsiszerek.ro\/\",\"name\":\"bacsiszerek.ro\",\"description\":\"Egy szebb, illatosabb \u00e9s tiszt\u00e1bb vil\u00e1g\u00e9rt!\",\"publisher\":{\"@id\":\"https:\/\/bacsiszerek.ro\/#organization\"},\"potentialAction\":[{\"@type\":\"SearchAction\",\"target\":{\"@type\":\"EntryPoint\",\"urlTemplate\":\"https:\/\/bacsiszerek.ro\/?s={search_term_string}\"},\"query-input\":{\"@type\":\"PropertyValueSpecification\",\"valueRequired\":true,\"valueName\":\"search_term_string\"}}],\"inLanguage\":\"hu\"},{\"@type\":\"Organization\",\"@id\":\"https:\/\/bacsiszerek.ro\/#organization\",\"name\":\"bacsiszerek.ro\",\"url\":\"https:\/\/bacsiszerek.ro\/\",\"logo\":{\"@type\":\"ImageObject\",\"inLanguage\":\"hu\",\"@id\":\"https:\/\/bacsiszerek.ro\/#\/schema\/logo\/image\/\",\"url\":\"https:\/\/bacsiszerek.ro\/wp-content\/uploads\/2023\/08\/cropped-Bacsi-Szerek_red-min-1-1.png\",\"contentUrl\":\"https:\/\/bacsiszerek.ro\/wp-content\/uploads\/2023\/08\/cropped-Bacsi-Szerek_red-min-1-1.png\",\"width\":350,\"height\":64,\"caption\":\"bacsiszerek.ro\"},\"image\":{\"@id\":\"https:\/\/bacsiszerek.ro\/#\/schema\/logo\/image\/\"}}]}<\/script>\n<!-- \/ Yoast SEO plugin. -->","yoast_head_json":{"title":"Degresant la rece B\u00e1csi Szerek 500ml - bacsiszerek.ro","robots":{"index":"index","follow":"follow","max-snippet":"max-snippet:-1","max-image-preview":"max-image-preview:large","max-video-preview":"max-video-preview:-1"},"canonical":"https:\/\/bacsiszerek.ro\/hu\/bacsi-szerek-zsiroldo-500ml\/","og_locale":"hu_HU","og_type":"article","og_title":"Degresant la rece B\u00e1csi Szerek 500ml - bacsiszerek.ro","og_description":"Degresantul la rece B\u00e1csi Szerek 500ml este un produs special conceput pentru cur\u0103\u021barea suprafe\u021belor cu gr\u0103simi arse, ca: vase, tac\u00e2muri, aragaze, hote, plite, etc. Cur\u0103\u021b\u0103 rapid \u0219i cu u\u0219urin\u021b\u0103 chiar \u0219i cele mai \u00eenc\u0103p\u0103\u021binate resturi de m\u00e2ncare sau ulei. Folosire: se pulverizeaz\u0103 pe suprafa\u021ba murdar\u0103, se las\u0103 la \u00eenmuiat c\u00e2teva minute dup\u0103 care se \u0219terge&hellip;&nbsp;Read More &raquo;Degresant la rece B\u00e1csi Szerek 500ml","og_url":"https:\/\/bacsiszerek.ro\/hu\/bacsi-szerek-zsiroldo-500ml\/","og_site_name":"bacsiszerek.ro","article_modified_time":"2026-05-11T10:58:19+00:00","og_image":[{"width":1024,"height":1024,"url":"https:\/\/bacsiszerek.ro\/wp-content\/uploads\/2024\/03\/Zsiroldo-1024x1024.png","type":"image\/png"}],"twitter_card":"summary_large_image","twitter_misc":{"Becs\u00fclt olvas\u00e1si id\u0151":"1 perc"},"schema":{"@context":"https:\/\/schema.org","@graph":[{"@type":"WebPage","@id":"https:\/\/bacsiszerek.ro\/bacsi-szerek-zsiroldo-500ml\/","url":"https:\/\/bacsiszerek.ro\/bacsi-szerek-zsiroldo-500ml\/","name":"Degresant la rece B\u00e1csi Szerek 500ml - bacsiszerek.ro","isPartOf":{"@id":"https:\/\/bacsiszerek.ro\/#website"},"primaryImageOfPage":{"@id":"https:\/\/bacsiszerek.ro\/bacsi-szerek-zsiroldo-500ml\/#primaryimage"},"image":{"@id":"https:\/\/bacsiszerek.ro\/bacsi-szerek-zsiroldo-500ml\/#primaryimage"},"thumbnailUrl":"https:\/\/bacsiszerek.ro\/wp-content\/uploads\/2024\/03\/Zsiroldo-e1778497043582.png","datePublished":"2024-03-27T08:49:31+00:00","dateModified":"2026-05-11T10:58:19+00:00","breadcrumb":{"@id":"https:\/\/bacsiszerek.ro\/bacsi-szerek-zsiroldo-500ml\/#breadcrumb"},"inLanguage":"hu","potentialAction":[{"@type":"ReadAction","target":["https:\/\/bacsiszerek.ro\/bacsi-szerek-zsiroldo-500ml\/"]}]},{"@type":"ImageObject","inLanguage":"hu","@id":"https:\/\/bacsiszerek.ro\/bacsi-szerek-zsiroldo-500ml\/#primaryimage","url":"https:\/\/bacsiszerek.ro\/wp-content\/uploads\/2024\/03\/Zsiroldo-e1778497043582.png","contentUrl":"https:\/\/bacsiszerek.ro\/wp-content\/uploads\/2024\/03\/Zsiroldo-e1778497043582.png","width":1500,"height":1500},{"@type":"BreadcrumbList","@id":"https:\/\/bacsiszerek.ro\/bacsi-szerek-zsiroldo-500ml\/#breadcrumb","itemListElement":[{"@type":"ListItem","position":1,"name":"Prima pagin\u0103","item":"https:\/\/bacsiszerek.ro\/"},{"@type":"ListItem","position":2,"name":"Magazin","item":"https:\/\/bacsiszerek.ro\/magazin\/"},{"@type":"ListItem","position":3,"name":"Degresant la rece B\u00e1csi Szerek 500ml"}]},{"@type":"WebSite","@id":"https:\/\/bacsiszerek.ro\/#website","url":"https:\/\/bacsiszerek.ro\/","name":"bacsiszerek.ro","description":"Egy szebb, illatosabb \u00e9s tiszt\u00e1bb vil\u00e1g\u00e9rt!","publisher":{"@id":"https:\/\/bacsiszerek.ro\/#organization"},"potentialAction":[{"@type":"SearchAction","target":{"@type":"EntryPoint","urlTemplate":"https:\/\/bacsiszerek.ro\/?s={search_term_string}"},"query-input":{"@type":"PropertyValueSpecification","valueRequired":true,"valueName":"search_term_string"}}],"inLanguage":"hu"},{"@type":"Organization","@id":"https:\/\/bacsiszerek.ro\/#organization","name":"bacsiszerek.ro","url":"https:\/\/bacsiszerek.ro\/","logo":{"@type":"ImageObject","inLanguage":"hu","@id":"https:\/\/bacsiszerek.ro\/#\/schema\/logo\/image\/","url":"https:\/\/bacsiszerek.ro\/wp-content\/uploads\/2023\/08\/cropped-Bacsi-Szerek_red-min-1-1.png","contentUrl":"https:\/\/bacsiszerek.ro\/wp-content\/uploads\/2023\/08\/cropped-Bacsi-Szerek_red-min-1-1.png","width":350,"height":64,"caption":"bacsiszerek.ro"},"image":{"@id":"https:\/\/bacsiszerek.ro\/#\/schema\/logo\/image\/"}}]}},"jetpack_sharing_enabled":true,"_links":{"self":[{"href":"https:\/\/bacsiszerek.ro\/hu\/wp-json\/wp\/v2\/product\/3072","targetHints":{"allow":["GET"]}}],"collection":[{"href":"https:\/\/bacsiszerek.ro\/hu\/wp-json\/wp\/v2\/product"}],"about":[{"href":"https:\/\/bacsiszerek.ro\/hu\/wp-json\/wp\/v2\/types\/product"}],"replies":[{"embeddable":true,"href":"https:\/\/bacsiszerek.ro\/hu\/wp-json\/wp\/v2\/comments?post=3072"}],"wp:featuredmedia":[{"embeddable":true,"href":"https:\/\/bacsiszerek.ro\/hu\/wp-json\/wp\/v2\/media\/3161"}],"wp:attachment":[{"href":"https:\/\/bacsiszerek.ro\/hu\/wp-json\/wp\/v2\/media?parent=3072"}],"wp:term":[{"taxonomy":"product_brand","embeddable":true,"href":"https:\/\/bacsiszerek.ro\/hu\/wp-json\/wp\/v2\/product_brand?post=3072"},{"taxonomy":"product_cat","embeddable":true,"href":"https:\/\/bacsiszerek.ro\/hu\/wp-json\/wp\/v2\/product_cat?post=3072"},{"taxonomy":"product_tag","embeddable":true,"href":"https:\/\/bacsiszerek.ro\/hu\/wp-json\/wp\/v2\/product_tag?post=3072"}],"curies":[{"name":"wp","href":"https:\/\/api.w.org\/{rel}","templated":true}]}}