{"id":3070,"date":"2024-03-27T08:49:30","date_gmt":"2024-03-27T08:49:30","guid":{"rendered":"https:\/\/bacsiszerek.ro\/bacsi-szerek-klor-gel-felulet-fertotlenito-750ml\/"},"modified":"2026-04-07T21:56:42","modified_gmt":"2026-04-07T19:56:42","slug":"bacsi-szerek-klor-gel-felulet-fertotlenito-750ml","status":"publish","type":"product","link":"https:\/\/bacsiszerek.ro\/hu\/bacsi-szerek-klor-gel-felulet-fertotlenito-750ml\/","title":{"rendered":"B\u00e1csi Szerek Kl\u00f3r-g\u00e9l fel\u00fcletfert\u0151tlen\u00edt\u0151 750ml"},"content":{"rendered":"<p>A B\u00e1csi Szerek Kl\u00f3r-g\u00e9l fel\u00fclet fert\u0151tlen\u00edt\u0151 id\u00e1lis wc kagyl\u00f3, mosd\u00f3kagyl\u00f3, furd\u0151k\u00e1d stb. Tiszt\u00edt\u00e1s\u00e1ra. Az aktiv hat\u00f3anyaga minden fel\u00fcletet kifeh\u00e9r\u00edt az f\u00fcrd\u0151szob\u00e1ban.<br \/>\nHogyan haszn\u00e1ljuk: \u00f6nts\u00fck a wc kagyl\u00f3ba az adagol\u00f3 seg\u00edts\u00e9g\u00e9vel majd \u00f6bl\u00eds\u00fck le. A fel\u00fcletekre egy d\u00f6rzsi kend\u0151seg\u00edts\u00e9g\u00e9vel vigy\u00fck fel majd \u00f6nl\u00edts\u00fck le b\u0151v\u00edzzel.<br \/>\nK\u00c9SZ\u00dcLT SOK SZERETETTEL. \u2764\ufe0f<br \/>\nEGY SZEBB, ILLATOSABB \u00c9S TISZT\u00c1BB VIL\u00c1G\u00c9RT!<\/p>","protected":false},"excerpt":{"rendered":"<p>Clor gel igenizant suprafe\u021be B\u00e1csi Szerek 750ml este un produs v\u00e2scos pentru cur\u0103\u021barea toaletelor, chiuvetelor, vanelor etc. Con\u021bine clor activ ce poate \u00een\u0103lbi toate suprafe\u021bele murdare, nesensibile din b\u0103i. Folosire: se toarn\u0103 \u00een interiorul toaletelor dup\u0103 care se cl\u0103te\u0219te. Pentru alte suprafe\u021be se recomand\u0103 ca detergentul s\u0103 fie aplicat cu ajutorul unei lavete abrazive, dup\u0103&hellip;&nbsp;<a href=\"https:\/\/bacsiszerek.ro\/hu\/bacsi-szerek-klor-gel-felulet-fertotlenito-750ml\/\" rel=\"bookmark\">Read More &raquo;<span class=\"screen-reader-text\">B\u00e1csi Szerek Kl\u00f3r-g\u00e9l fel\u00fcletfert\u0151tlen\u00edt\u0151 750ml<\/span><\/a><\/p>","protected":false},"featured_media":3069,"comment_status":"open","ping_status":"closed","template":"","meta":{"neve_meta_sidebar":"","neve_meta_container":"","neve_meta_enable_content_width":"off","neve_meta_content_width":70,"neve_meta_title_alignment":"","neve_meta_author_avatar":"","neve_post_elements_order":"","neve_meta_disable_header":"","neve_meta_disable_footer":"","neve_meta_disable_title":""},"product_brand":[],"product_cat":[133],"product_tag":[],"class_list":{"0":"post-3070","1":"product","2":"type-product","3":"status-publish","4":"has-post-thumbnail","6":"product_cat-detergenti-suprafete","8":"first","9":"instock","10":"shipping-taxable","11":"purchasable","12":"product-type-simple"},"yoast_head":"<!-- This site is optimized with the Yoast SEO plugin v27.1.1 - https:\/\/yoast.com\/product\/yoast-seo-wordpress\/ -->\n<title>Clor gel igenizant suprafe\u021be B\u00e1csi Szerek 750ml - bacsiszerek.ro<\/title>\n<meta name=\"robots\" content=\"index, follow, max-snippet:-1, max-image-preview:large, max-video-preview:-1\" \/>\n<link rel=\"canonical\" href=\"https:\/\/bacsiszerek.ro\/hu\/bacsi-szerek-klor-gel-felulet-fertotlenito-750ml\/\" \/>\n<meta property=\"og:locale\" content=\"hu_HU\" \/>\n<meta property=\"og:type\" content=\"article\" \/>\n<meta property=\"og:title\" content=\"Clor gel igenizant suprafe\u021be B\u00e1csi Szerek 750ml - bacsiszerek.ro\" \/>\n<meta property=\"og:description\" content=\"Clor gel igenizant suprafe\u021be B\u00e1csi Szerek 750ml este un produs v\u00e2scos pentru cur\u0103\u021barea toaletelor, chiuvetelor, vanelor etc. Con\u021bine clor activ ce poate \u00een\u0103lbi toate suprafe\u021bele murdare, nesensibile din b\u0103i. Folosire: se toarn\u0103 \u00een interiorul toaletelor dup\u0103 care se cl\u0103te\u0219te. Pentru alte suprafe\u021be se recomand\u0103 ca detergentul s\u0103 fie aplicat cu ajutorul unei lavete abrazive, dup\u0103&hellip;&nbsp;Read More &raquo;Clor gel igenizant suprafe\u021be B\u00e1csi Szerek 750ml\" \/>\n<meta property=\"og:url\" content=\"https:\/\/bacsiszerek.ro\/hu\/bacsi-szerek-klor-gel-felulet-fertotlenito-750ml\/\" \/>\n<meta property=\"og:site_name\" content=\"bacsiszerek.ro\" \/>\n<meta property=\"article:modified_time\" content=\"2026-04-07T19:56:42+00:00\" \/>\n<meta property=\"og:image\" content=\"https:\/\/bacsiszerek.ro\/wp-content\/uploads\/2024\/03\/BLNM1436.jpg\" \/>\n\t<meta property=\"og:image:width\" content=\"800\" \/>\n\t<meta property=\"og:image:height\" content=\"800\" \/>\n\t<meta property=\"og:image:type\" content=\"image\/jpeg\" \/>\n<meta name=\"twitter:card\" content=\"summary_large_image\" \/>\n<meta name=\"twitter:label1\" content=\"Becs\u00fclt olvas\u00e1si id\u0151\" \/>\n\t<meta name=\"twitter:data1\" content=\"1 perc\" \/>\n<script type=\"application\/ld+json\" class=\"yoast-schema-graph\">{\"@context\":\"https:\/\/schema.org\",\"@graph\":[{\"@type\":\"WebPage\",\"@id\":\"https:\/\/bacsiszerek.ro\/hu\/bacsi-szerek-klor-gel-felulet-fertotlenito-750ml\/\",\"url\":\"https:\/\/bacsiszerek.ro\/hu\/bacsi-szerek-klor-gel-felulet-fertotlenito-750ml\/\",\"name\":\"Clor gel igenizant suprafe\u021be B\u00e1csi Szerek 750ml - bacsiszerek.ro\",\"isPartOf\":{\"@id\":\"https:\/\/bacsiszerek.ro\/#website\"},\"primaryImageOfPage\":{\"@id\":\"https:\/\/bacsiszerek.ro\/hu\/bacsi-szerek-klor-gel-felulet-fertotlenito-750ml\/#primaryimage\"},\"image\":{\"@id\":\"https:\/\/bacsiszerek.ro\/hu\/bacsi-szerek-klor-gel-felulet-fertotlenito-750ml\/#primaryimage\"},\"thumbnailUrl\":\"https:\/\/bacsiszerek.ro\/wp-content\/uploads\/2024\/03\/BLNM1436.jpg\",\"datePublished\":\"2024-03-27T08:49:30+00:00\",\"dateModified\":\"2026-04-07T19:56:42+00:00\",\"breadcrumb\":{\"@id\":\"https:\/\/bacsiszerek.ro\/hu\/bacsi-szerek-klor-gel-felulet-fertotlenito-750ml\/#breadcrumb\"},\"inLanguage\":\"hu\",\"potentialAction\":[{\"@type\":\"ReadAction\",\"target\":[\"https:\/\/bacsiszerek.ro\/hu\/bacsi-szerek-klor-gel-felulet-fertotlenito-750ml\/\"]}]},{\"@type\":\"ImageObject\",\"inLanguage\":\"hu\",\"@id\":\"https:\/\/bacsiszerek.ro\/hu\/bacsi-szerek-klor-gel-felulet-fertotlenito-750ml\/#primaryimage\",\"url\":\"https:\/\/bacsiszerek.ro\/wp-content\/uploads\/2024\/03\/BLNM1436.jpg\",\"contentUrl\":\"https:\/\/bacsiszerek.ro\/wp-content\/uploads\/2024\/03\/BLNM1436.jpg\",\"width\":800,\"height\":800},{\"@type\":\"BreadcrumbList\",\"@id\":\"https:\/\/bacsiszerek.ro\/hu\/bacsi-szerek-klor-gel-felulet-fertotlenito-750ml\/#breadcrumb\",\"itemListElement\":[{\"@type\":\"ListItem\",\"position\":1,\"name\":\"Prima pagin\u0103\",\"item\":\"https:\/\/bacsiszerek.ro\/\"},{\"@type\":\"ListItem\",\"position\":2,\"name\":\"Magazin\",\"item\":\"https:\/\/bacsiszerek.ro\/magazin\/\"},{\"@type\":\"ListItem\",\"position\":3,\"name\":\"Clor gel igenizant suprafe\u021be B\u00e1csi Szerek 750ml\"}]},{\"@type\":\"WebSite\",\"@id\":\"https:\/\/bacsiszerek.ro\/#website\",\"url\":\"https:\/\/bacsiszerek.ro\/\",\"name\":\"bacsiszerek.ro\",\"description\":\"Egy szebb, illatosabb \u00e9s tiszt\u00e1bb vil\u00e1g\u00e9rt!\",\"publisher\":{\"@id\":\"https:\/\/bacsiszerek.ro\/#organization\"},\"potentialAction\":[{\"@type\":\"SearchAction\",\"target\":{\"@type\":\"EntryPoint\",\"urlTemplate\":\"https:\/\/bacsiszerek.ro\/?s={search_term_string}\"},\"query-input\":{\"@type\":\"PropertyValueSpecification\",\"valueRequired\":true,\"valueName\":\"search_term_string\"}}],\"inLanguage\":\"hu\"},{\"@type\":\"Organization\",\"@id\":\"https:\/\/bacsiszerek.ro\/#organization\",\"name\":\"bacsiszerek.ro\",\"url\":\"https:\/\/bacsiszerek.ro\/\",\"logo\":{\"@type\":\"ImageObject\",\"inLanguage\":\"hu\",\"@id\":\"https:\/\/bacsiszerek.ro\/#\/schema\/logo\/image\/\",\"url\":\"https:\/\/bacsiszerek.ro\/wp-content\/uploads\/2023\/08\/cropped-Bacsi-Szerek_red-min-1-1.png\",\"contentUrl\":\"https:\/\/bacsiszerek.ro\/wp-content\/uploads\/2023\/08\/cropped-Bacsi-Szerek_red-min-1-1.png\",\"width\":350,\"height\":64,\"caption\":\"bacsiszerek.ro\"},\"image\":{\"@id\":\"https:\/\/bacsiszerek.ro\/#\/schema\/logo\/image\/\"}}]}<\/script>\n<!-- \/ Yoast SEO plugin. -->","yoast_head_json":{"title":"Clor gel igenizant suprafe\u021be B\u00e1csi Szerek 750ml - bacsiszerek.ro","robots":{"index":"index","follow":"follow","max-snippet":"max-snippet:-1","max-image-preview":"max-image-preview:large","max-video-preview":"max-video-preview:-1"},"canonical":"https:\/\/bacsiszerek.ro\/hu\/bacsi-szerek-klor-gel-felulet-fertotlenito-750ml\/","og_locale":"hu_HU","og_type":"article","og_title":"Clor gel igenizant suprafe\u021be B\u00e1csi Szerek 750ml - bacsiszerek.ro","og_description":"Clor gel igenizant suprafe\u021be B\u00e1csi Szerek 750ml este un produs v\u00e2scos pentru cur\u0103\u021barea toaletelor, chiuvetelor, vanelor etc. Con\u021bine clor activ ce poate \u00een\u0103lbi toate suprafe\u021bele murdare, nesensibile din b\u0103i. Folosire: se toarn\u0103 \u00een interiorul toaletelor dup\u0103 care se cl\u0103te\u0219te. Pentru alte suprafe\u021be se recomand\u0103 ca detergentul s\u0103 fie aplicat cu ajutorul unei lavete abrazive, dup\u0103&hellip;&nbsp;Read More &raquo;Clor gel igenizant suprafe\u021be B\u00e1csi Szerek 750ml","og_url":"https:\/\/bacsiszerek.ro\/hu\/bacsi-szerek-klor-gel-felulet-fertotlenito-750ml\/","og_site_name":"bacsiszerek.ro","article_modified_time":"2026-04-07T19:56:42+00:00","og_image":[{"width":800,"height":800,"url":"https:\/\/bacsiszerek.ro\/wp-content\/uploads\/2024\/03\/BLNM1436.jpg","type":"image\/jpeg"}],"twitter_card":"summary_large_image","twitter_misc":{"Becs\u00fclt olvas\u00e1si id\u0151":"1 perc"},"schema":{"@context":"https:\/\/schema.org","@graph":[{"@type":"WebPage","@id":"https:\/\/bacsiszerek.ro\/hu\/bacsi-szerek-klor-gel-felulet-fertotlenito-750ml\/","url":"https:\/\/bacsiszerek.ro\/hu\/bacsi-szerek-klor-gel-felulet-fertotlenito-750ml\/","name":"Clor gel igenizant suprafe\u021be B\u00e1csi Szerek 750ml - bacsiszerek.ro","isPartOf":{"@id":"https:\/\/bacsiszerek.ro\/#website"},"primaryImageOfPage":{"@id":"https:\/\/bacsiszerek.ro\/hu\/bacsi-szerek-klor-gel-felulet-fertotlenito-750ml\/#primaryimage"},"image":{"@id":"https:\/\/bacsiszerek.ro\/hu\/bacsi-szerek-klor-gel-felulet-fertotlenito-750ml\/#primaryimage"},"thumbnailUrl":"https:\/\/bacsiszerek.ro\/wp-content\/uploads\/2024\/03\/BLNM1436.jpg","datePublished":"2024-03-27T08:49:30+00:00","dateModified":"2026-04-07T19:56:42+00:00","breadcrumb":{"@id":"https:\/\/bacsiszerek.ro\/hu\/bacsi-szerek-klor-gel-felulet-fertotlenito-750ml\/#breadcrumb"},"inLanguage":"hu","potentialAction":[{"@type":"ReadAction","target":["https:\/\/bacsiszerek.ro\/hu\/bacsi-szerek-klor-gel-felulet-fertotlenito-750ml\/"]}]},{"@type":"ImageObject","inLanguage":"hu","@id":"https:\/\/bacsiszerek.ro\/hu\/bacsi-szerek-klor-gel-felulet-fertotlenito-750ml\/#primaryimage","url":"https:\/\/bacsiszerek.ro\/wp-content\/uploads\/2024\/03\/BLNM1436.jpg","contentUrl":"https:\/\/bacsiszerek.ro\/wp-content\/uploads\/2024\/03\/BLNM1436.jpg","width":800,"height":800},{"@type":"BreadcrumbList","@id":"https:\/\/bacsiszerek.ro\/hu\/bacsi-szerek-klor-gel-felulet-fertotlenito-750ml\/#breadcrumb","itemListElement":[{"@type":"ListItem","position":1,"name":"Prima pagin\u0103","item":"https:\/\/bacsiszerek.ro\/"},{"@type":"ListItem","position":2,"name":"Magazin","item":"https:\/\/bacsiszerek.ro\/magazin\/"},{"@type":"ListItem","position":3,"name":"Clor gel igenizant suprafe\u021be B\u00e1csi Szerek 750ml"}]},{"@type":"WebSite","@id":"https:\/\/bacsiszerek.ro\/#website","url":"https:\/\/bacsiszerek.ro\/","name":"bacsiszerek.ro","description":"Egy szebb, illatosabb \u00e9s tiszt\u00e1bb vil\u00e1g\u00e9rt!","publisher":{"@id":"https:\/\/bacsiszerek.ro\/#organization"},"potentialAction":[{"@type":"SearchAction","target":{"@type":"EntryPoint","urlTemplate":"https:\/\/bacsiszerek.ro\/?s={search_term_string}"},"query-input":{"@type":"PropertyValueSpecification","valueRequired":true,"valueName":"search_term_string"}}],"inLanguage":"hu"},{"@type":"Organization","@id":"https:\/\/bacsiszerek.ro\/#organization","name":"bacsiszerek.ro","url":"https:\/\/bacsiszerek.ro\/","logo":{"@type":"ImageObject","inLanguage":"hu","@id":"https:\/\/bacsiszerek.ro\/#\/schema\/logo\/image\/","url":"https:\/\/bacsiszerek.ro\/wp-content\/uploads\/2023\/08\/cropped-Bacsi-Szerek_red-min-1-1.png","contentUrl":"https:\/\/bacsiszerek.ro\/wp-content\/uploads\/2023\/08\/cropped-Bacsi-Szerek_red-min-1-1.png","width":350,"height":64,"caption":"bacsiszerek.ro"},"image":{"@id":"https:\/\/bacsiszerek.ro\/#\/schema\/logo\/image\/"}}]}},"jetpack_sharing_enabled":true,"_links":{"self":[{"href":"https:\/\/bacsiszerek.ro\/hu\/wp-json\/wp\/v2\/product\/3070","targetHints":{"allow":["GET"]}}],"collection":[{"href":"https:\/\/bacsiszerek.ro\/hu\/wp-json\/wp\/v2\/product"}],"about":[{"href":"https:\/\/bacsiszerek.ro\/hu\/wp-json\/wp\/v2\/types\/product"}],"replies":[{"embeddable":true,"href":"https:\/\/bacsiszerek.ro\/hu\/wp-json\/wp\/v2\/comments?post=3070"}],"wp:featuredmedia":[{"embeddable":true,"href":"https:\/\/bacsiszerek.ro\/hu\/wp-json\/wp\/v2\/media\/3069"}],"wp:attachment":[{"href":"https:\/\/bacsiszerek.ro\/hu\/wp-json\/wp\/v2\/media?parent=3070"}],"wp:term":[{"taxonomy":"product_brand","embeddable":true,"href":"https:\/\/bacsiszerek.ro\/hu\/wp-json\/wp\/v2\/product_brand?post=3070"},{"taxonomy":"product_cat","embeddable":true,"href":"https:\/\/bacsiszerek.ro\/hu\/wp-json\/wp\/v2\/product_cat?post=3070"},{"taxonomy":"product_tag","embeddable":true,"href":"https:\/\/bacsiszerek.ro\/hu\/wp-json\/wp\/v2\/product_tag?post=3070"}],"curies":[{"name":"wp","href":"https:\/\/api.w.org\/{rel}","templated":true}]}}