{"id":3068,"date":"2024-03-27T08:49:28","date_gmt":"2024-03-27T08:49:28","guid":{"rendered":"https:\/\/bacsiszerek.ro\/bacsi-szerek-altalanos-felulet-tisztitoszer-750ml\/"},"modified":"2026-05-11T14:20:10","modified_gmt":"2026-05-11T12:20:10","slug":"bacsi-szerek-altalanos-felulet-tisztitoszer-750ml","status":"publish","type":"product","link":"https:\/\/bacsiszerek.ro\/hu\/bacsi-szerek-altalanos-felulet-tisztitoszer-750ml\/","title":{"rendered":"B\u00e1csi Szerek univerz\u00e1lis fel\u00fclettiszt\u00edt\u00f3 750ml"},"content":{"rendered":"<p>A B\u00e1csi Szerek \u00e1ltal\u00e1nos tiszt\u00edt\u00f3szer a h\u00e1zban tal\u00e1lhat\u00f3 \u00f6sszes fel\u00fclet tiszt\u00edt\u00e1s\u00e1ra alkalmas. Haszn\u00e1lhat\u00f3 m\u0171anyag, f\u00e9m, fa, but\u00f3r fel\u00fcleteken stb. Ide\u00e1lis azoknak akik egy univerz\u00e1lis tiszt\u00edt\u00f3szer szeretn\u00e9k a h\u00e1z \u00f6sszes fel\u00fclet\u00e9re.<br \/>\nHogyan haszn\u00e1ljuk: permetez\u00fck a tiszt\u00edtani kiv\u00e1nt fel\u00fcletre majd pap\u00edr vagy textil t\u00f6rl\u0151kend\u0151vel t\u00f6r\u00f6lj\u00fck sz\u00e1razra.<br \/>\nK\u00c9SZ\u00dcLT SOK SZERETETTEL. \u2764\ufe0f<br \/>\nEGY SZEBB, ILLATOSABB \u00c9S TISZT\u00c1BB VIL\u00c1G\u00c9RT!<\/p>","protected":false},"excerpt":{"rendered":"<p>Solu\u021bia universal\u0103 pentru suprafe\u021be B\u00e1csi Szerek este un detergent conceput pentru cur\u0103\u021barea \u0219i \u00eentre\u021binerea tuturor suprafe\u021belor din cas\u0103. Poate fi folosit pentru cur\u0103\u021barea suprafe\u021belor din sticl\u0103, plastic, metal, fier, lemn, pal etc. Este un produs ideal pentru cei ce doresc un detergent universal pentru toate elementele de mobilier dintr-o cas\u0103. Folosire: se pulverizeaz\u0103 pe suprafe\u021bele&hellip;&nbsp;<a href=\"https:\/\/bacsiszerek.ro\/hu\/bacsi-szerek-altalanos-felulet-tisztitoszer-750ml\/\" rel=\"bookmark\">Read More &raquo;<span class=\"screen-reader-text\">B\u00e1csi Szerek univerz\u00e1lis fel\u00fclettiszt\u00edt\u00f3 750ml<\/span><\/a><\/p>","protected":false},"featured_media":3162,"comment_status":"open","ping_status":"closed","template":"","meta":{"neve_meta_sidebar":"","neve_meta_container":"","neve_meta_enable_content_width":"off","neve_meta_content_width":70,"neve_meta_title_alignment":"","neve_meta_author_avatar":"","neve_post_elements_order":"","neve_meta_disable_header":"","neve_meta_disable_footer":"","neve_meta_disable_title":""},"product_brand":[],"product_cat":[133],"product_tag":[],"class_list":{"0":"post-3068","1":"product","2":"type-product","3":"status-publish","4":"has-post-thumbnail","6":"product_cat-detergenti-suprafete","8":"first","9":"instock","10":"shipping-taxable","11":"purchasable","12":"product-type-simple"},"yoast_head":"<!-- This site is optimized with the Yoast SEO plugin v27.1.1 - https:\/\/yoast.com\/product\/yoast-seo-wordpress\/ -->\n<title>Solu\u021bie universal\u0103 pentru suprafe\u021be B\u00e1csi Szerek 750ml - bacsiszerek.ro<\/title>\n<meta name=\"robots\" content=\"index, follow, max-snippet:-1, max-image-preview:large, max-video-preview:-1\" \/>\n<link rel=\"canonical\" href=\"https:\/\/bacsiszerek.ro\/hu\/bacsi-szerek-altalanos-felulet-tisztitoszer-750ml\/\" \/>\n<meta property=\"og:locale\" content=\"hu_HU\" \/>\n<meta property=\"og:type\" content=\"article\" \/>\n<meta property=\"og:title\" content=\"Solu\u021bie universal\u0103 pentru suprafe\u021be B\u00e1csi Szerek 750ml - bacsiszerek.ro\" \/>\n<meta property=\"og:description\" content=\"Solu\u021bia universal\u0103 pentru suprafe\u021be B\u00e1csi Szerek este un detergent conceput pentru cur\u0103\u021barea \u0219i \u00eentre\u021binerea tuturor suprafe\u021belor din cas\u0103. Poate fi folosit pentru cur\u0103\u021barea suprafe\u021belor din sticl\u0103, plastic, metal, fier, lemn, pal etc. Este un produs ideal pentru cei ce doresc un detergent universal pentru toate elementele de mobilier dintr-o cas\u0103. Folosire: se pulverizeaz\u0103 pe suprafe\u021bele&hellip;&nbsp;Read More &raquo;Solu\u021bie universal\u0103 pentru suprafe\u021be B\u00e1csi Szerek 750ml\" \/>\n<meta property=\"og:url\" content=\"https:\/\/bacsiszerek.ro\/hu\/bacsi-szerek-altalanos-felulet-tisztitoszer-750ml\/\" \/>\n<meta property=\"og:site_name\" content=\"bacsiszerek.ro\" \/>\n<meta property=\"article:modified_time\" content=\"2026-05-11T12:20:10+00:00\" \/>\n<meta property=\"og:image\" content=\"https:\/\/bacsiszerek.ro\/wp-content\/uploads\/2024\/03\/Solutii-Universala-e1778501973484.png\" \/>\n\t<meta property=\"og:image:width\" content=\"1500\" \/>\n\t<meta property=\"og:image:height\" content=\"1500\" \/>\n\t<meta property=\"og:image:type\" content=\"image\/png\" \/>\n<meta name=\"twitter:card\" content=\"summary_large_image\" \/>\n<meta name=\"twitter:label1\" content=\"Becs\u00fclt olvas\u00e1si id\u0151\" \/>\n\t<meta name=\"twitter:data1\" content=\"1 perc\" \/>\n<script type=\"application\/ld+json\" class=\"yoast-schema-graph\">{\"@context\":\"https:\/\/schema.org\",\"@graph\":[{\"@type\":\"WebPage\",\"@id\":\"https:\/\/bacsiszerek.ro\/bacsi-szerek-altalanos-felulet-tisztitoszer-750ml\/\",\"url\":\"https:\/\/bacsiszerek.ro\/bacsi-szerek-altalanos-felulet-tisztitoszer-750ml\/\",\"name\":\"Solu\u021bie universal\u0103 pentru suprafe\u021be B\u00e1csi Szerek 750ml - bacsiszerek.ro\",\"isPartOf\":{\"@id\":\"https:\/\/bacsiszerek.ro\/#website\"},\"primaryImageOfPage\":{\"@id\":\"https:\/\/bacsiszerek.ro\/bacsi-szerek-altalanos-felulet-tisztitoszer-750ml\/#primaryimage\"},\"image\":{\"@id\":\"https:\/\/bacsiszerek.ro\/bacsi-szerek-altalanos-felulet-tisztitoszer-750ml\/#primaryimage\"},\"thumbnailUrl\":\"https:\/\/bacsiszerek.ro\/wp-content\/uploads\/2024\/03\/Solutii-Universala-e1778501973484.png\",\"datePublished\":\"2024-03-27T08:49:28+00:00\",\"dateModified\":\"2026-05-11T12:20:10+00:00\",\"breadcrumb\":{\"@id\":\"https:\/\/bacsiszerek.ro\/bacsi-szerek-altalanos-felulet-tisztitoszer-750ml\/#breadcrumb\"},\"inLanguage\":\"hu\",\"potentialAction\":[{\"@type\":\"ReadAction\",\"target\":[\"https:\/\/bacsiszerek.ro\/bacsi-szerek-altalanos-felulet-tisztitoszer-750ml\/\"]}]},{\"@type\":\"ImageObject\",\"inLanguage\":\"hu\",\"@id\":\"https:\/\/bacsiszerek.ro\/bacsi-szerek-altalanos-felulet-tisztitoszer-750ml\/#primaryimage\",\"url\":\"https:\/\/bacsiszerek.ro\/wp-content\/uploads\/2024\/03\/Solutii-Universala-e1778501973484.png\",\"contentUrl\":\"https:\/\/bacsiszerek.ro\/wp-content\/uploads\/2024\/03\/Solutii-Universala-e1778501973484.png\",\"width\":1500,\"height\":1500},{\"@type\":\"BreadcrumbList\",\"@id\":\"https:\/\/bacsiszerek.ro\/bacsi-szerek-altalanos-felulet-tisztitoszer-750ml\/#breadcrumb\",\"itemListElement\":[{\"@type\":\"ListItem\",\"position\":1,\"name\":\"Prima pagin\u0103\",\"item\":\"https:\/\/bacsiszerek.ro\/\"},{\"@type\":\"ListItem\",\"position\":2,\"name\":\"Magazin\",\"item\":\"https:\/\/bacsiszerek.ro\/magazin\/\"},{\"@type\":\"ListItem\",\"position\":3,\"name\":\"Solu\u021bie universal\u0103 pentru suprafe\u021be B\u00e1csi Szerek 750ml\"}]},{\"@type\":\"WebSite\",\"@id\":\"https:\/\/bacsiszerek.ro\/#website\",\"url\":\"https:\/\/bacsiszerek.ro\/\",\"name\":\"bacsiszerek.ro\",\"description\":\"Egy szebb, illatosabb \u00e9s tiszt\u00e1bb vil\u00e1g\u00e9rt!\",\"publisher\":{\"@id\":\"https:\/\/bacsiszerek.ro\/#organization\"},\"potentialAction\":[{\"@type\":\"SearchAction\",\"target\":{\"@type\":\"EntryPoint\",\"urlTemplate\":\"https:\/\/bacsiszerek.ro\/?s={search_term_string}\"},\"query-input\":{\"@type\":\"PropertyValueSpecification\",\"valueRequired\":true,\"valueName\":\"search_term_string\"}}],\"inLanguage\":\"hu\"},{\"@type\":\"Organization\",\"@id\":\"https:\/\/bacsiszerek.ro\/#organization\",\"name\":\"bacsiszerek.ro\",\"url\":\"https:\/\/bacsiszerek.ro\/\",\"logo\":{\"@type\":\"ImageObject\",\"inLanguage\":\"hu\",\"@id\":\"https:\/\/bacsiszerek.ro\/#\/schema\/logo\/image\/\",\"url\":\"https:\/\/bacsiszerek.ro\/wp-content\/uploads\/2023\/08\/cropped-Bacsi-Szerek_red-min-1-1.png\",\"contentUrl\":\"https:\/\/bacsiszerek.ro\/wp-content\/uploads\/2023\/08\/cropped-Bacsi-Szerek_red-min-1-1.png\",\"width\":350,\"height\":64,\"caption\":\"bacsiszerek.ro\"},\"image\":{\"@id\":\"https:\/\/bacsiszerek.ro\/#\/schema\/logo\/image\/\"}}]}<\/script>\n<!-- \/ Yoast SEO plugin. -->","yoast_head_json":{"title":"Solu\u021bie universal\u0103 pentru suprafe\u021be B\u00e1csi Szerek 750ml - bacsiszerek.ro","robots":{"index":"index","follow":"follow","max-snippet":"max-snippet:-1","max-image-preview":"max-image-preview:large","max-video-preview":"max-video-preview:-1"},"canonical":"https:\/\/bacsiszerek.ro\/hu\/bacsi-szerek-altalanos-felulet-tisztitoszer-750ml\/","og_locale":"hu_HU","og_type":"article","og_title":"Solu\u021bie universal\u0103 pentru suprafe\u021be B\u00e1csi Szerek 750ml - bacsiszerek.ro","og_description":"Solu\u021bia universal\u0103 pentru suprafe\u021be B\u00e1csi Szerek este un detergent conceput pentru cur\u0103\u021barea \u0219i \u00eentre\u021binerea tuturor suprafe\u021belor din cas\u0103. Poate fi folosit pentru cur\u0103\u021barea suprafe\u021belor din sticl\u0103, plastic, metal, fier, lemn, pal etc. Este un produs ideal pentru cei ce doresc un detergent universal pentru toate elementele de mobilier dintr-o cas\u0103. Folosire: se pulverizeaz\u0103 pe suprafe\u021bele&hellip;&nbsp;Read More &raquo;Solu\u021bie universal\u0103 pentru suprafe\u021be B\u00e1csi Szerek 750ml","og_url":"https:\/\/bacsiszerek.ro\/hu\/bacsi-szerek-altalanos-felulet-tisztitoszer-750ml\/","og_site_name":"bacsiszerek.ro","article_modified_time":"2026-05-11T12:20:10+00:00","og_image":[{"width":1500,"height":1500,"url":"https:\/\/bacsiszerek.ro\/wp-content\/uploads\/2024\/03\/Solutii-Universala-e1778501973484.png","type":"image\/png"}],"twitter_card":"summary_large_image","twitter_misc":{"Becs\u00fclt olvas\u00e1si id\u0151":"1 perc"},"schema":{"@context":"https:\/\/schema.org","@graph":[{"@type":"WebPage","@id":"https:\/\/bacsiszerek.ro\/bacsi-szerek-altalanos-felulet-tisztitoszer-750ml\/","url":"https:\/\/bacsiszerek.ro\/bacsi-szerek-altalanos-felulet-tisztitoszer-750ml\/","name":"Solu\u021bie universal\u0103 pentru suprafe\u021be B\u00e1csi Szerek 750ml - bacsiszerek.ro","isPartOf":{"@id":"https:\/\/bacsiszerek.ro\/#website"},"primaryImageOfPage":{"@id":"https:\/\/bacsiszerek.ro\/bacsi-szerek-altalanos-felulet-tisztitoszer-750ml\/#primaryimage"},"image":{"@id":"https:\/\/bacsiszerek.ro\/bacsi-szerek-altalanos-felulet-tisztitoszer-750ml\/#primaryimage"},"thumbnailUrl":"https:\/\/bacsiszerek.ro\/wp-content\/uploads\/2024\/03\/Solutii-Universala-e1778501973484.png","datePublished":"2024-03-27T08:49:28+00:00","dateModified":"2026-05-11T12:20:10+00:00","breadcrumb":{"@id":"https:\/\/bacsiszerek.ro\/bacsi-szerek-altalanos-felulet-tisztitoszer-750ml\/#breadcrumb"},"inLanguage":"hu","potentialAction":[{"@type":"ReadAction","target":["https:\/\/bacsiszerek.ro\/bacsi-szerek-altalanos-felulet-tisztitoszer-750ml\/"]}]},{"@type":"ImageObject","inLanguage":"hu","@id":"https:\/\/bacsiszerek.ro\/bacsi-szerek-altalanos-felulet-tisztitoszer-750ml\/#primaryimage","url":"https:\/\/bacsiszerek.ro\/wp-content\/uploads\/2024\/03\/Solutii-Universala-e1778501973484.png","contentUrl":"https:\/\/bacsiszerek.ro\/wp-content\/uploads\/2024\/03\/Solutii-Universala-e1778501973484.png","width":1500,"height":1500},{"@type":"BreadcrumbList","@id":"https:\/\/bacsiszerek.ro\/bacsi-szerek-altalanos-felulet-tisztitoszer-750ml\/#breadcrumb","itemListElement":[{"@type":"ListItem","position":1,"name":"Prima pagin\u0103","item":"https:\/\/bacsiszerek.ro\/"},{"@type":"ListItem","position":2,"name":"Magazin","item":"https:\/\/bacsiszerek.ro\/magazin\/"},{"@type":"ListItem","position":3,"name":"Solu\u021bie universal\u0103 pentru suprafe\u021be B\u00e1csi Szerek 750ml"}]},{"@type":"WebSite","@id":"https:\/\/bacsiszerek.ro\/#website","url":"https:\/\/bacsiszerek.ro\/","name":"bacsiszerek.ro","description":"Egy szebb, illatosabb \u00e9s tiszt\u00e1bb vil\u00e1g\u00e9rt!","publisher":{"@id":"https:\/\/bacsiszerek.ro\/#organization"},"potentialAction":[{"@type":"SearchAction","target":{"@type":"EntryPoint","urlTemplate":"https:\/\/bacsiszerek.ro\/?s={search_term_string}"},"query-input":{"@type":"PropertyValueSpecification","valueRequired":true,"valueName":"search_term_string"}}],"inLanguage":"hu"},{"@type":"Organization","@id":"https:\/\/bacsiszerek.ro\/#organization","name":"bacsiszerek.ro","url":"https:\/\/bacsiszerek.ro\/","logo":{"@type":"ImageObject","inLanguage":"hu","@id":"https:\/\/bacsiszerek.ro\/#\/schema\/logo\/image\/","url":"https:\/\/bacsiszerek.ro\/wp-content\/uploads\/2023\/08\/cropped-Bacsi-Szerek_red-min-1-1.png","contentUrl":"https:\/\/bacsiszerek.ro\/wp-content\/uploads\/2023\/08\/cropped-Bacsi-Szerek_red-min-1-1.png","width":350,"height":64,"caption":"bacsiszerek.ro"},"image":{"@id":"https:\/\/bacsiszerek.ro\/#\/schema\/logo\/image\/"}}]}},"jetpack_sharing_enabled":true,"_links":{"self":[{"href":"https:\/\/bacsiszerek.ro\/hu\/wp-json\/wp\/v2\/product\/3068","targetHints":{"allow":["GET"]}}],"collection":[{"href":"https:\/\/bacsiszerek.ro\/hu\/wp-json\/wp\/v2\/product"}],"about":[{"href":"https:\/\/bacsiszerek.ro\/hu\/wp-json\/wp\/v2\/types\/product"}],"replies":[{"embeddable":true,"href":"https:\/\/bacsiszerek.ro\/hu\/wp-json\/wp\/v2\/comments?post=3068"}],"wp:featuredmedia":[{"embeddable":true,"href":"https:\/\/bacsiszerek.ro\/hu\/wp-json\/wp\/v2\/media\/3162"}],"wp:attachment":[{"href":"https:\/\/bacsiszerek.ro\/hu\/wp-json\/wp\/v2\/media?parent=3068"}],"wp:term":[{"taxonomy":"product_brand","embeddable":true,"href":"https:\/\/bacsiszerek.ro\/hu\/wp-json\/wp\/v2\/product_brand?post=3068"},{"taxonomy":"product_cat","embeddable":true,"href":"https:\/\/bacsiszerek.ro\/hu\/wp-json\/wp\/v2\/product_cat?post=3068"},{"taxonomy":"product_tag","embeddable":true,"href":"https:\/\/bacsiszerek.ro\/hu\/wp-json\/wp\/v2\/product_tag?post=3068"}],"curies":[{"name":"wp","href":"https:\/\/api.w.org\/{rel}","templated":true}]}}