{"id":3066,"date":"2024-03-27T08:49:27","date_gmt":"2024-03-27T08:49:27","guid":{"rendered":"https:\/\/bacsiszerek.ro\/bacsi-szerek-furoszobai-tisztitoszer-750ml\/"},"modified":"2026-05-11T14:40:23","modified_gmt":"2026-05-11T12:40:23","slug":"bacsi-szerek-furoszobai-tisztitoszer-750ml","status":"publish","type":"product","link":"https:\/\/bacsiszerek.ro\/hu\/bacsi-szerek-furoszobai-tisztitoszer-750ml\/","title":{"rendered":"B\u00e1csi Szerek f\u00fcrd\u0151szobai tiszt\u00edt\u00f3szer 750ml"},"content":{"rendered":"<p>A B\u00e1csi Szerek f\u00fcd\u0151szobai tiszt\u00edt\u00f3szer a f\u00fcld\u00f6szobai fel\u00fcletek tiszti\u00e1s\u00e1ra lett kifejlesztve. Haszn\u00e1lhat\u00f3 mosd\u00f3kaagyl\u00f3, csempe, csapok stb. Tiszt\u00edt, illatos\u00edt \u00e9s nem rong\u00e1lja az \u00e9rz\u00e9keny fel\u00fcleteket.<br \/>\nHogyan haszn\u00e1ljuk: permetez\u00fck a tiszt\u00edtani kiv\u00e1nt fel\u00fcletre majd pap\u00edr vagy textil t\u00f6rl\u0151kend\u0151vel t\u00f6r\u00f6lj\u00fck sz\u00e1razra.<br \/>\nK\u00c9SZ\u00dcLT SOK SZERETETTEL. \u2764\ufe0f<br \/>\nEGY SZEBB, ILLATOSABB \u00c9S TISZT\u00c1BB VIL\u00c1G\u00c9RT!<\/p>","protected":false},"excerpt":{"rendered":"<p>Solu\u021bia pentru spa\u021bii sanitare B\u00e1csi Szerek este un detergent conceput pentru cur\u0103\u021barea \u0219i \u00eentre\u021binerea suprafe\u021belor din b\u0103i. Poate fi folosit pe chiuvete, faian\u021b\u0103, robine\u021bi etc. Cur\u0103\u021b\u0103, parfumeaz\u0103 \u0219i nu atac\u0103 suprafe\u021bele sensibile. Folosire: se pulverizeaz\u0103 pe suprafe\u021bele murdare dup\u0103 care se \u0219terge cu o lavet\u0103 curat\u0103. PRODUS CU DRAG. \u2764\ufe0f PENTRU O LUME MAI FRUMOAS\u0102,&hellip;&nbsp;<a href=\"https:\/\/bacsiszerek.ro\/hu\/bacsi-szerek-furoszobai-tisztitoszer-750ml\/\" rel=\"bookmark\">Read More &raquo;<span class=\"screen-reader-text\">B\u00e1csi Szerek f\u00fcrd\u0151szobai tiszt\u00edt\u00f3szer 750ml<\/span><\/a><\/p>","protected":false},"featured_media":3163,"comment_status":"open","ping_status":"closed","template":"","meta":{"neve_meta_sidebar":"","neve_meta_container":"","neve_meta_enable_content_width":"off","neve_meta_content_width":70,"neve_meta_title_alignment":"","neve_meta_author_avatar":"","neve_post_elements_order":"","neve_meta_disable_header":"","neve_meta_disable_footer":"","neve_meta_disable_title":""},"product_brand":[],"product_cat":[133],"product_tag":[],"class_list":{"0":"post-3066","1":"product","2":"type-product","3":"status-publish","4":"has-post-thumbnail","6":"product_cat-detergenti-suprafete","8":"first","9":"instock","10":"shipping-taxable","11":"purchasable","12":"product-type-simple"},"yoast_head":"<!-- This site is optimized with the Yoast SEO plugin v27.1.1 - https:\/\/yoast.com\/product\/yoast-seo-wordpress\/ -->\n<title>Solu\u021bie pentru spa\u021bii sanitare B\u00e1csi Szerek 750ml - bacsiszerek.ro<\/title>\n<meta name=\"robots\" content=\"index, follow, max-snippet:-1, max-image-preview:large, max-video-preview:-1\" \/>\n<link rel=\"canonical\" href=\"https:\/\/bacsiszerek.ro\/hu\/bacsi-szerek-furoszobai-tisztitoszer-750ml\/\" \/>\n<meta property=\"og:locale\" content=\"hu_HU\" \/>\n<meta property=\"og:type\" content=\"article\" \/>\n<meta property=\"og:title\" content=\"Solu\u021bie pentru spa\u021bii sanitare B\u00e1csi Szerek 750ml - bacsiszerek.ro\" \/>\n<meta property=\"og:description\" content=\"Solu\u021bia pentru spa\u021bii sanitare B\u00e1csi Szerek este un detergent conceput pentru cur\u0103\u021barea \u0219i \u00eentre\u021binerea suprafe\u021belor din b\u0103i. Poate fi folosit pe chiuvete, faian\u021b\u0103, robine\u021bi etc. Cur\u0103\u021b\u0103, parfumeaz\u0103 \u0219i nu atac\u0103 suprafe\u021bele sensibile. Folosire: se pulverizeaz\u0103 pe suprafe\u021bele murdare dup\u0103 care se \u0219terge cu o lavet\u0103 curat\u0103. PRODUS CU DRAG. \u2764\ufe0f PENTRU O LUME MAI FRUMOAS\u0102,&hellip;&nbsp;Read More &raquo;Solu\u021bie pentru spa\u021bii sanitare B\u00e1csi Szerek 750ml\" \/>\n<meta property=\"og:url\" content=\"https:\/\/bacsiszerek.ro\/hu\/bacsi-szerek-furoszobai-tisztitoszer-750ml\/\" \/>\n<meta property=\"og:site_name\" content=\"bacsiszerek.ro\" \/>\n<meta property=\"article:modified_time\" content=\"2026-05-11T12:40:23+00:00\" \/>\n<meta property=\"og:image\" content=\"https:\/\/bacsiszerek.ro\/wp-content\/uploads\/2024\/03\/Solutii-Spatii-Sanitare-e1778502926190.png\" \/>\n\t<meta property=\"og:image:width\" content=\"1500\" \/>\n\t<meta property=\"og:image:height\" content=\"1500\" \/>\n\t<meta property=\"og:image:type\" content=\"image\/png\" \/>\n<meta name=\"twitter:card\" content=\"summary_large_image\" \/>\n<meta name=\"twitter:label1\" content=\"Becs\u00fclt olvas\u00e1si id\u0151\" \/>\n\t<meta name=\"twitter:data1\" content=\"1 perc\" \/>\n<script type=\"application\/ld+json\" class=\"yoast-schema-graph\">{\"@context\":\"https:\/\/schema.org\",\"@graph\":[{\"@type\":\"WebPage\",\"@id\":\"https:\/\/bacsiszerek.ro\/bacsi-szerek-furoszobai-tisztitoszer-750ml\/\",\"url\":\"https:\/\/bacsiszerek.ro\/bacsi-szerek-furoszobai-tisztitoszer-750ml\/\",\"name\":\"Solu\u021bie pentru spa\u021bii sanitare B\u00e1csi Szerek 750ml - bacsiszerek.ro\",\"isPartOf\":{\"@id\":\"https:\/\/bacsiszerek.ro\/#website\"},\"primaryImageOfPage\":{\"@id\":\"https:\/\/bacsiszerek.ro\/bacsi-szerek-furoszobai-tisztitoszer-750ml\/#primaryimage\"},\"image\":{\"@id\":\"https:\/\/bacsiszerek.ro\/bacsi-szerek-furoszobai-tisztitoszer-750ml\/#primaryimage\"},\"thumbnailUrl\":\"https:\/\/bacsiszerek.ro\/wp-content\/uploads\/2024\/03\/Solutii-Spatii-Sanitare-e1778502926190.png\",\"datePublished\":\"2024-03-27T08:49:27+00:00\",\"dateModified\":\"2026-05-11T12:40:23+00:00\",\"breadcrumb\":{\"@id\":\"https:\/\/bacsiszerek.ro\/bacsi-szerek-furoszobai-tisztitoszer-750ml\/#breadcrumb\"},\"inLanguage\":\"hu\",\"potentialAction\":[{\"@type\":\"ReadAction\",\"target\":[\"https:\/\/bacsiszerek.ro\/bacsi-szerek-furoszobai-tisztitoszer-750ml\/\"]}]},{\"@type\":\"ImageObject\",\"inLanguage\":\"hu\",\"@id\":\"https:\/\/bacsiszerek.ro\/bacsi-szerek-furoszobai-tisztitoszer-750ml\/#primaryimage\",\"url\":\"https:\/\/bacsiszerek.ro\/wp-content\/uploads\/2024\/03\/Solutii-Spatii-Sanitare-e1778502926190.png\",\"contentUrl\":\"https:\/\/bacsiszerek.ro\/wp-content\/uploads\/2024\/03\/Solutii-Spatii-Sanitare-e1778502926190.png\",\"width\":1500,\"height\":1500},{\"@type\":\"BreadcrumbList\",\"@id\":\"https:\/\/bacsiszerek.ro\/bacsi-szerek-furoszobai-tisztitoszer-750ml\/#breadcrumb\",\"itemListElement\":[{\"@type\":\"ListItem\",\"position\":1,\"name\":\"Prima pagin\u0103\",\"item\":\"https:\/\/bacsiszerek.ro\/\"},{\"@type\":\"ListItem\",\"position\":2,\"name\":\"Magazin\",\"item\":\"https:\/\/bacsiszerek.ro\/magazin\/\"},{\"@type\":\"ListItem\",\"position\":3,\"name\":\"Solu\u021bie pentru spa\u021bii sanitare B\u00e1csi Szerek 750ml\"}]},{\"@type\":\"WebSite\",\"@id\":\"https:\/\/bacsiszerek.ro\/#website\",\"url\":\"https:\/\/bacsiszerek.ro\/\",\"name\":\"bacsiszerek.ro\",\"description\":\"Egy szebb, illatosabb \u00e9s tiszt\u00e1bb vil\u00e1g\u00e9rt!\",\"publisher\":{\"@id\":\"https:\/\/bacsiszerek.ro\/#organization\"},\"potentialAction\":[{\"@type\":\"SearchAction\",\"target\":{\"@type\":\"EntryPoint\",\"urlTemplate\":\"https:\/\/bacsiszerek.ro\/?s={search_term_string}\"},\"query-input\":{\"@type\":\"PropertyValueSpecification\",\"valueRequired\":true,\"valueName\":\"search_term_string\"}}],\"inLanguage\":\"hu\"},{\"@type\":\"Organization\",\"@id\":\"https:\/\/bacsiszerek.ro\/#organization\",\"name\":\"bacsiszerek.ro\",\"url\":\"https:\/\/bacsiszerek.ro\/\",\"logo\":{\"@type\":\"ImageObject\",\"inLanguage\":\"hu\",\"@id\":\"https:\/\/bacsiszerek.ro\/#\/schema\/logo\/image\/\",\"url\":\"https:\/\/bacsiszerek.ro\/wp-content\/uploads\/2023\/08\/cropped-Bacsi-Szerek_red-min-1-1.png\",\"contentUrl\":\"https:\/\/bacsiszerek.ro\/wp-content\/uploads\/2023\/08\/cropped-Bacsi-Szerek_red-min-1-1.png\",\"width\":350,\"height\":64,\"caption\":\"bacsiszerek.ro\"},\"image\":{\"@id\":\"https:\/\/bacsiszerek.ro\/#\/schema\/logo\/image\/\"}}]}<\/script>\n<!-- \/ Yoast SEO plugin. -->","yoast_head_json":{"title":"Solu\u021bie pentru spa\u021bii sanitare B\u00e1csi Szerek 750ml - bacsiszerek.ro","robots":{"index":"index","follow":"follow","max-snippet":"max-snippet:-1","max-image-preview":"max-image-preview:large","max-video-preview":"max-video-preview:-1"},"canonical":"https:\/\/bacsiszerek.ro\/hu\/bacsi-szerek-furoszobai-tisztitoszer-750ml\/","og_locale":"hu_HU","og_type":"article","og_title":"Solu\u021bie pentru spa\u021bii sanitare B\u00e1csi Szerek 750ml - bacsiszerek.ro","og_description":"Solu\u021bia pentru spa\u021bii sanitare B\u00e1csi Szerek este un detergent conceput pentru cur\u0103\u021barea \u0219i \u00eentre\u021binerea suprafe\u021belor din b\u0103i. Poate fi folosit pe chiuvete, faian\u021b\u0103, robine\u021bi etc. Cur\u0103\u021b\u0103, parfumeaz\u0103 \u0219i nu atac\u0103 suprafe\u021bele sensibile. Folosire: se pulverizeaz\u0103 pe suprafe\u021bele murdare dup\u0103 care se \u0219terge cu o lavet\u0103 curat\u0103. PRODUS CU DRAG. \u2764\ufe0f PENTRU O LUME MAI FRUMOAS\u0102,&hellip;&nbsp;Read More &raquo;Solu\u021bie pentru spa\u021bii sanitare B\u00e1csi Szerek 750ml","og_url":"https:\/\/bacsiszerek.ro\/hu\/bacsi-szerek-furoszobai-tisztitoszer-750ml\/","og_site_name":"bacsiszerek.ro","article_modified_time":"2026-05-11T12:40:23+00:00","og_image":[{"width":1500,"height":1500,"url":"https:\/\/bacsiszerek.ro\/wp-content\/uploads\/2024\/03\/Solutii-Spatii-Sanitare-e1778502926190.png","type":"image\/png"}],"twitter_card":"summary_large_image","twitter_misc":{"Becs\u00fclt olvas\u00e1si id\u0151":"1 perc"},"schema":{"@context":"https:\/\/schema.org","@graph":[{"@type":"WebPage","@id":"https:\/\/bacsiszerek.ro\/bacsi-szerek-furoszobai-tisztitoszer-750ml\/","url":"https:\/\/bacsiszerek.ro\/bacsi-szerek-furoszobai-tisztitoszer-750ml\/","name":"Solu\u021bie pentru spa\u021bii sanitare B\u00e1csi Szerek 750ml - bacsiszerek.ro","isPartOf":{"@id":"https:\/\/bacsiszerek.ro\/#website"},"primaryImageOfPage":{"@id":"https:\/\/bacsiszerek.ro\/bacsi-szerek-furoszobai-tisztitoszer-750ml\/#primaryimage"},"image":{"@id":"https:\/\/bacsiszerek.ro\/bacsi-szerek-furoszobai-tisztitoszer-750ml\/#primaryimage"},"thumbnailUrl":"https:\/\/bacsiszerek.ro\/wp-content\/uploads\/2024\/03\/Solutii-Spatii-Sanitare-e1778502926190.png","datePublished":"2024-03-27T08:49:27+00:00","dateModified":"2026-05-11T12:40:23+00:00","breadcrumb":{"@id":"https:\/\/bacsiszerek.ro\/bacsi-szerek-furoszobai-tisztitoszer-750ml\/#breadcrumb"},"inLanguage":"hu","potentialAction":[{"@type":"ReadAction","target":["https:\/\/bacsiszerek.ro\/bacsi-szerek-furoszobai-tisztitoszer-750ml\/"]}]},{"@type":"ImageObject","inLanguage":"hu","@id":"https:\/\/bacsiszerek.ro\/bacsi-szerek-furoszobai-tisztitoszer-750ml\/#primaryimage","url":"https:\/\/bacsiszerek.ro\/wp-content\/uploads\/2024\/03\/Solutii-Spatii-Sanitare-e1778502926190.png","contentUrl":"https:\/\/bacsiszerek.ro\/wp-content\/uploads\/2024\/03\/Solutii-Spatii-Sanitare-e1778502926190.png","width":1500,"height":1500},{"@type":"BreadcrumbList","@id":"https:\/\/bacsiszerek.ro\/bacsi-szerek-furoszobai-tisztitoszer-750ml\/#breadcrumb","itemListElement":[{"@type":"ListItem","position":1,"name":"Prima pagin\u0103","item":"https:\/\/bacsiszerek.ro\/"},{"@type":"ListItem","position":2,"name":"Magazin","item":"https:\/\/bacsiszerek.ro\/magazin\/"},{"@type":"ListItem","position":3,"name":"Solu\u021bie pentru spa\u021bii sanitare B\u00e1csi Szerek 750ml"}]},{"@type":"WebSite","@id":"https:\/\/bacsiszerek.ro\/#website","url":"https:\/\/bacsiszerek.ro\/","name":"bacsiszerek.ro","description":"Egy szebb, illatosabb \u00e9s tiszt\u00e1bb vil\u00e1g\u00e9rt!","publisher":{"@id":"https:\/\/bacsiszerek.ro\/#organization"},"potentialAction":[{"@type":"SearchAction","target":{"@type":"EntryPoint","urlTemplate":"https:\/\/bacsiszerek.ro\/?s={search_term_string}"},"query-input":{"@type":"PropertyValueSpecification","valueRequired":true,"valueName":"search_term_string"}}],"inLanguage":"hu"},{"@type":"Organization","@id":"https:\/\/bacsiszerek.ro\/#organization","name":"bacsiszerek.ro","url":"https:\/\/bacsiszerek.ro\/","logo":{"@type":"ImageObject","inLanguage":"hu","@id":"https:\/\/bacsiszerek.ro\/#\/schema\/logo\/image\/","url":"https:\/\/bacsiszerek.ro\/wp-content\/uploads\/2023\/08\/cropped-Bacsi-Szerek_red-min-1-1.png","contentUrl":"https:\/\/bacsiszerek.ro\/wp-content\/uploads\/2023\/08\/cropped-Bacsi-Szerek_red-min-1-1.png","width":350,"height":64,"caption":"bacsiszerek.ro"},"image":{"@id":"https:\/\/bacsiszerek.ro\/#\/schema\/logo\/image\/"}}]}},"jetpack_sharing_enabled":true,"_links":{"self":[{"href":"https:\/\/bacsiszerek.ro\/hu\/wp-json\/wp\/v2\/product\/3066","targetHints":{"allow":["GET"]}}],"collection":[{"href":"https:\/\/bacsiszerek.ro\/hu\/wp-json\/wp\/v2\/product"}],"about":[{"href":"https:\/\/bacsiszerek.ro\/hu\/wp-json\/wp\/v2\/types\/product"}],"replies":[{"embeddable":true,"href":"https:\/\/bacsiszerek.ro\/hu\/wp-json\/wp\/v2\/comments?post=3066"}],"wp:featuredmedia":[{"embeddable":true,"href":"https:\/\/bacsiszerek.ro\/hu\/wp-json\/wp\/v2\/media\/3163"}],"wp:attachment":[{"href":"https:\/\/bacsiszerek.ro\/hu\/wp-json\/wp\/v2\/media?parent=3066"}],"wp:term":[{"taxonomy":"product_brand","embeddable":true,"href":"https:\/\/bacsiszerek.ro\/hu\/wp-json\/wp\/v2\/product_brand?post=3066"},{"taxonomy":"product_cat","embeddable":true,"href":"https:\/\/bacsiszerek.ro\/hu\/wp-json\/wp\/v2\/product_cat?post=3066"},{"taxonomy":"product_tag","embeddable":true,"href":"https:\/\/bacsiszerek.ro\/hu\/wp-json\/wp\/v2\/product_tag?post=3066"}],"curies":[{"name":"wp","href":"https:\/\/api.w.org\/{rel}","templated":true}]}}