{"id":3058,"date":"2024-03-27T08:49:22","date_gmt":"2024-03-27T08:49:22","guid":{"rendered":"https:\/\/bacsiszerek.ro\/bacsi-szerek-grapefruit-mosogatoszer-3l\/"},"modified":"2026-05-11T13:05:50","modified_gmt":"2026-05-11T11:05:50","slug":"bacsi-szerek-grapefruit-mosogatoszer-3l","status":"publish","type":"product","link":"https:\/\/bacsiszerek.ro\/hu\/bacsi-szerek-grapefruit-mosogatoszer-3l\/","title":{"rendered":"B\u00e1csi Szerek Grapefruit mos\u00f3gat\u00f3szer 3L"},"content":{"rendered":"<p>A B\u00e1csi Szerek mosogat\u00f3szer egy var\u00e1zslatos recepttel rendelkezik, amely megbirk\u00f3zik a koszos ed\u00e9nyekkel \u00e9s ev\u0151eszk\u00f6z\u00f6kkel. A recept megalkot\u00e1sakor, meghallgattuk a szorgos h\u00e1ziasszonyok tan\u00e1csait, akik nap, mint nap haszn\u00e1lj\u00e1k. Hozz\u00e1 adtunk egy kis zs\u00edroldott, extra habz\u00e1st, glicerint a selymes kezek\u00e9rt \u00e9s sok-sok szerettetett. B\u00e1csi Szerek-et saj\u00e1t kez\u0171leg k\u00e9sz\u00edtj\u00fck a g\u00e9pjeinkkel kar\u00f6ltve; \u00edgy eredetis\u00e9get \u00e9s szeretetett helyez\u00fcnk a term\u00e9keinkbe.<br \/>\nRendelhet\u0151 citrom, alma \u00e9s gr\u00e9pfr\u00fat illatal.<br \/>\nHogyan haszn\u00e1ljuk: n\u00e9h\u00e1ny csepp a mosogat\u00f3 szivacsra \u00e9s a var\u00e1zslat megjelenik.<br \/>\nK\u00c9SZ\u00dcLT SOK SZERETETTEL. \u2764\ufe0f<br \/>\nEGY SZEBB, ILLATOSABB \u00c9S TISZT\u00c1BB VIL\u00c1G\u00c9RT!<\/p>","protected":false},"excerpt":{"rendered":"<p>Detergentul pentru sp\u0103lat vase B\u00e1csi Szerek este un produs cu o formul\u0103 magic\u0103 de cur\u0103\u021bare a vaselor \u0219i a tac\u00e2murilor murdare. La \u00eentocmirea acestei re\u021bete efectiv ne-am folosit de sfaturile date de c\u0103tre gospdinele harnice care folosesc detergen\u021bi zilnic. Am ad\u0103ugat pu\u021bin degresant, extra spumare, glicerin\u0103 pentru m\u00e2ini fine \u0219i mult\u0103, mult\u0103 iubire. Detergentul pentru&hellip;&nbsp;<a href=\"https:\/\/bacsiszerek.ro\/hu\/bacsi-szerek-grapefruit-mosogatoszer-3l\/\" rel=\"bookmark\">Read More &raquo;<span class=\"screen-reader-text\">B\u00e1csi Szerek Grapefruit mos\u00f3gat\u00f3szer 3L<\/span><\/a><\/p>","protected":false},"featured_media":3167,"comment_status":"open","ping_status":"closed","template":"","meta":{"neve_meta_sidebar":"","neve_meta_container":"","neve_meta_enable_content_width":"off","neve_meta_content_width":70,"neve_meta_title_alignment":"","neve_meta_author_avatar":"","neve_post_elements_order":"","neve_meta_disable_header":"","neve_meta_disable_footer":"","neve_meta_disable_title":""},"product_brand":[],"product_cat":[134],"product_tag":[],"class_list":{"0":"post-3058","1":"product","2":"type-product","3":"status-publish","4":"has-post-thumbnail","6":"product_cat-detergent-vase","8":"first","9":"instock","10":"shipping-taxable","11":"purchasable","12":"product-type-simple"},"yoast_head":"<!-- This site is optimized with the Yoast SEO plugin v27.1.1 - https:\/\/yoast.com\/product\/yoast-seo-wordpress\/ -->\n<title>Detergent pentru sp\u0103lat vase B\u00e1csi Szerek Grapefruit 3L - bacsiszerek.ro<\/title>\n<meta name=\"robots\" content=\"index, follow, max-snippet:-1, max-image-preview:large, max-video-preview:-1\" \/>\n<link rel=\"canonical\" href=\"https:\/\/bacsiszerek.ro\/hu\/bacsi-szerek-grapefruit-mosogatoszer-3l\/\" \/>\n<meta property=\"og:locale\" content=\"hu_HU\" \/>\n<meta property=\"og:type\" content=\"article\" \/>\n<meta property=\"og:title\" content=\"Detergent pentru sp\u0103lat vase B\u00e1csi Szerek Grapefruit 3L - bacsiszerek.ro\" \/>\n<meta property=\"og:description\" content=\"Detergentul pentru sp\u0103lat vase B\u00e1csi Szerek este un produs cu o formul\u0103 magic\u0103 de cur\u0103\u021bare a vaselor \u0219i a tac\u00e2murilor murdare. La \u00eentocmirea acestei re\u021bete efectiv ne-am folosit de sfaturile date de c\u0103tre gospdinele harnice care folosesc detergen\u021bi zilnic. Am ad\u0103ugat pu\u021bin degresant, extra spumare, glicerin\u0103 pentru m\u00e2ini fine \u0219i mult\u0103, mult\u0103 iubire. Detergentul pentru&hellip;&nbsp;Read More &raquo;Detergent pentru sp\u0103lat vase B\u00e1csi Szerek Grapefruit 3L\" \/>\n<meta property=\"og:url\" content=\"https:\/\/bacsiszerek.ro\/hu\/bacsi-szerek-grapefruit-mosogatoszer-3l\/\" \/>\n<meta property=\"og:site_name\" content=\"bacsiszerek.ro\" \/>\n<meta property=\"article:modified_time\" content=\"2026-05-11T11:05:50+00:00\" \/>\n<meta property=\"og:image\" content=\"https:\/\/bacsiszerek.ro\/wp-content\/uploads\/2024\/03\/Detergent-Vase-3L-Grapefruit-1024x1024.png\" \/>\n\t<meta property=\"og:image:width\" content=\"1024\" \/>\n\t<meta property=\"og:image:height\" content=\"1024\" \/>\n\t<meta property=\"og:image:type\" content=\"image\/png\" \/>\n<meta name=\"twitter:card\" content=\"summary_large_image\" \/>\n<meta name=\"twitter:label1\" content=\"Becs\u00fclt olvas\u00e1si id\u0151\" \/>\n\t<meta name=\"twitter:data1\" content=\"1 perc\" \/>\n<script type=\"application\/ld+json\" class=\"yoast-schema-graph\">{\"@context\":\"https:\/\/schema.org\",\"@graph\":[{\"@type\":\"WebPage\",\"@id\":\"https:\/\/bacsiszerek.ro\/bacsi-szerek-grapefruit-mosogatoszer-3l\/\",\"url\":\"https:\/\/bacsiszerek.ro\/bacsi-szerek-grapefruit-mosogatoszer-3l\/\",\"name\":\"Detergent pentru sp\u0103lat vase B\u00e1csi Szerek Grapefruit 3L - bacsiszerek.ro\",\"isPartOf\":{\"@id\":\"https:\/\/bacsiszerek.ro\/#website\"},\"primaryImageOfPage\":{\"@id\":\"https:\/\/bacsiszerek.ro\/bacsi-szerek-grapefruit-mosogatoszer-3l\/#primaryimage\"},\"image\":{\"@id\":\"https:\/\/bacsiszerek.ro\/bacsi-szerek-grapefruit-mosogatoszer-3l\/#primaryimage\"},\"thumbnailUrl\":\"https:\/\/bacsiszerek.ro\/wp-content\/uploads\/2024\/03\/Detergent-Vase-3L-Grapefruit-e1778497514333.png\",\"datePublished\":\"2024-03-27T08:49:22+00:00\",\"dateModified\":\"2026-05-11T11:05:50+00:00\",\"breadcrumb\":{\"@id\":\"https:\/\/bacsiszerek.ro\/bacsi-szerek-grapefruit-mosogatoszer-3l\/#breadcrumb\"},\"inLanguage\":\"hu\",\"potentialAction\":[{\"@type\":\"ReadAction\",\"target\":[\"https:\/\/bacsiszerek.ro\/bacsi-szerek-grapefruit-mosogatoszer-3l\/\"]}]},{\"@type\":\"ImageObject\",\"inLanguage\":\"hu\",\"@id\":\"https:\/\/bacsiszerek.ro\/bacsi-szerek-grapefruit-mosogatoszer-3l\/#primaryimage\",\"url\":\"https:\/\/bacsiszerek.ro\/wp-content\/uploads\/2024\/03\/Detergent-Vase-3L-Grapefruit-e1778497514333.png\",\"contentUrl\":\"https:\/\/bacsiszerek.ro\/wp-content\/uploads\/2024\/03\/Detergent-Vase-3L-Grapefruit-e1778497514333.png\",\"width\":1500,\"height\":1500},{\"@type\":\"BreadcrumbList\",\"@id\":\"https:\/\/bacsiszerek.ro\/bacsi-szerek-grapefruit-mosogatoszer-3l\/#breadcrumb\",\"itemListElement\":[{\"@type\":\"ListItem\",\"position\":1,\"name\":\"Prima pagin\u0103\",\"item\":\"https:\/\/bacsiszerek.ro\/\"},{\"@type\":\"ListItem\",\"position\":2,\"name\":\"Magazin\",\"item\":\"https:\/\/bacsiszerek.ro\/magazin\/\"},{\"@type\":\"ListItem\",\"position\":3,\"name\":\"Detergent pentru sp\u0103lat vase B\u00e1csi Szerek Grapefruit 3L\"}]},{\"@type\":\"WebSite\",\"@id\":\"https:\/\/bacsiszerek.ro\/#website\",\"url\":\"https:\/\/bacsiszerek.ro\/\",\"name\":\"bacsiszerek.ro\",\"description\":\"Egy szebb, illatosabb \u00e9s tiszt\u00e1bb vil\u00e1g\u00e9rt!\",\"publisher\":{\"@id\":\"https:\/\/bacsiszerek.ro\/#organization\"},\"potentialAction\":[{\"@type\":\"SearchAction\",\"target\":{\"@type\":\"EntryPoint\",\"urlTemplate\":\"https:\/\/bacsiszerek.ro\/?s={search_term_string}\"},\"query-input\":{\"@type\":\"PropertyValueSpecification\",\"valueRequired\":true,\"valueName\":\"search_term_string\"}}],\"inLanguage\":\"hu\"},{\"@type\":\"Organization\",\"@id\":\"https:\/\/bacsiszerek.ro\/#organization\",\"name\":\"bacsiszerek.ro\",\"url\":\"https:\/\/bacsiszerek.ro\/\",\"logo\":{\"@type\":\"ImageObject\",\"inLanguage\":\"hu\",\"@id\":\"https:\/\/bacsiszerek.ro\/#\/schema\/logo\/image\/\",\"url\":\"https:\/\/bacsiszerek.ro\/wp-content\/uploads\/2023\/08\/cropped-Bacsi-Szerek_red-min-1-1.png\",\"contentUrl\":\"https:\/\/bacsiszerek.ro\/wp-content\/uploads\/2023\/08\/cropped-Bacsi-Szerek_red-min-1-1.png\",\"width\":350,\"height\":64,\"caption\":\"bacsiszerek.ro\"},\"image\":{\"@id\":\"https:\/\/bacsiszerek.ro\/#\/schema\/logo\/image\/\"}}]}<\/script>\n<!-- \/ Yoast SEO plugin. -->","yoast_head_json":{"title":"Detergent pentru sp\u0103lat vase B\u00e1csi Szerek Grapefruit 3L - bacsiszerek.ro","robots":{"index":"index","follow":"follow","max-snippet":"max-snippet:-1","max-image-preview":"max-image-preview:large","max-video-preview":"max-video-preview:-1"},"canonical":"https:\/\/bacsiszerek.ro\/hu\/bacsi-szerek-grapefruit-mosogatoszer-3l\/","og_locale":"hu_HU","og_type":"article","og_title":"Detergent pentru sp\u0103lat vase B\u00e1csi Szerek Grapefruit 3L - bacsiszerek.ro","og_description":"Detergentul pentru sp\u0103lat vase B\u00e1csi Szerek este un produs cu o formul\u0103 magic\u0103 de cur\u0103\u021bare a vaselor \u0219i a tac\u00e2murilor murdare. La \u00eentocmirea acestei re\u021bete efectiv ne-am folosit de sfaturile date de c\u0103tre gospdinele harnice care folosesc detergen\u021bi zilnic. Am ad\u0103ugat pu\u021bin degresant, extra spumare, glicerin\u0103 pentru m\u00e2ini fine \u0219i mult\u0103, mult\u0103 iubire. Detergentul pentru&hellip;&nbsp;Read More &raquo;Detergent pentru sp\u0103lat vase B\u00e1csi Szerek Grapefruit 3L","og_url":"https:\/\/bacsiszerek.ro\/hu\/bacsi-szerek-grapefruit-mosogatoszer-3l\/","og_site_name":"bacsiszerek.ro","article_modified_time":"2026-05-11T11:05:50+00:00","og_image":[{"width":1024,"height":1024,"url":"https:\/\/bacsiszerek.ro\/wp-content\/uploads\/2024\/03\/Detergent-Vase-3L-Grapefruit-1024x1024.png","type":"image\/png"}],"twitter_card":"summary_large_image","twitter_misc":{"Becs\u00fclt olvas\u00e1si id\u0151":"1 perc"},"schema":{"@context":"https:\/\/schema.org","@graph":[{"@type":"WebPage","@id":"https:\/\/bacsiszerek.ro\/bacsi-szerek-grapefruit-mosogatoszer-3l\/","url":"https:\/\/bacsiszerek.ro\/bacsi-szerek-grapefruit-mosogatoszer-3l\/","name":"Detergent pentru sp\u0103lat vase B\u00e1csi Szerek Grapefruit 3L - bacsiszerek.ro","isPartOf":{"@id":"https:\/\/bacsiszerek.ro\/#website"},"primaryImageOfPage":{"@id":"https:\/\/bacsiszerek.ro\/bacsi-szerek-grapefruit-mosogatoszer-3l\/#primaryimage"},"image":{"@id":"https:\/\/bacsiszerek.ro\/bacsi-szerek-grapefruit-mosogatoszer-3l\/#primaryimage"},"thumbnailUrl":"https:\/\/bacsiszerek.ro\/wp-content\/uploads\/2024\/03\/Detergent-Vase-3L-Grapefruit-e1778497514333.png","datePublished":"2024-03-27T08:49:22+00:00","dateModified":"2026-05-11T11:05:50+00:00","breadcrumb":{"@id":"https:\/\/bacsiszerek.ro\/bacsi-szerek-grapefruit-mosogatoszer-3l\/#breadcrumb"},"inLanguage":"hu","potentialAction":[{"@type":"ReadAction","target":["https:\/\/bacsiszerek.ro\/bacsi-szerek-grapefruit-mosogatoszer-3l\/"]}]},{"@type":"ImageObject","inLanguage":"hu","@id":"https:\/\/bacsiszerek.ro\/bacsi-szerek-grapefruit-mosogatoszer-3l\/#primaryimage","url":"https:\/\/bacsiszerek.ro\/wp-content\/uploads\/2024\/03\/Detergent-Vase-3L-Grapefruit-e1778497514333.png","contentUrl":"https:\/\/bacsiszerek.ro\/wp-content\/uploads\/2024\/03\/Detergent-Vase-3L-Grapefruit-e1778497514333.png","width":1500,"height":1500},{"@type":"BreadcrumbList","@id":"https:\/\/bacsiszerek.ro\/bacsi-szerek-grapefruit-mosogatoszer-3l\/#breadcrumb","itemListElement":[{"@type":"ListItem","position":1,"name":"Prima pagin\u0103","item":"https:\/\/bacsiszerek.ro\/"},{"@type":"ListItem","position":2,"name":"Magazin","item":"https:\/\/bacsiszerek.ro\/magazin\/"},{"@type":"ListItem","position":3,"name":"Detergent pentru sp\u0103lat vase B\u00e1csi Szerek Grapefruit 3L"}]},{"@type":"WebSite","@id":"https:\/\/bacsiszerek.ro\/#website","url":"https:\/\/bacsiszerek.ro\/","name":"bacsiszerek.ro","description":"Egy szebb, illatosabb \u00e9s tiszt\u00e1bb vil\u00e1g\u00e9rt!","publisher":{"@id":"https:\/\/bacsiszerek.ro\/#organization"},"potentialAction":[{"@type":"SearchAction","target":{"@type":"EntryPoint","urlTemplate":"https:\/\/bacsiszerek.ro\/?s={search_term_string}"},"query-input":{"@type":"PropertyValueSpecification","valueRequired":true,"valueName":"search_term_string"}}],"inLanguage":"hu"},{"@type":"Organization","@id":"https:\/\/bacsiszerek.ro\/#organization","name":"bacsiszerek.ro","url":"https:\/\/bacsiszerek.ro\/","logo":{"@type":"ImageObject","inLanguage":"hu","@id":"https:\/\/bacsiszerek.ro\/#\/schema\/logo\/image\/","url":"https:\/\/bacsiszerek.ro\/wp-content\/uploads\/2023\/08\/cropped-Bacsi-Szerek_red-min-1-1.png","contentUrl":"https:\/\/bacsiszerek.ro\/wp-content\/uploads\/2023\/08\/cropped-Bacsi-Szerek_red-min-1-1.png","width":350,"height":64,"caption":"bacsiszerek.ro"},"image":{"@id":"https:\/\/bacsiszerek.ro\/#\/schema\/logo\/image\/"}}]}},"jetpack_sharing_enabled":true,"_links":{"self":[{"href":"https:\/\/bacsiszerek.ro\/hu\/wp-json\/wp\/v2\/product\/3058","targetHints":{"allow":["GET"]}}],"collection":[{"href":"https:\/\/bacsiszerek.ro\/hu\/wp-json\/wp\/v2\/product"}],"about":[{"href":"https:\/\/bacsiszerek.ro\/hu\/wp-json\/wp\/v2\/types\/product"}],"replies":[{"embeddable":true,"href":"https:\/\/bacsiszerek.ro\/hu\/wp-json\/wp\/v2\/comments?post=3058"}],"wp:featuredmedia":[{"embeddable":true,"href":"https:\/\/bacsiszerek.ro\/hu\/wp-json\/wp\/v2\/media\/3167"}],"wp:attachment":[{"href":"https:\/\/bacsiszerek.ro\/hu\/wp-json\/wp\/v2\/media?parent=3058"}],"wp:term":[{"taxonomy":"product_brand","embeddable":true,"href":"https:\/\/bacsiszerek.ro\/hu\/wp-json\/wp\/v2\/product_brand?post=3058"},{"taxonomy":"product_cat","embeddable":true,"href":"https:\/\/bacsiszerek.ro\/hu\/wp-json\/wp\/v2\/product_cat?post=3058"},{"taxonomy":"product_tag","embeddable":true,"href":"https:\/\/bacsiszerek.ro\/hu\/wp-json\/wp\/v2\/product_tag?post=3058"}],"curies":[{"name":"wp","href":"https:\/\/api.w.org\/{rel}","templated":true}]}}