{"id":3048,"date":"2024-03-27T08:49:12","date_gmt":"2024-03-27T08:49:12","guid":{"rendered":"https:\/\/bacsiszerek.ro\/bacsi-szerek-parketta-tisztitoszer-1l\/"},"modified":"2026-05-01T00:02:54","modified_gmt":"2026-04-30T22:02:54","slug":"bacsi-szerek-parketta-tisztitoszer-1l","status":"publish","type":"product","link":"https:\/\/bacsiszerek.ro\/hu\/bacsi-szerek-parketta-tisztitoszer-1l\/","title":{"rendered":"B\u00e1csi Szerek parkettatiszt\u00edt\u00f3 1L"},"content":{"rendered":"<p>A B\u00e1csi Szerek parketta tiszt\u00edt\u00f3szer ide\u00e1lis a fa-, lamin\u00e1lt- \u00e9s parafa padlokra.<br \/>\nTiszt\u00edt \u00e9s f\u00e9nyes k\u00fcls\u0151t k\u00f6lcs\u00f6n\u00f6z a haszn\u00e1lt fel\u00fcleteknek.<br \/>\nHogyan haszn\u00e1ljuk: : 50-100ml szert adagoljunk egy v\u00f6d\u00f6r vizhez majd a felmos\u00f3seg\u00edts\u00e9g\u00e9vel mossuk fel a padl\u00f3t.<br \/>\nK\u00c9SZ\u00dcLT SOK SZERETETTEL. \u2764\ufe0f<br \/>\nEGY SZEBB, ILLATOSABB \u00c9S TISZT\u00c1BB VIL\u00c1G\u00c9RT!<\/p>","protected":false},"excerpt":{"rendered":"<p>Detergentul pentru sp\u0103lat parchet B\u00e1csi Szerek este un produs ideal pentru cur\u0103\u021barea \u0219i sp\u0103larea pardoselilor din parchet, lemn, parchet laminat sau plut\u0103. Cur\u0103\u021b\u0103 \u0219i totodat\u0103 ofer\u0103 un parfum curat \u0219i mult\u0103 str\u0103lucire suprafe\u021belor sp\u0103late. Folosire: se adaug\u0103 50-100ml de produs la o g\u0103leat\u0103 cu ap\u0103 dup\u0103 care se spal\u0103 cu mopul. PRODUS CU DRAG. \u2764\ufe0f&hellip;&nbsp;<a href=\"https:\/\/bacsiszerek.ro\/hu\/bacsi-szerek-parketta-tisztitoszer-1l\/\" rel=\"bookmark\">Read More &raquo;<span class=\"screen-reader-text\">B\u00e1csi Szerek parkettatiszt\u00edt\u00f3 1L<\/span><\/a><\/p>","protected":false},"featured_media":3047,"comment_status":"open","ping_status":"closed","template":"","meta":{"neve_meta_sidebar":"","neve_meta_container":"","neve_meta_enable_content_width":"off","neve_meta_content_width":70,"neve_meta_title_alignment":"","neve_meta_author_avatar":"","neve_post_elements_order":"","neve_meta_disable_header":"","neve_meta_disable_footer":"","neve_meta_disable_title":""},"product_brand":[],"product_cat":[133],"product_tag":[],"class_list":{"0":"post-3048","1":"product","2":"type-product","3":"status-publish","4":"has-post-thumbnail","6":"product_cat-detergenti-suprafete","8":"first","9":"instock","10":"shipping-taxable","11":"purchasable","12":"product-type-simple"},"yoast_head":"<!-- This site is optimized with the Yoast SEO plugin v27.1.1 - https:\/\/yoast.com\/product\/yoast-seo-wordpress\/ -->\n<title>Detergent parchet B\u00e1csi Szerek 1L - bacsiszerek.ro<\/title>\n<meta name=\"robots\" content=\"index, follow, max-snippet:-1, max-image-preview:large, max-video-preview:-1\" \/>\n<link rel=\"canonical\" href=\"https:\/\/bacsiszerek.ro\/hu\/bacsi-szerek-parketta-tisztitoszer-1l\/\" \/>\n<meta property=\"og:locale\" content=\"hu_HU\" \/>\n<meta property=\"og:type\" content=\"article\" \/>\n<meta property=\"og:title\" content=\"Detergent parchet B\u00e1csi Szerek 1L - bacsiszerek.ro\" \/>\n<meta property=\"og:description\" content=\"Detergentul pentru sp\u0103lat parchet B\u00e1csi Szerek este un produs ideal pentru cur\u0103\u021barea \u0219i sp\u0103larea pardoselilor din parchet, lemn, parchet laminat sau plut\u0103. Cur\u0103\u021b\u0103 \u0219i totodat\u0103 ofer\u0103 un parfum curat \u0219i mult\u0103 str\u0103lucire suprafe\u021belor sp\u0103late. Folosire: se adaug\u0103 50-100ml de produs la o g\u0103leat\u0103 cu ap\u0103 dup\u0103 care se spal\u0103 cu mopul. PRODUS CU DRAG. \u2764\ufe0f&hellip;&nbsp;Read More &raquo;Detergent parchet B\u00e1csi Szerek 1L\" \/>\n<meta property=\"og:url\" content=\"https:\/\/bacsiszerek.ro\/hu\/bacsi-szerek-parketta-tisztitoszer-1l\/\" \/>\n<meta property=\"og:site_name\" content=\"bacsiszerek.ro\" \/>\n<meta property=\"article:modified_time\" content=\"2026-04-30T22:02:54+00:00\" \/>\n<meta property=\"og:image\" content=\"https:\/\/bacsiszerek.ro\/wp-content\/uploads\/2024\/03\/BLNM1425.jpg\" \/>\n\t<meta property=\"og:image:width\" content=\"800\" \/>\n\t<meta property=\"og:image:height\" content=\"800\" \/>\n\t<meta property=\"og:image:type\" content=\"image\/jpeg\" \/>\n<meta name=\"twitter:card\" content=\"summary_large_image\" \/>\n<meta name=\"twitter:label1\" content=\"Becs\u00fclt olvas\u00e1si id\u0151\" \/>\n\t<meta name=\"twitter:data1\" content=\"1 perc\" \/>\n<script type=\"application\/ld+json\" class=\"yoast-schema-graph\">{\"@context\":\"https:\/\/schema.org\",\"@graph\":[{\"@type\":\"WebPage\",\"@id\":\"https:\/\/bacsiszerek.ro\/bacsi-szerek-parketta-tisztitoszer-1l\/\",\"url\":\"https:\/\/bacsiszerek.ro\/bacsi-szerek-parketta-tisztitoszer-1l\/\",\"name\":\"Detergent parchet B\u00e1csi Szerek 1L - bacsiszerek.ro\",\"isPartOf\":{\"@id\":\"https:\/\/bacsiszerek.ro\/#website\"},\"primaryImageOfPage\":{\"@id\":\"https:\/\/bacsiszerek.ro\/bacsi-szerek-parketta-tisztitoszer-1l\/#primaryimage\"},\"image\":{\"@id\":\"https:\/\/bacsiszerek.ro\/bacsi-szerek-parketta-tisztitoszer-1l\/#primaryimage\"},\"thumbnailUrl\":\"https:\/\/bacsiszerek.ro\/wp-content\/uploads\/2024\/03\/BLNM1425.jpg\",\"datePublished\":\"2024-03-27T08:49:12+00:00\",\"dateModified\":\"2026-04-30T22:02:54+00:00\",\"breadcrumb\":{\"@id\":\"https:\/\/bacsiszerek.ro\/bacsi-szerek-parketta-tisztitoszer-1l\/#breadcrumb\"},\"inLanguage\":\"hu\",\"potentialAction\":[{\"@type\":\"ReadAction\",\"target\":[\"https:\/\/bacsiszerek.ro\/bacsi-szerek-parketta-tisztitoszer-1l\/\"]}]},{\"@type\":\"ImageObject\",\"inLanguage\":\"hu\",\"@id\":\"https:\/\/bacsiszerek.ro\/bacsi-szerek-parketta-tisztitoszer-1l\/#primaryimage\",\"url\":\"https:\/\/bacsiszerek.ro\/wp-content\/uploads\/2024\/03\/BLNM1425.jpg\",\"contentUrl\":\"https:\/\/bacsiszerek.ro\/wp-content\/uploads\/2024\/03\/BLNM1425.jpg\",\"width\":800,\"height\":800},{\"@type\":\"BreadcrumbList\",\"@id\":\"https:\/\/bacsiszerek.ro\/bacsi-szerek-parketta-tisztitoszer-1l\/#breadcrumb\",\"itemListElement\":[{\"@type\":\"ListItem\",\"position\":1,\"name\":\"Prima pagin\u0103\",\"item\":\"https:\/\/bacsiszerek.ro\/\"},{\"@type\":\"ListItem\",\"position\":2,\"name\":\"Magazin\",\"item\":\"https:\/\/bacsiszerek.ro\/magazin\/\"},{\"@type\":\"ListItem\",\"position\":3,\"name\":\"Detergent parchet B\u00e1csi Szerek 1L\"}]},{\"@type\":\"WebSite\",\"@id\":\"https:\/\/bacsiszerek.ro\/#website\",\"url\":\"https:\/\/bacsiszerek.ro\/\",\"name\":\"bacsiszerek.ro\",\"description\":\"Egy szebb, illatosabb \u00e9s tiszt\u00e1bb vil\u00e1g\u00e9rt!\",\"publisher\":{\"@id\":\"https:\/\/bacsiszerek.ro\/#organization\"},\"potentialAction\":[{\"@type\":\"SearchAction\",\"target\":{\"@type\":\"EntryPoint\",\"urlTemplate\":\"https:\/\/bacsiszerek.ro\/?s={search_term_string}\"},\"query-input\":{\"@type\":\"PropertyValueSpecification\",\"valueRequired\":true,\"valueName\":\"search_term_string\"}}],\"inLanguage\":\"hu\"},{\"@type\":\"Organization\",\"@id\":\"https:\/\/bacsiszerek.ro\/#organization\",\"name\":\"bacsiszerek.ro\",\"url\":\"https:\/\/bacsiszerek.ro\/\",\"logo\":{\"@type\":\"ImageObject\",\"inLanguage\":\"hu\",\"@id\":\"https:\/\/bacsiszerek.ro\/#\/schema\/logo\/image\/\",\"url\":\"https:\/\/bacsiszerek.ro\/wp-content\/uploads\/2023\/08\/cropped-Bacsi-Szerek_red-min-1-1.png\",\"contentUrl\":\"https:\/\/bacsiszerek.ro\/wp-content\/uploads\/2023\/08\/cropped-Bacsi-Szerek_red-min-1-1.png\",\"width\":350,\"height\":64,\"caption\":\"bacsiszerek.ro\"},\"image\":{\"@id\":\"https:\/\/bacsiszerek.ro\/#\/schema\/logo\/image\/\"}}]}<\/script>\n<!-- \/ Yoast SEO plugin. -->","yoast_head_json":{"title":"Detergent parchet B\u00e1csi Szerek 1L - bacsiszerek.ro","robots":{"index":"index","follow":"follow","max-snippet":"max-snippet:-1","max-image-preview":"max-image-preview:large","max-video-preview":"max-video-preview:-1"},"canonical":"https:\/\/bacsiszerek.ro\/hu\/bacsi-szerek-parketta-tisztitoszer-1l\/","og_locale":"hu_HU","og_type":"article","og_title":"Detergent parchet B\u00e1csi Szerek 1L - bacsiszerek.ro","og_description":"Detergentul pentru sp\u0103lat parchet B\u00e1csi Szerek este un produs ideal pentru cur\u0103\u021barea \u0219i sp\u0103larea pardoselilor din parchet, lemn, parchet laminat sau plut\u0103. Cur\u0103\u021b\u0103 \u0219i totodat\u0103 ofer\u0103 un parfum curat \u0219i mult\u0103 str\u0103lucire suprafe\u021belor sp\u0103late. Folosire: se adaug\u0103 50-100ml de produs la o g\u0103leat\u0103 cu ap\u0103 dup\u0103 care se spal\u0103 cu mopul. PRODUS CU DRAG. \u2764\ufe0f&hellip;&nbsp;Read More &raquo;Detergent parchet B\u00e1csi Szerek 1L","og_url":"https:\/\/bacsiszerek.ro\/hu\/bacsi-szerek-parketta-tisztitoszer-1l\/","og_site_name":"bacsiszerek.ro","article_modified_time":"2026-04-30T22:02:54+00:00","og_image":[{"width":800,"height":800,"url":"https:\/\/bacsiszerek.ro\/wp-content\/uploads\/2024\/03\/BLNM1425.jpg","type":"image\/jpeg"}],"twitter_card":"summary_large_image","twitter_misc":{"Becs\u00fclt olvas\u00e1si id\u0151":"1 perc"},"schema":{"@context":"https:\/\/schema.org","@graph":[{"@type":"WebPage","@id":"https:\/\/bacsiszerek.ro\/bacsi-szerek-parketta-tisztitoszer-1l\/","url":"https:\/\/bacsiszerek.ro\/bacsi-szerek-parketta-tisztitoszer-1l\/","name":"Detergent parchet B\u00e1csi Szerek 1L - bacsiszerek.ro","isPartOf":{"@id":"https:\/\/bacsiszerek.ro\/#website"},"primaryImageOfPage":{"@id":"https:\/\/bacsiszerek.ro\/bacsi-szerek-parketta-tisztitoszer-1l\/#primaryimage"},"image":{"@id":"https:\/\/bacsiszerek.ro\/bacsi-szerek-parketta-tisztitoszer-1l\/#primaryimage"},"thumbnailUrl":"https:\/\/bacsiszerek.ro\/wp-content\/uploads\/2024\/03\/BLNM1425.jpg","datePublished":"2024-03-27T08:49:12+00:00","dateModified":"2026-04-30T22:02:54+00:00","breadcrumb":{"@id":"https:\/\/bacsiszerek.ro\/bacsi-szerek-parketta-tisztitoszer-1l\/#breadcrumb"},"inLanguage":"hu","potentialAction":[{"@type":"ReadAction","target":["https:\/\/bacsiszerek.ro\/bacsi-szerek-parketta-tisztitoszer-1l\/"]}]},{"@type":"ImageObject","inLanguage":"hu","@id":"https:\/\/bacsiszerek.ro\/bacsi-szerek-parketta-tisztitoszer-1l\/#primaryimage","url":"https:\/\/bacsiszerek.ro\/wp-content\/uploads\/2024\/03\/BLNM1425.jpg","contentUrl":"https:\/\/bacsiszerek.ro\/wp-content\/uploads\/2024\/03\/BLNM1425.jpg","width":800,"height":800},{"@type":"BreadcrumbList","@id":"https:\/\/bacsiszerek.ro\/bacsi-szerek-parketta-tisztitoszer-1l\/#breadcrumb","itemListElement":[{"@type":"ListItem","position":1,"name":"Prima pagin\u0103","item":"https:\/\/bacsiszerek.ro\/"},{"@type":"ListItem","position":2,"name":"Magazin","item":"https:\/\/bacsiszerek.ro\/magazin\/"},{"@type":"ListItem","position":3,"name":"Detergent parchet B\u00e1csi Szerek 1L"}]},{"@type":"WebSite","@id":"https:\/\/bacsiszerek.ro\/#website","url":"https:\/\/bacsiszerek.ro\/","name":"bacsiszerek.ro","description":"Egy szebb, illatosabb \u00e9s tiszt\u00e1bb vil\u00e1g\u00e9rt!","publisher":{"@id":"https:\/\/bacsiszerek.ro\/#organization"},"potentialAction":[{"@type":"SearchAction","target":{"@type":"EntryPoint","urlTemplate":"https:\/\/bacsiszerek.ro\/?s={search_term_string}"},"query-input":{"@type":"PropertyValueSpecification","valueRequired":true,"valueName":"search_term_string"}}],"inLanguage":"hu"},{"@type":"Organization","@id":"https:\/\/bacsiszerek.ro\/#organization","name":"bacsiszerek.ro","url":"https:\/\/bacsiszerek.ro\/","logo":{"@type":"ImageObject","inLanguage":"hu","@id":"https:\/\/bacsiszerek.ro\/#\/schema\/logo\/image\/","url":"https:\/\/bacsiszerek.ro\/wp-content\/uploads\/2023\/08\/cropped-Bacsi-Szerek_red-min-1-1.png","contentUrl":"https:\/\/bacsiszerek.ro\/wp-content\/uploads\/2023\/08\/cropped-Bacsi-Szerek_red-min-1-1.png","width":350,"height":64,"caption":"bacsiszerek.ro"},"image":{"@id":"https:\/\/bacsiszerek.ro\/#\/schema\/logo\/image\/"}}]}},"jetpack_sharing_enabled":true,"_links":{"self":[{"href":"https:\/\/bacsiszerek.ro\/hu\/wp-json\/wp\/v2\/product\/3048","targetHints":{"allow":["GET"]}}],"collection":[{"href":"https:\/\/bacsiszerek.ro\/hu\/wp-json\/wp\/v2\/product"}],"about":[{"href":"https:\/\/bacsiszerek.ro\/hu\/wp-json\/wp\/v2\/types\/product"}],"replies":[{"embeddable":true,"href":"https:\/\/bacsiszerek.ro\/hu\/wp-json\/wp\/v2\/comments?post=3048"}],"wp:featuredmedia":[{"embeddable":true,"href":"https:\/\/bacsiszerek.ro\/hu\/wp-json\/wp\/v2\/media\/3047"}],"wp:attachment":[{"href":"https:\/\/bacsiszerek.ro\/hu\/wp-json\/wp\/v2\/media?parent=3048"}],"wp:term":[{"taxonomy":"product_brand","embeddable":true,"href":"https:\/\/bacsiszerek.ro\/hu\/wp-json\/wp\/v2\/product_brand?post=3048"},{"taxonomy":"product_cat","embeddable":true,"href":"https:\/\/bacsiszerek.ro\/hu\/wp-json\/wp\/v2\/product_cat?post=3048"},{"taxonomy":"product_tag","embeddable":true,"href":"https:\/\/bacsiszerek.ro\/hu\/wp-json\/wp\/v2\/product_tag?post=3048"}],"curies":[{"name":"wp","href":"https:\/\/api.w.org\/{rel}","templated":true}]}}