{"id":3032,"date":"2024-03-27T08:49:01","date_gmt":"2024-03-27T08:49:01","guid":{"rendered":"https:\/\/bacsiszerek.ro\/bacsi-szerek-olive-folyekony-kremszappan-1l\/"},"modified":"2026-05-11T12:17:36","modified_gmt":"2026-05-11T10:17:36","slug":"bacsi-szerek-olive-folyekony-kremszappan-1l","status":"publish","type":"product","link":"https:\/\/bacsiszerek.ro\/hu\/bacsi-szerek-olive-folyekony-kremszappan-1l\/","title":{"rendered":"B\u00e1csi Szerek Olive foly\u00e9kony kr\u00e9mszappan 1L"},"content":{"rendered":"<p>S\u0103punul lichid B\u00e1csi Szerek este un produs special conceput pentru cur\u0103\u021barea \u0219i \u00eentre\u021binerea zilnic\u0103 a m\u00e2inilor. Are un con\u021binut ridicat de glicerin\u0103 \u0219i substan\u021be emoliente ce au rolul de a hidrata pielea oferindu-i un aspect catifelat. Are PH neutru \u0219i un parfum fin. Poate fi folosit acas\u0103 sau la birou.<br \/>\nA k\u00f6zkez\u0151 illatokban rendelhet\u0151: Flower, Aloe Vera \u00e9s Olajbogy\u00f3.<br \/>\nHogyan haszn\u00e1ljuk: n\u00e9h\u00e9ny csepp a teny\u00e9rben, j\u00f3l d\u00f6rzs\u00f6lj\u00fck be a kez\u00fcnk majd b\u0151v\u00edzel obl\u00edts\u00fck le.<br \/>\nK\u00c9SZ\u00dcLT SOK SZERETETTEL. \u2764\ufe0f<br \/>\nEGY SZEBB, ILLATOSABB \u00c9S TISZT\u00c1BB VIL\u00c1G\u00c9RT!<\/p>","protected":false},"excerpt":{"rendered":"<p>S\u0103punul lichid B\u00e1csi Szerek este un produs special conceput pentru cur\u0103\u021barea \u0219i \u00eentre\u021binerea zilnic\u0103 a m\u00e2inilor. Are un con\u021binut ridicat de glicerin\u0103 \u0219i substan\u021be emoliente ce au rolul de a hidrata pielea oferindu-i un aspect catifelat. Are PH neutru \u0219i un parfum fin. Poate fi folosit acas\u0103 sau la birou. Se poate comanda cu urmatoarele&hellip;&nbsp;<a href=\"https:\/\/bacsiszerek.ro\/hu\/bacsi-szerek-olive-folyekony-kremszappan-1l\/\" rel=\"bookmark\">Read More &raquo;<span class=\"screen-reader-text\">B\u00e1csi Szerek Olive foly\u00e9kony kr\u00e9mszappan 1L<\/span><\/a><\/p>","protected":false},"featured_media":3173,"comment_status":"open","ping_status":"closed","template":"","meta":{"neve_meta_sidebar":"","neve_meta_container":"","neve_meta_enable_content_width":"off","neve_meta_content_width":70,"neve_meta_title_alignment":"","neve_meta_author_avatar":"","neve_post_elements_order":"","neve_meta_disable_header":"","neve_meta_disable_footer":"","neve_meta_disable_title":""},"product_brand":[],"product_cat":[132],"product_tag":[],"class_list":{"0":"post-3032","1":"product","2":"type-product","3":"status-publish","4":"has-post-thumbnail","6":"product_cat-sapunuri","8":"first","9":"instock","10":"shipping-taxable","11":"purchasable","12":"product-type-simple"},"yoast_head":"<!-- This site is optimized with the Yoast SEO plugin v27.1.1 - https:\/\/yoast.com\/product\/yoast-seo-wordpress\/ -->\n<title>S\u0103pun lichid crem\u0103 B\u00e1csi Szerek Olive 1L - bacsiszerek.ro<\/title>\n<meta name=\"robots\" content=\"index, follow, max-snippet:-1, max-image-preview:large, max-video-preview:-1\" \/>\n<link rel=\"canonical\" href=\"https:\/\/bacsiszerek.ro\/hu\/bacsi-szerek-olive-folyekony-kremszappan-1l\/\" \/>\n<meta property=\"og:locale\" content=\"hu_HU\" \/>\n<meta property=\"og:type\" content=\"article\" \/>\n<meta property=\"og:title\" content=\"S\u0103pun lichid crem\u0103 B\u00e1csi Szerek Olive 1L - bacsiszerek.ro\" \/>\n<meta property=\"og:description\" content=\"S\u0103punul lichid B\u00e1csi Szerek este un produs special conceput pentru cur\u0103\u021barea \u0219i \u00eentre\u021binerea zilnic\u0103 a m\u00e2inilor. Are un con\u021binut ridicat de glicerin\u0103 \u0219i substan\u021be emoliente ce au rolul de a hidrata pielea oferindu-i un aspect catifelat. Are PH neutru \u0219i un parfum fin. Poate fi folosit acas\u0103 sau la birou. Se poate comanda cu urmatoarele&hellip;&nbsp;Read More &raquo;S\u0103pun lichid crem\u0103 B\u00e1csi Szerek Olive 1L\" \/>\n<meta property=\"og:url\" content=\"https:\/\/bacsiszerek.ro\/hu\/bacsi-szerek-olive-folyekony-kremszappan-1l\/\" \/>\n<meta property=\"og:site_name\" content=\"bacsiszerek.ro\" \/>\n<meta property=\"article:modified_time\" content=\"2026-05-11T10:17:36+00:00\" \/>\n<meta property=\"og:image\" content=\"https:\/\/bacsiszerek.ro\/wp-content\/uploads\/2024\/03\/Sapun-Lichid-1L-Olive-1024x1024.png\" \/>\n\t<meta property=\"og:image:width\" content=\"1024\" \/>\n\t<meta property=\"og:image:height\" content=\"1024\" \/>\n\t<meta property=\"og:image:type\" content=\"image\/png\" \/>\n<meta name=\"twitter:card\" content=\"summary_large_image\" \/>\n<meta name=\"twitter:label1\" content=\"Becs\u00fclt olvas\u00e1si id\u0151\" \/>\n\t<meta name=\"twitter:data1\" content=\"1 perc\" \/>\n<script type=\"application\/ld+json\" class=\"yoast-schema-graph\">{\"@context\":\"https:\/\/schema.org\",\"@graph\":[{\"@type\":\"WebPage\",\"@id\":\"https:\/\/bacsiszerek.ro\/bacsi-szerek-olive-folyekony-kremszappan-1l\/\",\"url\":\"https:\/\/bacsiszerek.ro\/bacsi-szerek-olive-folyekony-kremszappan-1l\/\",\"name\":\"S\u0103pun lichid crem\u0103 B\u00e1csi Szerek Olive 1L - bacsiszerek.ro\",\"isPartOf\":{\"@id\":\"https:\/\/bacsiszerek.ro\/#website\"},\"primaryImageOfPage\":{\"@id\":\"https:\/\/bacsiszerek.ro\/bacsi-szerek-olive-folyekony-kremszappan-1l\/#primaryimage\"},\"image\":{\"@id\":\"https:\/\/bacsiszerek.ro\/bacsi-szerek-olive-folyekony-kremszappan-1l\/#primaryimage\"},\"thumbnailUrl\":\"https:\/\/bacsiszerek.ro\/wp-content\/uploads\/2024\/03\/Sapun-Lichid-1L-Olive-e1778494582257.png\",\"datePublished\":\"2024-03-27T08:49:01+00:00\",\"dateModified\":\"2026-05-11T10:17:36+00:00\",\"breadcrumb\":{\"@id\":\"https:\/\/bacsiszerek.ro\/bacsi-szerek-olive-folyekony-kremszappan-1l\/#breadcrumb\"},\"inLanguage\":\"hu\",\"potentialAction\":[{\"@type\":\"ReadAction\",\"target\":[\"https:\/\/bacsiszerek.ro\/bacsi-szerek-olive-folyekony-kremszappan-1l\/\"]}]},{\"@type\":\"ImageObject\",\"inLanguage\":\"hu\",\"@id\":\"https:\/\/bacsiszerek.ro\/bacsi-szerek-olive-folyekony-kremszappan-1l\/#primaryimage\",\"url\":\"https:\/\/bacsiszerek.ro\/wp-content\/uploads\/2024\/03\/Sapun-Lichid-1L-Olive-e1778494582257.png\",\"contentUrl\":\"https:\/\/bacsiszerek.ro\/wp-content\/uploads\/2024\/03\/Sapun-Lichid-1L-Olive-e1778494582257.png\",\"width\":1500,\"height\":1500},{\"@type\":\"BreadcrumbList\",\"@id\":\"https:\/\/bacsiszerek.ro\/bacsi-szerek-olive-folyekony-kremszappan-1l\/#breadcrumb\",\"itemListElement\":[{\"@type\":\"ListItem\",\"position\":1,\"name\":\"Prima pagin\u0103\",\"item\":\"https:\/\/bacsiszerek.ro\/\"},{\"@type\":\"ListItem\",\"position\":2,\"name\":\"Magazin\",\"item\":\"https:\/\/bacsiszerek.ro\/magazin\/\"},{\"@type\":\"ListItem\",\"position\":3,\"name\":\"S\u0103pun lichid crem\u0103 B\u00e1csi Szerek Olive 1L\"}]},{\"@type\":\"WebSite\",\"@id\":\"https:\/\/bacsiszerek.ro\/#website\",\"url\":\"https:\/\/bacsiszerek.ro\/\",\"name\":\"bacsiszerek.ro\",\"description\":\"Egy szebb, illatosabb \u00e9s tiszt\u00e1bb vil\u00e1g\u00e9rt!\",\"publisher\":{\"@id\":\"https:\/\/bacsiszerek.ro\/#organization\"},\"potentialAction\":[{\"@type\":\"SearchAction\",\"target\":{\"@type\":\"EntryPoint\",\"urlTemplate\":\"https:\/\/bacsiszerek.ro\/?s={search_term_string}\"},\"query-input\":{\"@type\":\"PropertyValueSpecification\",\"valueRequired\":true,\"valueName\":\"search_term_string\"}}],\"inLanguage\":\"hu\"},{\"@type\":\"Organization\",\"@id\":\"https:\/\/bacsiszerek.ro\/#organization\",\"name\":\"bacsiszerek.ro\",\"url\":\"https:\/\/bacsiszerek.ro\/\",\"logo\":{\"@type\":\"ImageObject\",\"inLanguage\":\"hu\",\"@id\":\"https:\/\/bacsiszerek.ro\/#\/schema\/logo\/image\/\",\"url\":\"https:\/\/bacsiszerek.ro\/wp-content\/uploads\/2023\/08\/cropped-Bacsi-Szerek_red-min-1-1.png\",\"contentUrl\":\"https:\/\/bacsiszerek.ro\/wp-content\/uploads\/2023\/08\/cropped-Bacsi-Szerek_red-min-1-1.png\",\"width\":350,\"height\":64,\"caption\":\"bacsiszerek.ro\"},\"image\":{\"@id\":\"https:\/\/bacsiszerek.ro\/#\/schema\/logo\/image\/\"}}]}<\/script>\n<!-- \/ Yoast SEO plugin. -->","yoast_head_json":{"title":"S\u0103pun lichid crem\u0103 B\u00e1csi Szerek Olive 1L - bacsiszerek.ro","robots":{"index":"index","follow":"follow","max-snippet":"max-snippet:-1","max-image-preview":"max-image-preview:large","max-video-preview":"max-video-preview:-1"},"canonical":"https:\/\/bacsiszerek.ro\/hu\/bacsi-szerek-olive-folyekony-kremszappan-1l\/","og_locale":"hu_HU","og_type":"article","og_title":"S\u0103pun lichid crem\u0103 B\u00e1csi Szerek Olive 1L - bacsiszerek.ro","og_description":"S\u0103punul lichid B\u00e1csi Szerek este un produs special conceput pentru cur\u0103\u021barea \u0219i \u00eentre\u021binerea zilnic\u0103 a m\u00e2inilor. Are un con\u021binut ridicat de glicerin\u0103 \u0219i substan\u021be emoliente ce au rolul de a hidrata pielea oferindu-i un aspect catifelat. Are PH neutru \u0219i un parfum fin. Poate fi folosit acas\u0103 sau la birou. Se poate comanda cu urmatoarele&hellip;&nbsp;Read More &raquo;S\u0103pun lichid crem\u0103 B\u00e1csi Szerek Olive 1L","og_url":"https:\/\/bacsiszerek.ro\/hu\/bacsi-szerek-olive-folyekony-kremszappan-1l\/","og_site_name":"bacsiszerek.ro","article_modified_time":"2026-05-11T10:17:36+00:00","og_image":[{"width":1024,"height":1024,"url":"https:\/\/bacsiszerek.ro\/wp-content\/uploads\/2024\/03\/Sapun-Lichid-1L-Olive-1024x1024.png","type":"image\/png"}],"twitter_card":"summary_large_image","twitter_misc":{"Becs\u00fclt olvas\u00e1si id\u0151":"1 perc"},"schema":{"@context":"https:\/\/schema.org","@graph":[{"@type":"WebPage","@id":"https:\/\/bacsiszerek.ro\/bacsi-szerek-olive-folyekony-kremszappan-1l\/","url":"https:\/\/bacsiszerek.ro\/bacsi-szerek-olive-folyekony-kremszappan-1l\/","name":"S\u0103pun lichid crem\u0103 B\u00e1csi Szerek Olive 1L - bacsiszerek.ro","isPartOf":{"@id":"https:\/\/bacsiszerek.ro\/#website"},"primaryImageOfPage":{"@id":"https:\/\/bacsiszerek.ro\/bacsi-szerek-olive-folyekony-kremszappan-1l\/#primaryimage"},"image":{"@id":"https:\/\/bacsiszerek.ro\/bacsi-szerek-olive-folyekony-kremszappan-1l\/#primaryimage"},"thumbnailUrl":"https:\/\/bacsiszerek.ro\/wp-content\/uploads\/2024\/03\/Sapun-Lichid-1L-Olive-e1778494582257.png","datePublished":"2024-03-27T08:49:01+00:00","dateModified":"2026-05-11T10:17:36+00:00","breadcrumb":{"@id":"https:\/\/bacsiszerek.ro\/bacsi-szerek-olive-folyekony-kremszappan-1l\/#breadcrumb"},"inLanguage":"hu","potentialAction":[{"@type":"ReadAction","target":["https:\/\/bacsiszerek.ro\/bacsi-szerek-olive-folyekony-kremszappan-1l\/"]}]},{"@type":"ImageObject","inLanguage":"hu","@id":"https:\/\/bacsiszerek.ro\/bacsi-szerek-olive-folyekony-kremszappan-1l\/#primaryimage","url":"https:\/\/bacsiszerek.ro\/wp-content\/uploads\/2024\/03\/Sapun-Lichid-1L-Olive-e1778494582257.png","contentUrl":"https:\/\/bacsiszerek.ro\/wp-content\/uploads\/2024\/03\/Sapun-Lichid-1L-Olive-e1778494582257.png","width":1500,"height":1500},{"@type":"BreadcrumbList","@id":"https:\/\/bacsiszerek.ro\/bacsi-szerek-olive-folyekony-kremszappan-1l\/#breadcrumb","itemListElement":[{"@type":"ListItem","position":1,"name":"Prima pagin\u0103","item":"https:\/\/bacsiszerek.ro\/"},{"@type":"ListItem","position":2,"name":"Magazin","item":"https:\/\/bacsiszerek.ro\/magazin\/"},{"@type":"ListItem","position":3,"name":"S\u0103pun lichid crem\u0103 B\u00e1csi Szerek Olive 1L"}]},{"@type":"WebSite","@id":"https:\/\/bacsiszerek.ro\/#website","url":"https:\/\/bacsiszerek.ro\/","name":"bacsiszerek.ro","description":"Egy szebb, illatosabb \u00e9s tiszt\u00e1bb vil\u00e1g\u00e9rt!","publisher":{"@id":"https:\/\/bacsiszerek.ro\/#organization"},"potentialAction":[{"@type":"SearchAction","target":{"@type":"EntryPoint","urlTemplate":"https:\/\/bacsiszerek.ro\/?s={search_term_string}"},"query-input":{"@type":"PropertyValueSpecification","valueRequired":true,"valueName":"search_term_string"}}],"inLanguage":"hu"},{"@type":"Organization","@id":"https:\/\/bacsiszerek.ro\/#organization","name":"bacsiszerek.ro","url":"https:\/\/bacsiszerek.ro\/","logo":{"@type":"ImageObject","inLanguage":"hu","@id":"https:\/\/bacsiszerek.ro\/#\/schema\/logo\/image\/","url":"https:\/\/bacsiszerek.ro\/wp-content\/uploads\/2023\/08\/cropped-Bacsi-Szerek_red-min-1-1.png","contentUrl":"https:\/\/bacsiszerek.ro\/wp-content\/uploads\/2023\/08\/cropped-Bacsi-Szerek_red-min-1-1.png","width":350,"height":64,"caption":"bacsiszerek.ro"},"image":{"@id":"https:\/\/bacsiszerek.ro\/#\/schema\/logo\/image\/"}}]}},"jetpack_sharing_enabled":true,"_links":{"self":[{"href":"https:\/\/bacsiszerek.ro\/hu\/wp-json\/wp\/v2\/product\/3032","targetHints":{"allow":["GET"]}}],"collection":[{"href":"https:\/\/bacsiszerek.ro\/hu\/wp-json\/wp\/v2\/product"}],"about":[{"href":"https:\/\/bacsiszerek.ro\/hu\/wp-json\/wp\/v2\/types\/product"}],"replies":[{"embeddable":true,"href":"https:\/\/bacsiszerek.ro\/hu\/wp-json\/wp\/v2\/comments?post=3032"}],"wp:featuredmedia":[{"embeddable":true,"href":"https:\/\/bacsiszerek.ro\/hu\/wp-json\/wp\/v2\/media\/3173"}],"wp:attachment":[{"href":"https:\/\/bacsiszerek.ro\/hu\/wp-json\/wp\/v2\/media?parent=3032"}],"wp:term":[{"taxonomy":"product_brand","embeddable":true,"href":"https:\/\/bacsiszerek.ro\/hu\/wp-json\/wp\/v2\/product_brand?post=3032"},{"taxonomy":"product_cat","embeddable":true,"href":"https:\/\/bacsiszerek.ro\/hu\/wp-json\/wp\/v2\/product_cat?post=3032"},{"taxonomy":"product_tag","embeddable":true,"href":"https:\/\/bacsiszerek.ro\/hu\/wp-json\/wp\/v2\/product_tag?post=3032"}],"curies":[{"name":"wp","href":"https:\/\/api.w.org\/{rel}","templated":true}]}}