{"id":1374,"date":"2023-08-08T04:52:29","date_gmt":"2023-08-08T04:52:29","guid":{"rendered":"https:\/\/bacsiszerek.ro\/?post_type=product&#038;p=1374"},"modified":"2026-03-18T10:37:39","modified_gmt":"2026-03-18T08:37:39","slug":"parfum-rufe-homezo","status":"publish","type":"product","link":"https:\/\/bacsiszerek.ro\/hu\/parfum-rufe-homezo\/","title":{"rendered":"H\u00f3mez\u0151 ruhaparf\u00fcm 200 ml"},"content":{"rendered":"<div>A B\u00e1csi Szerek ruhaparf\u00fcm\u00f6k nem csak egyszer\u0171 term\u00e9kek, hanem igazi m\u0171alkot\u00e1sok.<\/div>\n<div><\/div>\n<div>Minden egyes parf\u00fcm\u00f6t e term\u00e9k csal\u00e1db\u00f3l nagy figyelemmel k\u00e9sz\u00edtette szak\u00e9rt\u0151nk.\nA parf\u00fcm\u00f6k kiz\u00e1r\u00f3lag k\u00e9zzel k\u00e9sz\u00fclnek az \u00e9rt\u00e9kes hozz\u00e1val\u00f3k t\u00f6k\u00e9letes egyens\u00falya \u00e9rdek\u00e9ben. A B\u00e1csi helyi parf\u00fcm\u00e9ria egyedi alkot\u00e1sa, amely nem tartalmazz vizet kiz\u00e1r\u00f3lag ill\u00f3olajokat.<\/div>\n<div><\/div>\n<div>Megjegyz\u00e9s:<\/div>\n<div><\/div>\n<div>5ml parf\u00fcm\u00f6t helyezzen a mos\u00f3g\u00e9p \u00f6lit\u0151tart\u00e1j\u00e1ba k\u00f6zvetlen\u00fcl az utols\u00f3 \u00f6bl\u00edt\u00e9s el\u0151tt.<\/div>\n<div><\/div>\n<div>A parf\u00fcm haszn\u00e1lhat\u00f3 \u00f6bl\u00edt\u0151vel \u00e9s a n\u00e9lk\u00fcl.<\/div>\n<div><\/div>\n<div>\n<p><strong>K\u00c9SZ\u00dcLT SOK SZERETETTEL. \u2764\ufe0f<\/strong><\/p>\n<p><em>EGY SZEBB, ILLATOSABB \u00c9S TISZT\u00c1BB VIL\u00c1G\u00c9RT!<\/em><\/p>\n<\/div>","protected":false},"excerpt":{"rendered":"<p>Parfumurile Bacsi Szerek \u2013 nu sunt doar produse, ci adev\u0103rate OPERE DE ART\u0102. Fiecare parfum de rufe din gama Bacsi Szerek este produs cu grij\u0103 de c\u0103tre specialistul nostru. Parfumurile sunt amestecte exclusiv manual, pentru o atent\u0103 omogenizare a ingredientelor pre\u021bioase. Produsul nu con\u021bine ap\u0103, este ulei pur \u0219i este crea\u021bia integral\u0103 a parfumierului local&hellip;&nbsp;<a href=\"https:\/\/bacsiszerek.ro\/hu\/parfum-rufe-homezo\/\" rel=\"bookmark\">Read More &raquo;<span class=\"screen-reader-text\">H\u00f3mez\u0151 ruhaparf\u00fcm 200 ml<\/span><\/a><\/p>","protected":false},"featured_media":1368,"comment_status":"open","ping_status":"closed","template":"","meta":{"neve_meta_sidebar":"","neve_meta_container":"","neve_meta_enable_content_width":"off","neve_meta_content_width":70,"neve_meta_title_alignment":"","neve_meta_author_avatar":"","neve_post_elements_order":"","neve_meta_disable_header":"","neve_meta_disable_footer":"","neve_meta_disable_title":""},"product_brand":[],"product_cat":[135],"product_tag":[],"class_list":{"0":"post-1374","1":"product","2":"type-product","3":"status-publish","4":"has-post-thumbnail","6":"product_cat-odorizanti","8":"first","9":"instock","10":"shipping-taxable","11":"purchasable","12":"product-type-simple"},"yoast_head":"<!-- This site is optimized with the Yoast SEO plugin v27.1.1 - https:\/\/yoast.com\/product\/yoast-seo-wordpress\/ -->\n<title>Parfum rufe H\u00f3mez\u0151 200ml - bacsiszerek.ro<\/title>\n<meta name=\"robots\" content=\"index, follow, max-snippet:-1, max-image-preview:large, max-video-preview:-1\" \/>\n<link rel=\"canonical\" href=\"https:\/\/bacsiszerek.ro\/hu\/parfum-rufe-homezo\/\" \/>\n<meta property=\"og:locale\" content=\"hu_HU\" \/>\n<meta property=\"og:type\" content=\"article\" \/>\n<meta property=\"og:title\" content=\"Parfum rufe H\u00f3mez\u0151 200ml - bacsiszerek.ro\" \/>\n<meta property=\"og:description\" content=\"Parfumurile Bacsi Szerek \u2013 nu sunt doar produse, ci adev\u0103rate OPERE DE ART\u0102. Fiecare parfum de rufe din gama Bacsi Szerek este produs cu grij\u0103 de c\u0103tre specialistul nostru. Parfumurile sunt amestecte exclusiv manual, pentru o atent\u0103 omogenizare a ingredientelor pre\u021bioase. Produsul nu con\u021bine ap\u0103, este ulei pur \u0219i este crea\u021bia integral\u0103 a parfumierului local&hellip;&nbsp;Read More &raquo;Parfum rufe H\u00f3mez\u0151 200ml\" \/>\n<meta property=\"og:url\" content=\"https:\/\/bacsiszerek.ro\/hu\/parfum-rufe-homezo\/\" \/>\n<meta property=\"og:site_name\" content=\"bacsiszerek.ro\" \/>\n<meta property=\"article:modified_time\" content=\"2026-03-18T08:37:39+00:00\" \/>\n<meta property=\"og:image\" content=\"https:\/\/bacsiszerek.ro\/wp-content\/uploads\/2023\/08\/002.png\" \/>\n\t<meta property=\"og:image:width\" content=\"1000\" \/>\n\t<meta property=\"og:image:height\" content=\"1000\" \/>\n\t<meta property=\"og:image:type\" content=\"image\/png\" \/>\n<meta name=\"twitter:card\" content=\"summary_large_image\" \/>\n<meta name=\"twitter:label1\" content=\"Becs\u00fclt olvas\u00e1si id\u0151\" \/>\n\t<meta name=\"twitter:data1\" content=\"1 perc\" \/>\n<script type=\"application\/ld+json\" class=\"yoast-schema-graph\">{\"@context\":\"https:\/\/schema.org\",\"@graph\":[{\"@type\":\"WebPage\",\"@id\":\"https:\/\/bacsiszerek.ro\/parfum-rufe-homezo\/\",\"url\":\"https:\/\/bacsiszerek.ro\/parfum-rufe-homezo\/\",\"name\":\"Parfum rufe H\u00f3mez\u0151 200ml - bacsiszerek.ro\",\"isPartOf\":{\"@id\":\"https:\/\/bacsiszerek.ro\/#website\"},\"primaryImageOfPage\":{\"@id\":\"https:\/\/bacsiszerek.ro\/parfum-rufe-homezo\/#primaryimage\"},\"image\":{\"@id\":\"https:\/\/bacsiszerek.ro\/parfum-rufe-homezo\/#primaryimage\"},\"thumbnailUrl\":\"https:\/\/bacsiszerek.ro\/wp-content\/uploads\/2023\/08\/002.png\",\"datePublished\":\"2023-08-08T04:52:29+00:00\",\"dateModified\":\"2026-03-18T08:37:39+00:00\",\"breadcrumb\":{\"@id\":\"https:\/\/bacsiszerek.ro\/parfum-rufe-homezo\/#breadcrumb\"},\"inLanguage\":\"hu\",\"potentialAction\":[{\"@type\":\"ReadAction\",\"target\":[\"https:\/\/bacsiszerek.ro\/parfum-rufe-homezo\/\"]}]},{\"@type\":\"ImageObject\",\"inLanguage\":\"hu\",\"@id\":\"https:\/\/bacsiszerek.ro\/parfum-rufe-homezo\/#primaryimage\",\"url\":\"https:\/\/bacsiszerek.ro\/wp-content\/uploads\/2023\/08\/002.png\",\"contentUrl\":\"https:\/\/bacsiszerek.ro\/wp-content\/uploads\/2023\/08\/002.png\",\"width\":1000,\"height\":1000},{\"@type\":\"BreadcrumbList\",\"@id\":\"https:\/\/bacsiszerek.ro\/parfum-rufe-homezo\/#breadcrumb\",\"itemListElement\":[{\"@type\":\"ListItem\",\"position\":1,\"name\":\"Prima pagin\u0103\",\"item\":\"https:\/\/bacsiszerek.ro\/\"},{\"@type\":\"ListItem\",\"position\":2,\"name\":\"Magazin\",\"item\":\"https:\/\/bacsiszerek.ro\/magazin\/\"},{\"@type\":\"ListItem\",\"position\":3,\"name\":\"Parfum rufe H\u00f3mez\u0151 200ml\"}]},{\"@type\":\"WebSite\",\"@id\":\"https:\/\/bacsiszerek.ro\/#website\",\"url\":\"https:\/\/bacsiszerek.ro\/\",\"name\":\"bacsiszerek.ro\",\"description\":\"Egy szebb, illatosabb \u00e9s tiszt\u00e1bb vil\u00e1g\u00e9rt!\",\"publisher\":{\"@id\":\"https:\/\/bacsiszerek.ro\/#organization\"},\"potentialAction\":[{\"@type\":\"SearchAction\",\"target\":{\"@type\":\"EntryPoint\",\"urlTemplate\":\"https:\/\/bacsiszerek.ro\/?s={search_term_string}\"},\"query-input\":{\"@type\":\"PropertyValueSpecification\",\"valueRequired\":true,\"valueName\":\"search_term_string\"}}],\"inLanguage\":\"hu\"},{\"@type\":\"Organization\",\"@id\":\"https:\/\/bacsiszerek.ro\/#organization\",\"name\":\"bacsiszerek.ro\",\"url\":\"https:\/\/bacsiszerek.ro\/\",\"logo\":{\"@type\":\"ImageObject\",\"inLanguage\":\"hu\",\"@id\":\"https:\/\/bacsiszerek.ro\/#\/schema\/logo\/image\/\",\"url\":\"https:\/\/bacsiszerek.ro\/wp-content\/uploads\/2023\/08\/cropped-Bacsi-Szerek_red-min-1-1.png\",\"contentUrl\":\"https:\/\/bacsiszerek.ro\/wp-content\/uploads\/2023\/08\/cropped-Bacsi-Szerek_red-min-1-1.png\",\"width\":350,\"height\":64,\"caption\":\"bacsiszerek.ro\"},\"image\":{\"@id\":\"https:\/\/bacsiszerek.ro\/#\/schema\/logo\/image\/\"}}]}<\/script>\n<!-- \/ Yoast SEO plugin. -->","yoast_head_json":{"title":"Parfum rufe H\u00f3mez\u0151 200ml - bacsiszerek.ro","robots":{"index":"index","follow":"follow","max-snippet":"max-snippet:-1","max-image-preview":"max-image-preview:large","max-video-preview":"max-video-preview:-1"},"canonical":"https:\/\/bacsiszerek.ro\/hu\/parfum-rufe-homezo\/","og_locale":"hu_HU","og_type":"article","og_title":"Parfum rufe H\u00f3mez\u0151 200ml - bacsiszerek.ro","og_description":"Parfumurile Bacsi Szerek \u2013 nu sunt doar produse, ci adev\u0103rate OPERE DE ART\u0102. Fiecare parfum de rufe din gama Bacsi Szerek este produs cu grij\u0103 de c\u0103tre specialistul nostru. Parfumurile sunt amestecte exclusiv manual, pentru o atent\u0103 omogenizare a ingredientelor pre\u021bioase. Produsul nu con\u021bine ap\u0103, este ulei pur \u0219i este crea\u021bia integral\u0103 a parfumierului local&hellip;&nbsp;Read More &raquo;Parfum rufe H\u00f3mez\u0151 200ml","og_url":"https:\/\/bacsiszerek.ro\/hu\/parfum-rufe-homezo\/","og_site_name":"bacsiszerek.ro","article_modified_time":"2026-03-18T08:37:39+00:00","og_image":[{"width":1000,"height":1000,"url":"https:\/\/bacsiszerek.ro\/wp-content\/uploads\/2023\/08\/002.png","type":"image\/png"}],"twitter_card":"summary_large_image","twitter_misc":{"Becs\u00fclt olvas\u00e1si id\u0151":"1 perc"},"schema":{"@context":"https:\/\/schema.org","@graph":[{"@type":"WebPage","@id":"https:\/\/bacsiszerek.ro\/parfum-rufe-homezo\/","url":"https:\/\/bacsiszerek.ro\/parfum-rufe-homezo\/","name":"Parfum rufe H\u00f3mez\u0151 200ml - bacsiszerek.ro","isPartOf":{"@id":"https:\/\/bacsiszerek.ro\/#website"},"primaryImageOfPage":{"@id":"https:\/\/bacsiszerek.ro\/parfum-rufe-homezo\/#primaryimage"},"image":{"@id":"https:\/\/bacsiszerek.ro\/parfum-rufe-homezo\/#primaryimage"},"thumbnailUrl":"https:\/\/bacsiszerek.ro\/wp-content\/uploads\/2023\/08\/002.png","datePublished":"2023-08-08T04:52:29+00:00","dateModified":"2026-03-18T08:37:39+00:00","breadcrumb":{"@id":"https:\/\/bacsiszerek.ro\/parfum-rufe-homezo\/#breadcrumb"},"inLanguage":"hu","potentialAction":[{"@type":"ReadAction","target":["https:\/\/bacsiszerek.ro\/parfum-rufe-homezo\/"]}]},{"@type":"ImageObject","inLanguage":"hu","@id":"https:\/\/bacsiszerek.ro\/parfum-rufe-homezo\/#primaryimage","url":"https:\/\/bacsiszerek.ro\/wp-content\/uploads\/2023\/08\/002.png","contentUrl":"https:\/\/bacsiszerek.ro\/wp-content\/uploads\/2023\/08\/002.png","width":1000,"height":1000},{"@type":"BreadcrumbList","@id":"https:\/\/bacsiszerek.ro\/parfum-rufe-homezo\/#breadcrumb","itemListElement":[{"@type":"ListItem","position":1,"name":"Prima pagin\u0103","item":"https:\/\/bacsiszerek.ro\/"},{"@type":"ListItem","position":2,"name":"Magazin","item":"https:\/\/bacsiszerek.ro\/magazin\/"},{"@type":"ListItem","position":3,"name":"Parfum rufe H\u00f3mez\u0151 200ml"}]},{"@type":"WebSite","@id":"https:\/\/bacsiszerek.ro\/#website","url":"https:\/\/bacsiszerek.ro\/","name":"bacsiszerek.ro","description":"Egy szebb, illatosabb \u00e9s tiszt\u00e1bb vil\u00e1g\u00e9rt!","publisher":{"@id":"https:\/\/bacsiszerek.ro\/#organization"},"potentialAction":[{"@type":"SearchAction","target":{"@type":"EntryPoint","urlTemplate":"https:\/\/bacsiszerek.ro\/?s={search_term_string}"},"query-input":{"@type":"PropertyValueSpecification","valueRequired":true,"valueName":"search_term_string"}}],"inLanguage":"hu"},{"@type":"Organization","@id":"https:\/\/bacsiszerek.ro\/#organization","name":"bacsiszerek.ro","url":"https:\/\/bacsiszerek.ro\/","logo":{"@type":"ImageObject","inLanguage":"hu","@id":"https:\/\/bacsiszerek.ro\/#\/schema\/logo\/image\/","url":"https:\/\/bacsiszerek.ro\/wp-content\/uploads\/2023\/08\/cropped-Bacsi-Szerek_red-min-1-1.png","contentUrl":"https:\/\/bacsiszerek.ro\/wp-content\/uploads\/2023\/08\/cropped-Bacsi-Szerek_red-min-1-1.png","width":350,"height":64,"caption":"bacsiszerek.ro"},"image":{"@id":"https:\/\/bacsiszerek.ro\/#\/schema\/logo\/image\/"}}]}},"jetpack_sharing_enabled":true,"_links":{"self":[{"href":"https:\/\/bacsiszerek.ro\/hu\/wp-json\/wp\/v2\/product\/1374","targetHints":{"allow":["GET"]}}],"collection":[{"href":"https:\/\/bacsiszerek.ro\/hu\/wp-json\/wp\/v2\/product"}],"about":[{"href":"https:\/\/bacsiszerek.ro\/hu\/wp-json\/wp\/v2\/types\/product"}],"replies":[{"embeddable":true,"href":"https:\/\/bacsiszerek.ro\/hu\/wp-json\/wp\/v2\/comments?post=1374"}],"wp:featuredmedia":[{"embeddable":true,"href":"https:\/\/bacsiszerek.ro\/hu\/wp-json\/wp\/v2\/media\/1368"}],"wp:attachment":[{"href":"https:\/\/bacsiszerek.ro\/hu\/wp-json\/wp\/v2\/media?parent=1374"}],"wp:term":[{"taxonomy":"product_brand","embeddable":true,"href":"https:\/\/bacsiszerek.ro\/hu\/wp-json\/wp\/v2\/product_brand?post=1374"},{"taxonomy":"product_cat","embeddable":true,"href":"https:\/\/bacsiszerek.ro\/hu\/wp-json\/wp\/v2\/product_cat?post=1374"},{"taxonomy":"product_tag","embeddable":true,"href":"https:\/\/bacsiszerek.ro\/hu\/wp-json\/wp\/v2\/product_tag?post=1374"}],"curies":[{"name":"wp","href":"https:\/\/api.w.org\/{rel}","templated":true}]}}