{"id":1193,"date":"2023-07-26T13:39:46","date_gmt":"2023-07-26T13:39:46","guid":{"rendered":"https:\/\/bacsiszerek.ro\/?post_type=product&#038;p=1193"},"modified":"2026-05-10T09:14:26","modified_gmt":"2026-05-10T07:14:26","slug":"bacsi-szerek-ruha-oblito-brutal-15l","status":"publish","type":"product","link":"https:\/\/bacsiszerek.ro\/hu\/bacsi-szerek-ruha-oblito-brutal-15l\/","title":{"rendered":"B\u00e1csi Szerek Brut\u00e1l  ruha \u00f6bl\u00edt\u0151 1,5L"},"content":{"rendered":"<p>A B\u00e1csi Szerek ruha\u00f6bl\u00edt\u0151 kiz\u00e1r\u00f3lag ara lett kifejlesztve, hogy \u00e1polja \u00e9s illatoss\u00e1 tegyen b\u00e1rmilyen t\u00edpus\u00fa textilt.\nElt\u00fcnteti a szagokat \u00e9s selymes tapint\u00e1st k\u00f6lcs\u00f6n\u00f6z a ruh\u00e1knak. A B\u00e1csi Szereket saj\u00e1t kez\u0171leg k\u00e9sz\u00edtj\u00fck a g\u00e9pjeinkkel kar\u00f6ltve; \u00edgy eredetis\u00e9get \u00e9s szeretetett helyez\u00fcnk a term\u00e9keinkbe.<br \/>\nElt\u00fcnteti a szagokat \u00e9s selymes tapint\u00e1st k\u00f6lcs\u00f6n\u00f6z a ruh\u00e1knak. A B\u00e1csi Szereket saj\u00e1t kez\u0171leg k\u00e9sz\u00edtj\u00fck a g\u00e9pjeinkkel kar\u00f6ltve; \u00edgy eredetis\u00e9get \u00e9s szeretetett helyez\u00fcnk a term\u00e9keinkbe.<br \/>\nUNIVERZ\u00c1LIS TERM\u00c9K. Ak\u00e1r k\u00e9zzel vagy automata mos\u00f3g\u00e9pben is haszn\u00e1lhat\u00f3.<br \/>\nHogyan haszn\u00e1ljuk: 50 ml egy mos\u00e1shoz, a szennyez\u0151d\u00e9s er\u0151s\u00e9g\u00e9hez m\u00e9rten.<br \/>\nK\u00c9SZ\u00dcLT SOK SZERETETTEL. \u2764\ufe0f<br \/>\nEGY SZEBB, ILLATOSABB \u00c9S TISZT\u00c1BB VIL\u00c1G\u00c9RT!<\/p>","protected":false},"excerpt":{"rendered":"<p>Balsamul pentru rufe B\u00e1csi Szerek este un produs special conceput pentru \u00eengrijirea \u0219i parfumarea \u021besuturilor de orice tip. Elimin\u0103 mirosurile nepl\u0103cute \u0219i ofer\u0103 rufelor un aspect catifelat. Balsamul B\u00e1csi Szerek este produs cu ajutorul utilajelor noastre de mici dimensiuni pentru a oferi o not\u0103 de dragoste \u0219i de autenticitate balsamurilor noastre. Balsamul pentru rufe B\u00e1csi&hellip;&nbsp;<a href=\"https:\/\/bacsiszerek.ro\/hu\/bacsi-szerek-ruha-oblito-brutal-15l\/\" rel=\"bookmark\">Read More &raquo;<span class=\"screen-reader-text\">B\u00e1csi Szerek Brut\u00e1l  ruha \u00f6bl\u00edt\u0151 1,5L<\/span><\/a><\/p>","protected":false},"featured_media":3021,"comment_status":"open","ping_status":"closed","template":"","meta":{"neve_meta_sidebar":"","neve_meta_container":"","neve_meta_enable_content_width":"off","neve_meta_content_width":70,"neve_meta_title_alignment":"","neve_meta_author_avatar":"","neve_post_elements_order":"","neve_meta_disable_header":"","neve_meta_disable_footer":"","neve_meta_disable_title":""},"product_brand":[],"product_cat":[131],"product_tag":[],"class_list":{"0":"post-1193","1":"product","2":"type-product","3":"status-publish","4":"has-post-thumbnail","6":"product_cat-detergent-rufe","8":"first","9":"instock","10":"shipping-taxable","11":"purchasable","12":"product-type-simple"},"yoast_head":"<!-- This site is optimized with the Yoast SEO plugin v27.1.1 - https:\/\/yoast.com\/product\/yoast-seo-wordpress\/ -->\n<title>Balsam pentru rufe B\u00e1csi Szerek Brut\u00e1l 1,5L - bacsiszerek.ro<\/title>\n<meta name=\"robots\" content=\"index, follow, max-snippet:-1, max-image-preview:large, max-video-preview:-1\" \/>\n<link rel=\"canonical\" href=\"https:\/\/bacsiszerek.ro\/hu\/bacsi-szerek-ruha-oblito-brutal-15l\/\" \/>\n<meta property=\"og:locale\" content=\"hu_HU\" \/>\n<meta property=\"og:type\" content=\"article\" \/>\n<meta property=\"og:title\" content=\"Balsam pentru rufe B\u00e1csi Szerek Brut\u00e1l 1,5L - bacsiszerek.ro\" \/>\n<meta property=\"og:description\" content=\"Balsamul pentru rufe B\u00e1csi Szerek este un produs special conceput pentru \u00eengrijirea \u0219i parfumarea \u021besuturilor de orice tip. Elimin\u0103 mirosurile nepl\u0103cute \u0219i ofer\u0103 rufelor un aspect catifelat. Balsamul B\u00e1csi Szerek este produs cu ajutorul utilajelor noastre de mici dimensiuni pentru a oferi o not\u0103 de dragoste \u0219i de autenticitate balsamurilor noastre. Balsamul pentru rufe B\u00e1csi&hellip;&nbsp;Read More &raquo;Balsam pentru rufe B\u00e1csi Szerek Brut\u00e1l 1,5L\" \/>\n<meta property=\"og:url\" content=\"https:\/\/bacsiszerek.ro\/hu\/bacsi-szerek-ruha-oblito-brutal-15l\/\" \/>\n<meta property=\"og:site_name\" content=\"bacsiszerek.ro\" \/>\n<meta property=\"article:modified_time\" content=\"2026-05-10T07:14:26+00:00\" \/>\n<meta property=\"og:image\" content=\"https:\/\/bacsiszerek.ro\/wp-content\/uploads\/2024\/03\/BLNM1418.jpg\" \/>\n\t<meta property=\"og:image:width\" content=\"800\" \/>\n\t<meta property=\"og:image:height\" content=\"800\" \/>\n\t<meta property=\"og:image:type\" content=\"image\/jpeg\" \/>\n<meta name=\"twitter:card\" content=\"summary_large_image\" \/>\n<meta name=\"twitter:label1\" content=\"Becs\u00fclt olvas\u00e1si id\u0151\" \/>\n\t<meta name=\"twitter:data1\" content=\"1 perc\" \/>\n<script type=\"application\/ld+json\" class=\"yoast-schema-graph\">{\"@context\":\"https:\/\/schema.org\",\"@graph\":[{\"@type\":\"WebPage\",\"@id\":\"https:\/\/bacsiszerek.ro\/bacsi-szerek-ruha-oblito-brutal-15l\/\",\"url\":\"https:\/\/bacsiszerek.ro\/bacsi-szerek-ruha-oblito-brutal-15l\/\",\"name\":\"Balsam pentru rufe B\u00e1csi Szerek Brut\u00e1l 1,5L - bacsiszerek.ro\",\"isPartOf\":{\"@id\":\"https:\/\/bacsiszerek.ro\/#website\"},\"primaryImageOfPage\":{\"@id\":\"https:\/\/bacsiszerek.ro\/bacsi-szerek-ruha-oblito-brutal-15l\/#primaryimage\"},\"image\":{\"@id\":\"https:\/\/bacsiszerek.ro\/bacsi-szerek-ruha-oblito-brutal-15l\/#primaryimage\"},\"thumbnailUrl\":\"https:\/\/bacsiszerek.ro\/wp-content\/uploads\/2024\/03\/BLNM1418.jpg\",\"datePublished\":\"2023-07-26T13:39:46+00:00\",\"dateModified\":\"2026-05-10T07:14:26+00:00\",\"breadcrumb\":{\"@id\":\"https:\/\/bacsiszerek.ro\/bacsi-szerek-ruha-oblito-brutal-15l\/#breadcrumb\"},\"inLanguage\":\"hu\",\"potentialAction\":[{\"@type\":\"ReadAction\",\"target\":[\"https:\/\/bacsiszerek.ro\/bacsi-szerek-ruha-oblito-brutal-15l\/\"]}]},{\"@type\":\"ImageObject\",\"inLanguage\":\"hu\",\"@id\":\"https:\/\/bacsiszerek.ro\/bacsi-szerek-ruha-oblito-brutal-15l\/#primaryimage\",\"url\":\"https:\/\/bacsiszerek.ro\/wp-content\/uploads\/2024\/03\/BLNM1418.jpg\",\"contentUrl\":\"https:\/\/bacsiszerek.ro\/wp-content\/uploads\/2024\/03\/BLNM1418.jpg\",\"width\":800,\"height\":800},{\"@type\":\"BreadcrumbList\",\"@id\":\"https:\/\/bacsiszerek.ro\/bacsi-szerek-ruha-oblito-brutal-15l\/#breadcrumb\",\"itemListElement\":[{\"@type\":\"ListItem\",\"position\":1,\"name\":\"Prima pagin\u0103\",\"item\":\"https:\/\/bacsiszerek.ro\/\"},{\"@type\":\"ListItem\",\"position\":2,\"name\":\"Magazin\",\"item\":\"https:\/\/bacsiszerek.ro\/magazin\/\"},{\"@type\":\"ListItem\",\"position\":3,\"name\":\"Balsam pentru rufe B\u00e1csi Szerek Brut\u00e1l 1,5L\"}]},{\"@type\":\"WebSite\",\"@id\":\"https:\/\/bacsiszerek.ro\/#website\",\"url\":\"https:\/\/bacsiszerek.ro\/\",\"name\":\"bacsiszerek.ro\",\"description\":\"Egy szebb, illatosabb \u00e9s tiszt\u00e1bb vil\u00e1g\u00e9rt!\",\"publisher\":{\"@id\":\"https:\/\/bacsiszerek.ro\/#organization\"},\"potentialAction\":[{\"@type\":\"SearchAction\",\"target\":{\"@type\":\"EntryPoint\",\"urlTemplate\":\"https:\/\/bacsiszerek.ro\/?s={search_term_string}\"},\"query-input\":{\"@type\":\"PropertyValueSpecification\",\"valueRequired\":true,\"valueName\":\"search_term_string\"}}],\"inLanguage\":\"hu\"},{\"@type\":\"Organization\",\"@id\":\"https:\/\/bacsiszerek.ro\/#organization\",\"name\":\"bacsiszerek.ro\",\"url\":\"https:\/\/bacsiszerek.ro\/\",\"logo\":{\"@type\":\"ImageObject\",\"inLanguage\":\"hu\",\"@id\":\"https:\/\/bacsiszerek.ro\/#\/schema\/logo\/image\/\",\"url\":\"https:\/\/bacsiszerek.ro\/wp-content\/uploads\/2023\/08\/cropped-Bacsi-Szerek_red-min-1-1.png\",\"contentUrl\":\"https:\/\/bacsiszerek.ro\/wp-content\/uploads\/2023\/08\/cropped-Bacsi-Szerek_red-min-1-1.png\",\"width\":350,\"height\":64,\"caption\":\"bacsiszerek.ro\"},\"image\":{\"@id\":\"https:\/\/bacsiszerek.ro\/#\/schema\/logo\/image\/\"}}]}<\/script>\n<!-- \/ Yoast SEO plugin. -->","yoast_head_json":{"title":"Balsam pentru rufe B\u00e1csi Szerek Brut\u00e1l 1,5L - bacsiszerek.ro","robots":{"index":"index","follow":"follow","max-snippet":"max-snippet:-1","max-image-preview":"max-image-preview:large","max-video-preview":"max-video-preview:-1"},"canonical":"https:\/\/bacsiszerek.ro\/hu\/bacsi-szerek-ruha-oblito-brutal-15l\/","og_locale":"hu_HU","og_type":"article","og_title":"Balsam pentru rufe B\u00e1csi Szerek Brut\u00e1l 1,5L - bacsiszerek.ro","og_description":"Balsamul pentru rufe B\u00e1csi Szerek este un produs special conceput pentru \u00eengrijirea \u0219i parfumarea \u021besuturilor de orice tip. Elimin\u0103 mirosurile nepl\u0103cute \u0219i ofer\u0103 rufelor un aspect catifelat. Balsamul B\u00e1csi Szerek este produs cu ajutorul utilajelor noastre de mici dimensiuni pentru a oferi o not\u0103 de dragoste \u0219i de autenticitate balsamurilor noastre. Balsamul pentru rufe B\u00e1csi&hellip;&nbsp;Read More &raquo;Balsam pentru rufe B\u00e1csi Szerek Brut\u00e1l 1,5L","og_url":"https:\/\/bacsiszerek.ro\/hu\/bacsi-szerek-ruha-oblito-brutal-15l\/","og_site_name":"bacsiszerek.ro","article_modified_time":"2026-05-10T07:14:26+00:00","og_image":[{"width":800,"height":800,"url":"https:\/\/bacsiszerek.ro\/wp-content\/uploads\/2024\/03\/BLNM1418.jpg","type":"image\/jpeg"}],"twitter_card":"summary_large_image","twitter_misc":{"Becs\u00fclt olvas\u00e1si id\u0151":"1 perc"},"schema":{"@context":"https:\/\/schema.org","@graph":[{"@type":"WebPage","@id":"https:\/\/bacsiszerek.ro\/bacsi-szerek-ruha-oblito-brutal-15l\/","url":"https:\/\/bacsiszerek.ro\/bacsi-szerek-ruha-oblito-brutal-15l\/","name":"Balsam pentru rufe B\u00e1csi Szerek Brut\u00e1l 1,5L - bacsiszerek.ro","isPartOf":{"@id":"https:\/\/bacsiszerek.ro\/#website"},"primaryImageOfPage":{"@id":"https:\/\/bacsiszerek.ro\/bacsi-szerek-ruha-oblito-brutal-15l\/#primaryimage"},"image":{"@id":"https:\/\/bacsiszerek.ro\/bacsi-szerek-ruha-oblito-brutal-15l\/#primaryimage"},"thumbnailUrl":"https:\/\/bacsiszerek.ro\/wp-content\/uploads\/2024\/03\/BLNM1418.jpg","datePublished":"2023-07-26T13:39:46+00:00","dateModified":"2026-05-10T07:14:26+00:00","breadcrumb":{"@id":"https:\/\/bacsiszerek.ro\/bacsi-szerek-ruha-oblito-brutal-15l\/#breadcrumb"},"inLanguage":"hu","potentialAction":[{"@type":"ReadAction","target":["https:\/\/bacsiszerek.ro\/bacsi-szerek-ruha-oblito-brutal-15l\/"]}]},{"@type":"ImageObject","inLanguage":"hu","@id":"https:\/\/bacsiszerek.ro\/bacsi-szerek-ruha-oblito-brutal-15l\/#primaryimage","url":"https:\/\/bacsiszerek.ro\/wp-content\/uploads\/2024\/03\/BLNM1418.jpg","contentUrl":"https:\/\/bacsiszerek.ro\/wp-content\/uploads\/2024\/03\/BLNM1418.jpg","width":800,"height":800},{"@type":"BreadcrumbList","@id":"https:\/\/bacsiszerek.ro\/bacsi-szerek-ruha-oblito-brutal-15l\/#breadcrumb","itemListElement":[{"@type":"ListItem","position":1,"name":"Prima pagin\u0103","item":"https:\/\/bacsiszerek.ro\/"},{"@type":"ListItem","position":2,"name":"Magazin","item":"https:\/\/bacsiszerek.ro\/magazin\/"},{"@type":"ListItem","position":3,"name":"Balsam pentru rufe B\u00e1csi Szerek Brut\u00e1l 1,5L"}]},{"@type":"WebSite","@id":"https:\/\/bacsiszerek.ro\/#website","url":"https:\/\/bacsiszerek.ro\/","name":"bacsiszerek.ro","description":"Egy szebb, illatosabb \u00e9s tiszt\u00e1bb vil\u00e1g\u00e9rt!","publisher":{"@id":"https:\/\/bacsiszerek.ro\/#organization"},"potentialAction":[{"@type":"SearchAction","target":{"@type":"EntryPoint","urlTemplate":"https:\/\/bacsiszerek.ro\/?s={search_term_string}"},"query-input":{"@type":"PropertyValueSpecification","valueRequired":true,"valueName":"search_term_string"}}],"inLanguage":"hu"},{"@type":"Organization","@id":"https:\/\/bacsiszerek.ro\/#organization","name":"bacsiszerek.ro","url":"https:\/\/bacsiszerek.ro\/","logo":{"@type":"ImageObject","inLanguage":"hu","@id":"https:\/\/bacsiszerek.ro\/#\/schema\/logo\/image\/","url":"https:\/\/bacsiszerek.ro\/wp-content\/uploads\/2023\/08\/cropped-Bacsi-Szerek_red-min-1-1.png","contentUrl":"https:\/\/bacsiszerek.ro\/wp-content\/uploads\/2023\/08\/cropped-Bacsi-Szerek_red-min-1-1.png","width":350,"height":64,"caption":"bacsiszerek.ro"},"image":{"@id":"https:\/\/bacsiszerek.ro\/#\/schema\/logo\/image\/"}}]}},"jetpack_sharing_enabled":true,"_links":{"self":[{"href":"https:\/\/bacsiszerek.ro\/hu\/wp-json\/wp\/v2\/product\/1193","targetHints":{"allow":["GET"]}}],"collection":[{"href":"https:\/\/bacsiszerek.ro\/hu\/wp-json\/wp\/v2\/product"}],"about":[{"href":"https:\/\/bacsiszerek.ro\/hu\/wp-json\/wp\/v2\/types\/product"}],"replies":[{"embeddable":true,"href":"https:\/\/bacsiszerek.ro\/hu\/wp-json\/wp\/v2\/comments?post=1193"}],"wp:featuredmedia":[{"embeddable":true,"href":"https:\/\/bacsiszerek.ro\/hu\/wp-json\/wp\/v2\/media\/3021"}],"wp:attachment":[{"href":"https:\/\/bacsiszerek.ro\/hu\/wp-json\/wp\/v2\/media?parent=1193"}],"wp:term":[{"taxonomy":"product_brand","embeddable":true,"href":"https:\/\/bacsiszerek.ro\/hu\/wp-json\/wp\/v2\/product_brand?post=1193"},{"taxonomy":"product_cat","embeddable":true,"href":"https:\/\/bacsiszerek.ro\/hu\/wp-json\/wp\/v2\/product_cat?post=1193"},{"taxonomy":"product_tag","embeddable":true,"href":"https:\/\/bacsiszerek.ro\/hu\/wp-json\/wp\/v2\/product_tag?post=1193"}],"curies":[{"name":"wp","href":"https:\/\/api.w.org\/{rel}","templated":true}]}}