{"id":1190,"date":"2023-07-26T13:31:35","date_gmt":"2023-07-26T13:31:35","guid":{"rendered":"https:\/\/bacsiszerek.ro\/?post_type=product&#038;p=1190"},"modified":"2026-04-23T11:29:40","modified_gmt":"2026-04-23T09:29:40","slug":"bacsi-szerek-mosogel-3l","status":"publish","type":"product","link":"https:\/\/bacsiszerek.ro\/hu\/bacsi-szerek-mosogel-3l\/","title":{"rendered":"B\u00e1csi Szerek mos\u00f3g\u00e9l 3L"},"content":{"rendered":"<p>K\u00e9sz\u00fclj fel arra, hogy minden mos\u00e1s ut\u00e1n makul\u00e1tlan, friss \u00e9s fert\u0151tlen\u00edtett ruh\u00e1kat \u00e9lvezhess. Fedezd fel mos\u00f3g\u00e9l\u00fcnk kiv\u00e1l\u00f3 teljes\u00edtm\u00e9ny\u00e9t, amelyet a kiv\u00e1l\u00f3 eredm\u00e9nyek \u00e9s a k\u00edm\u00e9letes anyag\u00e1pol\u00e1s \u00e9rdek\u00e9ben tervezt\u00fcnk.<\/p>\n<h3>A mos\u00f3szerr\u0151l:<\/h3>\n<ul>\n<li>kis m\u00e9ret\u0171 g\u00e9pekkel gy\u00e1rtott, a gondosan kiv\u00e1lasztott anyagok lehet\u0151 legjobb homogeniz\u00e1l\u00e1sa \u00e9rdek\u00e9ben<\/li>\n<li>magas tiszt\u00edt\u00f3er\u0151vel rendelkezik, \u00e9s semleges\u00edti a kellemetlen szagokat is<\/li>\n<li>sz\u00f3dabikarb\u00f3na seg\u00edts\u00e9g\u00e9vel elt\u00e1vol\u00edtja a por, zs\u00edr \u00e9s olaj nyomait<\/li>\n<li>egyedi illatot tartalmaz, amely mos\u00e1s ut\u00e1n is hossz\u00fa ideig \u00e9rezhet\u0151 a ruh\u00e1kon<\/li>\n<li>univerz\u00e1lis: feh\u00e9r \u00e9s sz\u00ednes ruh\u00e1kon is haszn\u00e1lhat\u00f3; k\u00e9zi \u00e9s mos\u00f3g\u00e9pben val\u00f3 haszn\u00e1latra is alkalmas<\/li>\n<\/ul>\n<h3>Hogyan haszn\u00e1ljuk:<\/h3>\n<ul>\n<li>45 - 70 mL egy mos\u00e1shoz, a szennyez\u0151d\u00e9s er\u0151ss\u00e9g\u00e9hez m\u00e9rten<\/li>\n<\/ul>\n<div class=\"su-service\"><div class=\"su-service-title\" style=\"padding-left:46px;min-height:32px;line-height:32px\"><i class=\"sui sui-home\" style=\"font-size:32px;color:#529a22\"><\/i> Hagyom\u00e1ny sz\u00edvvel-l\u00e9lekkel \u2013 az otthonod\u00e9rt<\/div><div class=\"su-service-content su-u-clearfix su-u-trim\" style=\"padding-left:46px\">Fedezd fel a hagyom\u00e1nyos tisztas\u00e1got, amit minden B\u00e1csi Szerek term\u00e9k \u0151riz. Egyszer\u0171, bev\u00e1lt receptekb\u0151l \u2013 \u0151szinte min\u0151s\u00e9g.<\/div><\/div>\n<div class=\"su-service\"><div class=\"su-service-title\" style=\"padding-left:46px;min-height:32px;line-height:32px\"><i class=\"sui sui-leaf\" style=\"font-size:32px;color:#529a22\"><\/i> Alapos tiszt\u00edt\u00e1s k\u00edm\u00e9letes formul\u00e1kkal<\/div><div class=\"su-service-content su-u-clearfix su-u-trim\" style=\"padding-left:46px\">A B\u00e1csi Szerek tiszt\u00edt\u00f3szerei koncentr\u00e1ltak, gazdas\u00e1gosak \u00e9s k\u00edm\u00e9letesek \u2013 hosszan tart\u00f3 frissess\u00e9get \u00e9s kellemes illatot hagynak maguk ut\u00e1n.<\/div><\/div>\n<div class=\"su-service\"><div class=\"su-service-title\" style=\"padding-left:46px;min-height:32px;line-height:32px\"><i class=\"sui sui-heart\" style=\"font-size:32px;color:#e31e24\"><\/i> K\u00c9SZ\u00dcLT SOK SZERETETTEL!<\/div><div class=\"su-service-content su-u-clearfix su-u-trim\" style=\"padding-left:46px\">EGY SZEBB, ILLATOSABB \u00c9S TISZT\u00c1BB VIL\u00c1G\u00c9RT!<\/div><\/div>","protected":false},"excerpt":{"rendered":"<p>Tiszta ruh\u00e1k \u00e9s hosszan tart\u00f3 friss illat! A B\u00e1csi Szerek foly\u00e9kony mos\u00f3g\u00e9l hat\u00e9konyan tiszt\u00edt, semleges\u00edti a szagokat \u00e9s univerz\u00e1lisan haszn\u00e1lhat\u00f3. Garant\u00e1lja a hat\u00e9kony mos\u00e1st!<\/p>","protected":false},"featured_media":3018,"comment_status":"open","ping_status":"closed","template":"","meta":{"neve_meta_sidebar":"","neve_meta_container":"","neve_meta_enable_content_width":"off","neve_meta_content_width":70,"neve_meta_title_alignment":"","neve_meta_author_avatar":"","neve_post_elements_order":"","neve_meta_disable_header":"","neve_meta_disable_footer":"","neve_meta_disable_title":""},"product_brand":[],"product_cat":[131],"product_tag":[],"class_list":{"0":"post-1190","1":"product","2":"type-product","3":"status-publish","4":"has-post-thumbnail","6":"product_cat-detergent-rufe","8":"first","9":"instock","10":"shipping-taxable","11":"purchasable","12":"product-type-simple"},"yoast_head":"<!-- This site is optimized with the Yoast SEO plugin v27.1.1 - https:\/\/yoast.com\/product\/yoast-seo-wordpress\/ -->\n<title>Detergent lichid rufe B\u00e1csi Szerek 3L - bacsiszerek.ro<\/title>\n<meta name=\"robots\" content=\"index, follow, max-snippet:-1, max-image-preview:large, max-video-preview:-1\" \/>\n<link rel=\"canonical\" href=\"https:\/\/bacsiszerek.ro\/hu\/bacsi-szerek-mosogel-3l\/\" \/>\n<meta property=\"og:locale\" content=\"hu_HU\" \/>\n<meta property=\"og:type\" content=\"article\" \/>\n<meta property=\"og:title\" content=\"Detergent lichid rufe B\u00e1csi Szerek 3L - bacsiszerek.ro\" \/>\n<meta property=\"og:description\" content=\"Haine impecabile \u0219i un parfum proasp\u0103t de durat\u0103! Detergentul lichid B\u00e1csi Szerek cur\u0103\u021b\u0103 puternic, elimin\u0103 mirosurile \u0219i este universal. Garanteaz\u0103 o sp\u0103lare eficient\u0103!\" \/>\n<meta property=\"og:url\" content=\"https:\/\/bacsiszerek.ro\/hu\/bacsi-szerek-mosogel-3l\/\" \/>\n<meta property=\"og:site_name\" content=\"bacsiszerek.ro\" \/>\n<meta property=\"article:modified_time\" content=\"2026-04-23T09:29:40+00:00\" \/>\n<meta property=\"og:image\" content=\"https:\/\/bacsiszerek.ro\/wp-content\/uploads\/2024\/03\/BLNM1393.jpg\" \/>\n\t<meta property=\"og:image:width\" content=\"800\" \/>\n\t<meta property=\"og:image:height\" content=\"800\" \/>\n\t<meta property=\"og:image:type\" content=\"image\/jpeg\" \/>\n<meta name=\"twitter:card\" content=\"summary_large_image\" \/>\n<meta name=\"twitter:label1\" content=\"Becs\u00fclt olvas\u00e1si id\u0151\" \/>\n\t<meta name=\"twitter:data1\" content=\"2 perc\" \/>\n<script type=\"application\/ld+json\" class=\"yoast-schema-graph\">{\"@context\":\"https:\/\/schema.org\",\"@graph\":[{\"@type\":\"WebPage\",\"@id\":\"https:\/\/bacsiszerek.ro\/bacsi-szerek-mosogel-3l\/\",\"url\":\"https:\/\/bacsiszerek.ro\/bacsi-szerek-mosogel-3l\/\",\"name\":\"Detergent lichid rufe B\u00e1csi Szerek 3L - bacsiszerek.ro\",\"isPartOf\":{\"@id\":\"https:\/\/bacsiszerek.ro\/#website\"},\"primaryImageOfPage\":{\"@id\":\"https:\/\/bacsiszerek.ro\/bacsi-szerek-mosogel-3l\/#primaryimage\"},\"image\":{\"@id\":\"https:\/\/bacsiszerek.ro\/bacsi-szerek-mosogel-3l\/#primaryimage\"},\"thumbnailUrl\":\"https:\/\/bacsiszerek.ro\/wp-content\/uploads\/2024\/03\/BLNM1393.jpg\",\"datePublished\":\"2023-07-26T13:31:35+00:00\",\"dateModified\":\"2026-04-23T09:29:40+00:00\",\"breadcrumb\":{\"@id\":\"https:\/\/bacsiszerek.ro\/bacsi-szerek-mosogel-3l\/#breadcrumb\"},\"inLanguage\":\"hu\",\"potentialAction\":[{\"@type\":\"ReadAction\",\"target\":[\"https:\/\/bacsiszerek.ro\/bacsi-szerek-mosogel-3l\/\"]}]},{\"@type\":\"ImageObject\",\"inLanguage\":\"hu\",\"@id\":\"https:\/\/bacsiszerek.ro\/bacsi-szerek-mosogel-3l\/#primaryimage\",\"url\":\"https:\/\/bacsiszerek.ro\/wp-content\/uploads\/2024\/03\/BLNM1393.jpg\",\"contentUrl\":\"https:\/\/bacsiszerek.ro\/wp-content\/uploads\/2024\/03\/BLNM1393.jpg\",\"width\":800,\"height\":800},{\"@type\":\"BreadcrumbList\",\"@id\":\"https:\/\/bacsiszerek.ro\/bacsi-szerek-mosogel-3l\/#breadcrumb\",\"itemListElement\":[{\"@type\":\"ListItem\",\"position\":1,\"name\":\"Prima pagin\u0103\",\"item\":\"https:\/\/bacsiszerek.ro\/\"},{\"@type\":\"ListItem\",\"position\":2,\"name\":\"Magazin\",\"item\":\"https:\/\/bacsiszerek.ro\/magazin\/\"},{\"@type\":\"ListItem\",\"position\":3,\"name\":\"Detergent lichid rufe B\u00e1csi Szerek 3L\"}]},{\"@type\":\"WebSite\",\"@id\":\"https:\/\/bacsiszerek.ro\/#website\",\"url\":\"https:\/\/bacsiszerek.ro\/\",\"name\":\"bacsiszerek.ro\",\"description\":\"Egy szebb, illatosabb \u00e9s tiszt\u00e1bb vil\u00e1g\u00e9rt!\",\"publisher\":{\"@id\":\"https:\/\/bacsiszerek.ro\/#organization\"},\"potentialAction\":[{\"@type\":\"SearchAction\",\"target\":{\"@type\":\"EntryPoint\",\"urlTemplate\":\"https:\/\/bacsiszerek.ro\/?s={search_term_string}\"},\"query-input\":{\"@type\":\"PropertyValueSpecification\",\"valueRequired\":true,\"valueName\":\"search_term_string\"}}],\"inLanguage\":\"hu\"},{\"@type\":\"Organization\",\"@id\":\"https:\/\/bacsiszerek.ro\/#organization\",\"name\":\"bacsiszerek.ro\",\"url\":\"https:\/\/bacsiszerek.ro\/\",\"logo\":{\"@type\":\"ImageObject\",\"inLanguage\":\"hu\",\"@id\":\"https:\/\/bacsiszerek.ro\/#\/schema\/logo\/image\/\",\"url\":\"https:\/\/bacsiszerek.ro\/wp-content\/uploads\/2023\/08\/cropped-Bacsi-Szerek_red-min-1-1.png\",\"contentUrl\":\"https:\/\/bacsiszerek.ro\/wp-content\/uploads\/2023\/08\/cropped-Bacsi-Szerek_red-min-1-1.png\",\"width\":350,\"height\":64,\"caption\":\"bacsiszerek.ro\"},\"image\":{\"@id\":\"https:\/\/bacsiszerek.ro\/#\/schema\/logo\/image\/\"}}]}<\/script>\n<!-- \/ Yoast SEO plugin. -->","yoast_head_json":{"title":"Detergent lichid rufe B\u00e1csi Szerek 3L - bacsiszerek.ro","robots":{"index":"index","follow":"follow","max-snippet":"max-snippet:-1","max-image-preview":"max-image-preview:large","max-video-preview":"max-video-preview:-1"},"canonical":"https:\/\/bacsiszerek.ro\/hu\/bacsi-szerek-mosogel-3l\/","og_locale":"hu_HU","og_type":"article","og_title":"Detergent lichid rufe B\u00e1csi Szerek 3L - bacsiszerek.ro","og_description":"Haine impecabile \u0219i un parfum proasp\u0103t de durat\u0103! Detergentul lichid B\u00e1csi Szerek cur\u0103\u021b\u0103 puternic, elimin\u0103 mirosurile \u0219i este universal. Garanteaz\u0103 o sp\u0103lare eficient\u0103!","og_url":"https:\/\/bacsiszerek.ro\/hu\/bacsi-szerek-mosogel-3l\/","og_site_name":"bacsiszerek.ro","article_modified_time":"2026-04-23T09:29:40+00:00","og_image":[{"width":800,"height":800,"url":"https:\/\/bacsiszerek.ro\/wp-content\/uploads\/2024\/03\/BLNM1393.jpg","type":"image\/jpeg"}],"twitter_card":"summary_large_image","twitter_misc":{"Becs\u00fclt olvas\u00e1si id\u0151":"2 perc"},"schema":{"@context":"https:\/\/schema.org","@graph":[{"@type":"WebPage","@id":"https:\/\/bacsiszerek.ro\/bacsi-szerek-mosogel-3l\/","url":"https:\/\/bacsiszerek.ro\/bacsi-szerek-mosogel-3l\/","name":"Detergent lichid rufe B\u00e1csi Szerek 3L - bacsiszerek.ro","isPartOf":{"@id":"https:\/\/bacsiszerek.ro\/#website"},"primaryImageOfPage":{"@id":"https:\/\/bacsiszerek.ro\/bacsi-szerek-mosogel-3l\/#primaryimage"},"image":{"@id":"https:\/\/bacsiszerek.ro\/bacsi-szerek-mosogel-3l\/#primaryimage"},"thumbnailUrl":"https:\/\/bacsiszerek.ro\/wp-content\/uploads\/2024\/03\/BLNM1393.jpg","datePublished":"2023-07-26T13:31:35+00:00","dateModified":"2026-04-23T09:29:40+00:00","breadcrumb":{"@id":"https:\/\/bacsiszerek.ro\/bacsi-szerek-mosogel-3l\/#breadcrumb"},"inLanguage":"hu","potentialAction":[{"@type":"ReadAction","target":["https:\/\/bacsiszerek.ro\/bacsi-szerek-mosogel-3l\/"]}]},{"@type":"ImageObject","inLanguage":"hu","@id":"https:\/\/bacsiszerek.ro\/bacsi-szerek-mosogel-3l\/#primaryimage","url":"https:\/\/bacsiszerek.ro\/wp-content\/uploads\/2024\/03\/BLNM1393.jpg","contentUrl":"https:\/\/bacsiszerek.ro\/wp-content\/uploads\/2024\/03\/BLNM1393.jpg","width":800,"height":800},{"@type":"BreadcrumbList","@id":"https:\/\/bacsiszerek.ro\/bacsi-szerek-mosogel-3l\/#breadcrumb","itemListElement":[{"@type":"ListItem","position":1,"name":"Prima pagin\u0103","item":"https:\/\/bacsiszerek.ro\/"},{"@type":"ListItem","position":2,"name":"Magazin","item":"https:\/\/bacsiszerek.ro\/magazin\/"},{"@type":"ListItem","position":3,"name":"Detergent lichid rufe B\u00e1csi Szerek 3L"}]},{"@type":"WebSite","@id":"https:\/\/bacsiszerek.ro\/#website","url":"https:\/\/bacsiszerek.ro\/","name":"bacsiszerek.ro","description":"Egy szebb, illatosabb \u00e9s tiszt\u00e1bb vil\u00e1g\u00e9rt!","publisher":{"@id":"https:\/\/bacsiszerek.ro\/#organization"},"potentialAction":[{"@type":"SearchAction","target":{"@type":"EntryPoint","urlTemplate":"https:\/\/bacsiszerek.ro\/?s={search_term_string}"},"query-input":{"@type":"PropertyValueSpecification","valueRequired":true,"valueName":"search_term_string"}}],"inLanguage":"hu"},{"@type":"Organization","@id":"https:\/\/bacsiszerek.ro\/#organization","name":"bacsiszerek.ro","url":"https:\/\/bacsiszerek.ro\/","logo":{"@type":"ImageObject","inLanguage":"hu","@id":"https:\/\/bacsiszerek.ro\/#\/schema\/logo\/image\/","url":"https:\/\/bacsiszerek.ro\/wp-content\/uploads\/2023\/08\/cropped-Bacsi-Szerek_red-min-1-1.png","contentUrl":"https:\/\/bacsiszerek.ro\/wp-content\/uploads\/2023\/08\/cropped-Bacsi-Szerek_red-min-1-1.png","width":350,"height":64,"caption":"bacsiszerek.ro"},"image":{"@id":"https:\/\/bacsiszerek.ro\/#\/schema\/logo\/image\/"}}]}},"jetpack_sharing_enabled":true,"_links":{"self":[{"href":"https:\/\/bacsiszerek.ro\/hu\/wp-json\/wp\/v2\/product\/1190","targetHints":{"allow":["GET"]}}],"collection":[{"href":"https:\/\/bacsiszerek.ro\/hu\/wp-json\/wp\/v2\/product"}],"about":[{"href":"https:\/\/bacsiszerek.ro\/hu\/wp-json\/wp\/v2\/types\/product"}],"replies":[{"embeddable":true,"href":"https:\/\/bacsiszerek.ro\/hu\/wp-json\/wp\/v2\/comments?post=1190"}],"wp:featuredmedia":[{"embeddable":true,"href":"https:\/\/bacsiszerek.ro\/hu\/wp-json\/wp\/v2\/media\/3018"}],"wp:attachment":[{"href":"https:\/\/bacsiszerek.ro\/hu\/wp-json\/wp\/v2\/media?parent=1190"}],"wp:term":[{"taxonomy":"product_brand","embeddable":true,"href":"https:\/\/bacsiszerek.ro\/hu\/wp-json\/wp\/v2\/product_brand?post=1190"},{"taxonomy":"product_cat","embeddable":true,"href":"https:\/\/bacsiszerek.ro\/hu\/wp-json\/wp\/v2\/product_cat?post=1190"},{"taxonomy":"product_tag","embeddable":true,"href":"https:\/\/bacsiszerek.ro\/hu\/wp-json\/wp\/v2\/product_tag?post=1190"}],"curies":[{"name":"wp","href":"https:\/\/api.w.org\/{rel}","templated":true}]}}