{"id":882,"date":"2021-05-11T13:31:11","date_gmt":"2021-05-11T13:31:11","guid":{"rendered":"https:\/\/killcomania.ro\/?page_id=882"},"modified":"2023-07-21T16:54:51","modified_gmt":"2023-07-21T16:54:51","slug":"politica-cookie","status":"publish","type":"page","link":"https:\/\/bacsiszerek.ro\/hu\/politica-cookie\/","title":{"rendered":"Cookie-szab\u00e1lyzat"},"content":{"rendered":"<div data-elementor-type=\"wp-page\" data-elementor-id=\"882\" class=\"elementor elementor-882\" data-elementor-post-type=\"page\">\n\t\t\t\t\t\t<section class=\"elementor-section elementor-top-section elementor-element elementor-element-f0071dd elementor-section-boxed elementor-section-height-default elementor-section-height-default\" data-id=\"f0071dd\" data-element_type=\"section\" data-e-type=\"section\">\n\t\t\t\t\t\t<div class=\"elementor-container elementor-column-gap-default\">\n\t\t\t\t\t<div class=\"elementor-column elementor-col-100 elementor-top-column elementor-element elementor-element-7ed101d\" data-id=\"7ed101d\" data-element_type=\"column\" data-e-type=\"column\">\n\t\t\t<div class=\"elementor-widget-wrap elementor-element-populated\">\n\t\t\t\t\t\t<div class=\"elementor-element elementor-element-26e27b5 elementor-widget elementor-widget-heading\" data-id=\"26e27b5\" data-element_type=\"widget\" data-e-type=\"widget\" data-widget_type=\"heading.default\">\n\t\t\t\t<div class=\"elementor-widget-container\">\n\t\t\t\t\t<h1 class=\"elementor-heading-title elementor-size-default\">Cookie-szab\u00e1lyzat<\/h1>\t\t\t\t<\/div>\n\t\t\t\t<\/div>\n\t\t\t\t\t<\/div>\n\t\t<\/div>\n\t\t\t\t\t<\/div>\n\t\t<\/section>\n\t\t\t\t<section class=\"elementor-section elementor-top-section elementor-element elementor-element-768af85 elementor-section-boxed elementor-section-height-default elementor-section-height-default\" data-id=\"768af85\" data-element_type=\"section\" data-e-type=\"section\">\n\t\t\t\t\t\t<div class=\"elementor-container elementor-column-gap-default\">\n\t\t\t\t\t<div class=\"elementor-column elementor-col-100 elementor-top-column elementor-element elementor-element-ae8973f\" data-id=\"ae8973f\" data-element_type=\"column\" data-e-type=\"column\">\n\t\t\t<div class=\"elementor-widget-wrap elementor-element-populated\">\n\t\t\t\t\t\t<div class=\"elementor-element elementor-element-71359d5 elementor-widget elementor-widget-text-editor\" data-id=\"71359d5\" data-element_type=\"widget\" data-e-type=\"widget\" data-widget_type=\"text-editor.default\">\n\t\t\t\t<div class=\"elementor-widget-container\">\n\t\t\t\t\t\t\t\t\t<div class=\"textPages\"><p>Aceast\u0103 politic\u0103 se refer\u0103 la cookie-urile \u0219i pagina web de\u021binut\u0103 \u0219i operat\u0103 de SILLY CLEAN SRL,\u00a0\u00a0persoan\u0103 juridic\u0103 de na\u021bionalitate rom\u00e2n\u0103, av\u00e2nd punct de lucru in loc. Baciu, str. Molidului, nr. 3, jud. Cluj, cu num\u0103r de ordine \u00een Registrul Comer\u021bului J12\/566\/1999, cod unic de \u00eenregistrare fiscal\u0103 RO11821702.<\/p><p>Cookie-ul este un fi\u0219ier de mici dimensiuni, format din litere \u0219i numere, care va fi stocat pe orice terminal cu acces la internet, precum computerul, terminalul mobil sau alte echipamente ale unui utilizator de pe care se acceseaza internetul. Cookie-ul este instalat prin solicitarea emis\u0103 de c\u0103tre un web-server unui browser (ex: Internet Explorer, Chrome).<\/p><p>Este important de re\u021binut faptul c\u0103 un cookie este complet \u201cpasiv\u201d (nu con\u021bine programe software, viru\u0219i sau spyware \u0219i nu poate accesa informa\u021biile de pe hard driverul utilizatorului). Cookie-urile nu solicit\u0103 informa\u021bii cu caracter personal \u0219i nu identific\u0103 personal utlizatorii de pe internet.<\/p><p><strong>La ce sunt folosite cookie-urile?<\/strong><\/p><p>Aceste fi\u0219iere fac posibil\u0103 recunoa\u0219terea terminalului utilizatorului \u0219i prezentarea con\u021binutului \u00eentr-un mod relevant, adaptat preferin\u021belor utilizatorului. Cookie-urile asigur\u0103 utilizatorilor o experien\u021b\u0103 placut\u0103 de navigare \u0219i sus\u021bin demersurile SILLY CLEAN SRL pentru a oferi servicii comfortabile utilizatorilor: ex: \u2013 preferin\u021bele \u00een materie de confiden\u021bialitate online, co\u0219ul de cump\u0103r\u0103turi sau publicitate relevant\u0103.<\/p><p><strong>Ce cookie-uri folosim?<\/strong><\/p><p>Folosim dou\u0103 tipuri de cookie-uri: per sesiune \u0219i fixe. Primele sunt fi\u0219iere temporare ce r\u0103m\u00e2n \u00een terminalul utilizatorului p\u00e2n\u0103 la terminarea sesiunii sau inchiderea aplica\u021biei (browser-ului web). Fi\u0219ierele fixe r\u0103m\u00e2n pe terminalul utilizatorului pe o perioad\u0103 \u00een parametrii cookie-ului sau p\u00e2n\u0103 sunt \u0219terse manual de utilizator.<\/p><p><strong>Cum sunt folosite Cookie-urile de c\u0103tre acest site?<\/strong><\/p><p>O vizit\u0103 pe acest site poate plasa cookie-uri \u00een scopuri de:<\/p><ul><li>Cookie-uri de performan\u021b\u0103 a site-ului<\/li><li>Cookie-uri de analiz\u0103 a vizitatorilor<\/li><li>Cookie-uri pentru geotargetting<\/li><li>Cookie-uri de \u00eenregistrare<\/li><li>Cookie-uri pentru publicitate<\/li><li>Cookie-uri ale furnizorilor de publicitate<\/li><\/ul><p><strong>Con\u021bin cookie-urile date personale?<\/strong><\/p><p>Cookie-urile \u00een sine nu solicit\u0103 informa\u021bii cu caracter personal pentru a putea fi utilizate \u0219i, \u00een cele mai multe cazuri, nu identific\u0103 personal utilizatorii de internet. Datele personale colectate prin utilizarea cookie-urilor pot fi colectate doar pentru a facilita anumite functionalit\u0103\u021bi pentru utilizator. Aceste date sunt criptate \u00eentr-un mod care face imposibil accesul persoanelor neautorizate la ele.<\/p><p><strong>\u0218tergerea cookie-urilor<\/strong><\/p><p>\u00cen general, o aplica\u021bie folosit\u0103 pentru accesarea paginilor web permite salvarea cookie-urilor pe terminal \u00een mod implicit. Aceste setari pot fi schimbate \u00een a\u0219a fel \u00eenc\u00e2t administrarea automat\u0103 a cookie-urilor s\u0103 fie blocata de browser-ul web sau utilizatorul s\u0103 fie informat de fiecare dat\u0103 c\u00e2nd cookie-uri sunt trimise c\u0103tre terminalul sau. Informa\u021bii detaliate despre posibilit\u0103\u021bile \u0219i modurile de administrare a cookie-urilor pot fi g\u0103site \u00een zona de set\u0103ri a aplica\u021biei (browser-ului web). Limitarea folosirii cookie-urilor poate afecta anumite functionalit\u0103\u021bi ale paginii web.<\/p><p>De ce sunt cookie-urile importante pentru internet?<\/p><p>Cookie-urile reprezint\u0103 punctul central al func\u021bion\u0103rii eficiente a internetului, ajut\u00e2nd la generarea unei experien\u021be de navigare prietenoase \u0219i adaptat\u0103 preferin\u021belor \u0219i intereselor fiec\u0103rui utilizator. Refuzarea sau dezactivarea cookie-urilor poate face unele site-uri imposibil de folosit. Refuzarea sau dezactivarea cookie-urilor nu \u00eenseamn\u0103 c\u0103 nu ve\u021bi mai primi publicitate online \u2013 ci doar c\u0103 aceasta nu va mai putea \u021bine cont de preferin\u021bele \u0219i interesele dvs, eviden\u021biate prin comportamentul de navigare.<\/p><p>Exemple de \u00eentrebuin\u021b\u0103ri importante ale cookie-urilor (care nu necesit\u0103 autentificarea unui utilizator prin intermediul unui cont):<\/p><ul><li>Con\u021binut \u0219i servicii adaptate preferin\u021belor utilizatorului \u2013 categorii de produse \u0219i servicii.<\/li><li>Oferte adaptate pe interesele utilizatorilor \u2013 re\u021binerea parolelor.<\/li><li>Re\u021binerea filtrelor de protec\u021bie a copiilor privind con\u021binutul pe internet (op\u021biuni family mode, func\u021bii de safe search).<\/li><li>Limitarea frecven\u021bei de difuzare a reclamelor \u2013 limitarea numarului de afi\u0219\u0103ri a unei reclame pentru un anumit utilizator pe un site.<\/li><li>Furnizarea de publicitate mai relevant\u0103 pentru utilizator.<\/li><\/ul><p>\u00b7 M\u0103surarea, optimizarea \u0219i caracteristicile de analytics \u2013 cum ar fi confirmarea unui anumit nivel de trafic pe un website, ce tip de con\u021binut este vizualizat \u0219i modul cum un utilizator ajunge pe un website (ex: prin motoare de c\u0103utare, direct, din alte website-uri etc). Website-urile deruleaz\u0103 aceste analize a utiliz\u0103rii lor pentru a \u00eembun\u0103t\u0103\u0219i site-urile \u00een beneficiul userilor.<\/p><p><strong>Securitate \u0219i probleme legate de confiden\u021bialitate<\/strong><\/p><p>Cookie-urile NU sunt vir\u0219i! Ele folosesc formate tip plain text. Nu sunt alc\u0103tuite din buc\u0103\u021bi de cod a\u0219a c\u0103 nu pot fi executate \u0219i nici nu pot auto-rula. \u00cen consecin\u021b\u0103, nu se pot duplica sau replica pe alte re\u021bele pentru a se rula sau replica din nou. Deoarece nu pot \u00eendeplini aceste func\u021bii, nu pot fi considerate viru\u0219i. Cookie-urile pot fi totu\u0219i folosite pentru scopuri negative. Deoarece stocheaza informa\u021bii despre preferin\u021bele \u0219i istoricul de navigare al utilizatorilor, at\u00e2t pe un anume site c\u00e2t \u0219i pe mai multe alte siteuri, cookieurile pot fi folosite ca o form\u0103 de spyware. Multe produse anti-spyware sunt constiente de acest fapt \u0219i \u00een mod constant marcheaz\u0103 cookie-urile pentru a fi \u0219terse \u00een cadrul procedurilor de \u0219tergere\/scanare anti-virus\/anti-spyware.<\/p><p>\u00cen general browserele au integrate set\u0103ri de confiden\u021bialitate care furnizeaz\u0103 diferite nivele de acceptare a cookieurilor, perioada de valabilitate \u0219i stergere automat\u0103 dupa ce utilizatorul a vizitat un anumit site.<\/p><p><strong>Alte aspecte de securitate legate de cookie-uri:<\/strong><\/p><p>Deoarece protec\u021bia identit\u0103\u021bii este foarte valoroas\u0103 \u0219i reprezint\u0103 dreptul fiec\u0103rui utilizator de internet, este indicat s\u0103 se \u0219tie ce eventuale probleme pot crea cookie-urile. Pentru c\u0103 prin intermediul lor se transmit in mod constant \u00een ambele sensuri informa\u021bii \u00eentre browser \u0219i website, dac\u0103 un atacator sau persoan\u0103 neautorizat\u0103 intervine \u00een parcursul de transmitere a datelor, informa\u021biile con\u021binute de cookie pot fi interceptate.<\/p><p>De\u0219i foarte rar, acest lucru se poate int\u00e2mpla dac\u0103 browserul se conecteaz\u0103 la server folosind o re\u021bea necriptat\u0103 (ex: o retea WiFi nesecurizat\u0103).<\/p><p>Alte atacuri bazate pe cookie implic\u0103 set\u0103ri gre\u0219ite ale cookie-urilor pe servere. Dac\u0103 un website nu solicit\u0103 browserului s\u0103 foloseasc\u0103 doar canale criptate, atacatorii pot folosi aceast\u0103 vulnerabilitate pentru a pacali browserele \u00een a trimite informa\u021bii prin intermediul canalelor nesecurizate. Atacatorii utilizeaza apoi informa\u021biile \u00een scopuri de a accesa neautorizat anumite site-uri. Este foarte important s\u0103 fi\u021bi aten\u021bi \u00een alegerea metodei celei mai potrivite de protec\u021bie a informa\u021biilor personale.<\/p><p>Sfaturi pentru o navigare sigur\u0103 \u0219i responsabil\u0103, bazat\u0103 pe cookie-uri.<\/p><p>Datorita flexibilit\u0103\u021bii lor \u0219i a faptului c\u0103 majoritatea dintre cele mai vizitate site-uri \u0219i cele mai mari folosesc cookie-uri, acestea sunt aproape inevitabile. Dezactivarea cookie-urilor nu va permite accesul utilizatorului pe site-urile cele mai r\u0103sp\u00e2ndite \u0219i utilizate printre care Youtube, Gmail, Yahoo si altele.<\/p><p>Iata cateva sfaturi care v\u0103 pot asigura c\u0103 naviga\u021bi f\u0103r\u0103 griji, \u00eens\u0103 cu ajutorul cookie-urilor:<\/p><p>\u00b7 Particulariza\u021bi-v\u0103 set\u0103rile browser-ului \u00een ceea ce prive\u0219te cookie-urile pentru a reflecta un nivel confortabil pentru voi al securit\u0103\u021bii utiliz\u0103rii cookie-urilor.<\/p><p>\u00b7 Dac\u0103 nu v\u0103 deranjeaz\u0103 cookie-urile \u0219i sunte\u021bi singura persoan\u0103 care utilizeaz\u0103 computerul, pute\u021bi seta termene lungi de expirare pentru stocarea istoricului de navigare \u0219i al datelor personale de acces.<\/p><p>\u00b7 Daca imp\u0103r\u021bi\u021bi accesul la calculator, pute\u021bi lua \u00een considerare setarea browser-ului pentru a \u0219terge datele individuale de navigare de fiecare dat\u0103 c\u00e2nd \u00eenchide\u021bi browser-ul. Aceasta este o variant\u0103 de a accesa site-urile care plaseaz\u0103 cookieuri \u0219i de a \u0219terge orice informa\u021bie de vizitare la inchiderea sesiunii de navigare.<\/p><p>\u00b7 Instala\u021bi-v\u0103 \u0219i updata\u021bi-v\u0103 constant aplica\u021bii antispyware.<\/p><p>Multe dintre aplica\u021biile de detectare \u0219i prevenire a spyware-ului includ detectarea atacurilor pe site-uri. Astfel, \u00eempiedic\u0103 browserul de la a accesa website-uri care ar putea s\u0103 exploateze vulnerabilitatile browser-ului sau s\u0103 descarce software periculos.<\/p><p>Asigura\u021bi-v\u0103 c\u0103 ave\u021bi browserul mereu updatat.<\/p><p>Multe dintre atacurile bazate pe cookies se realizeaz\u0103 exploatand punctele slabe ale versiunilor vechi ale browserelor.<\/p><p>Cookie-urile sunt pretutindeni \u0219i nu pot fi evitate dac\u0103 doriti s\u0103 v\u0103 bucura\u021bi de acces pe cele mai bune \u0219i cele mai mari site-uri de pe internet \u2013 locale sau interna\u021bionale. Cu o \u00eentelegere clar\u0103 a modului lor de operare \u0219i a beneficiilor pe care le aduc, pute\u021bi lua masurile necesare de securitate astel \u00eenc\u00e2t s\u0103 pute\u021bi naviga cu \u00eencredere pe internet.<\/p><p>Dezactivarea \u0219i refuzul de a primi cookie-uri pot face anumite site-uri impracticabile sau dificil de vizitat \u0219i folosit. De asemenea, refuzul de a accepta cookie-uri nu \u00eenseamn\u0103 c\u0103 nu ve\u021bi mai primi\/vedea publicitate online.<\/p><p>Este posibil\u0103 setarea din browser pentru ca aceste cookie-uri s\u0103 nu mai fie acceptate sau po\u021bi seta browserul s\u0103 accepte cookie-uri de la un site anume. Dar, de exemplu, dac\u0103 nu e\u0219ti \u00eenregistat folosind cookie-urile, nu vei putea l\u0103sa comentarii.<\/p><p>Toate browser-ele moderne ofer\u0103 posibilitatea de a schimba setarile cookie-urilor. Aceste set\u0103ri se gasesc de regula \u00een \u201cop\u021biuni\u201d sau \u00een meniul de \u201cpreferin\u021be\u201d al browser-ului t\u0103u.<\/p><p>Pentru a \u00eentelege aceste set\u0103ri, urmatoarele linkuri pot fi folositoare, altfel pute\u021bi folosi op\u021biunea \u201cajutor\u201d a browserului pentru mai multe detalii.<\/p><ul><li>Cookie settings in Internet Explorer<\/li><li>Cookie settings in Firefox<\/li><li>Cookie settings in Chrome<\/li><li>Cookie settings in Safari<\/li><\/ul><\/div>\t\t\t\t\t\t\t\t<\/div>\n\t\t\t\t<\/div>\n\t\t\t\t\t<\/div>\n\t\t<\/div>\n\t\t\t\t\t<\/div>\n\t\t<\/section>\n\t\t\t\t<\/div>","protected":false},"excerpt":{"rendered":"<p>Politica Cookie Aceast\u0103 politic\u0103 se refer\u0103 la cookie-urile \u0219i pagina web de\u021binut\u0103 \u0219i operat\u0103 de SILLY CLEAN SRL,\u00a0\u00a0persoan\u0103 juridic\u0103 de na\u021bionalitate rom\u00e2n\u0103, av\u00e2nd punct de lucru in loc. Baciu, str. Molidului, nr. 3, jud. Cluj, cu num\u0103r de ordine \u00een Registrul Comer\u021bului J12\/566\/1999, cod unic de \u00eenregistrare fiscal\u0103 RO11821702. Cookie-ul este un fi\u0219ier de mici&hellip;&nbsp;<a href=\"https:\/\/bacsiszerek.ro\/hu\/politica-cookie\/\" rel=\"bookmark\">Read More &raquo;<span class=\"screen-reader-text\">Cookie-szab\u00e1lyzat<\/span><\/a><\/p>","protected":false},"author":1,"featured_media":0,"parent":0,"menu_order":0,"comment_status":"closed","ping_status":"closed","template":"page-templates\/template-pagebuilder-full-width.php","meta":{"neve_meta_sidebar":"full-width","neve_meta_container":"","neve_meta_enable_content_width":"on","neve_meta_content_width":100,"neve_meta_title_alignment":"","neve_meta_author_avatar":"","neve_post_elements_order":"","neve_meta_disable_header":"","neve_meta_disable_footer":"","neve_meta_disable_title":"","footnotes":""},"class_list":["post-882","page","type-page","status-publish","hentry"],"yoast_head":"<!-- This site is optimized with the Yoast SEO plugin v27.1.1 - https:\/\/yoast.com\/product\/yoast-seo-wordpress\/ -->\n<title>Politica Cookie - bacsiszerek.ro<\/title>\n<meta name=\"robots\" content=\"noindex, nofollow\" \/>\n<meta property=\"og:locale\" content=\"hu_HU\" \/>\n<meta property=\"og:type\" content=\"article\" \/>\n<meta property=\"og:title\" content=\"Politica Cookie - bacsiszerek.ro\" \/>\n<meta property=\"og:description\" content=\"Politica Cookie Aceast\u0103 politic\u0103 se refer\u0103 la cookie-urile \u0219i pagina web de\u021binut\u0103 \u0219i operat\u0103 de SILLY CLEAN SRL,\u00a0\u00a0persoan\u0103 juridic\u0103 de na\u021bionalitate rom\u00e2n\u0103, av\u00e2nd punct de lucru in loc. Baciu, str. Molidului, nr. 3, jud. Cluj, cu num\u0103r de ordine \u00een Registrul Comer\u021bului J12\/566\/1999, cod unic de \u00eenregistrare fiscal\u0103 RO11821702. Cookie-ul este un fi\u0219ier de mici&hellip;&nbsp;Read More &raquo;Politica Cookie\" \/>\n<meta property=\"og:url\" content=\"https:\/\/bacsiszerek.ro\/hu\/politica-cookie\/\" \/>\n<meta property=\"og:site_name\" content=\"bacsiszerek.ro\" \/>\n<meta property=\"article:modified_time\" content=\"2023-07-21T16:54:51+00:00\" \/>\n<meta name=\"twitter:card\" content=\"summary_large_image\" \/>\n<meta name=\"twitter:label1\" content=\"Becs\u00fclt olvas\u00e1si id\u0151\" \/>\n\t<meta name=\"twitter:data1\" content=\"8 perc\" \/>\n<script type=\"application\/ld+json\" class=\"yoast-schema-graph\">{\"@context\":\"https:\/\/schema.org\",\"@graph\":[{\"@type\":\"WebPage\",\"@id\":\"https:\/\/bacsiszerek.ro\/politica-cookie\/\",\"url\":\"https:\/\/bacsiszerek.ro\/politica-cookie\/\",\"name\":\"Politica Cookie - bacsiszerek.ro\",\"isPartOf\":{\"@id\":\"https:\/\/bacsiszerek.ro\/#website\"},\"datePublished\":\"2021-05-11T13:31:11+00:00\",\"dateModified\":\"2023-07-21T16:54:51+00:00\",\"breadcrumb\":{\"@id\":\"https:\/\/bacsiszerek.ro\/politica-cookie\/#breadcrumb\"},\"inLanguage\":\"hu\",\"potentialAction\":[{\"@type\":\"ReadAction\",\"target\":[\"https:\/\/bacsiszerek.ro\/politica-cookie\/\"]}]},{\"@type\":\"BreadcrumbList\",\"@id\":\"https:\/\/bacsiszerek.ro\/politica-cookie\/#breadcrumb\",\"itemListElement\":[{\"@type\":\"ListItem\",\"position\":1,\"name\":\"Prima pagin\u0103\",\"item\":\"https:\/\/bacsiszerek.ro\/\"},{\"@type\":\"ListItem\",\"position\":2,\"name\":\"Politica Cookie\"}]},{\"@type\":\"WebSite\",\"@id\":\"https:\/\/bacsiszerek.ro\/#website\",\"url\":\"https:\/\/bacsiszerek.ro\/\",\"name\":\"bacsiszerek.ro\",\"description\":\"Egy szebb, illatosabb \u00e9s tiszt\u00e1bb vil\u00e1g\u00e9rt!\",\"publisher\":{\"@id\":\"https:\/\/bacsiszerek.ro\/#organization\"},\"potentialAction\":[{\"@type\":\"SearchAction\",\"target\":{\"@type\":\"EntryPoint\",\"urlTemplate\":\"https:\/\/bacsiszerek.ro\/?s={search_term_string}\"},\"query-input\":{\"@type\":\"PropertyValueSpecification\",\"valueRequired\":true,\"valueName\":\"search_term_string\"}}],\"inLanguage\":\"hu\"},{\"@type\":\"Organization\",\"@id\":\"https:\/\/bacsiszerek.ro\/#organization\",\"name\":\"bacsiszerek.ro\",\"url\":\"https:\/\/bacsiszerek.ro\/\",\"logo\":{\"@type\":\"ImageObject\",\"inLanguage\":\"hu\",\"@id\":\"https:\/\/bacsiszerek.ro\/#\/schema\/logo\/image\/\",\"url\":\"https:\/\/bacsiszerek.ro\/wp-content\/uploads\/2023\/08\/cropped-Bacsi-Szerek_red-min-1-1.png\",\"contentUrl\":\"https:\/\/bacsiszerek.ro\/wp-content\/uploads\/2023\/08\/cropped-Bacsi-Szerek_red-min-1-1.png\",\"width\":350,\"height\":64,\"caption\":\"bacsiszerek.ro\"},\"image\":{\"@id\":\"https:\/\/bacsiszerek.ro\/#\/schema\/logo\/image\/\"}}]}<\/script>\n<!-- \/ Yoast SEO plugin. -->","yoast_head_json":{"title":"Politica Cookie - bacsiszerek.ro","robots":{"index":"noindex","follow":"nofollow"},"og_locale":"hu_HU","og_type":"article","og_title":"Politica Cookie - bacsiszerek.ro","og_description":"Politica Cookie Aceast\u0103 politic\u0103 se refer\u0103 la cookie-urile \u0219i pagina web de\u021binut\u0103 \u0219i operat\u0103 de SILLY CLEAN SRL,\u00a0\u00a0persoan\u0103 juridic\u0103 de na\u021bionalitate rom\u00e2n\u0103, av\u00e2nd punct de lucru in loc. Baciu, str. Molidului, nr. 3, jud. Cluj, cu num\u0103r de ordine \u00een Registrul Comer\u021bului J12\/566\/1999, cod unic de \u00eenregistrare fiscal\u0103 RO11821702. Cookie-ul este un fi\u0219ier de mici&hellip;&nbsp;Read More &raquo;Politica Cookie","og_url":"https:\/\/bacsiszerek.ro\/hu\/politica-cookie\/","og_site_name":"bacsiszerek.ro","article_modified_time":"2023-07-21T16:54:51+00:00","twitter_card":"summary_large_image","twitter_misc":{"Becs\u00fclt olvas\u00e1si id\u0151":"8 perc"},"schema":{"@context":"https:\/\/schema.org","@graph":[{"@type":"WebPage","@id":"https:\/\/bacsiszerek.ro\/politica-cookie\/","url":"https:\/\/bacsiszerek.ro\/politica-cookie\/","name":"Politica Cookie - bacsiszerek.ro","isPartOf":{"@id":"https:\/\/bacsiszerek.ro\/#website"},"datePublished":"2021-05-11T13:31:11+00:00","dateModified":"2023-07-21T16:54:51+00:00","breadcrumb":{"@id":"https:\/\/bacsiszerek.ro\/politica-cookie\/#breadcrumb"},"inLanguage":"hu","potentialAction":[{"@type":"ReadAction","target":["https:\/\/bacsiszerek.ro\/politica-cookie\/"]}]},{"@type":"BreadcrumbList","@id":"https:\/\/bacsiszerek.ro\/politica-cookie\/#breadcrumb","itemListElement":[{"@type":"ListItem","position":1,"name":"Prima pagin\u0103","item":"https:\/\/bacsiszerek.ro\/"},{"@type":"ListItem","position":2,"name":"Politica Cookie"}]},{"@type":"WebSite","@id":"https:\/\/bacsiszerek.ro\/#website","url":"https:\/\/bacsiszerek.ro\/","name":"bacsiszerek.ro","description":"Egy szebb, illatosabb \u00e9s tiszt\u00e1bb vil\u00e1g\u00e9rt!","publisher":{"@id":"https:\/\/bacsiszerek.ro\/#organization"},"potentialAction":[{"@type":"SearchAction","target":{"@type":"EntryPoint","urlTemplate":"https:\/\/bacsiszerek.ro\/?s={search_term_string}"},"query-input":{"@type":"PropertyValueSpecification","valueRequired":true,"valueName":"search_term_string"}}],"inLanguage":"hu"},{"@type":"Organization","@id":"https:\/\/bacsiszerek.ro\/#organization","name":"bacsiszerek.ro","url":"https:\/\/bacsiszerek.ro\/","logo":{"@type":"ImageObject","inLanguage":"hu","@id":"https:\/\/bacsiszerek.ro\/#\/schema\/logo\/image\/","url":"https:\/\/bacsiszerek.ro\/wp-content\/uploads\/2023\/08\/cropped-Bacsi-Szerek_red-min-1-1.png","contentUrl":"https:\/\/bacsiszerek.ro\/wp-content\/uploads\/2023\/08\/cropped-Bacsi-Szerek_red-min-1-1.png","width":350,"height":64,"caption":"bacsiszerek.ro"},"image":{"@id":"https:\/\/bacsiszerek.ro\/#\/schema\/logo\/image\/"}}]}},"jetpack_sharing_enabled":true,"_links":{"self":[{"href":"https:\/\/bacsiszerek.ro\/hu\/wp-json\/wp\/v2\/pages\/882","targetHints":{"allow":["GET"]}}],"collection":[{"href":"https:\/\/bacsiszerek.ro\/hu\/wp-json\/wp\/v2\/pages"}],"about":[{"href":"https:\/\/bacsiszerek.ro\/hu\/wp-json\/wp\/v2\/types\/page"}],"author":[{"embeddable":true,"href":"https:\/\/bacsiszerek.ro\/hu\/wp-json\/wp\/v2\/users\/1"}],"replies":[{"embeddable":true,"href":"https:\/\/bacsiszerek.ro\/hu\/wp-json\/wp\/v2\/comments?post=882"}],"version-history":[{"count":0,"href":"https:\/\/bacsiszerek.ro\/hu\/wp-json\/wp\/v2\/pages\/882\/revisions"}],"wp:attachment":[{"href":"https:\/\/bacsiszerek.ro\/hu\/wp-json\/wp\/v2\/media?parent=882"}],"curies":[{"name":"wp","href":"https:\/\/api.w.org\/{rel}","templated":true}]}}