{"id":4864,"date":"2025-04-15T18:16:58","date_gmt":"2025-04-15T16:16:58","guid":{"rendered":"https:\/\/bacsiszerek.ro\/?page_id=4864"},"modified":"2026-05-12T09:55:32","modified_gmt":"2026-05-12T07:55:32","slug":"recenzii","status":"publish","type":"page","link":"https:\/\/bacsiszerek.ro\/hu\/recenzii\/","title":{"rendered":"\u00c9rt\u00e9kel\u00e9sek"},"content":{"rendered":"<div data-elementor-type=\"wp-page\" data-elementor-id=\"4864\" class=\"elementor elementor-4864\" data-elementor-post-type=\"page\">\n\t\t\t\t\t\t<section class=\"elementor-section elementor-top-section elementor-element elementor-element-a6a3794 elementor-section-boxed elementor-section-height-default elementor-section-height-default\" data-id=\"a6a3794\" data-element_type=\"section\" data-e-type=\"section\">\n\t\t\t\t\t\t<div class=\"elementor-container elementor-column-gap-default\">\n\t\t\t\t\t<div class=\"elementor-column elementor-col-100 elementor-top-column elementor-element elementor-element-d51bc98\" data-id=\"d51bc98\" data-element_type=\"column\" data-e-type=\"column\">\n\t\t\t<div class=\"elementor-widget-wrap elementor-element-populated\">\n\t\t\t\t\t\t<div class=\"elementor-element elementor-element-8198451 elementor-widget elementor-widget-spacer\" data-id=\"8198451\" data-element_type=\"widget\" data-e-type=\"widget\" data-widget_type=\"spacer.default\">\n\t\t\t\t<div class=\"elementor-widget-container\">\n\t\t\t\t\t\t\t<div class=\"elementor-spacer\">\n\t\t\t<div class=\"elementor-spacer-inner\"><\/div>\n\t\t<\/div>\n\t\t\t\t\t\t<\/div>\n\t\t\t\t<\/div>\n\t\t\t\t<div class=\"elementor-element elementor-element-ba0b265 elementor-widget elementor-widget-heading\" data-id=\"ba0b265\" data-element_type=\"widget\" data-e-type=\"widget\" data-widget_type=\"heading.default\">\n\t\t\t\t<div class=\"elementor-widget-container\">\n\t\t\t\t\t<h2 class=\"elementor-heading-title elementor-size-default\">\u00cdrjon egy \u00e9rt\u00e9kel\u00e9st \u00e9s nyerhet 200 lejt!\n<\/h2>\t\t\t\t<\/div>\n\t\t\t\t<\/div>\n\t\t\t\t<div class=\"elementor-element elementor-element-ef98e8f elementor-widget elementor-widget-image\" data-id=\"ef98e8f\" data-element_type=\"widget\" data-e-type=\"widget\" data-widget_type=\"image.default\">\n\t\t\t\t<div class=\"elementor-widget-container\">\n\t\t\t\t\t\t\t\t\t\t\t\t\t\t\t<img fetchpriority=\"high\" decoding=\"async\" width=\"1024\" height=\"358\" src=\"https:\/\/bacsiszerek.ro\/wp-content\/uploads\/2025\/04\/rating_v1-1024x358.png\" class=\"attachment-large size-large wp-image-4876\" alt=\"\" srcset=\"https:\/\/bacsiszerek.ro\/wp-content\/uploads\/2025\/04\/rating_v1-1024x358.png 1024w, https:\/\/bacsiszerek.ro\/wp-content\/uploads\/2025\/04\/rating_v1-300x105.png 300w, https:\/\/bacsiszerek.ro\/wp-content\/uploads\/2025\/04\/rating_v1-768x269.png 768w, https:\/\/bacsiszerek.ro\/wp-content\/uploads\/2025\/04\/rating_v1-1536x538.png 1536w, https:\/\/bacsiszerek.ro\/wp-content\/uploads\/2025\/04\/rating_v1-18x6.png 18w, https:\/\/bacsiszerek.ro\/wp-content\/uploads\/2025\/04\/rating_v1-600x210.png 600w, https:\/\/bacsiszerek.ro\/wp-content\/uploads\/2025\/04\/rating_v1-64x22.png 64w, https:\/\/bacsiszerek.ro\/wp-content\/uploads\/2025\/04\/rating_v1.png 2000w\" sizes=\"(max-width: 1024px) 100vw, 1024px\" \/>\t\t\t\t\t\t\t\t\t\t\t\t\t\t\t<\/div>\n\t\t\t\t<\/div>\n\t\t\t\t\t<\/div>\n\t\t<\/div>\n\t\t\t\t\t<\/div>\n\t\t<\/section>\n\t\t\t\t<section class=\"elementor-section elementor-top-section elementor-element elementor-element-f33884f elementor-section-boxed elementor-section-height-default elementor-section-height-default\" data-id=\"f33884f\" data-element_type=\"section\" data-e-type=\"section\">\n\t\t\t\t\t\t<div class=\"elementor-container elementor-column-gap-default\">\n\t\t\t\t\t<div class=\"elementor-column elementor-col-100 elementor-top-column elementor-element elementor-element-fc4f3df\" data-id=\"fc4f3df\" data-element_type=\"column\" data-e-type=\"column\">\n\t\t\t<div class=\"elementor-widget-wrap elementor-element-populated\">\n\t\t\t\t\t\t<div class=\"elementor-element elementor-element-72aef73 elementor-widget elementor-widget-heading\" data-id=\"72aef73\" data-element_type=\"widget\" data-e-type=\"widget\" data-widget_type=\"heading.default\">\n\t\t\t\t<div class=\"elementor-widget-container\">\n\t\t\t\t\t<h3 class=\"elementor-heading-title elementor-size-default\">Hogyan vehet r\u00e9szt?<\/h3>\t\t\t\t<\/div>\n\t\t\t\t<\/div>\n\t\t\t\t<div class=\"elementor-element elementor-element-69f4b93 elementor-widget elementor-widget-text-editor\" data-id=\"69f4b93\" data-element_type=\"widget\" data-e-type=\"widget\" data-widget_type=\"text-editor.default\">\n\t\t\t\t<div class=\"elementor-widget-container\">\n\t\t\t\t\t\t\t\t\t<ol><li>L\u00e9pjen be a megv\u00e1s\u00e1rolt term\u00e9k oldal\u00e1ra<\/li><li>Adjon egy \u00e9rt\u00e9kel\u00e9st (1-t\u0151l 5 csillagig) \u00e9s \u00edrja le \u0151szinte v\u00e9lem\u00e9ny\u00e9t a term\u00e9kr\u0151l<\/li><li>Automatikusan r\u00e9szt vesz a havi sorsol\u00e1son<\/li><\/ol><p>Havonta egy szerencs\u00e9s nyertes 200 lejes vouchert kap, amit a bacsiszerek.ro\/hu web\u00e1ruh\u00e1zban haszn\u00e1lhat fel.<\/p><p>Min\u00e9l t\u00f6bb term\u00e9kr\u0151l \u00edr v\u00e9lem\u00e9nyt, ann\u00e1l t\u00f6bb az es\u00e9lye a nyerem\u00e9nyre!<\/p>\t\t\t\t\t\t\t\t<\/div>\n\t\t\t\t<\/div>\n\t\t\t\t<div class=\"elementor-element elementor-element-8baead1 elementor-widget elementor-widget-heading\" data-id=\"8baead1\" data-element_type=\"widget\" data-e-type=\"widget\" data-widget_type=\"heading.default\">\n\t\t\t\t<div class=\"elementor-widget-container\">\n\t\t\t\t\t<h2 class=\"elementor-heading-title elementor-size-default\">A h\u00f3nap nyertese<\/h2>\t\t\t\t<\/div>\n\t\t\t\t<\/div>\n\t\t\t\t<div class=\"elementor-element elementor-element-73ae24c elementor-widget-divider--view-line elementor-widget elementor-widget-divider\" data-id=\"73ae24c\" data-element_type=\"widget\" data-e-type=\"widget\" data-widget_type=\"divider.default\">\n\t\t\t\t<div class=\"elementor-widget-container\">\n\t\t\t\t\t\t\t<div class=\"elementor-divider\">\n\t\t\t<span class=\"elementor-divider-separator\">\n\t\t\t\t\t\t<\/span>\n\t\t<\/div>\n\t\t\t\t\t\t<\/div>\n\t\t\t\t<\/div>\n\t\t\t\t<div class=\"elementor-element elementor-element-5689668 elementor-widget elementor-widget-heading\" data-id=\"5689668\" data-element_type=\"widget\" data-e-type=\"widget\" data-widget_type=\"heading.default\">\n\t\t\t\t<div class=\"elementor-widget-container\">\n\t\t\t\t\t<h3 class=\"elementor-heading-title elementor-size-default\">Erika Szab\u00f3 - 04.2026<\/h3>\t\t\t\t<\/div>\n\t\t\t\t<\/div>\n\t\t\t\t<div class=\"elementor-element elementor-element-4af34bc elementor-widget elementor-widget-rating\" data-id=\"4af34bc\" data-element_type=\"widget\" data-e-type=\"widget\" data-widget_type=\"rating.default\">\n\t\t\t\t<div class=\"elementor-widget-container\">\n\t\t\t\t\t\t\t<div class=\"e-rating\" itemtype=\"https:\/\/schema.org\/Rating\" itemscope=\"\" itemprop=\"reviewRating\">\n\t\t\t<meta itemprop=\"worstRating\" content=\"0\">\n\t\t\t<meta itemprop=\"bestRating\" content=\"5\">\n\t\t\t<div class=\"e-rating-wrapper\" itemprop=\"ratingValue\" content=\"5\" role=\"img\" aria-label=\"Rated 5 out of 5\" data-no-translation-aria-label=\"\">\n\t\t\t\t\t\t\t<div class=\"e-icon\">\n\t\t\t\t<div class=\"e-icon-wrapper e-icon-marked\">\n\t\t\t\t\t<svg aria-hidden=\"true\" class=\"e-font-icon-svg e-eicon-star\" viewbox=\"0 0 1000 1000\" xmlns=\"http:\/\/www.w3.org\/2000\/svg\"><path d=\"M450 75L338 312 88 350C46 354 25 417 58 450L238 633 196 896C188 942 238 975 275 954L500 837 725 954C767 975 813 942 804 896L763 633 942 450C975 417 954 358 913 350L663 312 550 75C529 33 471 33 450 75Z\"><\/path><\/svg>\t\t\t\t<\/div>\n\t\t\t\t<div class=\"e-icon-wrapper e-icon-unmarked\">\n\t\t\t\t\t<svg aria-hidden=\"true\" class=\"e-font-icon-svg e-eicon-star\" viewbox=\"0 0 1000 1000\" xmlns=\"http:\/\/www.w3.org\/2000\/svg\"><path d=\"M450 75L338 312 88 350C46 354 25 417 58 450L238 633 196 896C188 942 238 975 275 954L500 837 725 954C767 975 813 942 804 896L763 633 942 450C975 417 954 358 913 350L663 312 550 75C529 33 471 33 450 75Z\"><\/path><\/svg>\t\t\t\t<\/div>\n\t\t\t<\/div>\n\t\t\t\t\t\t<div class=\"e-icon\">\n\t\t\t\t<div class=\"e-icon-wrapper e-icon-marked\">\n\t\t\t\t\t<svg aria-hidden=\"true\" class=\"e-font-icon-svg e-eicon-star\" viewbox=\"0 0 1000 1000\" xmlns=\"http:\/\/www.w3.org\/2000\/svg\"><path d=\"M450 75L338 312 88 350C46 354 25 417 58 450L238 633 196 896C188 942 238 975 275 954L500 837 725 954C767 975 813 942 804 896L763 633 942 450C975 417 954 358 913 350L663 312 550 75C529 33 471 33 450 75Z\"><\/path><\/svg>\t\t\t\t<\/div>\n\t\t\t\t<div class=\"e-icon-wrapper e-icon-unmarked\">\n\t\t\t\t\t<svg aria-hidden=\"true\" class=\"e-font-icon-svg e-eicon-star\" viewbox=\"0 0 1000 1000\" xmlns=\"http:\/\/www.w3.org\/2000\/svg\"><path d=\"M450 75L338 312 88 350C46 354 25 417 58 450L238 633 196 896C188 942 238 975 275 954L500 837 725 954C767 975 813 942 804 896L763 633 942 450C975 417 954 358 913 350L663 312 550 75C529 33 471 33 450 75Z\"><\/path><\/svg>\t\t\t\t<\/div>\n\t\t\t<\/div>\n\t\t\t\t\t\t<div class=\"e-icon\">\n\t\t\t\t<div class=\"e-icon-wrapper e-icon-marked\">\n\t\t\t\t\t<svg aria-hidden=\"true\" class=\"e-font-icon-svg e-eicon-star\" viewbox=\"0 0 1000 1000\" xmlns=\"http:\/\/www.w3.org\/2000\/svg\"><path d=\"M450 75L338 312 88 350C46 354 25 417 58 450L238 633 196 896C188 942 238 975 275 954L500 837 725 954C767 975 813 942 804 896L763 633 942 450C975 417 954 358 913 350L663 312 550 75C529 33 471 33 450 75Z\"><\/path><\/svg>\t\t\t\t<\/div>\n\t\t\t\t<div class=\"e-icon-wrapper e-icon-unmarked\">\n\t\t\t\t\t<svg aria-hidden=\"true\" class=\"e-font-icon-svg e-eicon-star\" viewbox=\"0 0 1000 1000\" xmlns=\"http:\/\/www.w3.org\/2000\/svg\"><path d=\"M450 75L338 312 88 350C46 354 25 417 58 450L238 633 196 896C188 942 238 975 275 954L500 837 725 954C767 975 813 942 804 896L763 633 942 450C975 417 954 358 913 350L663 312 550 75C529 33 471 33 450 75Z\"><\/path><\/svg>\t\t\t\t<\/div>\n\t\t\t<\/div>\n\t\t\t\t\t\t<div class=\"e-icon\">\n\t\t\t\t<div class=\"e-icon-wrapper e-icon-marked\">\n\t\t\t\t\t<svg aria-hidden=\"true\" class=\"e-font-icon-svg e-eicon-star\" viewbox=\"0 0 1000 1000\" xmlns=\"http:\/\/www.w3.org\/2000\/svg\"><path d=\"M450 75L338 312 88 350C46 354 25 417 58 450L238 633 196 896C188 942 238 975 275 954L500 837 725 954C767 975 813 942 804 896L763 633 942 450C975 417 954 358 913 350L663 312 550 75C529 33 471 33 450 75Z\"><\/path><\/svg>\t\t\t\t<\/div>\n\t\t\t\t<div class=\"e-icon-wrapper e-icon-unmarked\">\n\t\t\t\t\t<svg aria-hidden=\"true\" class=\"e-font-icon-svg e-eicon-star\" viewbox=\"0 0 1000 1000\" xmlns=\"http:\/\/www.w3.org\/2000\/svg\"><path d=\"M450 75L338 312 88 350C46 354 25 417 58 450L238 633 196 896C188 942 238 975 275 954L500 837 725 954C767 975 813 942 804 896L763 633 942 450C975 417 954 358 913 350L663 312 550 75C529 33 471 33 450 75Z\"><\/path><\/svg>\t\t\t\t<\/div>\n\t\t\t<\/div>\n\t\t\t\t\t\t<div class=\"e-icon\">\n\t\t\t\t<div class=\"e-icon-wrapper e-icon-marked\">\n\t\t\t\t\t<svg aria-hidden=\"true\" class=\"e-font-icon-svg e-eicon-star\" viewbox=\"0 0 1000 1000\" xmlns=\"http:\/\/www.w3.org\/2000\/svg\"><path d=\"M450 75L338 312 88 350C46 354 25 417 58 450L238 633 196 896C188 942 238 975 275 954L500 837 725 954C767 975 813 942 804 896L763 633 942 450C975 417 954 358 913 350L663 312 550 75C529 33 471 33 450 75Z\"><\/path><\/svg>\t\t\t\t<\/div>\n\t\t\t\t<div class=\"e-icon-wrapper e-icon-unmarked\">\n\t\t\t\t\t<svg aria-hidden=\"true\" class=\"e-font-icon-svg e-eicon-star\" viewbox=\"0 0 1000 1000\" xmlns=\"http:\/\/www.w3.org\/2000\/svg\"><path d=\"M450 75L338 312 88 350C46 354 25 417 58 450L238 633 196 896C188 942 238 975 275 954L500 837 725 954C767 975 813 942 804 896L763 633 942 450C975 417 954 358 913 350L663 312 550 75C529 33 471 33 450 75Z\"><\/path><\/svg>\t\t\t\t<\/div>\n\t\t\t<\/div>\n\t\t\t\t\t\t<\/div>\n\t\t<\/div>\n\t\t\t\t\t\t<\/div>\n\t\t\t\t<\/div>\n\t\t\t\t<div class=\"elementor-element elementor-element-06c80bf elementor-widget elementor-widget-testimonial\" data-id=\"06c80bf\" data-element_type=\"widget\" data-e-type=\"widget\" data-widget_type=\"testimonial.default\">\n\t\t\t\t<div class=\"elementor-widget-container\">\n\t\t\t\t\t\t\t<div class=\"elementor-testimonial-wrapper\">\n\t\t\t\t\t\t\t<div class=\"elementor-testimonial-content\">\"J\u00f3l tiszt\u00edt,kellemes illata van.\"<\/div>\n\t\t\t\n\t\t\t\t\t\t<div class=\"elementor-testimonial-meta elementor-has-image elementor-testimonial-image-position-aside\">\n\t\t\t\t<div class=\"elementor-testimonial-meta-inner\">\n\t\t\t\t\t\t\t\t\t\t\t<div class=\"elementor-testimonial-image\">\n\t\t\t\t\t\t\t<a href=\"https:\/\/bacsiszerek.ro\/hu\/bacsi-szerek-zsiroldo-500ml\/\"><img decoding=\"async\" width=\"600\" height=\"600\" src=\"https:\/\/bacsiszerek.ro\/wp-content\/uploads\/2025\/03\/Artboard-1-2-600x600.png\" class=\"attachment-woocommerce_single size-woocommerce_single wp-image-4783\" alt=\"\" srcset=\"https:\/\/bacsiszerek.ro\/wp-content\/uploads\/2025\/03\/Artboard-1-2-600x600.png 600w, https:\/\/bacsiszerek.ro\/wp-content\/uploads\/2025\/03\/Artboard-1-2-300x300.png 300w, https:\/\/bacsiszerek.ro\/wp-content\/uploads\/2025\/03\/Artboard-1-2-1024x1024.png 1024w, https:\/\/bacsiszerek.ro\/wp-content\/uploads\/2025\/03\/Artboard-1-2-150x150.png 150w, https:\/\/bacsiszerek.ro\/wp-content\/uploads\/2025\/03\/Artboard-1-2-768x768.png 768w, https:\/\/bacsiszerek.ro\/wp-content\/uploads\/2025\/03\/Artboard-1-2-12x12.png 12w, https:\/\/bacsiszerek.ro\/wp-content\/uploads\/2025\/03\/Artboard-1-2-100x100.png 100w, https:\/\/bacsiszerek.ro\/wp-content\/uploads\/2025\/03\/Artboard-1-2-64x64.png 64w, https:\/\/bacsiszerek.ro\/wp-content\/uploads\/2025\/03\/Artboard-1-2.png 1500w\" sizes=\"(max-width: 600px) 100vw, 600px\" \/><\/a>\t\t\t\t\t\t<\/div>\n\t\t\t\t\t\n\t\t\t\t\t\t\t\t\t\t<div class=\"elementor-testimonial-details\">\n\t\t\t\t\t\t\t\t\t\t\t\t\t\t<a class=\"elementor-testimonial-name\" href=\"https:\/\/bacsiszerek.ro\/hu\/bacsi-szerek-zsiroldo-500ml\/\">B\u00e1csi Szerek \u201eGazdas\u00e1gos\u201d csomagja<\/a>\n\t\t\t\t\t\t\t\t\t\t\t\t\t\t\t\t\t\t\t<\/div>\n\t\t\t\t\t\t\t\t\t<\/div>\n\t\t\t<\/div>\n\t\t\t\t\t<\/div>\n\t\t\t\t\t\t<\/div>\n\t\t\t\t<\/div>\n\t\t\t\t<div class=\"elementor-element elementor-element-3228840 elementor-widget-divider--view-line elementor-widget elementor-widget-divider\" data-id=\"3228840\" data-element_type=\"widget\" data-e-type=\"widget\" data-widget_type=\"divider.default\">\n\t\t\t\t<div class=\"elementor-widget-container\">\n\t\t\t\t\t\t\t<div class=\"elementor-divider\">\n\t\t\t<span class=\"elementor-divider-separator\">\n\t\t\t\t\t\t<\/span>\n\t\t<\/div>\n\t\t\t\t\t\t<\/div>\n\t\t\t\t<\/div>\n\t\t\t\t<div class=\"elementor-element elementor-element-f682e8a elementor-widget elementor-widget-heading\" data-id=\"f682e8a\" data-element_type=\"widget\" data-e-type=\"widget\" data-widget_type=\"heading.default\">\n\t\t\t\t<div class=\"elementor-widget-container\">\n\t\t\t\t\t<h3 class=\"elementor-heading-title elementor-size-default\">Szab\u00e1lyzat<\/h3>\t\t\t\t<\/div>\n\t\t\t\t<\/div>\n\t\t\t\t<div class=\"elementor-element elementor-element-332ebb3 elementor-widget elementor-widget-text-editor\" data-id=\"332ebb3\" data-element_type=\"widget\" data-e-type=\"widget\" data-widget_type=\"text-editor.default\">\n\t\t\t\t<div class=\"elementor-widget-container\">\n\t\t\t\t\t\t\t\t\t<p>Az \u00e9rt\u00e9kel\u00e9snek t\u00fckr\u00f6znie kell az \u00d6n tapasztalat\u00e1t a term\u00e9kkel, \u00e9s relev\u00e1nsnak kell lennie.<\/p><p>Csak az \u00d6n \u00e1ltal megv\u00e1s\u00e1rolt term\u00e9kekr\u0151l sz\u00f3l\u00f3 \u00e9rt\u00e9kel\u00e9seket fogadjuk el. Felhaszn\u00e1l\u00f3nk\u00e9nt \u00e9s term\u00e9kenk\u00e9nt csak egy v\u00e9lem\u00e9ny fogadhat\u00f3 el.<\/p><p>Nem fogadunk el olyan \u00e9rt\u00e9kel\u00e9seket, amelyek s\u00e9rt\u0151 nyelvezetet tartalmaznak, m\u00e1s term\u00e9kekre\/m\u00e1rk\u00e1kra hivatkoznak, vagy \u00e1rral kapcsolatos megjegyz\u00e9seket tesznek.<\/p><p>Ha t\u00f6bb es\u00e9lyt szeretne kapni, minden megv\u00e1s\u00e1rolt term\u00e9kr\u0151l \u00edrhat v\u00e9lem\u00e9nyt (minden \u00e9rt\u00e9kel\u00e9s egy es\u00e9lyt ad).<\/p><p>A sorsol\u00e1s a k\u00f6vetkez\u0151 h\u00f3nap els\u0151 munkanapj\u00e1n, a random.org seg\u00edts\u00e9g\u00e9vel t\u00f6rt\u00e9nik, \u00e9s <strong>a nyertes nev\u00e9t ezen az oldalon tessz\u00fck k\u00f6zz\u00e9<\/strong>.<\/p><p>A voucher-t kiz\u00e1r\u00f3lag a bacsiszerek.ro oldalon t\u00f6rt\u00e9n\u0151 term\u00e9kek v\u00e1s\u00e1rl\u00e1s\u00e1ra haszn\u00e1lhat\u00f3 fel, nem \u00e1truh\u00e1zhat\u00f3, nem oszthat\u00f3, \u00e9s visszaj\u00e1r\u00f3t nem biztos\u00edtunk (ha a megrendelt term\u00e9kek \u00f6sszege nem \u00e9ri el a voucher \u00e9rt\u00e9k\u00e9t).<\/p><p class=\"mt10 fw700\">Ha k\u00e9rd\u00e9se van, forduljon hozz\u00e1nk e-mailben a k\u00f6vetkez\u0151 c\u00edmen: <a class=\"text-link\" href=\"mailto:office@bacsiszerek.ro\">office@bacsiszerek.ro<\/a><\/p>\t\t\t\t\t\t\t\t<\/div>\n\t\t\t\t<\/div>\n\t\t\t\t\t<\/div>\n\t\t<\/div>\n\t\t\t\t\t<\/div>\n\t\t<\/section>\n\t\t\t\t<\/div>","protected":false},"excerpt":{"rendered":"<p>Scrie\u021bi o recenzie \u0219i pute\u021bi c\u00e2\u0219tiga 200 lei! Cum pute\u021bi participa? Accesa\u021bi pagina produsului cump\u0103rat \u00cei acorda\u021bi o not\u0103 (\u00eentre 1 \u0219i 5) \u0219i v\u0103 scrie\u021bi p\u0103rerea sincer\u0103 Sunte\u021bi \u00eenscri\u0219i automat \u00een tragerea la sor\u021bi lunar\u0103 Lunar oferim un voucher de 200 lei, prin tragere la sor\u021bi, ce poate fi folosit pentru a achizi\u021biona produse&hellip;&nbsp;<a href=\"https:\/\/bacsiszerek.ro\/hu\/recenzii\/\" rel=\"bookmark\">Read More &raquo;<span class=\"screen-reader-text\">\u00c9rt\u00e9kel\u00e9sek<\/span><\/a><\/p>","protected":false},"author":6,"featured_media":0,"parent":0,"menu_order":0,"comment_status":"closed","ping_status":"closed","template":"page-templates\/template-pagebuilder-full-width.php","meta":{"neve_meta_sidebar":"full-width","neve_meta_container":"","neve_meta_enable_content_width":"on","neve_meta_content_width":100,"neve_meta_title_alignment":"","neve_meta_author_avatar":"","neve_post_elements_order":"","neve_meta_disable_header":"","neve_meta_disable_footer":"","neve_meta_disable_title":"","footnotes":""},"class_list":["post-4864","page","type-page","status-publish","hentry"],"yoast_head":"<!-- This site is optimized with the Yoast SEO plugin v27.1.1 - https:\/\/yoast.com\/product\/yoast-seo-wordpress\/ -->\n<title>Recenzii - bacsiszerek.ro<\/title>\n<meta name=\"robots\" content=\"index, follow, max-snippet:-1, max-image-preview:large, max-video-preview:-1\" \/>\n<link rel=\"canonical\" href=\"https:\/\/bacsiszerek.ro\/hu\/recenzii\/\" \/>\n<meta property=\"og:locale\" content=\"hu_HU\" \/>\n<meta property=\"og:type\" content=\"article\" \/>\n<meta property=\"og:title\" content=\"Recenzii - bacsiszerek.ro\" \/>\n<meta property=\"og:description\" content=\"Scrie\u021bi o recenzie \u0219i pute\u021bi c\u00e2\u0219tiga 200 lei! Cum pute\u021bi participa? Accesa\u021bi pagina produsului cump\u0103rat \u00cei acorda\u021bi o not\u0103 (\u00eentre 1 \u0219i 5) \u0219i v\u0103 scrie\u021bi p\u0103rerea sincer\u0103 Sunte\u021bi \u00eenscri\u0219i automat \u00een tragerea la sor\u021bi lunar\u0103 Lunar oferim un voucher de 200 lei, prin tragere la sor\u021bi, ce poate fi folosit pentru a achizi\u021biona produse&hellip;&nbsp;Read More &raquo;Recenzii\" \/>\n<meta property=\"og:url\" content=\"https:\/\/bacsiszerek.ro\/hu\/recenzii\/\" \/>\n<meta property=\"og:site_name\" content=\"bacsiszerek.ro\" \/>\n<meta property=\"article:modified_time\" content=\"2026-05-12T07:55:32+00:00\" \/>\n<meta property=\"og:image\" content=\"https:\/\/bacsiszerek.ro\/wp-content\/uploads\/2025\/04\/rating_v1.png\" \/>\n\t<meta property=\"og:image:width\" content=\"2000\" \/>\n\t<meta property=\"og:image:height\" content=\"700\" \/>\n\t<meta property=\"og:image:type\" content=\"image\/png\" \/>\n<meta name=\"twitter:card\" content=\"summary_large_image\" \/>\n<meta name=\"twitter:label1\" content=\"Becs\u00fclt olvas\u00e1si id\u0151\" \/>\n\t<meta name=\"twitter:data1\" content=\"2 perc\" \/>\n<script type=\"application\/ld+json\" class=\"yoast-schema-graph\">{\"@context\":\"https:\/\/schema.org\",\"@graph\":[{\"@type\":\"WebPage\",\"@id\":\"https:\/\/bacsiszerek.ro\/recenzii\/\",\"url\":\"https:\/\/bacsiszerek.ro\/recenzii\/\",\"name\":\"Recenzii - bacsiszerek.ro\",\"isPartOf\":{\"@id\":\"https:\/\/bacsiszerek.ro\/#website\"},\"primaryImageOfPage\":{\"@id\":\"https:\/\/bacsiszerek.ro\/recenzii\/#primaryimage\"},\"image\":{\"@id\":\"https:\/\/bacsiszerek.ro\/recenzii\/#primaryimage\"},\"thumbnailUrl\":\"https:\/\/bacsiszerek.ro\/wp-content\/uploads\/2025\/04\/rating_v1-1024x358.png\",\"datePublished\":\"2025-04-15T16:16:58+00:00\",\"dateModified\":\"2026-05-12T07:55:32+00:00\",\"breadcrumb\":{\"@id\":\"https:\/\/bacsiszerek.ro\/recenzii\/#breadcrumb\"},\"inLanguage\":\"hu\",\"potentialAction\":[{\"@type\":\"ReadAction\",\"target\":[\"https:\/\/bacsiszerek.ro\/recenzii\/\"]}]},{\"@type\":\"ImageObject\",\"inLanguage\":\"hu\",\"@id\":\"https:\/\/bacsiszerek.ro\/recenzii\/#primaryimage\",\"url\":\"https:\/\/bacsiszerek.ro\/wp-content\/uploads\/2025\/04\/rating_v1-1024x358.png\",\"contentUrl\":\"https:\/\/bacsiszerek.ro\/wp-content\/uploads\/2025\/04\/rating_v1-1024x358.png\"},{\"@type\":\"BreadcrumbList\",\"@id\":\"https:\/\/bacsiszerek.ro\/recenzii\/#breadcrumb\",\"itemListElement\":[{\"@type\":\"ListItem\",\"position\":1,\"name\":\"Prima pagin\u0103\",\"item\":\"https:\/\/bacsiszerek.ro\/\"},{\"@type\":\"ListItem\",\"position\":2,\"name\":\"Recenzii\"}]},{\"@type\":\"WebSite\",\"@id\":\"https:\/\/bacsiszerek.ro\/#website\",\"url\":\"https:\/\/bacsiszerek.ro\/\",\"name\":\"bacsiszerek.ro\",\"description\":\"Egy szebb, illatosabb \u00e9s tiszt\u00e1bb vil\u00e1g\u00e9rt!\",\"publisher\":{\"@id\":\"https:\/\/bacsiszerek.ro\/#organization\"},\"potentialAction\":[{\"@type\":\"SearchAction\",\"target\":{\"@type\":\"EntryPoint\",\"urlTemplate\":\"https:\/\/bacsiszerek.ro\/?s={search_term_string}\"},\"query-input\":{\"@type\":\"PropertyValueSpecification\",\"valueRequired\":true,\"valueName\":\"search_term_string\"}}],\"inLanguage\":\"hu\"},{\"@type\":\"Organization\",\"@id\":\"https:\/\/bacsiszerek.ro\/#organization\",\"name\":\"bacsiszerek.ro\",\"url\":\"https:\/\/bacsiszerek.ro\/\",\"logo\":{\"@type\":\"ImageObject\",\"inLanguage\":\"hu\",\"@id\":\"https:\/\/bacsiszerek.ro\/#\/schema\/logo\/image\/\",\"url\":\"https:\/\/bacsiszerek.ro\/wp-content\/uploads\/2023\/08\/cropped-Bacsi-Szerek_red-min-1-1.png\",\"contentUrl\":\"https:\/\/bacsiszerek.ro\/wp-content\/uploads\/2023\/08\/cropped-Bacsi-Szerek_red-min-1-1.png\",\"width\":350,\"height\":64,\"caption\":\"bacsiszerek.ro\"},\"image\":{\"@id\":\"https:\/\/bacsiszerek.ro\/#\/schema\/logo\/image\/\"}}]}<\/script>\n<!-- \/ Yoast SEO plugin. -->","yoast_head_json":{"title":"Recenzii - bacsiszerek.ro","robots":{"index":"index","follow":"follow","max-snippet":"max-snippet:-1","max-image-preview":"max-image-preview:large","max-video-preview":"max-video-preview:-1"},"canonical":"https:\/\/bacsiszerek.ro\/hu\/recenzii\/","og_locale":"hu_HU","og_type":"article","og_title":"Recenzii - bacsiszerek.ro","og_description":"Scrie\u021bi o recenzie \u0219i pute\u021bi c\u00e2\u0219tiga 200 lei! Cum pute\u021bi participa? Accesa\u021bi pagina produsului cump\u0103rat \u00cei acorda\u021bi o not\u0103 (\u00eentre 1 \u0219i 5) \u0219i v\u0103 scrie\u021bi p\u0103rerea sincer\u0103 Sunte\u021bi \u00eenscri\u0219i automat \u00een tragerea la sor\u021bi lunar\u0103 Lunar oferim un voucher de 200 lei, prin tragere la sor\u021bi, ce poate fi folosit pentru a achizi\u021biona produse&hellip;&nbsp;Read More &raquo;Recenzii","og_url":"https:\/\/bacsiszerek.ro\/hu\/recenzii\/","og_site_name":"bacsiszerek.ro","article_modified_time":"2026-05-12T07:55:32+00:00","og_image":[{"width":2000,"height":700,"url":"https:\/\/bacsiszerek.ro\/wp-content\/uploads\/2025\/04\/rating_v1.png","type":"image\/png"}],"twitter_card":"summary_large_image","twitter_misc":{"Becs\u00fclt olvas\u00e1si id\u0151":"2 perc"},"schema":{"@context":"https:\/\/schema.org","@graph":[{"@type":"WebPage","@id":"https:\/\/bacsiszerek.ro\/recenzii\/","url":"https:\/\/bacsiszerek.ro\/recenzii\/","name":"Recenzii - bacsiszerek.ro","isPartOf":{"@id":"https:\/\/bacsiszerek.ro\/#website"},"primaryImageOfPage":{"@id":"https:\/\/bacsiszerek.ro\/recenzii\/#primaryimage"},"image":{"@id":"https:\/\/bacsiszerek.ro\/recenzii\/#primaryimage"},"thumbnailUrl":"https:\/\/bacsiszerek.ro\/wp-content\/uploads\/2025\/04\/rating_v1-1024x358.png","datePublished":"2025-04-15T16:16:58+00:00","dateModified":"2026-05-12T07:55:32+00:00","breadcrumb":{"@id":"https:\/\/bacsiszerek.ro\/recenzii\/#breadcrumb"},"inLanguage":"hu","potentialAction":[{"@type":"ReadAction","target":["https:\/\/bacsiszerek.ro\/recenzii\/"]}]},{"@type":"ImageObject","inLanguage":"hu","@id":"https:\/\/bacsiszerek.ro\/recenzii\/#primaryimage","url":"https:\/\/bacsiszerek.ro\/wp-content\/uploads\/2025\/04\/rating_v1-1024x358.png","contentUrl":"https:\/\/bacsiszerek.ro\/wp-content\/uploads\/2025\/04\/rating_v1-1024x358.png"},{"@type":"BreadcrumbList","@id":"https:\/\/bacsiszerek.ro\/recenzii\/#breadcrumb","itemListElement":[{"@type":"ListItem","position":1,"name":"Prima pagin\u0103","item":"https:\/\/bacsiszerek.ro\/"},{"@type":"ListItem","position":2,"name":"Recenzii"}]},{"@type":"WebSite","@id":"https:\/\/bacsiszerek.ro\/#website","url":"https:\/\/bacsiszerek.ro\/","name":"bacsiszerek.ro","description":"Egy szebb, illatosabb \u00e9s tiszt\u00e1bb vil\u00e1g\u00e9rt!","publisher":{"@id":"https:\/\/bacsiszerek.ro\/#organization"},"potentialAction":[{"@type":"SearchAction","target":{"@type":"EntryPoint","urlTemplate":"https:\/\/bacsiszerek.ro\/?s={search_term_string}"},"query-input":{"@type":"PropertyValueSpecification","valueRequired":true,"valueName":"search_term_string"}}],"inLanguage":"hu"},{"@type":"Organization","@id":"https:\/\/bacsiszerek.ro\/#organization","name":"bacsiszerek.ro","url":"https:\/\/bacsiszerek.ro\/","logo":{"@type":"ImageObject","inLanguage":"hu","@id":"https:\/\/bacsiszerek.ro\/#\/schema\/logo\/image\/","url":"https:\/\/bacsiszerek.ro\/wp-content\/uploads\/2023\/08\/cropped-Bacsi-Szerek_red-min-1-1.png","contentUrl":"https:\/\/bacsiszerek.ro\/wp-content\/uploads\/2023\/08\/cropped-Bacsi-Szerek_red-min-1-1.png","width":350,"height":64,"caption":"bacsiszerek.ro"},"image":{"@id":"https:\/\/bacsiszerek.ro\/#\/schema\/logo\/image\/"}}]}},"jetpack_sharing_enabled":true,"_links":{"self":[{"href":"https:\/\/bacsiszerek.ro\/hu\/wp-json\/wp\/v2\/pages\/4864","targetHints":{"allow":["GET"]}}],"collection":[{"href":"https:\/\/bacsiszerek.ro\/hu\/wp-json\/wp\/v2\/pages"}],"about":[{"href":"https:\/\/bacsiszerek.ro\/hu\/wp-json\/wp\/v2\/types\/page"}],"author":[{"embeddable":true,"href":"https:\/\/bacsiszerek.ro\/hu\/wp-json\/wp\/v2\/users\/6"}],"replies":[{"embeddable":true,"href":"https:\/\/bacsiszerek.ro\/hu\/wp-json\/wp\/v2\/comments?post=4864"}],"version-history":[{"count":76,"href":"https:\/\/bacsiszerek.ro\/hu\/wp-json\/wp\/v2\/pages\/4864\/revisions"}],"predecessor-version":[{"id":8430,"href":"https:\/\/bacsiszerek.ro\/hu\/wp-json\/wp\/v2\/pages\/4864\/revisions\/8430"}],"wp:attachment":[{"href":"https:\/\/bacsiszerek.ro\/hu\/wp-json\/wp\/v2\/media?parent=4864"}],"curies":[{"name":"wp","href":"https:\/\/api.w.org\/{rel}","templated":true}]}}