{"id":3,"date":"2021-02-28T12:22:41","date_gmt":"2021-02-28T12:22:41","guid":{"rendered":"https:\/\/kill.agentweb.ro\/?page_id=3"},"modified":"2023-08-03T08:05:54","modified_gmt":"2023-08-03T08:05:54","slug":"politica-de-confidentialitate","status":"publish","type":"page","link":"https:\/\/bacsiszerek.ro\/hu\/politica-de-confidentialitate\/","title":{"rendered":"Adatv\u00e9delmi szab\u00e1lyzat"},"content":{"rendered":"<div data-elementor-type=\"wp-page\" data-elementor-id=\"3\" class=\"elementor elementor-3\" data-elementor-post-type=\"page\">\n\t\t\t\t\t\t<section class=\"elementor-section elementor-top-section elementor-element elementor-element-3e1793d elementor-section-boxed elementor-section-height-default elementor-section-height-default\" data-id=\"3e1793d\" data-element_type=\"section\" data-e-type=\"section\">\n\t\t\t\t\t\t<div class=\"elementor-container elementor-column-gap-default\">\n\t\t\t\t\t<div class=\"elementor-column elementor-col-100 elementor-top-column elementor-element elementor-element-a5607a5\" data-id=\"a5607a5\" data-element_type=\"column\" data-e-type=\"column\">\n\t\t\t<div class=\"elementor-widget-wrap elementor-element-populated\">\n\t\t\t\t\t\t<div class=\"elementor-element elementor-element-25fafa0 elementor-widget elementor-widget-heading\" data-id=\"25fafa0\" data-element_type=\"widget\" data-e-type=\"widget\" data-widget_type=\"heading.default\">\n\t\t\t\t<div class=\"elementor-widget-container\">\n\t\t\t\t\t<h1 class=\"elementor-heading-title elementor-size-default\">Politic\u0103 de Confiden\u021bialitate cu privire la prelucrarea datelor cu caracter personal<\/h1>\t\t\t\t<\/div>\n\t\t\t\t<\/div>\n\t\t\t\t<div class=\"elementor-element elementor-element-a4a7d47 elementor-widget elementor-widget-text-editor\" data-id=\"a4a7d47\" data-element_type=\"widget\" data-e-type=\"widget\" data-widget_type=\"text-editor.default\">\n\t\t\t\t<div class=\"elementor-widget-container\">\n\t\t\t\t\t\t\t\t\t<div><p>Consider\u0103m asigurarea dreptului la protec\u021bia datelor cu caracter personal ca un angajament fundamental B\u00e1csi Szerek, prin urmare vom dedica toate resursele \u0219i eforturile necesare pentru a prelucra datele dumneavoastr\u0103 \u00een deplin\u0103 concordan\u021b\u0103 cu Regulamentul (UE) 2016\/679 (\u201cRegulamentul general privind protec\u021bia datelor\u201d sau \u201cGDPR\u201d), precum \u0219i cu orice alt\u0103 legisla\u021bie aplicabil\u0103 pe teritoriul Romaniei. \u00centruc\u00e2t unul dintre principiile esen\u021biale ale acestui cadrul legal \u00eel reprezint\u0103 transparen\u021ba, am preg\u0103tit aceast document prin care dorim s\u0103 v\u0103 inform\u0103m despre modul \u00een care colect\u0103m, utiliz\u0103m, transfer\u0103m \u0219i protej\u0103m datele dvs cu caracter personal atunci c\u00e2nd interac\u021biona\u021bi cu noi \u00een leg\u0103tur\u0103 cu produsele \u0219i serviciile noastre, inclusiv prin site-ul nostru web sau prin aplica\u021biile disponibile pe telefonul mobil.<\/p><p>Ne rezerv\u0103m dreptul de a actualiza \u0219i modifica periodic aceast\u0103 Politic\u0103 de Confiden\u021bialitate, pentru a reflecta orice modific\u0103ri ale modului \u00een care prelucr\u0103m datele dumneavoastr\u0103 cu caracter personal sau orice modific\u0103ri ale cerin\u021belor legale. \u00cen cazul oric\u0103rei astfel de modific\u0103ri, vom afi\u0219a pe website-ul nostru versiunea modificat\u0103 a Politicii de Confiden\u021bialitate, motiv pentru care va rugam sa verificati periodic continutul acestei Politici de Confidentialitate.<\/p><p><strong>Despre noi. Cine suntem.<\/strong><\/p><p>Denumire comercial\u0103: SILLY CLEAN SRL , persoan\u0103 juridic\u0103 de na\u021bionalitate rom\u00e2n\u0103, av\u00e2nd punct de lucru in loc. Baciu, str. Molidului, nr. 3, jud. Cluj, cu num\u0103r de ordine \u00een Registrul Comer\u021bului\u00a0<span style=\"background-color: var(--nv-site-bg); color: var(--nv-text-color); font-family: Roboto Condensed, var(--nv-fallback-ff); letter-spacing: 0px;\">J12\/566\/1999<\/span><span style=\"background-color: var(--nv-site-bg); color: var(--nv-text-color); font-family: Roboto Condensed, var(--nv-fallback-ff); letter-spacing: 0px;\">, cod unic de \u00eenregistrare fiscal\u0103\u00a0<\/span><span style=\"color: var(--nv-text-color); font-family: Roboto Condensed, var(--nv-fallback-ff); letter-spacing: 0px; background-color: var(--nv-site-bg);\">RO11821702\u00a0<\/span><span style=\"color: var(--nv-text-color); font-family: Roboto Condensed, var(--nv-fallback-ff); letter-spacing: 0px; background-color: var(--nv-site-bg);\">(\u00een continuare \u201cB\u00e1csi Szerek\u201d sau \u201cnoi\u201c). \u00cen sensul legisla\u021biei cu privire la protec\u021bia datelor, suntem operator atunci c\u00e2nd prelucr\u0103m datele dvs cu caracter personal.<\/span><\/p><p>\u00centruc\u00e2t suntem \u00eentotdeauna deschi\u0219i s\u0103 afl\u0103m opiniile dumneavoastr\u0103, precum \u0219i s\u0103 v\u0103 furniz\u0103m orice informa\u021bii suplimentare de care a\u021bi putea avea nevoie cu privire la prelucrarea datelor dvs, v\u0103 \u00eencuraj\u0103m s\u0103 contacta\u021bi Responsabilul B\u00e1csi Szerek cu protec\u021bia datelor la adresa de e-mail <a href=\"mailto:office@bacsiszerek.ro\">office@bacsiszerek.ro<\/a><\/p><p><strong>Ce categorii de date cu caracter personal prelucr\u0103m<\/strong><\/p><p>\u00cen general, colect\u0103m datele dvs. cu caracter personal direct de la dumneavoastr\u0103, astfel \u00eenc\u00e2t ave\u021bi controlul asupra tipului de informa\u021bie pe care ne-o oferi\u021bi. Cu titlul de exemplu, primim informa\u021bii de la dvs. astfel:<\/p><p>C\u00e2nd v\u0103 crea\u021bi un cont B\u00e1csi Szerek, ne transmite\u021bi: adresa de e-mail, telefonul, numele \u0219i prenumele;<\/p><p>C\u00e2nd plasa\u021bi o comand\u0103, ne furniza\u021bi informa\u021bii precum: produsul dorit, numele si prenumele, adresa de livrare, detalii de facturare, metoda de plat\u0103, num\u0103r de telefon, etc.<\/p><p>Putem, de asemenea, s\u0103 colect\u0103m \u0219i s\u0103 prelucr\u0103m ulterior anumite informa\u021bii cu privire la comportamentul dvs \u00een timpul vizit\u0103rii site-ului nostru web sau a folosirii aplica\u021biei smartphone, pentru a v\u0103 personaliza experien\u021ba online \u0219i a v\u0103 pune la dispozi\u021bie oferte adaptate profilului dvs.<\/p><p>Pe site-ul nostru web \u0219i \u00een aplica\u021bia smartphone putem stoca \u0219i colecta informa\u021bii in cookie-uri \u0219i tehnologii similare, conform Politicii de cookie-uri.<\/p><p>Nu colect\u0103m \u0219i nu prelucr\u0103m \u00een alt mod date sensibile, incluse de Regulamentul general privind protec\u021bia datelor \u00een categorii speciale de date cu caracter personal. De asemenea, nu dorim s\u0103 colect\u0103m sau s\u0103 prelucr\u0103m date ale minorilor care nu au \u00eemplinit varsta de 16 ani.<\/p><p><strong>Care sunt scopurile \u0219i temeiurile prelucr\u0103rii<\/strong><\/p><p>Vom utiliza datele dvs. cu caracter personal \u00een urm\u0103toarele scopuri:<\/p><p>Pentru prestarea serviciilor B\u00e1csi Szerek \u00een beneficiul dvs.<\/p><p>Acest scop general poate include, dup\u0103 caz, urm\u0103toarele:<\/p><ul><li>Crearea \u0219i administrarea contului \u00een cadrul platformei B\u00e1csi Szerek;<\/li><li>Prelucrarea comenzilor, inclusiv preluarea, validarea, expedierea \u0219i facturarea acestora;<\/li><li>Solu\u021bionarea anul\u0103rilor sau a problemelor de orice natur\u0103 referitoare la o comand\u0103, la bunurile sau serviciile achizi\u021bionate;<\/li><li>Returnarea produselor conform prevederilor legale;<\/li><li>Rambursarea contravalorii produselor conform prevederilor legale;<\/li><\/ul><p>Prelucrarea datelor dvs. pentru aceste scopuri este \u00een cele mai multe cazuri necesar\u0103 pentru \u00eencheierea \u0219i executarea unui contract \u00eentre B\u00e1csi Szerek \u0219i dvs. De asemenea, anumite prelucr\u0103ri subsumate acestor scopuri sunt impuse de legisla\u021bia aplicabil\u0103, inclusiv legisla\u021bia fiscal\u0103 \u0219i contabil\u0103.<\/p><p>Pentru \u00eembun\u0103t\u0103\u021birea serviciilor noastre<\/p><p>Ne dorim \u00een permanen\u021b\u0103 s\u0103 v\u0103 oferim cea mai bun\u0103 experien\u021b\u0103 de cump\u0103rare online. Pentru aceasta, putem colecta \u0219i utiliza anumite informa\u021bii \u00een leg\u0103tur\u0103 cu comportamentul dvs. de Cump\u0103r\u0103ror, v\u0103 putem invita s\u0103 completa\u021bi chestionare de satisfac\u021bie subsecvent finaliz\u0103rii unei comenzi sau putem desf\u0103\u0219ura, direct sau cu ajutorul unor parteneri, studii \u0219i cercet\u0103ri de pia\u021b\u0103.<\/p><p>Ne \u00eentemeiem aceste activit\u0103\u021bi pe interesul nostru legitim de a desf\u0103\u0219ura activit\u0103\u021bi comerciale, av\u00e2nd \u00eentotdeauna grij\u0103 ca drepturile \u0219i libert\u0103\u021bile dvs. fundamentale s\u0103 nu fie afectate.<\/p><p>Pentru ap\u0103rarea intereselor noastre legitime<\/p><p>Pot exista situa\u021bii \u00een care vom folosi sau transmite informa\u021bii pentru a ne proteja drepturile \u0219i activitatea comercial\u0103. Acestea pot include:<\/p><p>\u2013 M\u0103suri de protec\u021bie a site-ului web \u0219i a utilizatorilor platformei B\u00e1csi Szerek fa\u021b\u0103 de atacuri cibernetice:<\/p><p>\u2013 M\u0103suri de prevenire \u0219i detectare a tentativelor de fraudare, inclusiv transmiterea unor informa\u021bii c\u0103tre autorit\u0103\u021bile publice competente;<\/p><p>\u2013 M\u0103suri de gestionare a diverselor altor riscuri.<\/p><p>Temeiul general al acestor tipuri de prelucr\u0103ri este interesul nostru legitim de a ne ap\u0103ra activitatea comercial\u0103, fiind \u00een\u021beles c\u0103 ne asigur\u0103m c\u0103 toate m\u0103surile pe care le lu\u0103m garanteaz\u0103 un echilibru \u00eentre interesele noastre \u0219i drepturile \u0219i libert\u0103\u021bile dvs. fundamentale.<\/p><p>De asemenea, \u00een anumite cazuri ne \u00eentemeiem prelucrarea pe dispozi\u021bii legale\u00a0 cum ar fi obliga\u021bia de a asigura paza bunurilor \u0219i valorilor prev\u0103zut\u0103 de legislatia aplicabila in aceasta materie.<\/p><p><strong>C\u00e2t timp p\u0103str\u0103m datele dvs. cu caracter personal<\/strong><\/p><p>Ca regul\u0103 general\u0103, vom stoca datele dvs. cu caracter personal c\u00e2t timp ave\u021bi un cont \u00een platforma B\u00e1csi Szerek. Pute\u021bi s\u0103 ne solicita\u021bi oric\u00e2nd \u0219tergerea anumitor informa\u021bii sau \u00eenchiderea contului \u0219i vom da curs acestor solicit\u0103ri, sub rezerva p\u0103str\u0103rii anumitor informa\u021bii inclusiv ulterior \u00eenchiderii contului, \u00een situa\u021biile \u00een care legisla\u021bia aplicabil\u0103 sau interesele noastre legitime o impun.<\/p><\/div>\t\t\t\t\t\t\t\t<\/div>\n\t\t\t\t<\/div>\n\t\t\t\t\t<\/div>\n\t\t<\/div>\n\t\t\t\t\t<\/div>\n\t\t<\/section>\n\t\t\t\t<\/div>","protected":false},"excerpt":{"rendered":"<p>Politic\u0103 de Confiden\u021bialitate cu privire la prelucrarea datelor cu caracter personal Consider\u0103m asigurarea dreptului la protec\u021bia datelor cu caracter personal ca un angajament fundamental B\u00e1csi Szerek, prin urmare vom dedica toate resursele \u0219i eforturile necesare pentru a prelucra datele dumneavoastr\u0103 \u00een deplin\u0103 concordan\u021b\u0103 cu Regulamentul (UE) 2016\/679 (\u201cRegulamentul general privind protec\u021bia datelor\u201d sau \u201cGDPR\u201d), precum&hellip;&nbsp;<a href=\"https:\/\/bacsiszerek.ro\/hu\/politica-de-confidentialitate\/\" rel=\"bookmark\">Read More &raquo;<span class=\"screen-reader-text\">Adatv\u00e9delmi szab\u00e1lyzat<\/span><\/a><\/p>","protected":false},"author":1,"featured_media":0,"parent":0,"menu_order":0,"comment_status":"closed","ping_status":"closed","template":"page-templates\/template-pagebuilder-full-width.php","meta":{"neve_meta_sidebar":"","neve_meta_container":"","neve_meta_enable_content_width":"off","neve_meta_content_width":0,"neve_meta_title_alignment":"","neve_meta_author_avatar":"","neve_post_elements_order":"","neve_meta_disable_header":"","neve_meta_disable_footer":"","neve_meta_disable_title":"","footnotes":""},"class_list":["post-3","page","type-page","status-publish","hentry"],"yoast_head":"<!-- This site is optimized with the Yoast SEO plugin v27.1.1 - https:\/\/yoast.com\/product\/yoast-seo-wordpress\/ -->\n<title>Politic\u0103 de confiden\u021bialitate - bacsiszerek.ro<\/title>\n<meta name=\"robots\" content=\"noindex, nofollow\" \/>\n<meta property=\"og:locale\" content=\"hu_HU\" \/>\n<meta property=\"og:type\" content=\"article\" \/>\n<meta property=\"og:title\" content=\"Politic\u0103 de confiden\u021bialitate - bacsiszerek.ro\" \/>\n<meta property=\"og:description\" content=\"Politic\u0103 de Confiden\u021bialitate cu privire la prelucrarea datelor cu caracter personal Consider\u0103m asigurarea dreptului la protec\u021bia datelor cu caracter personal ca un angajament fundamental B\u00e1csi Szerek, prin urmare vom dedica toate resursele \u0219i eforturile necesare pentru a prelucra datele dumneavoastr\u0103 \u00een deplin\u0103 concordan\u021b\u0103 cu Regulamentul (UE) 2016\/679 (\u201cRegulamentul general privind protec\u021bia datelor\u201d sau \u201cGDPR\u201d), precum&hellip;&nbsp;Read More &raquo;Politic\u0103 de confiden\u021bialitate\" \/>\n<meta property=\"og:url\" content=\"https:\/\/bacsiszerek.ro\/hu\/politica-de-confidentialitate\/\" \/>\n<meta property=\"og:site_name\" content=\"bacsiszerek.ro\" \/>\n<meta property=\"article:modified_time\" content=\"2023-08-03T08:05:54+00:00\" \/>\n<meta name=\"twitter:card\" content=\"summary_large_image\" \/>\n<meta name=\"twitter:label1\" content=\"Becs\u00fclt olvas\u00e1si id\u0151\" \/>\n\t<meta name=\"twitter:data1\" content=\"5 perc\" \/>\n<script type=\"application\/ld+json\" class=\"yoast-schema-graph\">{\"@context\":\"https:\/\/schema.org\",\"@graph\":[{\"@type\":\"WebPage\",\"@id\":\"https:\/\/bacsiszerek.ro\/politica-de-confidentialitate\/\",\"url\":\"https:\/\/bacsiszerek.ro\/politica-de-confidentialitate\/\",\"name\":\"Politic\u0103 de confiden\u021bialitate - bacsiszerek.ro\",\"isPartOf\":{\"@id\":\"https:\/\/bacsiszerek.ro\/#website\"},\"datePublished\":\"2021-02-28T12:22:41+00:00\",\"dateModified\":\"2023-08-03T08:05:54+00:00\",\"breadcrumb\":{\"@id\":\"https:\/\/bacsiszerek.ro\/politica-de-confidentialitate\/#breadcrumb\"},\"inLanguage\":\"hu\",\"potentialAction\":[{\"@type\":\"ReadAction\",\"target\":[\"https:\/\/bacsiszerek.ro\/politica-de-confidentialitate\/\"]}]},{\"@type\":\"BreadcrumbList\",\"@id\":\"https:\/\/bacsiszerek.ro\/politica-de-confidentialitate\/#breadcrumb\",\"itemListElement\":[{\"@type\":\"ListItem\",\"position\":1,\"name\":\"Prima pagin\u0103\",\"item\":\"https:\/\/bacsiszerek.ro\/\"},{\"@type\":\"ListItem\",\"position\":2,\"name\":\"Politic\u0103 de confiden\u021bialitate\"}]},{\"@type\":\"WebSite\",\"@id\":\"https:\/\/bacsiszerek.ro\/#website\",\"url\":\"https:\/\/bacsiszerek.ro\/\",\"name\":\"bacsiszerek.ro\",\"description\":\"Egy szebb, illatosabb \u00e9s tiszt\u00e1bb vil\u00e1g\u00e9rt!\",\"publisher\":{\"@id\":\"https:\/\/bacsiszerek.ro\/#organization\"},\"potentialAction\":[{\"@type\":\"SearchAction\",\"target\":{\"@type\":\"EntryPoint\",\"urlTemplate\":\"https:\/\/bacsiszerek.ro\/?s={search_term_string}\"},\"query-input\":{\"@type\":\"PropertyValueSpecification\",\"valueRequired\":true,\"valueName\":\"search_term_string\"}}],\"inLanguage\":\"hu\"},{\"@type\":\"Organization\",\"@id\":\"https:\/\/bacsiszerek.ro\/#organization\",\"name\":\"bacsiszerek.ro\",\"url\":\"https:\/\/bacsiszerek.ro\/\",\"logo\":{\"@type\":\"ImageObject\",\"inLanguage\":\"hu\",\"@id\":\"https:\/\/bacsiszerek.ro\/#\/schema\/logo\/image\/\",\"url\":\"https:\/\/bacsiszerek.ro\/wp-content\/uploads\/2023\/08\/cropped-Bacsi-Szerek_red-min-1-1.png\",\"contentUrl\":\"https:\/\/bacsiszerek.ro\/wp-content\/uploads\/2023\/08\/cropped-Bacsi-Szerek_red-min-1-1.png\",\"width\":350,\"height\":64,\"caption\":\"bacsiszerek.ro\"},\"image\":{\"@id\":\"https:\/\/bacsiszerek.ro\/#\/schema\/logo\/image\/\"}}]}<\/script>\n<!-- \/ Yoast SEO plugin. -->","yoast_head_json":{"title":"Politic\u0103 de confiden\u021bialitate - bacsiszerek.ro","robots":{"index":"noindex","follow":"nofollow"},"og_locale":"hu_HU","og_type":"article","og_title":"Politic\u0103 de confiden\u021bialitate - bacsiszerek.ro","og_description":"Politic\u0103 de Confiden\u021bialitate cu privire la prelucrarea datelor cu caracter personal Consider\u0103m asigurarea dreptului la protec\u021bia datelor cu caracter personal ca un angajament fundamental B\u00e1csi Szerek, prin urmare vom dedica toate resursele \u0219i eforturile necesare pentru a prelucra datele dumneavoastr\u0103 \u00een deplin\u0103 concordan\u021b\u0103 cu Regulamentul (UE) 2016\/679 (\u201cRegulamentul general privind protec\u021bia datelor\u201d sau \u201cGDPR\u201d), precum&hellip;&nbsp;Read More &raquo;Politic\u0103 de confiden\u021bialitate","og_url":"https:\/\/bacsiszerek.ro\/hu\/politica-de-confidentialitate\/","og_site_name":"bacsiszerek.ro","article_modified_time":"2023-08-03T08:05:54+00:00","twitter_card":"summary_large_image","twitter_misc":{"Becs\u00fclt olvas\u00e1si id\u0151":"5 perc"},"schema":{"@context":"https:\/\/schema.org","@graph":[{"@type":"WebPage","@id":"https:\/\/bacsiszerek.ro\/politica-de-confidentialitate\/","url":"https:\/\/bacsiszerek.ro\/politica-de-confidentialitate\/","name":"Politic\u0103 de confiden\u021bialitate - bacsiszerek.ro","isPartOf":{"@id":"https:\/\/bacsiszerek.ro\/#website"},"datePublished":"2021-02-28T12:22:41+00:00","dateModified":"2023-08-03T08:05:54+00:00","breadcrumb":{"@id":"https:\/\/bacsiszerek.ro\/politica-de-confidentialitate\/#breadcrumb"},"inLanguage":"hu","potentialAction":[{"@type":"ReadAction","target":["https:\/\/bacsiszerek.ro\/politica-de-confidentialitate\/"]}]},{"@type":"BreadcrumbList","@id":"https:\/\/bacsiszerek.ro\/politica-de-confidentialitate\/#breadcrumb","itemListElement":[{"@type":"ListItem","position":1,"name":"Prima pagin\u0103","item":"https:\/\/bacsiszerek.ro\/"},{"@type":"ListItem","position":2,"name":"Politic\u0103 de confiden\u021bialitate"}]},{"@type":"WebSite","@id":"https:\/\/bacsiszerek.ro\/#website","url":"https:\/\/bacsiszerek.ro\/","name":"bacsiszerek.ro","description":"Egy szebb, illatosabb \u00e9s tiszt\u00e1bb vil\u00e1g\u00e9rt!","publisher":{"@id":"https:\/\/bacsiszerek.ro\/#organization"},"potentialAction":[{"@type":"SearchAction","target":{"@type":"EntryPoint","urlTemplate":"https:\/\/bacsiszerek.ro\/?s={search_term_string}"},"query-input":{"@type":"PropertyValueSpecification","valueRequired":true,"valueName":"search_term_string"}}],"inLanguage":"hu"},{"@type":"Organization","@id":"https:\/\/bacsiszerek.ro\/#organization","name":"bacsiszerek.ro","url":"https:\/\/bacsiszerek.ro\/","logo":{"@type":"ImageObject","inLanguage":"hu","@id":"https:\/\/bacsiszerek.ro\/#\/schema\/logo\/image\/","url":"https:\/\/bacsiszerek.ro\/wp-content\/uploads\/2023\/08\/cropped-Bacsi-Szerek_red-min-1-1.png","contentUrl":"https:\/\/bacsiszerek.ro\/wp-content\/uploads\/2023\/08\/cropped-Bacsi-Szerek_red-min-1-1.png","width":350,"height":64,"caption":"bacsiszerek.ro"},"image":{"@id":"https:\/\/bacsiszerek.ro\/#\/schema\/logo\/image\/"}}]}},"jetpack_sharing_enabled":true,"_links":{"self":[{"href":"https:\/\/bacsiszerek.ro\/hu\/wp-json\/wp\/v2\/pages\/3","targetHints":{"allow":["GET"]}}],"collection":[{"href":"https:\/\/bacsiszerek.ro\/hu\/wp-json\/wp\/v2\/pages"}],"about":[{"href":"https:\/\/bacsiszerek.ro\/hu\/wp-json\/wp\/v2\/types\/page"}],"author":[{"embeddable":true,"href":"https:\/\/bacsiszerek.ro\/hu\/wp-json\/wp\/v2\/users\/1"}],"replies":[{"embeddable":true,"href":"https:\/\/bacsiszerek.ro\/hu\/wp-json\/wp\/v2\/comments?post=3"}],"version-history":[{"count":0,"href":"https:\/\/bacsiszerek.ro\/hu\/wp-json\/wp\/v2\/pages\/3\/revisions"}],"wp:attachment":[{"href":"https:\/\/bacsiszerek.ro\/hu\/wp-json\/wp\/v2\/media?parent=3"}],"curies":[{"name":"wp","href":"https:\/\/api.w.org\/{rel}","templated":true}]}}