{"id":1398,"date":"2023-08-17T13:46:41","date_gmt":"2023-08-17T13:46:41","guid":{"rendered":"https:\/\/bacsiszerek.ro\/?page_id=1398"},"modified":"2025-05-01T23:39:22","modified_gmt":"2025-05-01T20:39:22","slug":"livrare-returnare","status":"publish","type":"page","link":"https:\/\/bacsiszerek.ro\/hu\/livrare-returnare\/","title":{"rendered":"Sz\u00e1ll\u00edt\u00e1s \u00e9s visszak\u00fcld\u00e9s"},"content":{"rendered":"<p><strong>Sz\u00e1ll\u00edt\u00e1si id\u0151<\/strong> a csomag felad\u00e1s\u00e1t\u00f3l sz\u00e1m\u00edtott 24 - 72 \u00f3r\u00e1n bel\u00fcl (munkanapokon).<\/p>\n<p><strong>Sz\u00e1ll\u00edt\u00e1s<\/strong> Cargus vagy Sameday c\u00e9g \u00e1ltal.<\/p>\n<p><strong>Sz\u00e1ll\u00edt\u00e1si \u00e1r<\/strong> 199 RON feletti rendel\u00e9s eset\u00e9n INGYENES, ezen \u00e9rt\u00e9k alatti rendel\u00e9sek eset\u00e9n pedig 25 RON. A sz\u00e1ll\u00edt\u00e1si d\u00edjat a rendel\u00e9s \u00e9rt\u00e9k\u00e9vel egy\u00fctt fizethet\u0151 az al\u00e1bbi m\u00f3dokon: ut\u00e1nv\u00e9ttel vagy k\u00e1rty\u00e1s fizet\u00e9ssel.<\/p>\n<p>A Silly Clean SRL nem v\u00e1llal felel\u0151ss\u00e9get a sz\u00e1ll\u00edt\u00f3 \u00e1ltal okozott k\u00e9s\u00e9sek\u00e9rt. A sz\u00e1ll\u00edt\u00e1si folyamat sor\u00e1n a v\u00e1s\u00e1rl\u00f3 felel\u0151s a megadott sz\u00e1ll\u00edt\u00e1si c\u00edm pontoss\u00e1g\u00e1\u00e9rt.<\/p>\n<p><strong>A term\u00e9k visszak\u00fcld\u00e9s\u00e9nek vagy a megrendel\u00e9s lemond\u00e1s\u00e1nak felt\u00e9telei\u00a0<\/strong><\/p>\n<p>A Vev\u0151nek joga van a megrendel\u00e9sb\u0151l sz\u00e1rmaz\u00f3 term\u00e9keket visszak\u00fcldeni, ha a term\u00e9k s\u00e9r\u00fclt vagy nem felel meg a le\u00edrtaknak, az \u00e1tv\u00e9telt\u0151l sz\u00e1m\u00edtott 14 napon bel\u00fcl. A term\u00e9keket csak akkor lehet visszak\u00fcldeni, ha a csomagol\u00e1s nem s\u00e9r\u00fclt. A p\u00e9nz az \u00e1tvett csomag ellen\u0151rz\u00e9se ut\u00e1n ker\u00fcl visszat\u00e9r\u00edt\u00e9sre, kiv\u00e9ve a sz\u00e1ll\u00edt\u00e1st, amely a v\u00e1s\u00e1rl\u00f3 felel\u0151ss\u00e9ge. A term\u00e9kek visszak\u00fcld\u00e9se a vev\u0151 k\u00f6lts\u00e9g\u00e9re t\u00f6rt\u00e9nik, ugyanazon sz\u00e1ll\u00edt\u00e1si szolg\u00e1ltat\u00e1s ig\u00e9nybev\u00e9tel\u00e9vel, amellyel a sz\u00e1ll\u00edt\u00e1s t\u00f6rt\u00e9nt.<\/p>\n<p>Megrendel\u00e9s\u00e9nek t\u00f6rl\u00e9s\u00e9hez vegye fel vel\u00fcnk a kapcsolatot telefonon vagy e-mailben a k\u00f6vetkez\u0151 email c\u00edmen <a href=\"mailto:office@bacsiszerek.ro\">office@bacsiszerek.ro<\/a> legk\u00e9s\u0151bb a megrendel\u00e9s elk\u00fcld\u00e9s\u00e9t k\u00f6vet\u0151 60 percen bel\u00fcl.<br \/>\nK\u00e9rj\u00fck adja meg rendel\u00e9si sz\u00e1m\u00e1t \u00e9s adatait. A megrendel\u00e9s t\u00f6rl\u00e9s\u00e9t e-mailben er\u0151s\u00edtj\u00fck meg.<\/p>","protected":false},"excerpt":{"rendered":"<p>Termenul de livrare obi\u015fnuit al produselor comandate pe site se \u00eencadreaz\u0103 \u00eentre 24 \u2013 72 ore (\u00een zilele lucr\u0103toare) din momentul expedierii coletului. Transportul este efectuat de firma Cargus sau Sameday. Pre\u021bul de transport este GRATUIT pentru comenzile ce dep\u0103\u0219esc 199 RON \u0219i este 25 RON pentru comenzile sub aceast\u0103 valoare. Taxa de transport va&hellip;&nbsp;<a href=\"https:\/\/bacsiszerek.ro\/hu\/livrare-returnare\/\" rel=\"bookmark\">Read More &raquo;<span class=\"screen-reader-text\">Sz\u00e1ll\u00edt\u00e1s \u00e9s visszak\u00fcld\u00e9s<\/span><\/a><\/p>","protected":false},"author":1,"featured_media":0,"parent":0,"menu_order":0,"comment_status":"closed","ping_status":"closed","template":"","meta":{"neve_meta_sidebar":"full-width","neve_meta_container":"","neve_meta_enable_content_width":"on","neve_meta_content_width":100,"neve_meta_title_alignment":"","neve_meta_author_avatar":"","neve_post_elements_order":"","neve_meta_disable_header":"","neve_meta_disable_footer":"","neve_meta_disable_title":"","footnotes":""},"class_list":["post-1398","page","type-page","status-publish","hentry"],"yoast_head":"<!-- This site is optimized with the Yoast SEO plugin v27.1.1 - https:\/\/yoast.com\/product\/yoast-seo-wordpress\/ -->\n<title>Livrare &amp; Returnare - bacsiszerek.ro<\/title>\n<meta name=\"robots\" content=\"index, follow, max-snippet:-1, max-image-preview:large, max-video-preview:-1\" \/>\n<link rel=\"canonical\" href=\"https:\/\/bacsiszerek.ro\/hu\/livrare-returnare\/\" \/>\n<meta property=\"og:locale\" content=\"hu_HU\" \/>\n<meta property=\"og:type\" content=\"article\" \/>\n<meta property=\"og:title\" content=\"Livrare &amp; Returnare - bacsiszerek.ro\" \/>\n<meta property=\"og:description\" content=\"Termenul de livrare obi\u015fnuit al produselor comandate pe site se \u00eencadreaz\u0103 \u00eentre 24 \u2013 72 ore (\u00een zilele lucr\u0103toare) din momentul expedierii coletului. Transportul este efectuat de firma Cargus sau Sameday. Pre\u021bul de transport este GRATUIT pentru comenzile ce dep\u0103\u0219esc 199 RON \u0219i este 25 RON pentru comenzile sub aceast\u0103 valoare. Taxa de transport va&hellip;&nbsp;Read More &raquo;Livrare &#038; Returnare\" \/>\n<meta property=\"og:url\" content=\"https:\/\/bacsiszerek.ro\/hu\/livrare-returnare\/\" \/>\n<meta property=\"og:site_name\" content=\"bacsiszerek.ro\" \/>\n<meta property=\"article:modified_time\" content=\"2025-05-01T20:39:22+00:00\" \/>\n<meta name=\"twitter:card\" content=\"summary_large_image\" \/>\n<meta name=\"twitter:label1\" content=\"Becs\u00fclt olvas\u00e1si id\u0151\" \/>\n\t<meta name=\"twitter:data1\" content=\"2 perc\" \/>\n<script type=\"application\/ld+json\" class=\"yoast-schema-graph\">{\"@context\":\"https:\/\/schema.org\",\"@graph\":[{\"@type\":\"WebPage\",\"@id\":\"https:\/\/bacsiszerek.ro\/livrare-returnare\/\",\"url\":\"https:\/\/bacsiszerek.ro\/livrare-returnare\/\",\"name\":\"Livrare & Returnare - bacsiszerek.ro\",\"isPartOf\":{\"@id\":\"https:\/\/bacsiszerek.ro\/#website\"},\"datePublished\":\"2023-08-17T13:46:41+00:00\",\"dateModified\":\"2025-05-01T20:39:22+00:00\",\"breadcrumb\":{\"@id\":\"https:\/\/bacsiszerek.ro\/livrare-returnare\/#breadcrumb\"},\"inLanguage\":\"hu\",\"potentialAction\":[{\"@type\":\"ReadAction\",\"target\":[\"https:\/\/bacsiszerek.ro\/livrare-returnare\/\"]}]},{\"@type\":\"BreadcrumbList\",\"@id\":\"https:\/\/bacsiszerek.ro\/livrare-returnare\/#breadcrumb\",\"itemListElement\":[{\"@type\":\"ListItem\",\"position\":1,\"name\":\"Prima pagin\u0103\",\"item\":\"https:\/\/bacsiszerek.ro\/\"},{\"@type\":\"ListItem\",\"position\":2,\"name\":\"Livrare &#038; Returnare\"}]},{\"@type\":\"WebSite\",\"@id\":\"https:\/\/bacsiszerek.ro\/#website\",\"url\":\"https:\/\/bacsiszerek.ro\/\",\"name\":\"bacsiszerek.ro\",\"description\":\"Egy szebb, illatosabb \u00e9s tiszt\u00e1bb vil\u00e1g\u00e9rt!\",\"publisher\":{\"@id\":\"https:\/\/bacsiszerek.ro\/#organization\"},\"potentialAction\":[{\"@type\":\"SearchAction\",\"target\":{\"@type\":\"EntryPoint\",\"urlTemplate\":\"https:\/\/bacsiszerek.ro\/?s={search_term_string}\"},\"query-input\":{\"@type\":\"PropertyValueSpecification\",\"valueRequired\":true,\"valueName\":\"search_term_string\"}}],\"inLanguage\":\"hu\"},{\"@type\":\"Organization\",\"@id\":\"https:\/\/bacsiszerek.ro\/#organization\",\"name\":\"bacsiszerek.ro\",\"url\":\"https:\/\/bacsiszerek.ro\/\",\"logo\":{\"@type\":\"ImageObject\",\"inLanguage\":\"hu\",\"@id\":\"https:\/\/bacsiszerek.ro\/#\/schema\/logo\/image\/\",\"url\":\"https:\/\/bacsiszerek.ro\/wp-content\/uploads\/2023\/08\/cropped-Bacsi-Szerek_red-min-1-1.png\",\"contentUrl\":\"https:\/\/bacsiszerek.ro\/wp-content\/uploads\/2023\/08\/cropped-Bacsi-Szerek_red-min-1-1.png\",\"width\":350,\"height\":64,\"caption\":\"bacsiszerek.ro\"},\"image\":{\"@id\":\"https:\/\/bacsiszerek.ro\/#\/schema\/logo\/image\/\"}}]}<\/script>\n<!-- \/ Yoast SEO plugin. -->","yoast_head_json":{"title":"Livrare & Returnare - bacsiszerek.ro","robots":{"index":"index","follow":"follow","max-snippet":"max-snippet:-1","max-image-preview":"max-image-preview:large","max-video-preview":"max-video-preview:-1"},"canonical":"https:\/\/bacsiszerek.ro\/hu\/livrare-returnare\/","og_locale":"hu_HU","og_type":"article","og_title":"Livrare & Returnare - bacsiszerek.ro","og_description":"Termenul de livrare obi\u015fnuit al produselor comandate pe site se \u00eencadreaz\u0103 \u00eentre 24 \u2013 72 ore (\u00een zilele lucr\u0103toare) din momentul expedierii coletului. Transportul este efectuat de firma Cargus sau Sameday. Pre\u021bul de transport este GRATUIT pentru comenzile ce dep\u0103\u0219esc 199 RON \u0219i este 25 RON pentru comenzile sub aceast\u0103 valoare. Taxa de transport va&hellip;&nbsp;Read More &raquo;Livrare &#038; Returnare","og_url":"https:\/\/bacsiszerek.ro\/hu\/livrare-returnare\/","og_site_name":"bacsiszerek.ro","article_modified_time":"2025-05-01T20:39:22+00:00","twitter_card":"summary_large_image","twitter_misc":{"Becs\u00fclt olvas\u00e1si id\u0151":"2 perc"},"schema":{"@context":"https:\/\/schema.org","@graph":[{"@type":"WebPage","@id":"https:\/\/bacsiszerek.ro\/livrare-returnare\/","url":"https:\/\/bacsiszerek.ro\/livrare-returnare\/","name":"Livrare & Returnare - bacsiszerek.ro","isPartOf":{"@id":"https:\/\/bacsiszerek.ro\/#website"},"datePublished":"2023-08-17T13:46:41+00:00","dateModified":"2025-05-01T20:39:22+00:00","breadcrumb":{"@id":"https:\/\/bacsiszerek.ro\/livrare-returnare\/#breadcrumb"},"inLanguage":"hu","potentialAction":[{"@type":"ReadAction","target":["https:\/\/bacsiszerek.ro\/livrare-returnare\/"]}]},{"@type":"BreadcrumbList","@id":"https:\/\/bacsiszerek.ro\/livrare-returnare\/#breadcrumb","itemListElement":[{"@type":"ListItem","position":1,"name":"Prima pagin\u0103","item":"https:\/\/bacsiszerek.ro\/"},{"@type":"ListItem","position":2,"name":"Livrare &#038; Returnare"}]},{"@type":"WebSite","@id":"https:\/\/bacsiszerek.ro\/#website","url":"https:\/\/bacsiszerek.ro\/","name":"bacsiszerek.ro","description":"Egy szebb, illatosabb \u00e9s tiszt\u00e1bb vil\u00e1g\u00e9rt!","publisher":{"@id":"https:\/\/bacsiszerek.ro\/#organization"},"potentialAction":[{"@type":"SearchAction","target":{"@type":"EntryPoint","urlTemplate":"https:\/\/bacsiszerek.ro\/?s={search_term_string}"},"query-input":{"@type":"PropertyValueSpecification","valueRequired":true,"valueName":"search_term_string"}}],"inLanguage":"hu"},{"@type":"Organization","@id":"https:\/\/bacsiszerek.ro\/#organization","name":"bacsiszerek.ro","url":"https:\/\/bacsiszerek.ro\/","logo":{"@type":"ImageObject","inLanguage":"hu","@id":"https:\/\/bacsiszerek.ro\/#\/schema\/logo\/image\/","url":"https:\/\/bacsiszerek.ro\/wp-content\/uploads\/2023\/08\/cropped-Bacsi-Szerek_red-min-1-1.png","contentUrl":"https:\/\/bacsiszerek.ro\/wp-content\/uploads\/2023\/08\/cropped-Bacsi-Szerek_red-min-1-1.png","width":350,"height":64,"caption":"bacsiszerek.ro"},"image":{"@id":"https:\/\/bacsiszerek.ro\/#\/schema\/logo\/image\/"}}]}},"jetpack_sharing_enabled":true,"_links":{"self":[{"href":"https:\/\/bacsiszerek.ro\/hu\/wp-json\/wp\/v2\/pages\/1398","targetHints":{"allow":["GET"]}}],"collection":[{"href":"https:\/\/bacsiszerek.ro\/hu\/wp-json\/wp\/v2\/pages"}],"about":[{"href":"https:\/\/bacsiszerek.ro\/hu\/wp-json\/wp\/v2\/types\/page"}],"author":[{"embeddable":true,"href":"https:\/\/bacsiszerek.ro\/hu\/wp-json\/wp\/v2\/users\/1"}],"replies":[{"embeddable":true,"href":"https:\/\/bacsiszerek.ro\/hu\/wp-json\/wp\/v2\/comments?post=1398"}],"version-history":[{"count":1,"href":"https:\/\/bacsiszerek.ro\/hu\/wp-json\/wp\/v2\/pages\/1398\/revisions"}],"predecessor-version":[{"id":4995,"href":"https:\/\/bacsiszerek.ro\/hu\/wp-json\/wp\/v2\/pages\/1398\/revisions\/4995"}],"wp:attachment":[{"href":"https:\/\/bacsiszerek.ro\/hu\/wp-json\/wp\/v2\/media?parent=1398"}],"curies":[{"name":"wp","href":"https:\/\/api.w.org\/{rel}","templated":true}]}}