{"id":1396,"date":"2023-08-17T13:44:34","date_gmt":"2023-08-17T13:44:34","guid":{"rendered":"https:\/\/bacsiszerek.ro\/?page_id=1396"},"modified":"2023-08-17T13:56:05","modified_gmt":"2023-08-17T13:56:05","slug":"termeni-si-conditii","status":"publish","type":"page","link":"https:\/\/bacsiszerek.ro\/hu\/termeni-si-conditii\/","title":{"rendered":"Felhaszn\u00e1l\u00e1si felt\u00e9telek"},"content":{"rendered":"<p>Conditii Generale pentru utilizarea site-ului www.bacsiszerek.ro<\/p>\n<p><strong>Acceptarea condi\u021biilor<\/strong><\/p>\n<p>Prin accesarea acestui site \u0219i\/sau a oricarei pagini, sunte\u021bi de acord cu condi\u021biile de utilizare.<\/p>\n<p><strong>Descrierea serviciilor<\/strong><\/p>\n<p>Siteul nostru v\u0103 pune la dispozi\u021bie posibilitatea achizi\u021bion\u0103ri unor detergen\u021bi din gama B\u00e1csi Szerek \u0219i Ecosviz precum informa\u021bii exacte despre aceste produse \u0219i utilizarea lor.<\/p>\n<p><strong>Introducere<br \/>\n<\/strong><br \/>\nCondi\u021biile Generale se refer\u0103 la condi\u021biile de utilizare a site-ului <a href=\"https:\/\/bacsiszerek.ro\/hu\/\">www.bacsiszerek.ro<\/a> de c\u0103tre poten\u021bialii vizitatori sau clien\u021bi. Acces\u00e2nd \u0219i navig\u00e2nd pe acest site, accepta\u021bi termenii de utilizare.<\/p>\n<p><strong>Drepturile asupra con\u021binutului site-ului<\/strong><\/p>\n<p>B\u00e1csi Szerek de\u021bine drepturi complete si depline asupra titlului de proprietate \u0219i prin aceasta toate drepturile de autor si cele brevetate. Nu ave\u021bi dreptul s\u0103 redistribui\u021bi, vindeti, decompila\u021bi, dezasambla\u021bi aplicatia software \u0219i nu v\u0103 transfer\u0103 titlul de proprietate asupra aplicatiilor software.<\/p>\n<p>Toate informa\u021biile, produsele sau aplicatiile continute \u00een acest site sunt proprietatea B\u00e1csi Szerek, care \u00eesi rezerv\u0103 dreptul de a modifica con\u021binutul \u0219i\/sau structura site-ului \u00een orice moment \u0219i f\u0103ra nici o informare prealabila.<\/p>\n<p>\u00centregul continut al site-ului www.bacsiszerek.ro este protejat prin legea drepturilor de autor, toate drepturile fiind rezervate. Toate drepturile referitoare la pagini, continutul \u0219i prezentarea site-ului sunt de\u021binute de B\u00e1csi Szerek. Este interzisa copierea, modificarea, afisarea, distribuirea, transmiterea, publicarea, comercializarea, licen\u021bierea, crearea unor materiale derivate sau utilizarea con\u021binutului site-ului \u00een orice scop f\u0103r\u0103 confirmarea scrisa din partea B\u00e1csi Szerek.<\/p>\n<p>Accesul \u0219i utilizarea paginii <a href=\"https:\/\/bacsiszerek.ro\/hu\/\">www.bacsiszerek.ro<\/a> sunt gratuite \u0219i au scopul de a veni in ajutorul utilizatorilor pentru a g\u0103si informa\u021biile necesare \u00een cel mai usor \u0219i rapid mod posibil, conform cerin\u021belor fiec\u0103ruia.<\/p>\n<p>Informa\u021biile prezente pe <a href=\"https:\/\/bacsiszerek.ro\/hu\/\">www.bacsiszerek.ro<\/a> sunt de interes general \u0219i sunt puse la dispozi\u021bia utilizatorilor \u00een mod gratuit. Prin termenul \u201eutilizator\u201d al acestei pagini se \u00eentelege orice perso\u0103na fizic\u0103 sau juridic\u0103 care va accesa pagina. Pute\u021bi copia \u0219i tip\u0103ri con\u021binutul paginii <a href=\"https:\/\/bacsiszerek.ro\/hu\/\">www.bacsiszerek.ro<\/a> pentru folosin\u021ba dumneavoastr\u0103 personala, f\u0103r\u0103 inten\u021bii comerciale. \u00cen orice alte situatii, continutul <a href=\"https:\/\/bacsiszerek.ro\/hu\/\">www.bacsiszerek.ro<\/a> nu poate fi reprodus, modificat sau exploatat f\u0103r\u0103 consimtam\u00e2ntul explicit al reprezentan\u021bilor <a href=\"https:\/\/bacsiszerek.ro\/hu\/\">www.bacsiszerek.ro<\/a>.<\/p>\n<p><strong>Neangajarea r\u0103spunderii<\/strong><\/p>\n<p>Con\u021binutul informa\u021biilor se refer\u0103 la descrierea \u00eentr-un anumit grad de detaliere a activita\u021bilor, produselor si serviciilor B\u00e1csi Szerek. B\u00e1csi Szerek nu va acorda nici o garan\u021bie referitoare la:<\/p>\n<p>\u2013 evitarea utiliz\u0103rii anevoioase sau \u00eentreruperii \u00een utilizare a site-ului;<br \/>\n\u2013 neafectarea \u00een sens negativ a altor sisteme prin utilizarea site-ului;<br \/>\n\u2013 inexistenta pe site-ul pus la dispozi\u021bie a virusilor sau alte componente care ar putea dauna utilizatorilor.<\/p>\n<p>Astfel, B\u00e1csi Szerek nu poate fi responsabil\u0103 pentru nici un fel de daun\u0103 direct\u0103 sau indirect\u0103 produs\u0103 prin utilizarea site-ului sau.<br \/>\nToate informa\u021biile prezentate pe site cu privire la produsele <a href=\"https:\/\/bacsiszerek.ro\/hu\/\">www.bacsiszerek.ro<\/a>, pre\u021buri, informa\u021bii, campanii si promo\u021bii de marketing, aspecte tehnice, sunt prezentate cu titlu informativ. Nimic din continutul site-ului <a href=\"https:\/\/bacsiszerek.ro\/hu\/\">www.bacsiszerek.ro<\/a> nu poate constitui o ofert\u0103 ferm\u0103 de a contracta \u0219i nu poate angaja r\u0103spunderea \u00een lipsa unor acorduri ulterioare.<\/p>\n<p>Continutul paginii web <a href=\"https:\/\/bacsiszerek.ro\/hu\/\">www.bacsiszerek.ro<\/a>, a informa\u021biilor si a altor materiale prezentate de Comunitatea <a href=\"https:\/\/bacsiszerek.ro\/hu\/\">www.bacsiszerek.ro<\/a> nu reprezint\u0103 o consulta\u021bie juridic\u0103 \u00een sensul Legii nr. 51\/1995.<\/p>\n<p>GDPR este un set de reguli bazat pe principii complexe, care este deschis la interpretare \u0219i co\u021bine, de asemenea, numeroase domenii \u00een care statele membre sunt invitate sa intervin\u0103. \u00cen prezent exista foarte pu\u021bine \u00eendrumari cu privire la implementarea GDPR \u0219i este posibil ca Autoritatile de Supraveghere s\u0103 aib\u0103 puncte de vedere diferite fa\u021b\u0103 de cele exprimate \u00een acest \u0219ablon. \u00cen ciuda eforturilor noastre de a oferi cele mai bune servicii, nu putem anticipa cu exactitate modul \u00een care Autoritatea de Supraveghere sau instan\u021bele de judecat\u0103 vor interpreta Regulamentul.<\/p>\n<p><a href=\"https:\/\/bacsiszerek.ro\/hu\/\">www.bacsiszerek.ro<\/a> nu face nicio declara\u021bie, promisiune sau garan\u021bie cu privire la exactitatea sau caracterul adecvat al prezentului con\u021binut, al \u00eendrum\u0103rilor si al consultan\u021bei, nu \u00ee\u0219i asum\u0103 nicio obliga\u021bie de rezultat sau diligen\u021ba fa\u021b\u0103 de nicio persoan\u0103, exclud \u00een mod expres si neag\u0103 r\u0103spunderea pentru orice cost, pierdere sau daunele suferite ca urmare a utilizarii con\u021binutului.<\/p>\n<p>Mai multe informa\u021bi legat de GDPR pute\u021bi g\u0103si la <a href=\"https:\/\/bacsiszerek.ro\/hu\/politica-de-confidentialitate\/\">Adatv\u00e9delmi szab\u00e1lyzat<\/a>.<\/p>\n<p><strong>Informa\u021bi personale<\/strong><\/p>\n<p>C\u00e2nd prin intermediul prezentului\u00a0<a href=\"https:\/\/bacsiszerek.ro\/hu\/\">site\u00a0<\/a>v\u0103 sunt solicitate informa\u021bii, aceasta are ca scop identificarea dumneavoastr\u0103 sau posibilitatea de a v\u0103 contacta. Acest lucru este cu at\u00e2t mai necesar \u00een cazul folosirii aplica\u021biilor disponibile pe site.<\/p>\n<p>Natura informa\u021biilor solicitate se refer\u0103 \u00een special la date personale (nume, adresa, numere de telefon), adresa de e-mail, modul \u00een care sunt utilizate sau intentioneaz\u0103 sa fie utilizate produsele \u0219i\/sau serviciile B\u00e1csi Szerek dar poate include \u0219i alte informa\u021bii aflate \u00een str\u00e2nsa legatura cu utilizarea serviciilor \u0219i\/sau produselor solicitate.<\/p>\n<p>Cu scopul de a r\u0103spunde mai bine nevoilor \u0219i \u00eentrebarilor utilizatorilor site-ului, informa\u021biile solicitate prin intermediul acestui site vor face obiectul unei stoc\u0103ri \u0219i prelucr\u0103ri electronice.<\/p>\n<p><strong>Leg\u0103tura cu alte site-uri<\/strong><\/p>\n<p>Prezentul site poate con\u021bine leg\u0103turi sau trimiteri c\u0103tre alte site-uri considerate de B\u00e1csi Szerek utile \u00een legatura cu continutul site-ului sau \u0219i care nu se afl\u0103 sub controlul sau \u00eendrumarea sa. \u00cen cazul utiliz\u0103rii acestor leg\u0103turi sau trimiteri se vor aplica condi\u021biile generale de utilizare corespunzatoare acelor site-uri.<\/p>\n<p>B\u00e1csi Szerek nu poate garanta\/controla actualitatea\/exactitatea informa\u021biilor prezente pe site-urile unor ter\u021bi, la care se face trimitere de pe site-ul.<\/p>\n<p><strong>Informa\u021biile oferite prin intermediul site-ului<\/strong><\/p>\n<p>Orice persoan\u0103 care viziteaz\u0103 site-ul B\u00e1csi Szerek \u0219i care ofer\u0103 date sau informa\u021bii cu caracter personal prin intermediul acestui site \u00eesi manifesta acordul \u00een mod expres si neechivoc pentru urmatoarele: prelucrarea acestor date \u0219i informa\u021bii personale de c\u0103tre B\u00e1csi Szerek; transmiterii de materiale promo\u021bionale specifice opera\u021biunilor de marketing direct; solu\u021bionarea de c\u0103tre B\u00e1csi Szerek a cererilor, \u00eentrebarilor si reclama\u021biilor adresate (a se vedea pagina Contact din site); alte activit\u0103\u021bi \u00eentreprinse de B\u00e1csi Szerek \u0219i permise de lege, ce nu fac obiectul unei aprob\u0103ri din partea destinatarului.<\/p>\n<p>B\u00e1csi Szerek va p\u0103stra confiden\u021bialitatea acestor informa\u021bii.<\/p>\n<p>Utilizarea \u00een continuare a acestui site constituie acordul expres \u0219i neechivoc al dumneavo\u0103stra \u00een conformitate cu prevederile legii 677\/2001 \u0219i directivelor GDPR pentru protec\u021bia persoanelor cu privire la prelucrarea datelor cu caracter personal \u0219i libera circula\u021bie a acestor date.<\/p>\n<p>Pentru orice nel\u0103murire \u00een leg\u0103tura cu exercitarea drepturilor dumneavo\u0103stra referitoare la utilizarea site-ului si la protec\u021bia utiliz\u0103rii v\u0103 rugam sa ne contacta\u021bi prin intermediul sec\u021biunii Contact din site.<\/p>","protected":false},"excerpt":{"rendered":"<p>Conditii Generale pentru utilizarea site-ului www.bacsiszerek.ro Acceptarea condi\u021biilor Prin accesarea acestui site \u0219i\/sau a oricarei pagini, sunte\u021bi de acord cu condi\u021biile de utilizare. Descrierea serviciilor Siteul nostru v\u0103 pune la dispozi\u021bie posibilitatea achizi\u021bion\u0103ri unor detergen\u021bi din gama B\u00e1csi Szerek \u0219i Ecosviz precum informa\u021bii exacte despre aceste produse \u0219i utilizarea lor. Introducere Condi\u021biile Generale se refer\u0103&hellip;&nbsp;<a href=\"https:\/\/bacsiszerek.ro\/hu\/termeni-si-conditii\/\" rel=\"bookmark\">Read More &raquo;<span class=\"screen-reader-text\">Felhaszn\u00e1l\u00e1si felt\u00e9telek<\/span><\/a><\/p>","protected":false},"author":1,"featured_media":0,"parent":0,"menu_order":0,"comment_status":"closed","ping_status":"closed","template":"","meta":{"neve_meta_sidebar":"full-width","neve_meta_container":"","neve_meta_enable_content_width":"on","neve_meta_content_width":100,"neve_meta_title_alignment":"","neve_meta_author_avatar":"","neve_post_elements_order":"","neve_meta_disable_header":"","neve_meta_disable_footer":"","neve_meta_disable_title":"","footnotes":""},"class_list":["post-1396","page","type-page","status-publish","hentry"],"yoast_head":"<!-- This site is optimized with the Yoast SEO plugin v27.1.1 - https:\/\/yoast.com\/product\/yoast-seo-wordpress\/ -->\n<title>Termeni si conditii - bacsiszerek.ro<\/title>\n<meta name=\"robots\" content=\"index, follow, max-snippet:-1, max-image-preview:large, max-video-preview:-1\" \/>\n<link rel=\"canonical\" href=\"https:\/\/bacsiszerek.ro\/hu\/termeni-si-conditii\/\" \/>\n<meta property=\"og:locale\" content=\"hu_HU\" \/>\n<meta property=\"og:type\" content=\"article\" \/>\n<meta property=\"og:title\" content=\"Termeni si conditii - bacsiszerek.ro\" \/>\n<meta property=\"og:description\" content=\"Conditii Generale pentru utilizarea site-ului www.bacsiszerek.ro Acceptarea condi\u021biilor Prin accesarea acestui site \u0219i\/sau a oricarei pagini, sunte\u021bi de acord cu condi\u021biile de utilizare. Descrierea serviciilor Siteul nostru v\u0103 pune la dispozi\u021bie posibilitatea achizi\u021bion\u0103ri unor detergen\u021bi din gama B\u00e1csi Szerek \u0219i Ecosviz precum informa\u021bii exacte despre aceste produse \u0219i utilizarea lor. Introducere Condi\u021biile Generale se refer\u0103&hellip;&nbsp;Read More &raquo;Termeni si conditii\" \/>\n<meta property=\"og:url\" content=\"https:\/\/bacsiszerek.ro\/hu\/termeni-si-conditii\/\" \/>\n<meta property=\"og:site_name\" content=\"bacsiszerek.ro\" \/>\n<meta property=\"article:modified_time\" content=\"2023-08-17T13:56:05+00:00\" \/>\n<meta name=\"twitter:card\" content=\"summary_large_image\" \/>\n<meta name=\"twitter:label1\" content=\"Becs\u00fclt olvas\u00e1si id\u0151\" \/>\n\t<meta name=\"twitter:data1\" content=\"6 perc\" \/>\n<script type=\"application\/ld+json\" class=\"yoast-schema-graph\">{\"@context\":\"https:\/\/schema.org\",\"@graph\":[{\"@type\":\"WebPage\",\"@id\":\"https:\/\/bacsiszerek.ro\/termeni-si-conditii\/\",\"url\":\"https:\/\/bacsiszerek.ro\/termeni-si-conditii\/\",\"name\":\"Termeni si conditii - bacsiszerek.ro\",\"isPartOf\":{\"@id\":\"https:\/\/bacsiszerek.ro\/#website\"},\"datePublished\":\"2023-08-17T13:44:34+00:00\",\"dateModified\":\"2023-08-17T13:56:05+00:00\",\"breadcrumb\":{\"@id\":\"https:\/\/bacsiszerek.ro\/termeni-si-conditii\/#breadcrumb\"},\"inLanguage\":\"hu\",\"potentialAction\":[{\"@type\":\"ReadAction\",\"target\":[\"https:\/\/bacsiszerek.ro\/termeni-si-conditii\/\"]}]},{\"@type\":\"BreadcrumbList\",\"@id\":\"https:\/\/bacsiszerek.ro\/termeni-si-conditii\/#breadcrumb\",\"itemListElement\":[{\"@type\":\"ListItem\",\"position\":1,\"name\":\"Prima pagin\u0103\",\"item\":\"https:\/\/bacsiszerek.ro\/\"},{\"@type\":\"ListItem\",\"position\":2,\"name\":\"Termeni si conditii\"}]},{\"@type\":\"WebSite\",\"@id\":\"https:\/\/bacsiszerek.ro\/#website\",\"url\":\"https:\/\/bacsiszerek.ro\/\",\"name\":\"bacsiszerek.ro\",\"description\":\"Egy szebb, illatosabb \u00e9s tiszt\u00e1bb vil\u00e1g\u00e9rt!\",\"publisher\":{\"@id\":\"https:\/\/bacsiszerek.ro\/#organization\"},\"potentialAction\":[{\"@type\":\"SearchAction\",\"target\":{\"@type\":\"EntryPoint\",\"urlTemplate\":\"https:\/\/bacsiszerek.ro\/?s={search_term_string}\"},\"query-input\":{\"@type\":\"PropertyValueSpecification\",\"valueRequired\":true,\"valueName\":\"search_term_string\"}}],\"inLanguage\":\"hu\"},{\"@type\":\"Organization\",\"@id\":\"https:\/\/bacsiszerek.ro\/#organization\",\"name\":\"bacsiszerek.ro\",\"url\":\"https:\/\/bacsiszerek.ro\/\",\"logo\":{\"@type\":\"ImageObject\",\"inLanguage\":\"hu\",\"@id\":\"https:\/\/bacsiszerek.ro\/#\/schema\/logo\/image\/\",\"url\":\"https:\/\/bacsiszerek.ro\/wp-content\/uploads\/2023\/08\/cropped-Bacsi-Szerek_red-min-1-1.png\",\"contentUrl\":\"https:\/\/bacsiszerek.ro\/wp-content\/uploads\/2023\/08\/cropped-Bacsi-Szerek_red-min-1-1.png\",\"width\":350,\"height\":64,\"caption\":\"bacsiszerek.ro\"},\"image\":{\"@id\":\"https:\/\/bacsiszerek.ro\/#\/schema\/logo\/image\/\"}}]}<\/script>\n<!-- \/ Yoast SEO plugin. -->","yoast_head_json":{"title":"Termeni si conditii - bacsiszerek.ro","robots":{"index":"index","follow":"follow","max-snippet":"max-snippet:-1","max-image-preview":"max-image-preview:large","max-video-preview":"max-video-preview:-1"},"canonical":"https:\/\/bacsiszerek.ro\/hu\/termeni-si-conditii\/","og_locale":"hu_HU","og_type":"article","og_title":"Termeni si conditii - bacsiszerek.ro","og_description":"Conditii Generale pentru utilizarea site-ului www.bacsiszerek.ro Acceptarea condi\u021biilor Prin accesarea acestui site \u0219i\/sau a oricarei pagini, sunte\u021bi de acord cu condi\u021biile de utilizare. Descrierea serviciilor Siteul nostru v\u0103 pune la dispozi\u021bie posibilitatea achizi\u021bion\u0103ri unor detergen\u021bi din gama B\u00e1csi Szerek \u0219i Ecosviz precum informa\u021bii exacte despre aceste produse \u0219i utilizarea lor. Introducere Condi\u021biile Generale se refer\u0103&hellip;&nbsp;Read More &raquo;Termeni si conditii","og_url":"https:\/\/bacsiszerek.ro\/hu\/termeni-si-conditii\/","og_site_name":"bacsiszerek.ro","article_modified_time":"2023-08-17T13:56:05+00:00","twitter_card":"summary_large_image","twitter_misc":{"Becs\u00fclt olvas\u00e1si id\u0151":"6 perc"},"schema":{"@context":"https:\/\/schema.org","@graph":[{"@type":"WebPage","@id":"https:\/\/bacsiszerek.ro\/termeni-si-conditii\/","url":"https:\/\/bacsiszerek.ro\/termeni-si-conditii\/","name":"Termeni si conditii - bacsiszerek.ro","isPartOf":{"@id":"https:\/\/bacsiszerek.ro\/#website"},"datePublished":"2023-08-17T13:44:34+00:00","dateModified":"2023-08-17T13:56:05+00:00","breadcrumb":{"@id":"https:\/\/bacsiszerek.ro\/termeni-si-conditii\/#breadcrumb"},"inLanguage":"hu","potentialAction":[{"@type":"ReadAction","target":["https:\/\/bacsiszerek.ro\/termeni-si-conditii\/"]}]},{"@type":"BreadcrumbList","@id":"https:\/\/bacsiszerek.ro\/termeni-si-conditii\/#breadcrumb","itemListElement":[{"@type":"ListItem","position":1,"name":"Prima pagin\u0103","item":"https:\/\/bacsiszerek.ro\/"},{"@type":"ListItem","position":2,"name":"Termeni si conditii"}]},{"@type":"WebSite","@id":"https:\/\/bacsiszerek.ro\/#website","url":"https:\/\/bacsiszerek.ro\/","name":"bacsiszerek.ro","description":"Egy szebb, illatosabb \u00e9s tiszt\u00e1bb vil\u00e1g\u00e9rt!","publisher":{"@id":"https:\/\/bacsiszerek.ro\/#organization"},"potentialAction":[{"@type":"SearchAction","target":{"@type":"EntryPoint","urlTemplate":"https:\/\/bacsiszerek.ro\/?s={search_term_string}"},"query-input":{"@type":"PropertyValueSpecification","valueRequired":true,"valueName":"search_term_string"}}],"inLanguage":"hu"},{"@type":"Organization","@id":"https:\/\/bacsiszerek.ro\/#organization","name":"bacsiszerek.ro","url":"https:\/\/bacsiszerek.ro\/","logo":{"@type":"ImageObject","inLanguage":"hu","@id":"https:\/\/bacsiszerek.ro\/#\/schema\/logo\/image\/","url":"https:\/\/bacsiszerek.ro\/wp-content\/uploads\/2023\/08\/cropped-Bacsi-Szerek_red-min-1-1.png","contentUrl":"https:\/\/bacsiszerek.ro\/wp-content\/uploads\/2023\/08\/cropped-Bacsi-Szerek_red-min-1-1.png","width":350,"height":64,"caption":"bacsiszerek.ro"},"image":{"@id":"https:\/\/bacsiszerek.ro\/#\/schema\/logo\/image\/"}}]}},"jetpack_sharing_enabled":true,"_links":{"self":[{"href":"https:\/\/bacsiszerek.ro\/hu\/wp-json\/wp\/v2\/pages\/1396","targetHints":{"allow":["GET"]}}],"collection":[{"href":"https:\/\/bacsiszerek.ro\/hu\/wp-json\/wp\/v2\/pages"}],"about":[{"href":"https:\/\/bacsiszerek.ro\/hu\/wp-json\/wp\/v2\/types\/page"}],"author":[{"embeddable":true,"href":"https:\/\/bacsiszerek.ro\/hu\/wp-json\/wp\/v2\/users\/1"}],"replies":[{"embeddable":true,"href":"https:\/\/bacsiszerek.ro\/hu\/wp-json\/wp\/v2\/comments?post=1396"}],"version-history":[{"count":0,"href":"https:\/\/bacsiszerek.ro\/hu\/wp-json\/wp\/v2\/pages\/1396\/revisions"}],"wp:attachment":[{"href":"https:\/\/bacsiszerek.ro\/hu\/wp-json\/wp\/v2\/media?parent=1396"}],"curies":[{"name":"wp","href":"https:\/\/api.w.org\/{rel}","templated":true}]}}