{"id":12,"date":"2021-02-28T12:39:20","date_gmt":"2021-02-28T12:39:20","guid":{"rendered":"https:\/\/kill.agentweb.ro\/about\/"},"modified":"2026-03-02T00:17:09","modified_gmt":"2026-03-01T22:17:09","slug":"povestea-bacsi-szerek","status":"publish","type":"page","link":"https:\/\/bacsiszerek.ro\/hu\/povestea-bacsi-szerek\/","title":{"rendered":"A B\u00e1csi Szerek t\u00f6rt\u00e9nete"},"content":{"rendered":"<div data-elementor-type=\"wp-page\" data-elementor-id=\"12\" class=\"elementor elementor-12\" data-elementor-post-type=\"page\">\n\t\t\t\t\t\t<section class=\"elementor-section elementor-top-section elementor-element elementor-element-f40928d elementor-section-boxed elementor-section-height-default elementor-section-height-default\" data-id=\"f40928d\" data-element_type=\"section\" data-e-type=\"section\" data-settings=\"{&quot;background_background&quot;:&quot;classic&quot;}\">\n\t\t\t\t\t\t<div class=\"elementor-container elementor-column-gap-default\">\n\t\t\t\t\t<div class=\"elementor-column elementor-col-100 elementor-top-column elementor-element elementor-element-74d65b5\" data-id=\"74d65b5\" data-element_type=\"column\" data-e-type=\"column\">\n\t\t\t<div class=\"elementor-widget-wrap elementor-element-populated\">\n\t\t\t\t\t\t<section class=\"elementor-section elementor-inner-section elementor-element elementor-element-292f0b5 elementor-section-boxed elementor-section-height-default elementor-section-height-default\" data-id=\"292f0b5\" data-element_type=\"section\" data-e-type=\"section\">\n\t\t\t\t\t\t<div class=\"elementor-container elementor-column-gap-default\">\n\t\t\t\t\t<div class=\"elementor-column elementor-col-100 elementor-inner-column elementor-element elementor-element-8408e1b\" data-id=\"8408e1b\" data-element_type=\"column\" data-e-type=\"column\">\n\t\t\t<div class=\"elementor-widget-wrap elementor-element-populated\">\n\t\t\t\t\t\t<div class=\"elementor-element elementor-element-358a933 elementor-widget elementor-widget-heading\" data-id=\"358a933\" data-element_type=\"widget\" data-e-type=\"widget\" data-widget_type=\"heading.default\">\n\t\t\t\t<div class=\"elementor-widget-container\">\n\t\t\t\t\t<h2 class=\"elementor-heading-title elementor-size-default\">Kik vagyunk?<\/h2>\t\t\t\t<\/div>\n\t\t\t\t<\/div>\n\t\t\t\t<div class=\"elementor-element elementor-element-6f42dbb elementor-widget elementor-widget-heading\" data-id=\"6f42dbb\" data-element_type=\"widget\" data-e-type=\"widget\" data-widget_type=\"heading.default\">\n\t\t\t\t<div class=\"elementor-widget-container\">\n\t\t\t\t\t<p class=\"elementor-heading-title elementor-size-default\"><p>A t\u00f6rt\u00e9net\u00fcnk 2013-ban kezd\u0151d\u00f6tt. Belef\u00e1radva, hogy \u00e1lland\u00f3an k\u00fclf\u00f6ldr\u0151l import\u00e1ljunk mos\u00f3szereket, \u00fagy d\u00f6nt\u00f6tt\u00fcnk, hogy a gy\u00f6ny\u00f6r\u0171 kolozsv\u00e1ri Kisb\u00e1csban  mos\u00f3szer gy\u00e1rat alap\u00edtunk. A titokzatos kisb\u00e1csi Hoja-erd\u0151 l\u00e1b\u00e1n\u00e1l, Kolozsv\u00e1r szomsz\u00e9ds\u00e1g\u00e1ban. A Thomas Maister gy\u00e1r lassan a partnerei megb\u00edzhat\u00f3 t\u00e1rs\u00e1v\u00e1 v\u00e1lt. \u00c9desap\u00e1m, \u00e9desany\u00e1m, feles\u00e9gem, ap\u00f3som \u00e9s n\u00e9ha a csal\u00e1d fiatalabb tagjai fizikai munk\u00e1val hozz\u00e1j\u00e1rultak a k\u00f6vetkez\u0151 brendek megalap\u00edt\u00e1s\u00e1hoz: <b>Sviz<\/b>, <b>Sviz Magic<\/b>, <b>Ecosviz<\/b>, <b>Thomas Maister<\/b>, <b>Svisreiniger<\/b> \u00e9s a leg\u00fajabbhoz is, amely a <b>B&aacute;csi Szerek.<\/b><\/p>\n<p>Az \u00fat mindig neh\u00e9z, amikor valaki v\u00e1llalkoz\u00e1sba kezd, de nem l\u00e9tezik nagyobb el\u00e9gt\u00e9tel egy csal\u00e1di v\u00e1llalkoz\u00e1snak, mint amikor l\u00e1thatjuk a v\u00e1s\u00e1rl\u00f3ink el\u00e9gedetts\u00e9g\u00e9t \u00e9s hozz\u00e1j\u00e1rulhatunk j\u00f3l\u00e9t\u00fckh\u00f6z.<\/p>\n<p>Kedves bar\u00e1taim, k\u00f6sz\u00f6nj\u00fck a bizalmat \u00e9s azt k\u00edv\u00e1njuk, hogy a j\u00f6v\u0151ben haszn\u00e1ljanak min\u00e9l t\u00f6bb helyi term\u00e9ket. Mi\u00e9rt ne tehetn\u00e9nk egy\u00fctt szebb\u00e9 ezt a vil\u00e1got?<\/p>\n<b>TISZT\u00c1BB\u00c1 \u00c9S ILLATOSABB\u00c1!<\/b><\/p>\t\t\t\t<\/div>\n\t\t\t\t<\/div>\n\t\t\t\t\t<\/div>\n\t\t<\/div>\n\t\t\t\t\t<\/div>\n\t\t<\/section>\n\t\t\t\t\t<\/div>\n\t\t<\/div>\n\t\t\t\t\t<\/div>\n\t\t<\/section>\n\t\t\t\t<\/div>","protected":false},"excerpt":{"rendered":"<p>Cine suntem? Povestea noastr\u0103 &icirc;ncepe &icirc;n frumosul an 2013. S\u0103tui s\u0103 tot import\u0103m detergen\u021bi din str\u0103in\u0103tate, am decis s\u0103 punem bazele unei fabrici de detergen\u021bi &icirc;n frumosul sat clujean Baciu. Situat sub poalele celebrei p\u0103duri misterioase Hoia Baciu, &icirc;n imediata vecin\u0103tate a ora\u0219ului Cluj-Napoca, fabrica Thomas Maister a devenit &icirc;ncet dar sigur un partener de&hellip;&nbsp;<a href=\"https:\/\/bacsiszerek.ro\/hu\/povestea-bacsi-szerek\/\" rel=\"bookmark\">Read More &raquo;<span class=\"screen-reader-text\">A B\u00e1csi Szerek t\u00f6rt\u00e9nete<\/span><\/a><\/p>","protected":false},"author":1,"featured_media":0,"parent":0,"menu_order":0,"comment_status":"closed","ping_status":"closed","template":"page-templates\/template-pagebuilder-full-width.php","meta":{"neve_meta_sidebar":"","neve_meta_container":"","neve_meta_enable_content_width":"off","neve_meta_content_width":0,"neve_meta_title_alignment":"","neve_meta_author_avatar":"","neve_post_elements_order":"","neve_meta_disable_header":"","neve_meta_disable_footer":"","neve_meta_disable_title":"","footnotes":""},"class_list":["post-12","page","type-page","status-publish","hentry"],"yoast_head":"<!-- This site is optimized with the Yoast SEO plugin v27.1.1 - https:\/\/yoast.com\/product\/yoast-seo-wordpress\/ -->\n<title>Povestea B\u00e1csi Szerek - bacsiszerek.ro<\/title>\n<meta name=\"robots\" content=\"index, follow, max-snippet:-1, max-image-preview:large, max-video-preview:-1\" \/>\n<link rel=\"canonical\" href=\"https:\/\/bacsiszerek.ro\/hu\/povestea-bacsi-szerek\/\" \/>\n<meta property=\"og:locale\" content=\"hu_HU\" \/>\n<meta property=\"og:type\" content=\"article\" \/>\n<meta property=\"og:title\" content=\"Povestea B\u00e1csi Szerek - bacsiszerek.ro\" \/>\n<meta property=\"og:description\" content=\"Cine suntem? Povestea noastr\u0103 &icirc;ncepe &icirc;n frumosul an 2013. S\u0103tui s\u0103 tot import\u0103m detergen\u021bi din str\u0103in\u0103tate, am decis s\u0103 punem bazele unei fabrici de detergen\u021bi &icirc;n frumosul sat clujean Baciu. Situat sub poalele celebrei p\u0103duri misterioase Hoia Baciu, &icirc;n imediata vecin\u0103tate a ora\u0219ului Cluj-Napoca, fabrica Thomas Maister a devenit &icirc;ncet dar sigur un partener de&hellip;&nbsp;Read More &raquo;Povestea B\u00e1csi Szerek\" \/>\n<meta property=\"og:url\" content=\"https:\/\/bacsiszerek.ro\/hu\/povestea-bacsi-szerek\/\" \/>\n<meta property=\"og:site_name\" content=\"bacsiszerek.ro\" \/>\n<meta property=\"article:modified_time\" content=\"2026-03-01T22:17:09+00:00\" \/>\n<meta name=\"twitter:card\" content=\"summary_large_image\" \/>\n<meta name=\"twitter:label1\" content=\"Becs\u00fclt olvas\u00e1si id\u0151\" \/>\n\t<meta name=\"twitter:data1\" content=\"2 perc\" \/>\n<script type=\"application\/ld+json\" class=\"yoast-schema-graph\">{\"@context\":\"https:\/\/schema.org\",\"@graph\":[{\"@type\":\"WebPage\",\"@id\":\"https:\/\/bacsiszerek.ro\/povestea-bacsi-szerek\/\",\"url\":\"https:\/\/bacsiszerek.ro\/povestea-bacsi-szerek\/\",\"name\":\"Povestea B\u00e1csi Szerek - bacsiszerek.ro\",\"isPartOf\":{\"@id\":\"https:\/\/bacsiszerek.ro\/#website\"},\"datePublished\":\"2021-02-28T12:39:20+00:00\",\"dateModified\":\"2026-03-01T22:17:09+00:00\",\"breadcrumb\":{\"@id\":\"https:\/\/bacsiszerek.ro\/povestea-bacsi-szerek\/#breadcrumb\"},\"inLanguage\":\"hu\",\"potentialAction\":[{\"@type\":\"ReadAction\",\"target\":[\"https:\/\/bacsiszerek.ro\/povestea-bacsi-szerek\/\"]}]},{\"@type\":\"BreadcrumbList\",\"@id\":\"https:\/\/bacsiszerek.ro\/povestea-bacsi-szerek\/#breadcrumb\",\"itemListElement\":[{\"@type\":\"ListItem\",\"position\":1,\"name\":\"Prima pagin\u0103\",\"item\":\"https:\/\/bacsiszerek.ro\/\"},{\"@type\":\"ListItem\",\"position\":2,\"name\":\"Povestea B\u00e1csi Szerek\"}]},{\"@type\":\"WebSite\",\"@id\":\"https:\/\/bacsiszerek.ro\/#website\",\"url\":\"https:\/\/bacsiszerek.ro\/\",\"name\":\"bacsiszerek.ro\",\"description\":\"Egy szebb, illatosabb \u00e9s tiszt\u00e1bb vil\u00e1g\u00e9rt!\",\"publisher\":{\"@id\":\"https:\/\/bacsiszerek.ro\/#organization\"},\"potentialAction\":[{\"@type\":\"SearchAction\",\"target\":{\"@type\":\"EntryPoint\",\"urlTemplate\":\"https:\/\/bacsiszerek.ro\/?s={search_term_string}\"},\"query-input\":{\"@type\":\"PropertyValueSpecification\",\"valueRequired\":true,\"valueName\":\"search_term_string\"}}],\"inLanguage\":\"hu\"},{\"@type\":\"Organization\",\"@id\":\"https:\/\/bacsiszerek.ro\/#organization\",\"name\":\"bacsiszerek.ro\",\"url\":\"https:\/\/bacsiszerek.ro\/\",\"logo\":{\"@type\":\"ImageObject\",\"inLanguage\":\"hu\",\"@id\":\"https:\/\/bacsiszerek.ro\/#\/schema\/logo\/image\/\",\"url\":\"https:\/\/bacsiszerek.ro\/wp-content\/uploads\/2023\/08\/cropped-Bacsi-Szerek_red-min-1-1.png\",\"contentUrl\":\"https:\/\/bacsiszerek.ro\/wp-content\/uploads\/2023\/08\/cropped-Bacsi-Szerek_red-min-1-1.png\",\"width\":350,\"height\":64,\"caption\":\"bacsiszerek.ro\"},\"image\":{\"@id\":\"https:\/\/bacsiszerek.ro\/#\/schema\/logo\/image\/\"}}]}<\/script>\n<!-- \/ Yoast SEO plugin. -->","yoast_head_json":{"title":"Povestea B\u00e1csi Szerek - bacsiszerek.ro","robots":{"index":"index","follow":"follow","max-snippet":"max-snippet:-1","max-image-preview":"max-image-preview:large","max-video-preview":"max-video-preview:-1"},"canonical":"https:\/\/bacsiszerek.ro\/hu\/povestea-bacsi-szerek\/","og_locale":"hu_HU","og_type":"article","og_title":"Povestea B\u00e1csi Szerek - bacsiszerek.ro","og_description":"Cine suntem? Povestea noastr\u0103 &icirc;ncepe &icirc;n frumosul an 2013. S\u0103tui s\u0103 tot import\u0103m detergen\u021bi din str\u0103in\u0103tate, am decis s\u0103 punem bazele unei fabrici de detergen\u021bi &icirc;n frumosul sat clujean Baciu. Situat sub poalele celebrei p\u0103duri misterioase Hoia Baciu, &icirc;n imediata vecin\u0103tate a ora\u0219ului Cluj-Napoca, fabrica Thomas Maister a devenit &icirc;ncet dar sigur un partener de&hellip;&nbsp;Read More &raquo;Povestea B\u00e1csi Szerek","og_url":"https:\/\/bacsiszerek.ro\/hu\/povestea-bacsi-szerek\/","og_site_name":"bacsiszerek.ro","article_modified_time":"2026-03-01T22:17:09+00:00","twitter_card":"summary_large_image","twitter_misc":{"Becs\u00fclt olvas\u00e1si id\u0151":"2 perc"},"schema":{"@context":"https:\/\/schema.org","@graph":[{"@type":"WebPage","@id":"https:\/\/bacsiszerek.ro\/povestea-bacsi-szerek\/","url":"https:\/\/bacsiszerek.ro\/povestea-bacsi-szerek\/","name":"Povestea B\u00e1csi Szerek - bacsiszerek.ro","isPartOf":{"@id":"https:\/\/bacsiszerek.ro\/#website"},"datePublished":"2021-02-28T12:39:20+00:00","dateModified":"2026-03-01T22:17:09+00:00","breadcrumb":{"@id":"https:\/\/bacsiszerek.ro\/povestea-bacsi-szerek\/#breadcrumb"},"inLanguage":"hu","potentialAction":[{"@type":"ReadAction","target":["https:\/\/bacsiszerek.ro\/povestea-bacsi-szerek\/"]}]},{"@type":"BreadcrumbList","@id":"https:\/\/bacsiszerek.ro\/povestea-bacsi-szerek\/#breadcrumb","itemListElement":[{"@type":"ListItem","position":1,"name":"Prima pagin\u0103","item":"https:\/\/bacsiszerek.ro\/"},{"@type":"ListItem","position":2,"name":"Povestea B\u00e1csi Szerek"}]},{"@type":"WebSite","@id":"https:\/\/bacsiszerek.ro\/#website","url":"https:\/\/bacsiszerek.ro\/","name":"bacsiszerek.ro","description":"Egy szebb, illatosabb \u00e9s tiszt\u00e1bb vil\u00e1g\u00e9rt!","publisher":{"@id":"https:\/\/bacsiszerek.ro\/#organization"},"potentialAction":[{"@type":"SearchAction","target":{"@type":"EntryPoint","urlTemplate":"https:\/\/bacsiszerek.ro\/?s={search_term_string}"},"query-input":{"@type":"PropertyValueSpecification","valueRequired":true,"valueName":"search_term_string"}}],"inLanguage":"hu"},{"@type":"Organization","@id":"https:\/\/bacsiszerek.ro\/#organization","name":"bacsiszerek.ro","url":"https:\/\/bacsiszerek.ro\/","logo":{"@type":"ImageObject","inLanguage":"hu","@id":"https:\/\/bacsiszerek.ro\/#\/schema\/logo\/image\/","url":"https:\/\/bacsiszerek.ro\/wp-content\/uploads\/2023\/08\/cropped-Bacsi-Szerek_red-min-1-1.png","contentUrl":"https:\/\/bacsiszerek.ro\/wp-content\/uploads\/2023\/08\/cropped-Bacsi-Szerek_red-min-1-1.png","width":350,"height":64,"caption":"bacsiszerek.ro"},"image":{"@id":"https:\/\/bacsiszerek.ro\/#\/schema\/logo\/image\/"}}]}},"jetpack_sharing_enabled":true,"_links":{"self":[{"href":"https:\/\/bacsiszerek.ro\/hu\/wp-json\/wp\/v2\/pages\/12","targetHints":{"allow":["GET"]}}],"collection":[{"href":"https:\/\/bacsiszerek.ro\/hu\/wp-json\/wp\/v2\/pages"}],"about":[{"href":"https:\/\/bacsiszerek.ro\/hu\/wp-json\/wp\/v2\/types\/page"}],"author":[{"embeddable":true,"href":"https:\/\/bacsiszerek.ro\/hu\/wp-json\/wp\/v2\/users\/1"}],"replies":[{"embeddable":true,"href":"https:\/\/bacsiszerek.ro\/hu\/wp-json\/wp\/v2\/comments?post=12"}],"version-history":[{"count":9,"href":"https:\/\/bacsiszerek.ro\/hu\/wp-json\/wp\/v2\/pages\/12\/revisions"}],"predecessor-version":[{"id":7579,"href":"https:\/\/bacsiszerek.ro\/hu\/wp-json\/wp\/v2\/pages\/12\/revisions\/7579"}],"wp:attachment":[{"href":"https:\/\/bacsiszerek.ro\/hu\/wp-json\/wp\/v2\/media?parent=12"}],"curies":[{"name":"wp","href":"https:\/\/api.w.org\/{rel}","templated":true}]}}